{"id":21279,"date":"2019-10-31T01:00:00","date_gmt":"2019-10-31T00:00:00","guid":{"rendered":"https:\/\/dreyersforlag.forenteforlag.no\/produkt\/adolph-tidemand\/"},"modified":"2025-08-27T14:08:08","modified_gmt":"2025-08-27T12:08:08","slug":"adolph-tidemand","status":"publish","type":"product","link":"https:\/\/staging.forenteforlag.no\/dreyers\/produkt\/adolph-tidemand\/","title":{"rendered":"Adolph Tidemand"},"content":{"rendered":"<p>Etter Johan Christian Dahl regnes Adolph Tidemand (1814-1876) som den f\u00f8rste norske kunstner med internasjonal status. Han ble feiret p\u00e5 verdensutstillingene i London og Paris, og han solgte malerier til kj\u00f8pere fra store deler av verden; Europa, Russland og Amerika.  Denne biografien belyser Adolph Tidemands liv og verk og Norges kulturelle og politiske utvikling fra begynnelsen av 1800-tallet til f\u00f8rste del av 1900-\u00e5rene. Kulturbroen mellom Norge og Tyskland er et sentralt tema, der forbindelsen Mandal-D\u00fcsseldorf l\u00f8ftes frem som spesielt viktig for utviklingen p\u00e5 kunst- og kulturens omr\u00e5de, i begge byer og begge land. Biografien fremhever Adolph Tidemands verk med motiver fra norsk kristenliv. Sammen med Hans Gude regnes Adolph Tidemand som den store, samlende skikkelsen under nasjonalromantikken i norsk kunst. Og det er gjerne nasjonalromantikeren Adolph Tidemand vi kjenner best. Men biografien belyser at Adolph Tidemand ogs\u00e5 kommenterte sosiale forskjeller i samfunnet, og at han var opptatt av enkeltmenneskets livsvilk\u00e5r.<\/p>\n","protected":false},"excerpt":{"rendered":"<p>Etter Johan Christian Dahl regnes Adolph Tidemand (1814-1876) som den f\u00f8rste norske kunstner med internasjonal status. Han ble feiret p\u00e5 verdensutstillingene i London og Paris, og han solgte malerier til kj\u00f8pere fra store deler av verden; Europa, Russland og Amerika. Denne biografien belyser Adolph Tidemands liv og verk og Norges kulturelle og politiske utvikling fra [&hellip;]<\/p>\n","protected":false},"featured_media":24296,"template":"","meta":{"_acf_changed":false,"inline_featured_image":false},"product_brand":[],"product_cat":[20,1785],"product_tag":[394,496,362,384,439,417],"class_list":{"0":"post-21279","1":"product","2":"type-product","3":"status-publish","4":"has-post-thumbnail","6":"product_cat-biografier-og-memoarer","7":"product_cat-fripris","8":"product_tag-1800-tallet","9":"product_tag-billedkunstnere","10":"product_tag-faglitteratur","11":"product_tag-malerkunst","12":"product_tag-nord-norge","13":"product_tag-selvbiografier","14":"pa_format-innbundet","16":"first","17":"instock","18":"shipping-taxable","19":"purchasable","20":"product-type-simple"},"acf":{"anmeldelse":null},"yoast_head":"<!-- This site is optimized with the Yoast SEO plugin v26.6 - https:\/\/yoast.com\/wordpress\/plugins\/seo\/ -->\n<title>Adolph Tidemand - Dreyers Forlag<\/title>\n<meta name=\"robots\" content=\"noindex, follow, max-snippet:-1, max-image-preview:large, max-video-preview:-1\" \/>\n<meta property=\"og:locale\" content=\"nb_NO\" \/>\n<meta property=\"og:type\" content=\"article\" \/>\n<meta property=\"og:title\" content=\"Adolph Tidemand - Dreyers Forlag\" \/>\n<meta property=\"og:description\" content=\"Etter Johan Christian Dahl regnes Adolph Tidemand (1814-1876) som den f\u00f8rste norske kunstner med internasjonal status. Han ble feiret p\u00e5 verdensutstillingene i London og Paris, og han solgte malerier til kj\u00f8pere fra store deler av verden; Europa, Russland og Amerika. Denne biografien belyser Adolph Tidemands liv og verk og Norges kulturelle og politiske utvikling fra [&hellip;]\" \/>\n<meta property=\"og:url\" content=\"https:\/\/staging.forenteforlag.no\/dreyers\/produkt\/adolph-tidemand\/\" \/>\n<meta property=\"og:site_name\" content=\"Dreyers Forlag\" \/>\n<meta property=\"article:modified_time\" content=\"2025-08-27T12:08:08+00:00\" \/>\n<meta property=\"og:image\" content=\"https:\/\/staging.forenteforlag.no\/dreyers\/wp-content\/uploads\/sites\/2\/2025\/08\/jpg-8106-scaled-1-scaled.jpg\" \/>\n\t<meta property=\"og:image:width\" content=\"1730\" \/>\n\t<meta property=\"og:image:height\" content=\"1920\" \/>\n\t<meta property=\"og:image:type\" content=\"image\/jpeg\" \/>\n<meta name=\"twitter:card\" content=\"summary_large_image\" \/>\n<meta name=\"twitter:label1\" content=\"Ansl. lesetid\" \/>\n\t<meta name=\"twitter:data1\" content=\"1 minutt\" \/>\n<script type=\"application\/ld+json\" class=\"yoast-schema-graph\">{\"@context\":\"https:\/\/schema.org\",\"@graph\":[{\"@type\":\"WebPage\",\"@id\":\"https:\/\/staging.forenteforlag.no\/dreyers\/produkt\/adolph-tidemand\/\",\"url\":\"https:\/\/staging.forenteforlag.no\/dreyers\/produkt\/adolph-tidemand\/\",\"name\":\"Adolph Tidemand - Dreyers Forlag\",\"isPartOf\":{\"@id\":\"https:\/\/staging.forenteforlag.no\/dreyers\/#website\"},\"primaryImageOfPage\":{\"@id\":\"https:\/\/staging.forenteforlag.no\/dreyers\/produkt\/adolph-tidemand\/#primaryimage\"},\"image\":{\"@id\":\"https:\/\/staging.forenteforlag.no\/dreyers\/produkt\/adolph-tidemand\/#primaryimage\"},\"thumbnailUrl\":\"https:\/\/staging.forenteforlag.no\/dreyers\/wp-content\/uploads\/sites\/2\/2025\/08\/jpg-8106-scaled-1-scaled.jpg\",\"datePublished\":\"2019-10-31T00:00:00+00:00\",\"dateModified\":\"2025-08-27T12:08:08+00:00\",\"breadcrumb\":{\"@id\":\"https:\/\/staging.forenteforlag.no\/dreyers\/produkt\/adolph-tidemand\/#breadcrumb\"},\"inLanguage\":\"nb-NO\",\"potentialAction\":[{\"@type\":\"ReadAction\",\"target\":[\"https:\/\/staging.forenteforlag.no\/dreyers\/produkt\/adolph-tidemand\/\"]}]},{\"@type\":\"ImageObject\",\"inLanguage\":\"nb-NO\",\"@id\":\"https:\/\/staging.forenteforlag.no\/dreyers\/produkt\/adolph-tidemand\/#primaryimage\",\"url\":\"https:\/\/staging.forenteforlag.no\/dreyers\/wp-content\/uploads\/sites\/2\/2025\/08\/jpg-8106-scaled-1-scaled.jpg\",\"contentUrl\":\"https:\/\/staging.forenteforlag.no\/dreyers\/wp-content\/uploads\/sites\/2\/2025\/08\/jpg-8106-scaled-1-scaled.jpg\",\"width\":1730,\"height\":1920},{\"@type\":\"BreadcrumbList\",\"@id\":\"https:\/\/staging.forenteforlag.no\/dreyers\/produkt\/adolph-tidemand\/#breadcrumb\",\"itemListElement\":[{\"@type\":\"ListItem\",\"position\":1,\"name\":\"Hjem\",\"item\":\"https:\/\/staging.forenteforlag.no\/dreyers\/\"},{\"@type\":\"ListItem\",\"position\":2,\"name\":\"Alle b\u00f8ker\",\"item\":\"https:\/\/staging.forenteforlag.no\/dreyers\/butikk\/\"},{\"@type\":\"ListItem\",\"position\":3,\"name\":\"Adolph Tidemand\"}]},{\"@type\":\"WebSite\",\"@id\":\"https:\/\/staging.forenteforlag.no\/dreyers\/#website\",\"url\":\"https:\/\/staging.forenteforlag.no\/dreyers\/\",\"name\":\"Dreyers Forlag\",\"description\":\"\",\"potentialAction\":[{\"@type\":\"SearchAction\",\"target\":{\"@type\":\"EntryPoint\",\"urlTemplate\":\"https:\/\/staging.forenteforlag.no\/dreyers\/?s={search_term_string}\"},\"query-input\":{\"@type\":\"PropertyValueSpecification\",\"valueRequired\":true,\"valueName\":\"search_term_string\"}}],\"inLanguage\":\"nb-NO\"}]}<\/script>\n<!-- \/ Yoast SEO plugin. -->","yoast_head_json":{"title":"Adolph Tidemand - Dreyers Forlag","robots":{"index":"noindex","follow":"follow","max-snippet":"max-snippet:-1","max-image-preview":"max-image-preview:large","max-video-preview":"max-video-preview:-1"},"og_locale":"nb_NO","og_type":"article","og_title":"Adolph Tidemand - Dreyers Forlag","og_description":"Etter Johan Christian Dahl regnes Adolph Tidemand (1814-1876) som den f\u00f8rste norske kunstner med internasjonal status. Han ble feiret p\u00e5 verdensutstillingene i London og Paris, og han solgte malerier til kj\u00f8pere fra store deler av verden; Europa, Russland og Amerika. Denne biografien belyser Adolph Tidemands liv og verk og Norges kulturelle og politiske utvikling fra [&hellip;]","og_url":"https:\/\/staging.forenteforlag.no\/dreyers\/produkt\/adolph-tidemand\/","og_site_name":"Dreyers Forlag","article_modified_time":"2025-08-27T12:08:08+00:00","og_image":[{"width":1730,"height":1920,"url":"https:\/\/staging.forenteforlag.no\/dreyers\/wp-content\/uploads\/sites\/2\/2025\/08\/jpg-8106-scaled-1-scaled.jpg","type":"image\/jpeg"}],"twitter_card":"summary_large_image","twitter_misc":{"Ansl. lesetid":"1 minutt"},"schema":{"@context":"https:\/\/schema.org","@graph":[{"@type":"WebPage","@id":"https:\/\/staging.forenteforlag.no\/dreyers\/produkt\/adolph-tidemand\/","url":"https:\/\/staging.forenteforlag.no\/dreyers\/produkt\/adolph-tidemand\/","name":"Adolph Tidemand - Dreyers Forlag","isPartOf":{"@id":"https:\/\/staging.forenteforlag.no\/dreyers\/#website"},"primaryImageOfPage":{"@id":"https:\/\/staging.forenteforlag.no\/dreyers\/produkt\/adolph-tidemand\/#primaryimage"},"image":{"@id":"https:\/\/staging.forenteforlag.no\/dreyers\/produkt\/adolph-tidemand\/#primaryimage"},"thumbnailUrl":"https:\/\/staging.forenteforlag.no\/dreyers\/wp-content\/uploads\/sites\/2\/2025\/08\/jpg-8106-scaled-1-scaled.jpg","datePublished":"2019-10-31T00:00:00+00:00","dateModified":"2025-08-27T12:08:08+00:00","breadcrumb":{"@id":"https:\/\/staging.forenteforlag.no\/dreyers\/produkt\/adolph-tidemand\/#breadcrumb"},"inLanguage":"nb-NO","potentialAction":[{"@type":"ReadAction","target":["https:\/\/staging.forenteforlag.no\/dreyers\/produkt\/adolph-tidemand\/"]}]},{"@type":"ImageObject","inLanguage":"nb-NO","@id":"https:\/\/staging.forenteforlag.no\/dreyers\/produkt\/adolph-tidemand\/#primaryimage","url":"https:\/\/staging.forenteforlag.no\/dreyers\/wp-content\/uploads\/sites\/2\/2025\/08\/jpg-8106-scaled-1-scaled.jpg","contentUrl":"https:\/\/staging.forenteforlag.no\/dreyers\/wp-content\/uploads\/sites\/2\/2025\/08\/jpg-8106-scaled-1-scaled.jpg","width":1730,"height":1920},{"@type":"BreadcrumbList","@id":"https:\/\/staging.forenteforlag.no\/dreyers\/produkt\/adolph-tidemand\/#breadcrumb","itemListElement":[{"@type":"ListItem","position":1,"name":"Hjem","item":"https:\/\/staging.forenteforlag.no\/dreyers\/"},{"@type":"ListItem","position":2,"name":"Alle b\u00f8ker","item":"https:\/\/staging.forenteforlag.no\/dreyers\/butikk\/"},{"@type":"ListItem","position":3,"name":"Adolph Tidemand"}]},{"@type":"WebSite","@id":"https:\/\/staging.forenteforlag.no\/dreyers\/#website","url":"https:\/\/staging.forenteforlag.no\/dreyers\/","name":"Dreyers Forlag","description":"","potentialAction":[{"@type":"SearchAction","target":{"@type":"EntryPoint","urlTemplate":"https:\/\/staging.forenteforlag.no\/dreyers\/?s={search_term_string}"},"query-input":{"@type":"PropertyValueSpecification","valueRequired":true,"valueName":"search_term_string"}}],"inLanguage":"nb-NO"}]}},"_links":{"self":[{"href":"https:\/\/staging.forenteforlag.no\/dreyers\/wp-json\/wp\/v2\/product\/21279","targetHints":{"allow":["GET"]}}],"collection":[{"href":"https:\/\/staging.forenteforlag.no\/dreyers\/wp-json\/wp\/v2\/product"}],"about":[{"href":"https:\/\/staging.forenteforlag.no\/dreyers\/wp-json\/wp\/v2\/types\/product"}],"wp:featuredmedia":[{"embeddable":true,"href":"https:\/\/staging.forenteforlag.no\/dreyers\/wp-json\/wp\/v2\/media\/24296"}],"wp:attachment":[{"href":"https:\/\/staging.forenteforlag.no\/dreyers\/wp-json\/wp\/v2\/media?parent=21279"}],"wp:term":[{"taxonomy":"product_brand","embeddable":true,"href":"https:\/\/staging.forenteforlag.no\/dreyers\/wp-json\/wp\/v2\/product_brand?post=21279"},{"taxonomy":"product_cat","embeddable":true,"href":"https:\/\/staging.forenteforlag.no\/dreyers\/wp-json\/wp\/v2\/product_cat?post=21279"},{"taxonomy":"product_tag","embeddable":true,"href":"https:\/\/staging.forenteforlag.no\/dreyers\/wp-json\/wp\/v2\/product_tag?post=21279"}],"curies":[{"name":"wp","href":"https:\/\/api.w.org\/{rel}","templated":true}]}}