{"id":21278,"date":"2019-11-18T01:00:00","date_gmt":"2019-11-18T00:00:00","guid":{"rendered":"https:\/\/dreyersforlag.forenteforlag.no\/produkt\/bazarovs-barn\/"},"modified":"2025-11-06T09:11:27","modified_gmt":"2025-11-06T08:11:27","slug":"bazarovs-barn","status":"publish","type":"product","link":"https:\/\/staging.forenteforlag.no\/dreyers\/produkt\/bazarovs-barn\/","title":{"rendered":"Bazarovs barn"},"content":{"rendered":"<p>Da Kaj Skagens Bazarovs barn utkom i 1983 vekket den \u00aben av de mest omfattende debatter som har v\u00e6rt f\u00f8rt i norsk litter\u00e6r offentlighet\u00bb, st\u00e5r det i Norsk litteraturkritikks historie 1870-2010. <\/p>\n<p>Den var ogs\u00e5 en av de mest lidenskapelige. Begeistringen konkurrerte med ford\u00f8mmelsen, p\u00e5 tvers av alle vante politiske og litter\u00e6re frontlinjer. Boken ble uthengt som et \u00aboppr\u00f8r fra h\u00f8yre\u00bb mot det venstreradikale hegemoni i kulturen, samtidig som forfatteren ble genierkl\u00e6rt i venstreradikalernes avis Ny Tid. <\/p>\n<p>F\u00f8r debatten ebbet ut p\u00e5 ny\u00e5ret hadde boken solgt 6000 eksemplarer, en enest\u00e5ende suksess for en bok om samtidslitteratur. S\u00e5 handlet da ogs\u00e5 Bazarovs barn egentlig ikke om litteratur, men om selve den europeiske kultur, presset mellom en \u00abp\u00e5g\u00e5ende undergang og en p\u00e5krevet fornyelse\u00bb, som Gyldendals sjef redakt\u00f8r Sigmund Hoftun skrev. <\/p>\n<p>Siden 1983 har Bazarovs barn levd sitt eget liv i skyggen av de r\u00e5dende litteraturkritiske trender. Etterhvert har den funnet lesere i en ny generasjon, og med tiden blitt stadig mer aktuell. I 2017 skrev en litteraturkritiker at mange av de litter\u00e6re vurderingene i Bazarovs barn var \u00abforunderleg framsynte\u00bb, og en annen beskrev Skagens litteratursyn fra 1983 som \u00abv\u00e5rt litteratursyn\u00bb idag snart f\u00f8rti \u00e5r etter. <\/p>\n<p>Men ogs\u00e5 kulturkritikken i Bazarovs barn som handlet om krisen i en sivilisasjon som har kastet vrak p\u00e5 sitt metafysiske grunnlag, har vokst i aktualitet. <\/p>\n<p>Etterord av Bj\u00f8rn Gabrielsen.<\/p>\n","protected":false},"excerpt":{"rendered":"<p>Da Kaj Skagens Bazarovs barn utkom i 1983 vekket den \u00aben av de mest omfattende debatter som har v\u00e6rt f\u00f8rt i norsk litter\u00e6r offentlighet\u00bb, st\u00e5r det i Norsk litteraturkritikks historie 1870-2010. Den var ogs\u00e5 en av de mest lidenskapelige. Begeistringen konkurrerte med ford\u00f8mmelsen, p\u00e5 tvers av alle vante politiske og litter\u00e6re frontlinjer. Boken ble uthengt [&hellip;]<\/p>\n","protected":false},"featured_media":24016,"template":"","meta":{"_acf_changed":false,"inline_featured_image":false},"product_brand":[],"product_cat":[1785,26],"product_tag":[362],"class_list":{"0":"post-21278","1":"product","2":"type-product","3":"status-publish","4":"has-post-thumbnail","6":"product_cat-fripris","7":"product_cat-kunst-og-kultur","8":"product_tag-faglitteratur","9":"pa_format-pocket","11":"first","12":"instock","13":"shipping-taxable","14":"purchasable","15":"product-type-simple"},"acf":{"anmeldelse":null},"yoast_head":"<!-- This site is optimized with the Yoast SEO plugin v26.6 - https:\/\/yoast.com\/wordpress\/plugins\/seo\/ -->\n<title>Bazarovs barn - Dreyers Forlag<\/title>\n<meta name=\"robots\" content=\"noindex, follow, max-snippet:-1, max-image-preview:large, max-video-preview:-1\" \/>\n<meta property=\"og:locale\" content=\"nb_NO\" \/>\n<meta property=\"og:type\" content=\"article\" \/>\n<meta property=\"og:title\" content=\"Bazarovs barn - Dreyers Forlag\" \/>\n<meta property=\"og:description\" content=\"Da Kaj Skagens Bazarovs barn utkom i 1983 vekket den \u00aben av de mest omfattende debatter som har v\u00e6rt f\u00f8rt i norsk litter\u00e6r offentlighet\u00bb, st\u00e5r det i Norsk litteraturkritikks historie 1870-2010. Den var ogs\u00e5 en av de mest lidenskapelige. Begeistringen konkurrerte med ford\u00f8mmelsen, p\u00e5 tvers av alle vante politiske og litter\u00e6re frontlinjer. Boken ble uthengt [&hellip;]\" \/>\n<meta property=\"og:url\" content=\"https:\/\/staging.forenteforlag.no\/dreyers\/produkt\/bazarovs-barn\/\" \/>\n<meta property=\"og:site_name\" content=\"Dreyers Forlag\" \/>\n<meta property=\"article:modified_time\" content=\"2025-11-06T08:11:27+00:00\" \/>\n<meta property=\"og:image\" content=\"https:\/\/staging.forenteforlag.no\/dreyers\/wp-content\/uploads\/sites\/2\/2025\/08\/jpg-5470.jpg\" \/>\n\t<meta property=\"og:image:width\" content=\"354\" \/>\n\t<meta property=\"og:image:height\" content=\"567\" \/>\n\t<meta property=\"og:image:type\" content=\"image\/jpeg\" \/>\n<meta name=\"twitter:card\" content=\"summary_large_image\" \/>\n<meta name=\"twitter:label1\" content=\"Ansl. lesetid\" \/>\n\t<meta name=\"twitter:data1\" content=\"1 minutt\" \/>\n<script type=\"application\/ld+json\" class=\"yoast-schema-graph\">{\"@context\":\"https:\/\/schema.org\",\"@graph\":[{\"@type\":\"WebPage\",\"@id\":\"https:\/\/staging.forenteforlag.no\/dreyers\/produkt\/bazarovs-barn\/\",\"url\":\"https:\/\/staging.forenteforlag.no\/dreyers\/produkt\/bazarovs-barn\/\",\"name\":\"Bazarovs barn - Dreyers Forlag\",\"isPartOf\":{\"@id\":\"https:\/\/staging.forenteforlag.no\/dreyers\/#website\"},\"primaryImageOfPage\":{\"@id\":\"https:\/\/staging.forenteforlag.no\/dreyers\/produkt\/bazarovs-barn\/#primaryimage\"},\"image\":{\"@id\":\"https:\/\/staging.forenteforlag.no\/dreyers\/produkt\/bazarovs-barn\/#primaryimage\"},\"thumbnailUrl\":\"https:\/\/staging.forenteforlag.no\/dreyers\/wp-content\/uploads\/sites\/2\/2025\/08\/jpg-5470.jpg\",\"datePublished\":\"2019-11-18T00:00:00+00:00\",\"dateModified\":\"2025-11-06T08:11:27+00:00\",\"breadcrumb\":{\"@id\":\"https:\/\/staging.forenteforlag.no\/dreyers\/produkt\/bazarovs-barn\/#breadcrumb\"},\"inLanguage\":\"nb-NO\",\"potentialAction\":[{\"@type\":\"ReadAction\",\"target\":[\"https:\/\/staging.forenteforlag.no\/dreyers\/produkt\/bazarovs-barn\/\"]}]},{\"@type\":\"ImageObject\",\"inLanguage\":\"nb-NO\",\"@id\":\"https:\/\/staging.forenteforlag.no\/dreyers\/produkt\/bazarovs-barn\/#primaryimage\",\"url\":\"https:\/\/staging.forenteforlag.no\/dreyers\/wp-content\/uploads\/sites\/2\/2025\/08\/jpg-5470.jpg\",\"contentUrl\":\"https:\/\/staging.forenteforlag.no\/dreyers\/wp-content\/uploads\/sites\/2\/2025\/08\/jpg-5470.jpg\",\"width\":354,\"height\":567},{\"@type\":\"BreadcrumbList\",\"@id\":\"https:\/\/staging.forenteforlag.no\/dreyers\/produkt\/bazarovs-barn\/#breadcrumb\",\"itemListElement\":[{\"@type\":\"ListItem\",\"position\":1,\"name\":\"Hjem\",\"item\":\"https:\/\/staging.forenteforlag.no\/dreyers\/\"},{\"@type\":\"ListItem\",\"position\":2,\"name\":\"Alle b\u00f8ker\",\"item\":\"https:\/\/staging.forenteforlag.no\/dreyers\/butikk\/\"},{\"@type\":\"ListItem\",\"position\":3,\"name\":\"Bazarovs barn\"}]},{\"@type\":\"WebSite\",\"@id\":\"https:\/\/staging.forenteforlag.no\/dreyers\/#website\",\"url\":\"https:\/\/staging.forenteforlag.no\/dreyers\/\",\"name\":\"Dreyers Forlag\",\"description\":\"\",\"potentialAction\":[{\"@type\":\"SearchAction\",\"target\":{\"@type\":\"EntryPoint\",\"urlTemplate\":\"https:\/\/staging.forenteforlag.no\/dreyers\/?s={search_term_string}\"},\"query-input\":{\"@type\":\"PropertyValueSpecification\",\"valueRequired\":true,\"valueName\":\"search_term_string\"}}],\"inLanguage\":\"nb-NO\"}]}<\/script>\n<!-- \/ Yoast SEO plugin. -->","yoast_head_json":{"title":"Bazarovs barn - Dreyers Forlag","robots":{"index":"noindex","follow":"follow","max-snippet":"max-snippet:-1","max-image-preview":"max-image-preview:large","max-video-preview":"max-video-preview:-1"},"og_locale":"nb_NO","og_type":"article","og_title":"Bazarovs barn - Dreyers Forlag","og_description":"Da Kaj Skagens Bazarovs barn utkom i 1983 vekket den \u00aben av de mest omfattende debatter som har v\u00e6rt f\u00f8rt i norsk litter\u00e6r offentlighet\u00bb, st\u00e5r det i Norsk litteraturkritikks historie 1870-2010. Den var ogs\u00e5 en av de mest lidenskapelige. Begeistringen konkurrerte med ford\u00f8mmelsen, p\u00e5 tvers av alle vante politiske og litter\u00e6re frontlinjer. Boken ble uthengt [&hellip;]","og_url":"https:\/\/staging.forenteforlag.no\/dreyers\/produkt\/bazarovs-barn\/","og_site_name":"Dreyers Forlag","article_modified_time":"2025-11-06T08:11:27+00:00","og_image":[{"width":354,"height":567,"url":"https:\/\/staging.forenteforlag.no\/dreyers\/wp-content\/uploads\/sites\/2\/2025\/08\/jpg-5470.jpg","type":"image\/jpeg"}],"twitter_card":"summary_large_image","twitter_misc":{"Ansl. lesetid":"1 minutt"},"schema":{"@context":"https:\/\/schema.org","@graph":[{"@type":"WebPage","@id":"https:\/\/staging.forenteforlag.no\/dreyers\/produkt\/bazarovs-barn\/","url":"https:\/\/staging.forenteforlag.no\/dreyers\/produkt\/bazarovs-barn\/","name":"Bazarovs barn - Dreyers Forlag","isPartOf":{"@id":"https:\/\/staging.forenteforlag.no\/dreyers\/#website"},"primaryImageOfPage":{"@id":"https:\/\/staging.forenteforlag.no\/dreyers\/produkt\/bazarovs-barn\/#primaryimage"},"image":{"@id":"https:\/\/staging.forenteforlag.no\/dreyers\/produkt\/bazarovs-barn\/#primaryimage"},"thumbnailUrl":"https:\/\/staging.forenteforlag.no\/dreyers\/wp-content\/uploads\/sites\/2\/2025\/08\/jpg-5470.jpg","datePublished":"2019-11-18T00:00:00+00:00","dateModified":"2025-11-06T08:11:27+00:00","breadcrumb":{"@id":"https:\/\/staging.forenteforlag.no\/dreyers\/produkt\/bazarovs-barn\/#breadcrumb"},"inLanguage":"nb-NO","potentialAction":[{"@type":"ReadAction","target":["https:\/\/staging.forenteforlag.no\/dreyers\/produkt\/bazarovs-barn\/"]}]},{"@type":"ImageObject","inLanguage":"nb-NO","@id":"https:\/\/staging.forenteforlag.no\/dreyers\/produkt\/bazarovs-barn\/#primaryimage","url":"https:\/\/staging.forenteforlag.no\/dreyers\/wp-content\/uploads\/sites\/2\/2025\/08\/jpg-5470.jpg","contentUrl":"https:\/\/staging.forenteforlag.no\/dreyers\/wp-content\/uploads\/sites\/2\/2025\/08\/jpg-5470.jpg","width":354,"height":567},{"@type":"BreadcrumbList","@id":"https:\/\/staging.forenteforlag.no\/dreyers\/produkt\/bazarovs-barn\/#breadcrumb","itemListElement":[{"@type":"ListItem","position":1,"name":"Hjem","item":"https:\/\/staging.forenteforlag.no\/dreyers\/"},{"@type":"ListItem","position":2,"name":"Alle b\u00f8ker","item":"https:\/\/staging.forenteforlag.no\/dreyers\/butikk\/"},{"@type":"ListItem","position":3,"name":"Bazarovs barn"}]},{"@type":"WebSite","@id":"https:\/\/staging.forenteforlag.no\/dreyers\/#website","url":"https:\/\/staging.forenteforlag.no\/dreyers\/","name":"Dreyers Forlag","description":"","potentialAction":[{"@type":"SearchAction","target":{"@type":"EntryPoint","urlTemplate":"https:\/\/staging.forenteforlag.no\/dreyers\/?s={search_term_string}"},"query-input":{"@type":"PropertyValueSpecification","valueRequired":true,"valueName":"search_term_string"}}],"inLanguage":"nb-NO"}]}},"_links":{"self":[{"href":"https:\/\/staging.forenteforlag.no\/dreyers\/wp-json\/wp\/v2\/product\/21278","targetHints":{"allow":["GET"]}}],"collection":[{"href":"https:\/\/staging.forenteforlag.no\/dreyers\/wp-json\/wp\/v2\/product"}],"about":[{"href":"https:\/\/staging.forenteforlag.no\/dreyers\/wp-json\/wp\/v2\/types\/product"}],"wp:featuredmedia":[{"embeddable":true,"href":"https:\/\/staging.forenteforlag.no\/dreyers\/wp-json\/wp\/v2\/media\/24016"}],"wp:attachment":[{"href":"https:\/\/staging.forenteforlag.no\/dreyers\/wp-json\/wp\/v2\/media?parent=21278"}],"wp:term":[{"taxonomy":"product_brand","embeddable":true,"href":"https:\/\/staging.forenteforlag.no\/dreyers\/wp-json\/wp\/v2\/product_brand?post=21278"},{"taxonomy":"product_cat","embeddable":true,"href":"https:\/\/staging.forenteforlag.no\/dreyers\/wp-json\/wp\/v2\/product_cat?post=21278"},{"taxonomy":"product_tag","embeddable":true,"href":"https:\/\/staging.forenteforlag.no\/dreyers\/wp-json\/wp\/v2\/product_tag?post=21278"}],"curies":[{"name":"wp","href":"https:\/\/api.w.org\/{rel}","templated":true}]}}