{"id":21272,"date":"2019-09-03T02:00:00","date_gmt":"2019-09-03T00:00:00","guid":{"rendered":"https:\/\/dreyersforlag.forenteforlag.no\/produkt\/den-forseglede-ordre\/"},"modified":"2025-11-06T09:11:30","modified_gmt":"2025-11-06T08:11:30","slug":"den-forseglede-ordre","status":"publish","type":"product","link":"https:\/\/staging.forenteforlag.no\/dreyers\/produkt\/den-forseglede-ordre\/","title":{"rendered":"Den forseglede ordre"},"content":{"rendered":"<p>Kommer vi til verden med en forseglet ordre &#8211; et ubevisst kall eller et intuitivt kompass? Kan jeg forst\u00e5 mitt liv med alle dets forvillelser og funn, ulykker og lykketreff?<\/p>\n<p>Disse sp\u00f8rsm\u00e5lene om det personlige livets mening, og kampen for \u00e5 skape mening der den ikke .nnes, er den indre b\u00e6rebjelken i denne litter\u00e6re selvbiogra.en &#8211; en sjelden vare i norsk litteratur.<\/p>\n<p>Den forseglede ordre er forfatteren Kaj Skagens selvbiogra.. Den er en \u00e5penhjertig beretning om barndom og oppvekst i indremisjonskretser p\u00e5 1950- og 60-tallet, og i ungdoms-oppr\u00f8rets maoist- og hippiemilj\u00f8er rundt 1970. Han skriver om ungdomstidens leting etter sannhet, mening og kj\u00e6rlighet, om m\u00f8tet med antroposo.en, og om den store debatten om Bazarovs barn i 1983. Hendelsene omkring Gyldendal-redakt\u00f8ren Sigmund Hoftuns bortgang og kritikken av romanen Himmelen vet ingenting i 1988 byr p\u00e5 ett av .ere dramatiske h\u00f8ydepunkter.<\/p>\n<p>Forfatteren tar oss med bak de ytre hendelsenes kulisser, og gir leseren del i den indre biogra.ske dramatikken i striden for \u00e5 .nne sin vei gjennom livet. Den forseglede ordre kan leses som en selvbiogra.sk dannelsesroman der forfatteren gjennom den fortrolige fortelling vil forst\u00e5 seg selv som menneske og forfatter.<\/p>\n","protected":false},"excerpt":{"rendered":"<p>Kommer vi til verden med en forseglet ordre &#8211; et ubevisst kall eller et intuitivt kompass? Kan jeg forst\u00e5 mitt liv med alle dets forvillelser og funn, ulykker og lykketreff? Disse sp\u00f8rsm\u00e5lene om det personlige livets mening, og kampen for \u00e5 skape mening der den ikke .nnes, er den indre b\u00e6rebjelken i denne litter\u00e6re selvbiogra.en [&hellip;]<\/p>\n","protected":false},"featured_media":24051,"template":"","meta":{"_acf_changed":false,"inline_featured_image":false},"product_brand":[],"product_cat":[20,1785],"product_tag":[362],"class_list":{"0":"post-21272","1":"product","2":"type-product","3":"status-publish","4":"has-post-thumbnail","6":"product_cat-biografier-og-memoarer","7":"product_cat-fripris","8":"product_tag-faglitteratur","9":"pa_format-innbundet","11":"first","12":"instock","13":"shipping-taxable","14":"purchasable","15":"product-type-simple"},"acf":{"anmeldelse":null},"yoast_head":"<!-- This site is optimized with the Yoast SEO plugin v26.6 - https:\/\/yoast.com\/wordpress\/plugins\/seo\/ -->\n<title>Den forseglede ordre - Dreyers Forlag<\/title>\n<meta name=\"robots\" content=\"noindex, follow, max-snippet:-1, max-image-preview:large, max-video-preview:-1\" \/>\n<meta property=\"og:locale\" content=\"nb_NO\" \/>\n<meta property=\"og:type\" content=\"article\" \/>\n<meta property=\"og:title\" content=\"Den forseglede ordre - Dreyers Forlag\" \/>\n<meta property=\"og:description\" content=\"Kommer vi til verden med en forseglet ordre &#8211; et ubevisst kall eller et intuitivt kompass? Kan jeg forst\u00e5 mitt liv med alle dets forvillelser og funn, ulykker og lykketreff? Disse sp\u00f8rsm\u00e5lene om det personlige livets mening, og kampen for \u00e5 skape mening der den ikke .nnes, er den indre b\u00e6rebjelken i denne litter\u00e6re selvbiogra.en [&hellip;]\" \/>\n<meta property=\"og:url\" content=\"https:\/\/staging.forenteforlag.no\/dreyers\/produkt\/den-forseglede-ordre\/\" \/>\n<meta property=\"og:site_name\" content=\"Dreyers Forlag\" \/>\n<meta property=\"article:modified_time\" content=\"2025-11-06T08:11:30+00:00\" \/>\n<meta property=\"og:image\" content=\"https:\/\/staging.forenteforlag.no\/dreyers\/wp-content\/uploads\/sites\/2\/2025\/08\/jpg-5757.jpg\" \/>\n\t<meta property=\"og:image:width\" content=\"1000\" \/>\n\t<meta property=\"og:image:height\" content=\"1370\" \/>\n\t<meta property=\"og:image:type\" content=\"image\/jpeg\" \/>\n<meta name=\"twitter:card\" content=\"summary_large_image\" \/>\n<meta name=\"twitter:label1\" content=\"Ansl. lesetid\" \/>\n\t<meta name=\"twitter:data1\" content=\"1 minutt\" \/>\n<script type=\"application\/ld+json\" class=\"yoast-schema-graph\">{\"@context\":\"https:\/\/schema.org\",\"@graph\":[{\"@type\":\"WebPage\",\"@id\":\"https:\/\/staging.forenteforlag.no\/dreyers\/produkt\/den-forseglede-ordre\/\",\"url\":\"https:\/\/staging.forenteforlag.no\/dreyers\/produkt\/den-forseglede-ordre\/\",\"name\":\"Den forseglede ordre - Dreyers Forlag\",\"isPartOf\":{\"@id\":\"https:\/\/staging.forenteforlag.no\/dreyers\/#website\"},\"primaryImageOfPage\":{\"@id\":\"https:\/\/staging.forenteforlag.no\/dreyers\/produkt\/den-forseglede-ordre\/#primaryimage\"},\"image\":{\"@id\":\"https:\/\/staging.forenteforlag.no\/dreyers\/produkt\/den-forseglede-ordre\/#primaryimage\"},\"thumbnailUrl\":\"https:\/\/staging.forenteforlag.no\/dreyers\/wp-content\/uploads\/sites\/2\/2025\/08\/jpg-5757.jpg\",\"datePublished\":\"2019-09-03T00:00:00+00:00\",\"dateModified\":\"2025-11-06T08:11:30+00:00\",\"breadcrumb\":{\"@id\":\"https:\/\/staging.forenteforlag.no\/dreyers\/produkt\/den-forseglede-ordre\/#breadcrumb\"},\"inLanguage\":\"nb-NO\",\"potentialAction\":[{\"@type\":\"ReadAction\",\"target\":[\"https:\/\/staging.forenteforlag.no\/dreyers\/produkt\/den-forseglede-ordre\/\"]}]},{\"@type\":\"ImageObject\",\"inLanguage\":\"nb-NO\",\"@id\":\"https:\/\/staging.forenteforlag.no\/dreyers\/produkt\/den-forseglede-ordre\/#primaryimage\",\"url\":\"https:\/\/staging.forenteforlag.no\/dreyers\/wp-content\/uploads\/sites\/2\/2025\/08\/jpg-5757.jpg\",\"contentUrl\":\"https:\/\/staging.forenteforlag.no\/dreyers\/wp-content\/uploads\/sites\/2\/2025\/08\/jpg-5757.jpg\",\"width\":1000,\"height\":1370},{\"@type\":\"BreadcrumbList\",\"@id\":\"https:\/\/staging.forenteforlag.no\/dreyers\/produkt\/den-forseglede-ordre\/#breadcrumb\",\"itemListElement\":[{\"@type\":\"ListItem\",\"position\":1,\"name\":\"Hjem\",\"item\":\"https:\/\/staging.forenteforlag.no\/dreyers\/\"},{\"@type\":\"ListItem\",\"position\":2,\"name\":\"Alle b\u00f8ker\",\"item\":\"https:\/\/staging.forenteforlag.no\/dreyers\/butikk\/\"},{\"@type\":\"ListItem\",\"position\":3,\"name\":\"Den forseglede ordre\"}]},{\"@type\":\"WebSite\",\"@id\":\"https:\/\/staging.forenteforlag.no\/dreyers\/#website\",\"url\":\"https:\/\/staging.forenteforlag.no\/dreyers\/\",\"name\":\"Dreyers Forlag\",\"description\":\"\",\"potentialAction\":[{\"@type\":\"SearchAction\",\"target\":{\"@type\":\"EntryPoint\",\"urlTemplate\":\"https:\/\/staging.forenteforlag.no\/dreyers\/?s={search_term_string}\"},\"query-input\":{\"@type\":\"PropertyValueSpecification\",\"valueRequired\":true,\"valueName\":\"search_term_string\"}}],\"inLanguage\":\"nb-NO\"}]}<\/script>\n<!-- \/ Yoast SEO plugin. -->","yoast_head_json":{"title":"Den forseglede ordre - Dreyers Forlag","robots":{"index":"noindex","follow":"follow","max-snippet":"max-snippet:-1","max-image-preview":"max-image-preview:large","max-video-preview":"max-video-preview:-1"},"og_locale":"nb_NO","og_type":"article","og_title":"Den forseglede ordre - Dreyers Forlag","og_description":"Kommer vi til verden med en forseglet ordre &#8211; et ubevisst kall eller et intuitivt kompass? Kan jeg forst\u00e5 mitt liv med alle dets forvillelser og funn, ulykker og lykketreff? Disse sp\u00f8rsm\u00e5lene om det personlige livets mening, og kampen for \u00e5 skape mening der den ikke .nnes, er den indre b\u00e6rebjelken i denne litter\u00e6re selvbiogra.en [&hellip;]","og_url":"https:\/\/staging.forenteforlag.no\/dreyers\/produkt\/den-forseglede-ordre\/","og_site_name":"Dreyers Forlag","article_modified_time":"2025-11-06T08:11:30+00:00","og_image":[{"width":1000,"height":1370,"url":"https:\/\/staging.forenteforlag.no\/dreyers\/wp-content\/uploads\/sites\/2\/2025\/08\/jpg-5757.jpg","type":"image\/jpeg"}],"twitter_card":"summary_large_image","twitter_misc":{"Ansl. lesetid":"1 minutt"},"schema":{"@context":"https:\/\/schema.org","@graph":[{"@type":"WebPage","@id":"https:\/\/staging.forenteforlag.no\/dreyers\/produkt\/den-forseglede-ordre\/","url":"https:\/\/staging.forenteforlag.no\/dreyers\/produkt\/den-forseglede-ordre\/","name":"Den forseglede ordre - Dreyers Forlag","isPartOf":{"@id":"https:\/\/staging.forenteforlag.no\/dreyers\/#website"},"primaryImageOfPage":{"@id":"https:\/\/staging.forenteforlag.no\/dreyers\/produkt\/den-forseglede-ordre\/#primaryimage"},"image":{"@id":"https:\/\/staging.forenteforlag.no\/dreyers\/produkt\/den-forseglede-ordre\/#primaryimage"},"thumbnailUrl":"https:\/\/staging.forenteforlag.no\/dreyers\/wp-content\/uploads\/sites\/2\/2025\/08\/jpg-5757.jpg","datePublished":"2019-09-03T00:00:00+00:00","dateModified":"2025-11-06T08:11:30+00:00","breadcrumb":{"@id":"https:\/\/staging.forenteforlag.no\/dreyers\/produkt\/den-forseglede-ordre\/#breadcrumb"},"inLanguage":"nb-NO","potentialAction":[{"@type":"ReadAction","target":["https:\/\/staging.forenteforlag.no\/dreyers\/produkt\/den-forseglede-ordre\/"]}]},{"@type":"ImageObject","inLanguage":"nb-NO","@id":"https:\/\/staging.forenteforlag.no\/dreyers\/produkt\/den-forseglede-ordre\/#primaryimage","url":"https:\/\/staging.forenteforlag.no\/dreyers\/wp-content\/uploads\/sites\/2\/2025\/08\/jpg-5757.jpg","contentUrl":"https:\/\/staging.forenteforlag.no\/dreyers\/wp-content\/uploads\/sites\/2\/2025\/08\/jpg-5757.jpg","width":1000,"height":1370},{"@type":"BreadcrumbList","@id":"https:\/\/staging.forenteforlag.no\/dreyers\/produkt\/den-forseglede-ordre\/#breadcrumb","itemListElement":[{"@type":"ListItem","position":1,"name":"Hjem","item":"https:\/\/staging.forenteforlag.no\/dreyers\/"},{"@type":"ListItem","position":2,"name":"Alle b\u00f8ker","item":"https:\/\/staging.forenteforlag.no\/dreyers\/butikk\/"},{"@type":"ListItem","position":3,"name":"Den forseglede ordre"}]},{"@type":"WebSite","@id":"https:\/\/staging.forenteforlag.no\/dreyers\/#website","url":"https:\/\/staging.forenteforlag.no\/dreyers\/","name":"Dreyers Forlag","description":"","potentialAction":[{"@type":"SearchAction","target":{"@type":"EntryPoint","urlTemplate":"https:\/\/staging.forenteforlag.no\/dreyers\/?s={search_term_string}"},"query-input":{"@type":"PropertyValueSpecification","valueRequired":true,"valueName":"search_term_string"}}],"inLanguage":"nb-NO"}]}},"_links":{"self":[{"href":"https:\/\/staging.forenteforlag.no\/dreyers\/wp-json\/wp\/v2\/product\/21272","targetHints":{"allow":["GET"]}}],"collection":[{"href":"https:\/\/staging.forenteforlag.no\/dreyers\/wp-json\/wp\/v2\/product"}],"about":[{"href":"https:\/\/staging.forenteforlag.no\/dreyers\/wp-json\/wp\/v2\/types\/product"}],"wp:featuredmedia":[{"embeddable":true,"href":"https:\/\/staging.forenteforlag.no\/dreyers\/wp-json\/wp\/v2\/media\/24051"}],"wp:attachment":[{"href":"https:\/\/staging.forenteforlag.no\/dreyers\/wp-json\/wp\/v2\/media?parent=21272"}],"wp:term":[{"taxonomy":"product_brand","embeddable":true,"href":"https:\/\/staging.forenteforlag.no\/dreyers\/wp-json\/wp\/v2\/product_brand?post=21272"},{"taxonomy":"product_cat","embeddable":true,"href":"https:\/\/staging.forenteforlag.no\/dreyers\/wp-json\/wp\/v2\/product_cat?post=21272"},{"taxonomy":"product_tag","embeddable":true,"href":"https:\/\/staging.forenteforlag.no\/dreyers\/wp-json\/wp\/v2\/product_tag?post=21272"}],"curies":[{"name":"wp","href":"https:\/\/api.w.org\/{rel}","templated":true}]}}