{"id":21264,"date":"2021-04-06T02:00:00","date_gmt":"2021-04-06T00:00:00","guid":{"rendered":"https:\/\/dreyersforlag.forenteforlag.no\/produkt\/fossene-i-norge\/"},"modified":"2025-08-27T12:20:03","modified_gmt":"2025-08-27T10:20:03","slug":"fossene-i-norge","status":"publish","type":"product","link":"https:\/\/staging.forenteforlag.no\/dreyers\/produkt\/fossene-i-norge\/","title":{"rendered":"Fossene i Norge"},"content":{"rendered":"<p>Vi nordmenn har alltid hatt et spesielt forhold til fossene v\u00e5re. De inng\u00e5r i tallrike eventyr og sagn, for eksempel om valdresridderen som hoppet over Ridderspranget i Sjoa med den vakre Sk\u00e5rvangsola i armene. Eller fortellingen om Rei\u00e5r som forsvant i Rei\u00e5rsfossen i Setesdal med hest og kj\u00e6reste. Betydningen av fossene vises ogs\u00e5 av navnene vi har satt p\u00e5 dem. Folk er blitt skremt, overveldet og samtidig tiltrukket av fossene og har kalt dem Trollfossen eller Helvetesfossen. Eller de har st\u00e5tt i undring og aktelse foran fossefallet og gitt det navn som Helligfossen eller V\u00f8ringen. <\/p>\n<p>Fossekraften har v\u00e6rt Norges \u00abhvite kull\u00bb og en viktig del av \u00abarves\u00f8lvet\u00bb v\u00e5rt. Den har lagt grunnlaget for landets industrialisering og modernisering og hatt stor betydning for utviklingen av Norge som velferdssamfunn. Med tanke p\u00e5 fossenes betydning for det norske samfunnet, er det nesten rart at det ikke er skrevet noen bok tidligere som behandler og presenterer norske fosser i st\u00f8rre bredde og dybde. S\u00e6rlig fordi Norge har mange av de h\u00f8yeste og flotteste fossene i verden! <\/p>\n<p>Fossene i boka utmerker seg enten ved stor fallh\u00f8yde, stor vannf\u00f8ring, uvanlig form, landskapsmessig skj\u00f8nnhet, spennende sagn eller historier, lett tilgjengelighet eller for eksempel omstridte utbyggingsplaner. <\/p>\n<p>Denne boka gir turister og andre interesserte faktaopplysningene som de trenger for \u00e5 bes\u00f8ke fossene, inkludert oversiktskart. Mange av fossefallene vil v\u00e6re ukjente for folk flest, og boka inneholder mye informasjon som ikke er publisert tidligere.<\/p>\n","protected":false},"excerpt":{"rendered":"<p>Vi nordmenn har alltid hatt et spesielt forhold til fossene v\u00e5re. De inng\u00e5r i tallrike eventyr og sagn, for eksempel om valdresridderen som hoppet over Ridderspranget i Sjoa med den vakre Sk\u00e5rvangsola i armene. Eller fortellingen om Rei\u00e5r som forsvant i Rei\u00e5rsfossen i Setesdal med hest og kj\u00e6reste. Betydningen av fossene vises ogs\u00e5 av navnene [&hellip;]<\/p>\n","protected":false},"featured_media":24413,"template":"","meta":{"_acf_changed":false,"inline_featured_image":false},"product_brand":[],"product_cat":[1785,29],"product_tag":[1412,362,439],"class_list":{"0":"post-21264","1":"product","2":"type-product","3":"status-publish","4":"has-post-thumbnail","6":"product_cat-fripris","7":"product_cat-natur-friluftsliv-og-sport","8":"product_tag-elver-og-innsjoer","9":"product_tag-faglitteratur","10":"product_tag-nord-norge","11":"pa_format-innbundet","13":"first","14":"instock","15":"shipping-taxable","16":"purchasable","17":"product-type-simple"},"acf":{"anmeldelse":null},"yoast_head":"<!-- This site is optimized with the Yoast SEO plugin v26.6 - https:\/\/yoast.com\/wordpress\/plugins\/seo\/ -->\n<title>Fossene i Norge - Dreyers Forlag<\/title>\n<meta name=\"robots\" content=\"noindex, follow, max-snippet:-1, max-image-preview:large, max-video-preview:-1\" \/>\n<meta property=\"og:locale\" content=\"nb_NO\" \/>\n<meta property=\"og:type\" content=\"article\" \/>\n<meta property=\"og:title\" content=\"Fossene i Norge - Dreyers Forlag\" \/>\n<meta property=\"og:description\" content=\"Vi nordmenn har alltid hatt et spesielt forhold til fossene v\u00e5re. De inng\u00e5r i tallrike eventyr og sagn, for eksempel om valdresridderen som hoppet over Ridderspranget i Sjoa med den vakre Sk\u00e5rvangsola i armene. Eller fortellingen om Rei\u00e5r som forsvant i Rei\u00e5rsfossen i Setesdal med hest og kj\u00e6reste. Betydningen av fossene vises ogs\u00e5 av navnene [&hellip;]\" \/>\n<meta property=\"og:url\" content=\"https:\/\/staging.forenteforlag.no\/dreyers\/produkt\/fossene-i-norge\/\" \/>\n<meta property=\"og:site_name\" content=\"Dreyers Forlag\" \/>\n<meta property=\"article:modified_time\" content=\"2025-08-27T10:20:03+00:00\" \/>\n<meta property=\"og:image\" content=\"https:\/\/staging.forenteforlag.no\/dreyers\/wp-content\/uploads\/sites\/2\/2025\/08\/jpg-9178.jpg\" \/>\n\t<meta property=\"og:image:width\" content=\"691\" \/>\n\t<meta property=\"og:image:height\" content=\"736\" \/>\n\t<meta property=\"og:image:type\" content=\"image\/jpeg\" \/>\n<meta name=\"twitter:card\" content=\"summary_large_image\" \/>\n<meta name=\"twitter:label1\" content=\"Ansl. lesetid\" \/>\n\t<meta name=\"twitter:data1\" content=\"1 minutt\" \/>\n<script type=\"application\/ld+json\" class=\"yoast-schema-graph\">{\"@context\":\"https:\/\/schema.org\",\"@graph\":[{\"@type\":\"WebPage\",\"@id\":\"https:\/\/staging.forenteforlag.no\/dreyers\/produkt\/fossene-i-norge\/\",\"url\":\"https:\/\/staging.forenteforlag.no\/dreyers\/produkt\/fossene-i-norge\/\",\"name\":\"Fossene i Norge - Dreyers Forlag\",\"isPartOf\":{\"@id\":\"https:\/\/staging.forenteforlag.no\/dreyers\/#website\"},\"primaryImageOfPage\":{\"@id\":\"https:\/\/staging.forenteforlag.no\/dreyers\/produkt\/fossene-i-norge\/#primaryimage\"},\"image\":{\"@id\":\"https:\/\/staging.forenteforlag.no\/dreyers\/produkt\/fossene-i-norge\/#primaryimage\"},\"thumbnailUrl\":\"https:\/\/staging.forenteforlag.no\/dreyers\/wp-content\/uploads\/sites\/2\/2025\/08\/jpg-9178.jpg\",\"datePublished\":\"2021-04-06T00:00:00+00:00\",\"dateModified\":\"2025-08-27T10:20:03+00:00\",\"breadcrumb\":{\"@id\":\"https:\/\/staging.forenteforlag.no\/dreyers\/produkt\/fossene-i-norge\/#breadcrumb\"},\"inLanguage\":\"nb-NO\",\"potentialAction\":[{\"@type\":\"ReadAction\",\"target\":[\"https:\/\/staging.forenteforlag.no\/dreyers\/produkt\/fossene-i-norge\/\"]}]},{\"@type\":\"ImageObject\",\"inLanguage\":\"nb-NO\",\"@id\":\"https:\/\/staging.forenteforlag.no\/dreyers\/produkt\/fossene-i-norge\/#primaryimage\",\"url\":\"https:\/\/staging.forenteforlag.no\/dreyers\/wp-content\/uploads\/sites\/2\/2025\/08\/jpg-9178.jpg\",\"contentUrl\":\"https:\/\/staging.forenteforlag.no\/dreyers\/wp-content\/uploads\/sites\/2\/2025\/08\/jpg-9178.jpg\",\"width\":691,\"height\":736},{\"@type\":\"BreadcrumbList\",\"@id\":\"https:\/\/staging.forenteforlag.no\/dreyers\/produkt\/fossene-i-norge\/#breadcrumb\",\"itemListElement\":[{\"@type\":\"ListItem\",\"position\":1,\"name\":\"Hjem\",\"item\":\"https:\/\/staging.forenteforlag.no\/dreyers\/\"},{\"@type\":\"ListItem\",\"position\":2,\"name\":\"Alle b\u00f8ker\",\"item\":\"https:\/\/staging.forenteforlag.no\/dreyers\/butikk\/\"},{\"@type\":\"ListItem\",\"position\":3,\"name\":\"Fossene i Norge\"}]},{\"@type\":\"WebSite\",\"@id\":\"https:\/\/staging.forenteforlag.no\/dreyers\/#website\",\"url\":\"https:\/\/staging.forenteforlag.no\/dreyers\/\",\"name\":\"Dreyers Forlag\",\"description\":\"\",\"potentialAction\":[{\"@type\":\"SearchAction\",\"target\":{\"@type\":\"EntryPoint\",\"urlTemplate\":\"https:\/\/staging.forenteforlag.no\/dreyers\/?s={search_term_string}\"},\"query-input\":{\"@type\":\"PropertyValueSpecification\",\"valueRequired\":true,\"valueName\":\"search_term_string\"}}],\"inLanguage\":\"nb-NO\"}]}<\/script>\n<!-- \/ Yoast SEO plugin. -->","yoast_head_json":{"title":"Fossene i Norge - Dreyers Forlag","robots":{"index":"noindex","follow":"follow","max-snippet":"max-snippet:-1","max-image-preview":"max-image-preview:large","max-video-preview":"max-video-preview:-1"},"og_locale":"nb_NO","og_type":"article","og_title":"Fossene i Norge - Dreyers Forlag","og_description":"Vi nordmenn har alltid hatt et spesielt forhold til fossene v\u00e5re. De inng\u00e5r i tallrike eventyr og sagn, for eksempel om valdresridderen som hoppet over Ridderspranget i Sjoa med den vakre Sk\u00e5rvangsola i armene. Eller fortellingen om Rei\u00e5r som forsvant i Rei\u00e5rsfossen i Setesdal med hest og kj\u00e6reste. Betydningen av fossene vises ogs\u00e5 av navnene [&hellip;]","og_url":"https:\/\/staging.forenteforlag.no\/dreyers\/produkt\/fossene-i-norge\/","og_site_name":"Dreyers Forlag","article_modified_time":"2025-08-27T10:20:03+00:00","og_image":[{"width":691,"height":736,"url":"https:\/\/staging.forenteforlag.no\/dreyers\/wp-content\/uploads\/sites\/2\/2025\/08\/jpg-9178.jpg","type":"image\/jpeg"}],"twitter_card":"summary_large_image","twitter_misc":{"Ansl. lesetid":"1 minutt"},"schema":{"@context":"https:\/\/schema.org","@graph":[{"@type":"WebPage","@id":"https:\/\/staging.forenteforlag.no\/dreyers\/produkt\/fossene-i-norge\/","url":"https:\/\/staging.forenteforlag.no\/dreyers\/produkt\/fossene-i-norge\/","name":"Fossene i Norge - Dreyers Forlag","isPartOf":{"@id":"https:\/\/staging.forenteforlag.no\/dreyers\/#website"},"primaryImageOfPage":{"@id":"https:\/\/staging.forenteforlag.no\/dreyers\/produkt\/fossene-i-norge\/#primaryimage"},"image":{"@id":"https:\/\/staging.forenteforlag.no\/dreyers\/produkt\/fossene-i-norge\/#primaryimage"},"thumbnailUrl":"https:\/\/staging.forenteforlag.no\/dreyers\/wp-content\/uploads\/sites\/2\/2025\/08\/jpg-9178.jpg","datePublished":"2021-04-06T00:00:00+00:00","dateModified":"2025-08-27T10:20:03+00:00","breadcrumb":{"@id":"https:\/\/staging.forenteforlag.no\/dreyers\/produkt\/fossene-i-norge\/#breadcrumb"},"inLanguage":"nb-NO","potentialAction":[{"@type":"ReadAction","target":["https:\/\/staging.forenteforlag.no\/dreyers\/produkt\/fossene-i-norge\/"]}]},{"@type":"ImageObject","inLanguage":"nb-NO","@id":"https:\/\/staging.forenteforlag.no\/dreyers\/produkt\/fossene-i-norge\/#primaryimage","url":"https:\/\/staging.forenteforlag.no\/dreyers\/wp-content\/uploads\/sites\/2\/2025\/08\/jpg-9178.jpg","contentUrl":"https:\/\/staging.forenteforlag.no\/dreyers\/wp-content\/uploads\/sites\/2\/2025\/08\/jpg-9178.jpg","width":691,"height":736},{"@type":"BreadcrumbList","@id":"https:\/\/staging.forenteforlag.no\/dreyers\/produkt\/fossene-i-norge\/#breadcrumb","itemListElement":[{"@type":"ListItem","position":1,"name":"Hjem","item":"https:\/\/staging.forenteforlag.no\/dreyers\/"},{"@type":"ListItem","position":2,"name":"Alle b\u00f8ker","item":"https:\/\/staging.forenteforlag.no\/dreyers\/butikk\/"},{"@type":"ListItem","position":3,"name":"Fossene i Norge"}]},{"@type":"WebSite","@id":"https:\/\/staging.forenteforlag.no\/dreyers\/#website","url":"https:\/\/staging.forenteforlag.no\/dreyers\/","name":"Dreyers Forlag","description":"","potentialAction":[{"@type":"SearchAction","target":{"@type":"EntryPoint","urlTemplate":"https:\/\/staging.forenteforlag.no\/dreyers\/?s={search_term_string}"},"query-input":{"@type":"PropertyValueSpecification","valueRequired":true,"valueName":"search_term_string"}}],"inLanguage":"nb-NO"}]}},"_links":{"self":[{"href":"https:\/\/staging.forenteforlag.no\/dreyers\/wp-json\/wp\/v2\/product\/21264","targetHints":{"allow":["GET"]}}],"collection":[{"href":"https:\/\/staging.forenteforlag.no\/dreyers\/wp-json\/wp\/v2\/product"}],"about":[{"href":"https:\/\/staging.forenteforlag.no\/dreyers\/wp-json\/wp\/v2\/types\/product"}],"wp:featuredmedia":[{"embeddable":true,"href":"https:\/\/staging.forenteforlag.no\/dreyers\/wp-json\/wp\/v2\/media\/24413"}],"wp:attachment":[{"href":"https:\/\/staging.forenteforlag.no\/dreyers\/wp-json\/wp\/v2\/media?parent=21264"}],"wp:term":[{"taxonomy":"product_brand","embeddable":true,"href":"https:\/\/staging.forenteforlag.no\/dreyers\/wp-json\/wp\/v2\/product_brand?post=21264"},{"taxonomy":"product_cat","embeddable":true,"href":"https:\/\/staging.forenteforlag.no\/dreyers\/wp-json\/wp\/v2\/product_cat?post=21264"},{"taxonomy":"product_tag","embeddable":true,"href":"https:\/\/staging.forenteforlag.no\/dreyers\/wp-json\/wp\/v2\/product_tag?post=21264"}],"curies":[{"name":"wp","href":"https:\/\/api.w.org\/{rel}","templated":true}]}}