{"id":21256,"date":"2021-08-18T02:00:00","date_gmt":"2021-08-18T00:00:00","guid":{"rendered":"https:\/\/dreyersforlag.forenteforlag.no\/produkt\/kunsten-a-moralisere\/"},"modified":"2025-08-27T10:38:37","modified_gmt":"2025-08-27T08:38:37","slug":"kunsten-a-moralisere","status":"publish","type":"product","link":"https:\/\/staging.forenteforlag.no\/dreyers\/produkt\/kunsten-a-moralisere\/","title":{"rendered":"Kunsten \u00e5 moralisere"},"content":{"rendered":"<p>Hva gj\u00f8r vi som privatpersoner n\u00e5r andre opptrer p\u00e5 en m\u00e5te som vi mener er umoralsk, eller som strider mot etablerte normer for rett og galt? Det sp\u00f8rsm\u00e5let er utgangspunktet for denne boken, som handler om moralisme. Moralisme utspiller seg p\u00e5 flere arenaer i samfunnet &#8211; fra moralisering i hverdagslivet, hvor vi kritiserer familie, venner og kolleger, til moralisering i offentligheten, hvor kritikk rettes mot politikk og praksiser som ikke t\u00e5ler moralens dagslys. Historisk har begrepet b\u00e5ret i seg en ambivalens, hvor det \u00e5 kalle noen en \u00abmoralist\u00bb b\u00e5de har kunnet v\u00e6re en hedersbetegnelse og en ford\u00f8mmelse. <\/p>\n<p>I v\u00e5r tid har moralisme et d\u00e5rlig rykte. Ingen liker \u00e5 v\u00e6re gjenstand for andres moralisering. Denne boken utfordrer den etablerte negative forestillingen om fenomenet og l\u00f8fter moralismens positive sider frem. Det argumenteres ikke minst for at moralisering har en viktig samfunnsmessig verdi.<\/p>\n","protected":false},"excerpt":{"rendered":"<p>Hva gj\u00f8r vi som privatpersoner n\u00e5r andre opptrer p\u00e5 en m\u00e5te som vi mener er umoralsk, eller som strider mot etablerte normer for rett og galt? Det sp\u00f8rsm\u00e5let er utgangspunktet for denne boken, som handler om moralisme. Moralisme utspiller seg p\u00e5 flere arenaer i samfunnet &#8211; fra moralisering i hverdagslivet, hvor vi kritiserer familie, venner [&hellip;]<\/p>\n","protected":false},"featured_media":24241,"template":"","meta":{"_acf_changed":false,"inline_featured_image":false},"product_brand":[],"product_cat":[21,1785,32],"product_tag":[1272,362],"class_list":{"0":"post-21256","1":"product","2":"type-product","3":"status-publish","4":"has-post-thumbnail","6":"product_cat-filosofi","7":"product_cat-fripris","8":"product_cat-samfunn-og-politikk","9":"product_tag-apologetikk","10":"product_tag-faglitteratur","11":"pa_format-innbundet","13":"first","14":"instock","15":"shipping-taxable","16":"purchasable","17":"product-type-simple"},"acf":{"anmeldelse":null},"yoast_head":"<!-- This site is optimized with the Yoast SEO plugin v26.6 - https:\/\/yoast.com\/wordpress\/plugins\/seo\/ -->\n<title>Kunsten \u00e5 moralisere - Dreyers Forlag<\/title>\n<meta name=\"robots\" content=\"noindex, follow, max-snippet:-1, max-image-preview:large, max-video-preview:-1\" \/>\n<meta property=\"og:locale\" content=\"nb_NO\" \/>\n<meta property=\"og:type\" content=\"article\" \/>\n<meta property=\"og:title\" content=\"Kunsten \u00e5 moralisere - Dreyers Forlag\" \/>\n<meta property=\"og:description\" content=\"Hva gj\u00f8r vi som privatpersoner n\u00e5r andre opptrer p\u00e5 en m\u00e5te som vi mener er umoralsk, eller som strider mot etablerte normer for rett og galt? Det sp\u00f8rsm\u00e5let er utgangspunktet for denne boken, som handler om moralisme. Moralisme utspiller seg p\u00e5 flere arenaer i samfunnet &#8211; fra moralisering i hverdagslivet, hvor vi kritiserer familie, venner [&hellip;]\" \/>\n<meta property=\"og:url\" content=\"https:\/\/staging.forenteforlag.no\/dreyers\/produkt\/kunsten-a-moralisere\/\" \/>\n<meta property=\"og:site_name\" content=\"Dreyers Forlag\" \/>\n<meta property=\"article:modified_time\" content=\"2025-08-27T08:38:37+00:00\" \/>\n<meta property=\"og:image\" content=\"https:\/\/staging.forenteforlag.no\/dreyers\/wp-content\/uploads\/sites\/2\/2025\/08\/jpg-7649.jpg\" \/>\n\t<meta property=\"og:image:width\" content=\"382\" \/>\n\t<meta property=\"og:image:height\" content=\"607\" \/>\n\t<meta property=\"og:image:type\" content=\"image\/jpeg\" \/>\n<meta name=\"twitter:card\" content=\"summary_large_image\" \/>\n<meta name=\"twitter:label1\" content=\"Ansl. lesetid\" \/>\n\t<meta name=\"twitter:data1\" content=\"1 minutt\" \/>\n<script type=\"application\/ld+json\" class=\"yoast-schema-graph\">{\"@context\":\"https:\/\/schema.org\",\"@graph\":[{\"@type\":\"WebPage\",\"@id\":\"https:\/\/staging.forenteforlag.no\/dreyers\/produkt\/kunsten-a-moralisere\/\",\"url\":\"https:\/\/staging.forenteforlag.no\/dreyers\/produkt\/kunsten-a-moralisere\/\",\"name\":\"Kunsten \u00e5 moralisere - Dreyers Forlag\",\"isPartOf\":{\"@id\":\"https:\/\/staging.forenteforlag.no\/dreyers\/#website\"},\"primaryImageOfPage\":{\"@id\":\"https:\/\/staging.forenteforlag.no\/dreyers\/produkt\/kunsten-a-moralisere\/#primaryimage\"},\"image\":{\"@id\":\"https:\/\/staging.forenteforlag.no\/dreyers\/produkt\/kunsten-a-moralisere\/#primaryimage\"},\"thumbnailUrl\":\"https:\/\/staging.forenteforlag.no\/dreyers\/wp-content\/uploads\/sites\/2\/2025\/08\/jpg-7649.jpg\",\"datePublished\":\"2021-08-18T00:00:00+00:00\",\"dateModified\":\"2025-08-27T08:38:37+00:00\",\"breadcrumb\":{\"@id\":\"https:\/\/staging.forenteforlag.no\/dreyers\/produkt\/kunsten-a-moralisere\/#breadcrumb\"},\"inLanguage\":\"nb-NO\",\"potentialAction\":[{\"@type\":\"ReadAction\",\"target\":[\"https:\/\/staging.forenteforlag.no\/dreyers\/produkt\/kunsten-a-moralisere\/\"]}]},{\"@type\":\"ImageObject\",\"inLanguage\":\"nb-NO\",\"@id\":\"https:\/\/staging.forenteforlag.no\/dreyers\/produkt\/kunsten-a-moralisere\/#primaryimage\",\"url\":\"https:\/\/staging.forenteforlag.no\/dreyers\/wp-content\/uploads\/sites\/2\/2025\/08\/jpg-7649.jpg\",\"contentUrl\":\"https:\/\/staging.forenteforlag.no\/dreyers\/wp-content\/uploads\/sites\/2\/2025\/08\/jpg-7649.jpg\",\"width\":382,\"height\":607},{\"@type\":\"BreadcrumbList\",\"@id\":\"https:\/\/staging.forenteforlag.no\/dreyers\/produkt\/kunsten-a-moralisere\/#breadcrumb\",\"itemListElement\":[{\"@type\":\"ListItem\",\"position\":1,\"name\":\"Hjem\",\"item\":\"https:\/\/staging.forenteforlag.no\/dreyers\/\"},{\"@type\":\"ListItem\",\"position\":2,\"name\":\"Alle b\u00f8ker\",\"item\":\"https:\/\/staging.forenteforlag.no\/dreyers\/butikk\/\"},{\"@type\":\"ListItem\",\"position\":3,\"name\":\"Kunsten \u00e5 moralisere\"}]},{\"@type\":\"WebSite\",\"@id\":\"https:\/\/staging.forenteforlag.no\/dreyers\/#website\",\"url\":\"https:\/\/staging.forenteforlag.no\/dreyers\/\",\"name\":\"Dreyers Forlag\",\"description\":\"\",\"potentialAction\":[{\"@type\":\"SearchAction\",\"target\":{\"@type\":\"EntryPoint\",\"urlTemplate\":\"https:\/\/staging.forenteforlag.no\/dreyers\/?s={search_term_string}\"},\"query-input\":{\"@type\":\"PropertyValueSpecification\",\"valueRequired\":true,\"valueName\":\"search_term_string\"}}],\"inLanguage\":\"nb-NO\"}]}<\/script>\n<!-- \/ Yoast SEO plugin. -->","yoast_head_json":{"title":"Kunsten \u00e5 moralisere - Dreyers Forlag","robots":{"index":"noindex","follow":"follow","max-snippet":"max-snippet:-1","max-image-preview":"max-image-preview:large","max-video-preview":"max-video-preview:-1"},"og_locale":"nb_NO","og_type":"article","og_title":"Kunsten \u00e5 moralisere - Dreyers Forlag","og_description":"Hva gj\u00f8r vi som privatpersoner n\u00e5r andre opptrer p\u00e5 en m\u00e5te som vi mener er umoralsk, eller som strider mot etablerte normer for rett og galt? Det sp\u00f8rsm\u00e5let er utgangspunktet for denne boken, som handler om moralisme. Moralisme utspiller seg p\u00e5 flere arenaer i samfunnet &#8211; fra moralisering i hverdagslivet, hvor vi kritiserer familie, venner [&hellip;]","og_url":"https:\/\/staging.forenteforlag.no\/dreyers\/produkt\/kunsten-a-moralisere\/","og_site_name":"Dreyers Forlag","article_modified_time":"2025-08-27T08:38:37+00:00","og_image":[{"width":382,"height":607,"url":"https:\/\/staging.forenteforlag.no\/dreyers\/wp-content\/uploads\/sites\/2\/2025\/08\/jpg-7649.jpg","type":"image\/jpeg"}],"twitter_card":"summary_large_image","twitter_misc":{"Ansl. lesetid":"1 minutt"},"schema":{"@context":"https:\/\/schema.org","@graph":[{"@type":"WebPage","@id":"https:\/\/staging.forenteforlag.no\/dreyers\/produkt\/kunsten-a-moralisere\/","url":"https:\/\/staging.forenteforlag.no\/dreyers\/produkt\/kunsten-a-moralisere\/","name":"Kunsten \u00e5 moralisere - Dreyers Forlag","isPartOf":{"@id":"https:\/\/staging.forenteforlag.no\/dreyers\/#website"},"primaryImageOfPage":{"@id":"https:\/\/staging.forenteforlag.no\/dreyers\/produkt\/kunsten-a-moralisere\/#primaryimage"},"image":{"@id":"https:\/\/staging.forenteforlag.no\/dreyers\/produkt\/kunsten-a-moralisere\/#primaryimage"},"thumbnailUrl":"https:\/\/staging.forenteforlag.no\/dreyers\/wp-content\/uploads\/sites\/2\/2025\/08\/jpg-7649.jpg","datePublished":"2021-08-18T00:00:00+00:00","dateModified":"2025-08-27T08:38:37+00:00","breadcrumb":{"@id":"https:\/\/staging.forenteforlag.no\/dreyers\/produkt\/kunsten-a-moralisere\/#breadcrumb"},"inLanguage":"nb-NO","potentialAction":[{"@type":"ReadAction","target":["https:\/\/staging.forenteforlag.no\/dreyers\/produkt\/kunsten-a-moralisere\/"]}]},{"@type":"ImageObject","inLanguage":"nb-NO","@id":"https:\/\/staging.forenteforlag.no\/dreyers\/produkt\/kunsten-a-moralisere\/#primaryimage","url":"https:\/\/staging.forenteforlag.no\/dreyers\/wp-content\/uploads\/sites\/2\/2025\/08\/jpg-7649.jpg","contentUrl":"https:\/\/staging.forenteforlag.no\/dreyers\/wp-content\/uploads\/sites\/2\/2025\/08\/jpg-7649.jpg","width":382,"height":607},{"@type":"BreadcrumbList","@id":"https:\/\/staging.forenteforlag.no\/dreyers\/produkt\/kunsten-a-moralisere\/#breadcrumb","itemListElement":[{"@type":"ListItem","position":1,"name":"Hjem","item":"https:\/\/staging.forenteforlag.no\/dreyers\/"},{"@type":"ListItem","position":2,"name":"Alle b\u00f8ker","item":"https:\/\/staging.forenteforlag.no\/dreyers\/butikk\/"},{"@type":"ListItem","position":3,"name":"Kunsten \u00e5 moralisere"}]},{"@type":"WebSite","@id":"https:\/\/staging.forenteforlag.no\/dreyers\/#website","url":"https:\/\/staging.forenteforlag.no\/dreyers\/","name":"Dreyers Forlag","description":"","potentialAction":[{"@type":"SearchAction","target":{"@type":"EntryPoint","urlTemplate":"https:\/\/staging.forenteforlag.no\/dreyers\/?s={search_term_string}"},"query-input":{"@type":"PropertyValueSpecification","valueRequired":true,"valueName":"search_term_string"}}],"inLanguage":"nb-NO"}]}},"_links":{"self":[{"href":"https:\/\/staging.forenteforlag.no\/dreyers\/wp-json\/wp\/v2\/product\/21256","targetHints":{"allow":["GET"]}}],"collection":[{"href":"https:\/\/staging.forenteforlag.no\/dreyers\/wp-json\/wp\/v2\/product"}],"about":[{"href":"https:\/\/staging.forenteforlag.no\/dreyers\/wp-json\/wp\/v2\/types\/product"}],"wp:featuredmedia":[{"embeddable":true,"href":"https:\/\/staging.forenteforlag.no\/dreyers\/wp-json\/wp\/v2\/media\/24241"}],"wp:attachment":[{"href":"https:\/\/staging.forenteforlag.no\/dreyers\/wp-json\/wp\/v2\/media?parent=21256"}],"wp:term":[{"taxonomy":"product_brand","embeddable":true,"href":"https:\/\/staging.forenteforlag.no\/dreyers\/wp-json\/wp\/v2\/product_brand?post=21256"},{"taxonomy":"product_cat","embeddable":true,"href":"https:\/\/staging.forenteforlag.no\/dreyers\/wp-json\/wp\/v2\/product_cat?post=21256"},{"taxonomy":"product_tag","embeddable":true,"href":"https:\/\/staging.forenteforlag.no\/dreyers\/wp-json\/wp\/v2\/product_tag?post=21256"}],"curies":[{"name":"wp","href":"https:\/\/api.w.org\/{rel}","templated":true}]}}