{"id":21249,"date":"2021-10-18T02:00:00","date_gmt":"2021-10-18T00:00:00","guid":{"rendered":"https:\/\/dreyersforlag.forenteforlag.no\/produkt\/religion-i-moderne-samfunn\/"},"modified":"2025-09-03T15:34:24","modified_gmt":"2025-09-03T13:34:24","slug":"religion-i-moderne-samfunn","status":"publish","type":"product","link":"https:\/\/staging.forenteforlag.no\/dreyers\/produkt\/religion-i-moderne-samfunn\/","title":{"rendered":"Religion i moderne samfunn"},"content":{"rendered":"<p>Mangt er sagt om religion i v\u00e5r tid, ut fr\u00e5 ulike vinklingar. Temaet i denne boka er \u00abreligion i moderne samfunn\u00bb, og vinklinga er modernitetsteoretiske, i eit vitskapsfilo.sofiske perspektiv. F\u00f8rste kapittel handlar om forholdet mellom vitskap og religion, i eit vitskaps teoretisk perspektiv. Andre kapittel handlar om religion og ytringsfridom, slik det ter seg i moderne rettsstatar. Tredje kapittel handlar om religion og religionspolitikk i moderne og gener\u00f8se velferdsstatar. Fjerde og siste kapittel dr\u00f8ftar eit par aktuelle bidrag i diskusjonen om religion i moderne samfunn, nemleg J\u00fcrgen Habermas&#8217; bokverk fr\u00e5 2019 og ei bok om islam av den tyrkisk.amerikanske samfunnsvitaren Ahmet T. Kuru.<\/p>\n<p>Gunnar Skirbekk er ein velkjend filosof. I denne boka skriv han om nokre av dei mest omdiskuterte tema her i landet i dei siste \u00e5ra.<\/p>\n","protected":false},"excerpt":{"rendered":"<p>Mangt er sagt om religion i v\u00e5r tid, ut fr\u00e5 ulike vinklingar. Temaet i denne boka er \u00abreligion i moderne samfunn\u00bb, og vinklinga er modernitetsteoretiske, i eit vitskapsfilo.sofiske perspektiv. F\u00f8rste kapittel handlar om forholdet mellom vitskap og religion, i eit vitskaps teoretisk perspektiv. Andre kapittel handlar om religion og ytringsfridom, slik det ter seg i [&hellip;]<\/p>\n","protected":false},"featured_media":24496,"template":"","meta":{"_acf_changed":false,"inline_featured_image":false},"product_brand":[],"product_cat":[1785,31,32],"product_tag":[362,1176],"class_list":{"0":"post-21249","1":"product","2":"type-product","3":"status-publish","4":"has-post-thumbnail","6":"product_cat-fripris","7":"product_cat-religion","8":"product_cat-samfunn-og-politikk","9":"product_tag-faglitteratur","10":"product_tag-religionsfilosofi","11":"pa_format-mykperm","13":"first","14":"instock","15":"shipping-taxable","16":"purchasable","17":"product-type-simple"},"acf":{"anmeldelse":null},"yoast_head":"<!-- This site is optimized with the Yoast SEO plugin v26.6 - https:\/\/yoast.com\/wordpress\/plugins\/seo\/ -->\n<title>Religion i moderne samfunn - Dreyers Forlag<\/title>\n<meta name=\"robots\" content=\"noindex, follow, max-snippet:-1, max-image-preview:large, max-video-preview:-1\" \/>\n<meta property=\"og:locale\" content=\"nb_NO\" \/>\n<meta property=\"og:type\" content=\"article\" \/>\n<meta property=\"og:title\" content=\"Religion i moderne samfunn - Dreyers Forlag\" \/>\n<meta property=\"og:description\" content=\"Mangt er sagt om religion i v\u00e5r tid, ut fr\u00e5 ulike vinklingar. Temaet i denne boka er \u00abreligion i moderne samfunn\u00bb, og vinklinga er modernitetsteoretiske, i eit vitskapsfilo.sofiske perspektiv. F\u00f8rste kapittel handlar om forholdet mellom vitskap og religion, i eit vitskaps teoretisk perspektiv. Andre kapittel handlar om religion og ytringsfridom, slik det ter seg i [&hellip;]\" \/>\n<meta property=\"og:url\" content=\"https:\/\/staging.forenteforlag.no\/dreyers\/produkt\/religion-i-moderne-samfunn\/\" \/>\n<meta property=\"og:site_name\" content=\"Dreyers Forlag\" \/>\n<meta property=\"article:modified_time\" content=\"2025-09-03T13:34:24+00:00\" \/>\n<meta property=\"og:image\" content=\"https:\/\/staging.forenteforlag.no\/dreyers\/wp-content\/uploads\/sites\/2\/2025\/08\/jpg-9959.jpg\" \/>\n\t<meta property=\"og:image:width\" content=\"1000\" \/>\n\t<meta property=\"og:image:height\" content=\"1547\" \/>\n\t<meta property=\"og:image:type\" content=\"image\/jpeg\" \/>\n<meta name=\"twitter:card\" content=\"summary_large_image\" \/>\n<meta name=\"twitter:label1\" content=\"Ansl. lesetid\" \/>\n\t<meta name=\"twitter:data1\" content=\"1 minutt\" \/>\n<script type=\"application\/ld+json\" class=\"yoast-schema-graph\">{\"@context\":\"https:\/\/schema.org\",\"@graph\":[{\"@type\":\"WebPage\",\"@id\":\"https:\/\/staging.forenteforlag.no\/dreyers\/produkt\/religion-i-moderne-samfunn\/\",\"url\":\"https:\/\/staging.forenteforlag.no\/dreyers\/produkt\/religion-i-moderne-samfunn\/\",\"name\":\"Religion i moderne samfunn - Dreyers Forlag\",\"isPartOf\":{\"@id\":\"https:\/\/staging.forenteforlag.no\/dreyers\/#website\"},\"primaryImageOfPage\":{\"@id\":\"https:\/\/staging.forenteforlag.no\/dreyers\/produkt\/religion-i-moderne-samfunn\/#primaryimage\"},\"image\":{\"@id\":\"https:\/\/staging.forenteforlag.no\/dreyers\/produkt\/religion-i-moderne-samfunn\/#primaryimage\"},\"thumbnailUrl\":\"https:\/\/staging.forenteforlag.no\/dreyers\/wp-content\/uploads\/sites\/2\/2025\/08\/jpg-9959.jpg\",\"datePublished\":\"2021-10-18T00:00:00+00:00\",\"dateModified\":\"2025-09-03T13:34:24+00:00\",\"breadcrumb\":{\"@id\":\"https:\/\/staging.forenteforlag.no\/dreyers\/produkt\/religion-i-moderne-samfunn\/#breadcrumb\"},\"inLanguage\":\"nb-NO\",\"potentialAction\":[{\"@type\":\"ReadAction\",\"target\":[\"https:\/\/staging.forenteforlag.no\/dreyers\/produkt\/religion-i-moderne-samfunn\/\"]}]},{\"@type\":\"ImageObject\",\"inLanguage\":\"nb-NO\",\"@id\":\"https:\/\/staging.forenteforlag.no\/dreyers\/produkt\/religion-i-moderne-samfunn\/#primaryimage\",\"url\":\"https:\/\/staging.forenteforlag.no\/dreyers\/wp-content\/uploads\/sites\/2\/2025\/08\/jpg-9959.jpg\",\"contentUrl\":\"https:\/\/staging.forenteforlag.no\/dreyers\/wp-content\/uploads\/sites\/2\/2025\/08\/jpg-9959.jpg\",\"width\":1000,\"height\":1547},{\"@type\":\"BreadcrumbList\",\"@id\":\"https:\/\/staging.forenteforlag.no\/dreyers\/produkt\/religion-i-moderne-samfunn\/#breadcrumb\",\"itemListElement\":[{\"@type\":\"ListItem\",\"position\":1,\"name\":\"Hjem\",\"item\":\"https:\/\/staging.forenteforlag.no\/dreyers\/\"},{\"@type\":\"ListItem\",\"position\":2,\"name\":\"Alle b\u00f8ker\",\"item\":\"https:\/\/staging.forenteforlag.no\/dreyers\/butikk\/\"},{\"@type\":\"ListItem\",\"position\":3,\"name\":\"Religion i moderne samfunn\"}]},{\"@type\":\"WebSite\",\"@id\":\"https:\/\/staging.forenteforlag.no\/dreyers\/#website\",\"url\":\"https:\/\/staging.forenteforlag.no\/dreyers\/\",\"name\":\"Dreyers Forlag\",\"description\":\"\",\"potentialAction\":[{\"@type\":\"SearchAction\",\"target\":{\"@type\":\"EntryPoint\",\"urlTemplate\":\"https:\/\/staging.forenteforlag.no\/dreyers\/?s={search_term_string}\"},\"query-input\":{\"@type\":\"PropertyValueSpecification\",\"valueRequired\":true,\"valueName\":\"search_term_string\"}}],\"inLanguage\":\"nb-NO\"}]}<\/script>\n<!-- \/ Yoast SEO plugin. -->","yoast_head_json":{"title":"Religion i moderne samfunn - Dreyers Forlag","robots":{"index":"noindex","follow":"follow","max-snippet":"max-snippet:-1","max-image-preview":"max-image-preview:large","max-video-preview":"max-video-preview:-1"},"og_locale":"nb_NO","og_type":"article","og_title":"Religion i moderne samfunn - Dreyers Forlag","og_description":"Mangt er sagt om religion i v\u00e5r tid, ut fr\u00e5 ulike vinklingar. Temaet i denne boka er \u00abreligion i moderne samfunn\u00bb, og vinklinga er modernitetsteoretiske, i eit vitskapsfilo.sofiske perspektiv. F\u00f8rste kapittel handlar om forholdet mellom vitskap og religion, i eit vitskaps teoretisk perspektiv. Andre kapittel handlar om religion og ytringsfridom, slik det ter seg i [&hellip;]","og_url":"https:\/\/staging.forenteforlag.no\/dreyers\/produkt\/religion-i-moderne-samfunn\/","og_site_name":"Dreyers Forlag","article_modified_time":"2025-09-03T13:34:24+00:00","og_image":[{"width":1000,"height":1547,"url":"https:\/\/staging.forenteforlag.no\/dreyers\/wp-content\/uploads\/sites\/2\/2025\/08\/jpg-9959.jpg","type":"image\/jpeg"}],"twitter_card":"summary_large_image","twitter_misc":{"Ansl. lesetid":"1 minutt"},"schema":{"@context":"https:\/\/schema.org","@graph":[{"@type":"WebPage","@id":"https:\/\/staging.forenteforlag.no\/dreyers\/produkt\/religion-i-moderne-samfunn\/","url":"https:\/\/staging.forenteforlag.no\/dreyers\/produkt\/religion-i-moderne-samfunn\/","name":"Religion i moderne samfunn - Dreyers Forlag","isPartOf":{"@id":"https:\/\/staging.forenteforlag.no\/dreyers\/#website"},"primaryImageOfPage":{"@id":"https:\/\/staging.forenteforlag.no\/dreyers\/produkt\/religion-i-moderne-samfunn\/#primaryimage"},"image":{"@id":"https:\/\/staging.forenteforlag.no\/dreyers\/produkt\/religion-i-moderne-samfunn\/#primaryimage"},"thumbnailUrl":"https:\/\/staging.forenteforlag.no\/dreyers\/wp-content\/uploads\/sites\/2\/2025\/08\/jpg-9959.jpg","datePublished":"2021-10-18T00:00:00+00:00","dateModified":"2025-09-03T13:34:24+00:00","breadcrumb":{"@id":"https:\/\/staging.forenteforlag.no\/dreyers\/produkt\/religion-i-moderne-samfunn\/#breadcrumb"},"inLanguage":"nb-NO","potentialAction":[{"@type":"ReadAction","target":["https:\/\/staging.forenteforlag.no\/dreyers\/produkt\/religion-i-moderne-samfunn\/"]}]},{"@type":"ImageObject","inLanguage":"nb-NO","@id":"https:\/\/staging.forenteforlag.no\/dreyers\/produkt\/religion-i-moderne-samfunn\/#primaryimage","url":"https:\/\/staging.forenteforlag.no\/dreyers\/wp-content\/uploads\/sites\/2\/2025\/08\/jpg-9959.jpg","contentUrl":"https:\/\/staging.forenteforlag.no\/dreyers\/wp-content\/uploads\/sites\/2\/2025\/08\/jpg-9959.jpg","width":1000,"height":1547},{"@type":"BreadcrumbList","@id":"https:\/\/staging.forenteforlag.no\/dreyers\/produkt\/religion-i-moderne-samfunn\/#breadcrumb","itemListElement":[{"@type":"ListItem","position":1,"name":"Hjem","item":"https:\/\/staging.forenteforlag.no\/dreyers\/"},{"@type":"ListItem","position":2,"name":"Alle b\u00f8ker","item":"https:\/\/staging.forenteforlag.no\/dreyers\/butikk\/"},{"@type":"ListItem","position":3,"name":"Religion i moderne samfunn"}]},{"@type":"WebSite","@id":"https:\/\/staging.forenteforlag.no\/dreyers\/#website","url":"https:\/\/staging.forenteforlag.no\/dreyers\/","name":"Dreyers Forlag","description":"","potentialAction":[{"@type":"SearchAction","target":{"@type":"EntryPoint","urlTemplate":"https:\/\/staging.forenteforlag.no\/dreyers\/?s={search_term_string}"},"query-input":{"@type":"PropertyValueSpecification","valueRequired":true,"valueName":"search_term_string"}}],"inLanguage":"nb-NO"}]}},"_links":{"self":[{"href":"https:\/\/staging.forenteforlag.no\/dreyers\/wp-json\/wp\/v2\/product\/21249","targetHints":{"allow":["GET"]}}],"collection":[{"href":"https:\/\/staging.forenteforlag.no\/dreyers\/wp-json\/wp\/v2\/product"}],"about":[{"href":"https:\/\/staging.forenteforlag.no\/dreyers\/wp-json\/wp\/v2\/types\/product"}],"wp:featuredmedia":[{"embeddable":true,"href":"https:\/\/staging.forenteforlag.no\/dreyers\/wp-json\/wp\/v2\/media\/24496"}],"wp:attachment":[{"href":"https:\/\/staging.forenteforlag.no\/dreyers\/wp-json\/wp\/v2\/media?parent=21249"}],"wp:term":[{"taxonomy":"product_brand","embeddable":true,"href":"https:\/\/staging.forenteforlag.no\/dreyers\/wp-json\/wp\/v2\/product_brand?post=21249"},{"taxonomy":"product_cat","embeddable":true,"href":"https:\/\/staging.forenteforlag.no\/dreyers\/wp-json\/wp\/v2\/product_cat?post=21249"},{"taxonomy":"product_tag","embeddable":true,"href":"https:\/\/staging.forenteforlag.no\/dreyers\/wp-json\/wp\/v2\/product_tag?post=21249"}],"curies":[{"name":"wp","href":"https:\/\/api.w.org\/{rel}","templated":true}]}}