{"id":21248,"date":"2021-10-20T02:00:00","date_gmt":"2021-10-20T00:00:00","guid":{"rendered":"https:\/\/dreyersforlag.forenteforlag.no\/produkt\/mine-dannelsesagenter\/"},"modified":"2025-08-27T14:13:11","modified_gmt":"2025-08-27T12:13:11","slug":"mine-dannelsesagenter","status":"publish","type":"product","link":"https:\/\/staging.forenteforlag.no\/dreyers\/produkt\/mine-dannelsesagenter\/","title":{"rendered":"Mine dannelsesagenter"},"content":{"rendered":"<p>Rune Slagstad har i de siste femti \u00e5rene etablert seg som en av Norges mest inn.ytelsesrike o.entlige intellektuelle. Med innsikt, vidd og originalitet har han preget en rekke store debatter i norsk samfunnsliv. Som f\u00e5 andre har han kastet seg ut i polemisk strid, men alltid for \u00e5 bidra til meningsbrytning og styrke fundamentet i v\u00e5r politiske og demokratiske kultur. <\/p>\n<p>I Mine dannelsesagenter m\u00f8ter vi personer Rune Slagstad har debattert med og\/ eller portrettert &#8211; de har alle p\u00e5 forskjellig vis formet hans tenkning. Det er marxister og feminister, .losofer og teologer, kunstnere og aktivister, politikere og historikere, journalister og jurister, som har hatt dannende betydning for hans o.entlige virke siden det tidlige 1970-tall. Via 99 kapitler tegner han et personlig farget portrett av en intellektuell epoke i norsk historie. <\/p>\n<p>Rune Slagstad har tidligere v\u00e6rt professor i ulike disipliner og er n\u00e5 tilknyttet Institutt for samfunnsforskning i Oslo.<\/p>\n","protected":false},"excerpt":{"rendered":"<p>Rune Slagstad har i de siste femti \u00e5rene etablert seg som en av Norges mest inn.ytelsesrike o.entlige intellektuelle. Med innsikt, vidd og originalitet har han preget en rekke store debatter i norsk samfunnsliv. Som f\u00e5 andre har han kastet seg ut i polemisk strid, men alltid for \u00e5 bidra til meningsbrytning og styrke fundamentet i [&hellip;]<\/p>\n","protected":false},"featured_media":24325,"template":"","meta":{"_acf_changed":false,"inline_featured_image":false},"product_brand":[],"product_cat":[20,1785,23,32],"product_tag":[362,668,962],"class_list":{"0":"post-21248","1":"product","2":"type-product","3":"status-publish","4":"has-post-thumbnail","6":"product_cat-biografier-og-memoarer","7":"product_cat-fripris","8":"product_cat-historie","9":"product_cat-samfunn-og-politikk","10":"product_tag-faglitteratur","11":"product_tag-idehistorie","12":"product_tag-politisk-teori","13":"pa_format-mykperm","15":"first","16":"instock","17":"shipping-taxable","18":"purchasable","19":"product-type-simple"},"acf":{"anmeldelse":null},"yoast_head":"<!-- This site is optimized with the Yoast SEO plugin v26.6 - https:\/\/yoast.com\/wordpress\/plugins\/seo\/ -->\n<title>Mine dannelsesagenter - Dreyers Forlag<\/title>\n<meta name=\"robots\" content=\"noindex, follow, max-snippet:-1, max-image-preview:large, max-video-preview:-1\" \/>\n<meta property=\"og:locale\" content=\"nb_NO\" \/>\n<meta property=\"og:type\" content=\"article\" \/>\n<meta property=\"og:title\" content=\"Mine dannelsesagenter - Dreyers Forlag\" \/>\n<meta property=\"og:description\" content=\"Rune Slagstad har i de siste femti \u00e5rene etablert seg som en av Norges mest inn.ytelsesrike o.entlige intellektuelle. Med innsikt, vidd og originalitet har han preget en rekke store debatter i norsk samfunnsliv. Som f\u00e5 andre har han kastet seg ut i polemisk strid, men alltid for \u00e5 bidra til meningsbrytning og styrke fundamentet i [&hellip;]\" \/>\n<meta property=\"og:url\" content=\"https:\/\/staging.forenteforlag.no\/dreyers\/produkt\/mine-dannelsesagenter\/\" \/>\n<meta property=\"og:site_name\" content=\"Dreyers Forlag\" \/>\n<meta property=\"article:modified_time\" content=\"2025-08-27T12:13:11+00:00\" \/>\n<meta property=\"og:image\" content=\"https:\/\/staging.forenteforlag.no\/dreyers\/wp-content\/uploads\/sites\/2\/2025\/08\/jpg-8389.jpg\" \/>\n\t<meta property=\"og:image:width\" content=\"1000\" \/>\n\t<meta property=\"og:image:height\" content=\"1379\" \/>\n\t<meta property=\"og:image:type\" content=\"image\/jpeg\" \/>\n<meta name=\"twitter:card\" content=\"summary_large_image\" \/>\n<meta name=\"twitter:label1\" content=\"Ansl. lesetid\" \/>\n\t<meta name=\"twitter:data1\" content=\"1 minutt\" \/>\n<script type=\"application\/ld+json\" class=\"yoast-schema-graph\">{\"@context\":\"https:\/\/schema.org\",\"@graph\":[{\"@type\":\"WebPage\",\"@id\":\"https:\/\/staging.forenteforlag.no\/dreyers\/produkt\/mine-dannelsesagenter\/\",\"url\":\"https:\/\/staging.forenteforlag.no\/dreyers\/produkt\/mine-dannelsesagenter\/\",\"name\":\"Mine dannelsesagenter - Dreyers Forlag\",\"isPartOf\":{\"@id\":\"https:\/\/staging.forenteforlag.no\/dreyers\/#website\"},\"primaryImageOfPage\":{\"@id\":\"https:\/\/staging.forenteforlag.no\/dreyers\/produkt\/mine-dannelsesagenter\/#primaryimage\"},\"image\":{\"@id\":\"https:\/\/staging.forenteforlag.no\/dreyers\/produkt\/mine-dannelsesagenter\/#primaryimage\"},\"thumbnailUrl\":\"https:\/\/staging.forenteforlag.no\/dreyers\/wp-content\/uploads\/sites\/2\/2025\/08\/jpg-8389.jpg\",\"datePublished\":\"2021-10-20T00:00:00+00:00\",\"dateModified\":\"2025-08-27T12:13:11+00:00\",\"breadcrumb\":{\"@id\":\"https:\/\/staging.forenteforlag.no\/dreyers\/produkt\/mine-dannelsesagenter\/#breadcrumb\"},\"inLanguage\":\"nb-NO\",\"potentialAction\":[{\"@type\":\"ReadAction\",\"target\":[\"https:\/\/staging.forenteforlag.no\/dreyers\/produkt\/mine-dannelsesagenter\/\"]}]},{\"@type\":\"ImageObject\",\"inLanguage\":\"nb-NO\",\"@id\":\"https:\/\/staging.forenteforlag.no\/dreyers\/produkt\/mine-dannelsesagenter\/#primaryimage\",\"url\":\"https:\/\/staging.forenteforlag.no\/dreyers\/wp-content\/uploads\/sites\/2\/2025\/08\/jpg-8389.jpg\",\"contentUrl\":\"https:\/\/staging.forenteforlag.no\/dreyers\/wp-content\/uploads\/sites\/2\/2025\/08\/jpg-8389.jpg\",\"width\":1000,\"height\":1379},{\"@type\":\"BreadcrumbList\",\"@id\":\"https:\/\/staging.forenteforlag.no\/dreyers\/produkt\/mine-dannelsesagenter\/#breadcrumb\",\"itemListElement\":[{\"@type\":\"ListItem\",\"position\":1,\"name\":\"Hjem\",\"item\":\"https:\/\/staging.forenteforlag.no\/dreyers\/\"},{\"@type\":\"ListItem\",\"position\":2,\"name\":\"Alle b\u00f8ker\",\"item\":\"https:\/\/staging.forenteforlag.no\/dreyers\/butikk\/\"},{\"@type\":\"ListItem\",\"position\":3,\"name\":\"Mine dannelsesagenter\"}]},{\"@type\":\"WebSite\",\"@id\":\"https:\/\/staging.forenteforlag.no\/dreyers\/#website\",\"url\":\"https:\/\/staging.forenteforlag.no\/dreyers\/\",\"name\":\"Dreyers Forlag\",\"description\":\"\",\"potentialAction\":[{\"@type\":\"SearchAction\",\"target\":{\"@type\":\"EntryPoint\",\"urlTemplate\":\"https:\/\/staging.forenteforlag.no\/dreyers\/?s={search_term_string}\"},\"query-input\":{\"@type\":\"PropertyValueSpecification\",\"valueRequired\":true,\"valueName\":\"search_term_string\"}}],\"inLanguage\":\"nb-NO\"}]}<\/script>\n<!-- \/ Yoast SEO plugin. -->","yoast_head_json":{"title":"Mine dannelsesagenter - Dreyers Forlag","robots":{"index":"noindex","follow":"follow","max-snippet":"max-snippet:-1","max-image-preview":"max-image-preview:large","max-video-preview":"max-video-preview:-1"},"og_locale":"nb_NO","og_type":"article","og_title":"Mine dannelsesagenter - Dreyers Forlag","og_description":"Rune Slagstad har i de siste femti \u00e5rene etablert seg som en av Norges mest inn.ytelsesrike o.entlige intellektuelle. Med innsikt, vidd og originalitet har han preget en rekke store debatter i norsk samfunnsliv. Som f\u00e5 andre har han kastet seg ut i polemisk strid, men alltid for \u00e5 bidra til meningsbrytning og styrke fundamentet i [&hellip;]","og_url":"https:\/\/staging.forenteforlag.no\/dreyers\/produkt\/mine-dannelsesagenter\/","og_site_name":"Dreyers Forlag","article_modified_time":"2025-08-27T12:13:11+00:00","og_image":[{"width":1000,"height":1379,"url":"https:\/\/staging.forenteforlag.no\/dreyers\/wp-content\/uploads\/sites\/2\/2025\/08\/jpg-8389.jpg","type":"image\/jpeg"}],"twitter_card":"summary_large_image","twitter_misc":{"Ansl. lesetid":"1 minutt"},"schema":{"@context":"https:\/\/schema.org","@graph":[{"@type":"WebPage","@id":"https:\/\/staging.forenteforlag.no\/dreyers\/produkt\/mine-dannelsesagenter\/","url":"https:\/\/staging.forenteforlag.no\/dreyers\/produkt\/mine-dannelsesagenter\/","name":"Mine dannelsesagenter - Dreyers Forlag","isPartOf":{"@id":"https:\/\/staging.forenteforlag.no\/dreyers\/#website"},"primaryImageOfPage":{"@id":"https:\/\/staging.forenteforlag.no\/dreyers\/produkt\/mine-dannelsesagenter\/#primaryimage"},"image":{"@id":"https:\/\/staging.forenteforlag.no\/dreyers\/produkt\/mine-dannelsesagenter\/#primaryimage"},"thumbnailUrl":"https:\/\/staging.forenteforlag.no\/dreyers\/wp-content\/uploads\/sites\/2\/2025\/08\/jpg-8389.jpg","datePublished":"2021-10-20T00:00:00+00:00","dateModified":"2025-08-27T12:13:11+00:00","breadcrumb":{"@id":"https:\/\/staging.forenteforlag.no\/dreyers\/produkt\/mine-dannelsesagenter\/#breadcrumb"},"inLanguage":"nb-NO","potentialAction":[{"@type":"ReadAction","target":["https:\/\/staging.forenteforlag.no\/dreyers\/produkt\/mine-dannelsesagenter\/"]}]},{"@type":"ImageObject","inLanguage":"nb-NO","@id":"https:\/\/staging.forenteforlag.no\/dreyers\/produkt\/mine-dannelsesagenter\/#primaryimage","url":"https:\/\/staging.forenteforlag.no\/dreyers\/wp-content\/uploads\/sites\/2\/2025\/08\/jpg-8389.jpg","contentUrl":"https:\/\/staging.forenteforlag.no\/dreyers\/wp-content\/uploads\/sites\/2\/2025\/08\/jpg-8389.jpg","width":1000,"height":1379},{"@type":"BreadcrumbList","@id":"https:\/\/staging.forenteforlag.no\/dreyers\/produkt\/mine-dannelsesagenter\/#breadcrumb","itemListElement":[{"@type":"ListItem","position":1,"name":"Hjem","item":"https:\/\/staging.forenteforlag.no\/dreyers\/"},{"@type":"ListItem","position":2,"name":"Alle b\u00f8ker","item":"https:\/\/staging.forenteforlag.no\/dreyers\/butikk\/"},{"@type":"ListItem","position":3,"name":"Mine dannelsesagenter"}]},{"@type":"WebSite","@id":"https:\/\/staging.forenteforlag.no\/dreyers\/#website","url":"https:\/\/staging.forenteforlag.no\/dreyers\/","name":"Dreyers Forlag","description":"","potentialAction":[{"@type":"SearchAction","target":{"@type":"EntryPoint","urlTemplate":"https:\/\/staging.forenteforlag.no\/dreyers\/?s={search_term_string}"},"query-input":{"@type":"PropertyValueSpecification","valueRequired":true,"valueName":"search_term_string"}}],"inLanguage":"nb-NO"}]}},"_links":{"self":[{"href":"https:\/\/staging.forenteforlag.no\/dreyers\/wp-json\/wp\/v2\/product\/21248","targetHints":{"allow":["GET"]}}],"collection":[{"href":"https:\/\/staging.forenteforlag.no\/dreyers\/wp-json\/wp\/v2\/product"}],"about":[{"href":"https:\/\/staging.forenteforlag.no\/dreyers\/wp-json\/wp\/v2\/types\/product"}],"wp:featuredmedia":[{"embeddable":true,"href":"https:\/\/staging.forenteforlag.no\/dreyers\/wp-json\/wp\/v2\/media\/24325"}],"wp:attachment":[{"href":"https:\/\/staging.forenteforlag.no\/dreyers\/wp-json\/wp\/v2\/media?parent=21248"}],"wp:term":[{"taxonomy":"product_brand","embeddable":true,"href":"https:\/\/staging.forenteforlag.no\/dreyers\/wp-json\/wp\/v2\/product_brand?post=21248"},{"taxonomy":"product_cat","embeddable":true,"href":"https:\/\/staging.forenteforlag.no\/dreyers\/wp-json\/wp\/v2\/product_cat?post=21248"},{"taxonomy":"product_tag","embeddable":true,"href":"https:\/\/staging.forenteforlag.no\/dreyers\/wp-json\/wp\/v2\/product_tag?post=21248"}],"curies":[{"name":"wp","href":"https:\/\/api.w.org\/{rel}","templated":true}]}}