{"id":21242,"date":"2020-08-18T02:00:00","date_gmt":"2020-08-18T00:00:00","guid":{"rendered":"https:\/\/dreyersforlag.forenteforlag.no\/produkt\/krig-uten-stat-2\/"},"modified":"2025-10-24T11:36:36","modified_gmt":"2025-10-24T09:36:36","slug":"krig-uten-stat-2","status":"publish","type":"product","link":"https:\/\/staging.forenteforlag.no\/dreyers\/produkt\/krig-uten-stat-2\/","title":{"rendered":"Krig uten stat"},"content":{"rendered":"<p>Dagens og middelalderens kriger er \u00e5penbart forskjellige p\u00e5 en rekke felter &#8211; fra ideologi og teknologi til globalisering og statsutvikling. Hvorfor da sammenlikne dem? Fordi v\u00e5r oppfatning av krig, at kriger er noe som utkjempes mellom stater, at de har en klar begynnelse og slutt og kan kontrasteres til en tilstand av fred, har v\u00e6rt preget av hvordan krig er blitt utkjempet de siste 3-400 \u00e5r i Vesten. Men de siste 30 \u00e5r har de aller f\u00e6rreste kriger v\u00e6rt statskriger, og de unndrar seg de motsetningene vi setter opp mellom krig og fred, soldater og sivile, soldater og kriminelle. For \u00e5 forst\u00e5 disse \u00abnye krigene\u00bb kan sammenlikningen med middelalderen v\u00e6re relevant &#8211; alts\u00e5 perioden f\u00f8r staten ble dominerende. I middelalderen var kriger vanskelig \u00e5 avgrense fra fred, og selv om konger f\u00f8rte kriger, var dette noe i prinsippet hele overklassen hadde rett til. Krig foregikk mindre som store slag og felttog, og mer som feider, plyndring og forhandlinger.<\/p>\n<p>I en verden der krigen har endret karakter fra de klassiske krigene som preget Vesten fra Tretti\u00e5rskrigen til den andre verdenskrig, er det viktig \u00e5 finne fram til nye forst\u00e5elser og perspektiver p\u00e5 krigf\u00f8ring.<\/p>\n","protected":false},"excerpt":{"rendered":"<p>Dagens og middelalderens kriger er \u00e5penbart forskjellige p\u00e5 en rekke felter &#8211; fra ideologi og teknologi til globalisering og statsutvikling. Hvorfor da sammenlikne dem? Fordi v\u00e5r oppfatning av krig, at kriger er noe som utkjempes mellom stater, at de har en klar begynnelse og slutt og kan kontrasteres til en tilstand av fred, har v\u00e6rt [&hellip;]<\/p>\n","protected":false},"featured_media":24167,"template":"","meta":{"_acf_changed":false,"inline_featured_image":false},"product_brand":[],"product_cat":[1785,23],"product_tag":[419,557,405,607,362,789],"class_list":{"0":"post-21242","1":"product","2":"type-product","3":"status-publish","4":"has-post-thumbnail","6":"product_cat-fripris","7":"product_cat-historie","8":"product_tag-1990-1999","9":"product_tag-2000-tallet","10":"product_tag-andre-verdenskrig","11":"product_tag-bedriftshistorie","12":"product_tag-faglitteratur","13":"product_tag-hoymiddelalderen","14":"pa_format-mykperm","16":"first","17":"instock","18":"shipping-taxable","19":"purchasable","20":"product-type-simple"},"acf":{"anmeldelse":null},"yoast_head":"<!-- This site is optimized with the Yoast SEO plugin v26.6 - https:\/\/yoast.com\/wordpress\/plugins\/seo\/ -->\n<title>Krig uten stat - Dreyers Forlag<\/title>\n<meta name=\"robots\" content=\"noindex, follow, max-snippet:-1, max-image-preview:large, max-video-preview:-1\" \/>\n<meta property=\"og:locale\" content=\"nb_NO\" \/>\n<meta property=\"og:type\" content=\"article\" \/>\n<meta property=\"og:title\" content=\"Krig uten stat - Dreyers Forlag\" \/>\n<meta property=\"og:description\" content=\"Dagens og middelalderens kriger er \u00e5penbart forskjellige p\u00e5 en rekke felter &#8211; fra ideologi og teknologi til globalisering og statsutvikling. Hvorfor da sammenlikne dem? Fordi v\u00e5r oppfatning av krig, at kriger er noe som utkjempes mellom stater, at de har en klar begynnelse og slutt og kan kontrasteres til en tilstand av fred, har v\u00e6rt [&hellip;]\" \/>\n<meta property=\"og:url\" content=\"https:\/\/staging.forenteforlag.no\/dreyers\/produkt\/krig-uten-stat-2\/\" \/>\n<meta property=\"og:site_name\" content=\"Dreyers Forlag\" \/>\n<meta property=\"article:modified_time\" content=\"2025-10-24T09:36:36+00:00\" \/>\n<meta property=\"og:image\" content=\"https:\/\/staging.forenteforlag.no\/dreyers\/wp-content\/uploads\/sites\/2\/2025\/08\/jpg-6948.jpg\" \/>\n\t<meta property=\"og:image:width\" content=\"354\" \/>\n\t<meta property=\"og:image:height\" content=\"567\" \/>\n\t<meta property=\"og:image:type\" content=\"image\/jpeg\" \/>\n<meta name=\"twitter:card\" content=\"summary_large_image\" \/>\n<meta name=\"twitter:label1\" content=\"Ansl. lesetid\" \/>\n\t<meta name=\"twitter:data1\" content=\"1 minutt\" \/>\n<script type=\"application\/ld+json\" class=\"yoast-schema-graph\">{\"@context\":\"https:\/\/schema.org\",\"@graph\":[{\"@type\":\"WebPage\",\"@id\":\"https:\/\/staging.forenteforlag.no\/dreyers\/produkt\/krig-uten-stat-2\/\",\"url\":\"https:\/\/staging.forenteforlag.no\/dreyers\/produkt\/krig-uten-stat-2\/\",\"name\":\"Krig uten stat - Dreyers Forlag\",\"isPartOf\":{\"@id\":\"https:\/\/staging.forenteforlag.no\/dreyers\/#website\"},\"primaryImageOfPage\":{\"@id\":\"https:\/\/staging.forenteforlag.no\/dreyers\/produkt\/krig-uten-stat-2\/#primaryimage\"},\"image\":{\"@id\":\"https:\/\/staging.forenteforlag.no\/dreyers\/produkt\/krig-uten-stat-2\/#primaryimage\"},\"thumbnailUrl\":\"https:\/\/staging.forenteforlag.no\/dreyers\/wp-content\/uploads\/sites\/2\/2025\/08\/jpg-6948.jpg\",\"datePublished\":\"2020-08-18T00:00:00+00:00\",\"dateModified\":\"2025-10-24T09:36:36+00:00\",\"breadcrumb\":{\"@id\":\"https:\/\/staging.forenteforlag.no\/dreyers\/produkt\/krig-uten-stat-2\/#breadcrumb\"},\"inLanguage\":\"nb-NO\",\"potentialAction\":[{\"@type\":\"ReadAction\",\"target\":[\"https:\/\/staging.forenteforlag.no\/dreyers\/produkt\/krig-uten-stat-2\/\"]}]},{\"@type\":\"ImageObject\",\"inLanguage\":\"nb-NO\",\"@id\":\"https:\/\/staging.forenteforlag.no\/dreyers\/produkt\/krig-uten-stat-2\/#primaryimage\",\"url\":\"https:\/\/staging.forenteforlag.no\/dreyers\/wp-content\/uploads\/sites\/2\/2025\/08\/jpg-6948.jpg\",\"contentUrl\":\"https:\/\/staging.forenteforlag.no\/dreyers\/wp-content\/uploads\/sites\/2\/2025\/08\/jpg-6948.jpg\",\"width\":354,\"height\":567},{\"@type\":\"BreadcrumbList\",\"@id\":\"https:\/\/staging.forenteforlag.no\/dreyers\/produkt\/krig-uten-stat-2\/#breadcrumb\",\"itemListElement\":[{\"@type\":\"ListItem\",\"position\":1,\"name\":\"Hjem\",\"item\":\"https:\/\/staging.forenteforlag.no\/dreyers\/\"},{\"@type\":\"ListItem\",\"position\":2,\"name\":\"Alle b\u00f8ker\",\"item\":\"https:\/\/staging.forenteforlag.no\/dreyers\/butikk\/\"},{\"@type\":\"ListItem\",\"position\":3,\"name\":\"Krig uten stat\"}]},{\"@type\":\"WebSite\",\"@id\":\"https:\/\/staging.forenteforlag.no\/dreyers\/#website\",\"url\":\"https:\/\/staging.forenteforlag.no\/dreyers\/\",\"name\":\"Dreyers Forlag\",\"description\":\"\",\"potentialAction\":[{\"@type\":\"SearchAction\",\"target\":{\"@type\":\"EntryPoint\",\"urlTemplate\":\"https:\/\/staging.forenteforlag.no\/dreyers\/?s={search_term_string}\"},\"query-input\":{\"@type\":\"PropertyValueSpecification\",\"valueRequired\":true,\"valueName\":\"search_term_string\"}}],\"inLanguage\":\"nb-NO\"}]}<\/script>\n<!-- \/ Yoast SEO plugin. -->","yoast_head_json":{"title":"Krig uten stat - Dreyers Forlag","robots":{"index":"noindex","follow":"follow","max-snippet":"max-snippet:-1","max-image-preview":"max-image-preview:large","max-video-preview":"max-video-preview:-1"},"og_locale":"nb_NO","og_type":"article","og_title":"Krig uten stat - Dreyers Forlag","og_description":"Dagens og middelalderens kriger er \u00e5penbart forskjellige p\u00e5 en rekke felter &#8211; fra ideologi og teknologi til globalisering og statsutvikling. Hvorfor da sammenlikne dem? Fordi v\u00e5r oppfatning av krig, at kriger er noe som utkjempes mellom stater, at de har en klar begynnelse og slutt og kan kontrasteres til en tilstand av fred, har v\u00e6rt [&hellip;]","og_url":"https:\/\/staging.forenteforlag.no\/dreyers\/produkt\/krig-uten-stat-2\/","og_site_name":"Dreyers Forlag","article_modified_time":"2025-10-24T09:36:36+00:00","og_image":[{"width":354,"height":567,"url":"https:\/\/staging.forenteforlag.no\/dreyers\/wp-content\/uploads\/sites\/2\/2025\/08\/jpg-6948.jpg","type":"image\/jpeg"}],"twitter_card":"summary_large_image","twitter_misc":{"Ansl. lesetid":"1 minutt"},"schema":{"@context":"https:\/\/schema.org","@graph":[{"@type":"WebPage","@id":"https:\/\/staging.forenteforlag.no\/dreyers\/produkt\/krig-uten-stat-2\/","url":"https:\/\/staging.forenteforlag.no\/dreyers\/produkt\/krig-uten-stat-2\/","name":"Krig uten stat - Dreyers Forlag","isPartOf":{"@id":"https:\/\/staging.forenteforlag.no\/dreyers\/#website"},"primaryImageOfPage":{"@id":"https:\/\/staging.forenteforlag.no\/dreyers\/produkt\/krig-uten-stat-2\/#primaryimage"},"image":{"@id":"https:\/\/staging.forenteforlag.no\/dreyers\/produkt\/krig-uten-stat-2\/#primaryimage"},"thumbnailUrl":"https:\/\/staging.forenteforlag.no\/dreyers\/wp-content\/uploads\/sites\/2\/2025\/08\/jpg-6948.jpg","datePublished":"2020-08-18T00:00:00+00:00","dateModified":"2025-10-24T09:36:36+00:00","breadcrumb":{"@id":"https:\/\/staging.forenteforlag.no\/dreyers\/produkt\/krig-uten-stat-2\/#breadcrumb"},"inLanguage":"nb-NO","potentialAction":[{"@type":"ReadAction","target":["https:\/\/staging.forenteforlag.no\/dreyers\/produkt\/krig-uten-stat-2\/"]}]},{"@type":"ImageObject","inLanguage":"nb-NO","@id":"https:\/\/staging.forenteforlag.no\/dreyers\/produkt\/krig-uten-stat-2\/#primaryimage","url":"https:\/\/staging.forenteforlag.no\/dreyers\/wp-content\/uploads\/sites\/2\/2025\/08\/jpg-6948.jpg","contentUrl":"https:\/\/staging.forenteforlag.no\/dreyers\/wp-content\/uploads\/sites\/2\/2025\/08\/jpg-6948.jpg","width":354,"height":567},{"@type":"BreadcrumbList","@id":"https:\/\/staging.forenteforlag.no\/dreyers\/produkt\/krig-uten-stat-2\/#breadcrumb","itemListElement":[{"@type":"ListItem","position":1,"name":"Hjem","item":"https:\/\/staging.forenteforlag.no\/dreyers\/"},{"@type":"ListItem","position":2,"name":"Alle b\u00f8ker","item":"https:\/\/staging.forenteforlag.no\/dreyers\/butikk\/"},{"@type":"ListItem","position":3,"name":"Krig uten stat"}]},{"@type":"WebSite","@id":"https:\/\/staging.forenteforlag.no\/dreyers\/#website","url":"https:\/\/staging.forenteforlag.no\/dreyers\/","name":"Dreyers Forlag","description":"","potentialAction":[{"@type":"SearchAction","target":{"@type":"EntryPoint","urlTemplate":"https:\/\/staging.forenteforlag.no\/dreyers\/?s={search_term_string}"},"query-input":{"@type":"PropertyValueSpecification","valueRequired":true,"valueName":"search_term_string"}}],"inLanguage":"nb-NO"}]}},"_links":{"self":[{"href":"https:\/\/staging.forenteforlag.no\/dreyers\/wp-json\/wp\/v2\/product\/21242","targetHints":{"allow":["GET"]}}],"collection":[{"href":"https:\/\/staging.forenteforlag.no\/dreyers\/wp-json\/wp\/v2\/product"}],"about":[{"href":"https:\/\/staging.forenteforlag.no\/dreyers\/wp-json\/wp\/v2\/types\/product"}],"wp:featuredmedia":[{"embeddable":true,"href":"https:\/\/staging.forenteforlag.no\/dreyers\/wp-json\/wp\/v2\/media\/24167"}],"wp:attachment":[{"href":"https:\/\/staging.forenteforlag.no\/dreyers\/wp-json\/wp\/v2\/media?parent=21242"}],"wp:term":[{"taxonomy":"product_brand","embeddable":true,"href":"https:\/\/staging.forenteforlag.no\/dreyers\/wp-json\/wp\/v2\/product_brand?post=21242"},{"taxonomy":"product_cat","embeddable":true,"href":"https:\/\/staging.forenteforlag.no\/dreyers\/wp-json\/wp\/v2\/product_cat?post=21242"},{"taxonomy":"product_tag","embeddable":true,"href":"https:\/\/staging.forenteforlag.no\/dreyers\/wp-json\/wp\/v2\/product_tag?post=21242"}],"curies":[{"name":"wp","href":"https:\/\/api.w.org\/{rel}","templated":true}]}}