{"id":21234,"date":"2020-10-12T02:00:00","date_gmt":"2020-10-12T00:00:00","guid":{"rendered":"https:\/\/dreyersforlag.forenteforlag.no\/produkt\/frogner-og-majorstuen\/"},"modified":"2026-02-09T05:35:33","modified_gmt":"2026-02-09T04:35:33","slug":"frogner-og-majorstuen","status":"publish","type":"product","link":"https:\/\/staging.forenteforlag.no\/dreyers\/produkt\/frogner-og-majorstuen\/","title":{"rendered":"Frogner og Majorstuen"},"content":{"rendered":"<p>Tettstedet Oslo oppsto ved utl\u00f8pet av Alnaelva rundt \u00e5r 1000. Tre konger har hatt avgj\u00f8rende betydning for utviklingen av Oslo. Den norske kongen H\u00e5kon 5.  Magnusson anla Akershus festning rundt \u00e5r 1300. Den danske kongen Christian 4. anla Christiania inntil festningen i 1624 og ga borgerne Bymarken vest for Akerselva fem \u00e5r senere. Den svenske kongen Karl Johan bestemte at kongeslottet skulle bygges vest p\u00e5 Bymarken. Christian 4. og Karl Johan la premissene for det som ble Bydel Frogner. F\u00f8rst .yttet velhavende borgere til traktene rundt Drammensveien. Senere fulgte en stor del av middelklassen i byen etter til omr\u00e5dene mot Kirkeveien og Majorstuen. <\/p>\n<p>Dette er en fortelling om Oslos vekst vestover siden Christian 4. ga Bymarken til byens borgere. Byen ble etter hvert b\u00e5de industriby og handelsby og tiltrakk seg mange unge arbeidss\u00f8kende. I 1860-\u00e5rene ble de f\u00f8rste leieg\u00e5rdene med innlagt vann bygd. I 1876 passerte byen 100 000 innbyggere, og Kristiania vokste mer enn andre storbyer i Europa. Storbyen stilte krav om \u00f8kt vannforsyning, bedre kloakk og veier med gatebelysning. Industrien krevde kraft og lys til lengre arbeidsdager. Utviklingen f\u00f8rte til sterk \u00f8konomisk vekst og \u00f8kt levestandard. <\/p>\n<p>Frogner, Majorstuen og Hegdehaugen var tynt befolket til midten av 1890-\u00e5rene. Da kom vestkanten med for fullt med et bredt spekter av boliger, store leiligheter og hybelg\u00e5rder, villaer og rekkehus, bygg med karnapper, balkonger, t\u00e5rn og forhager, brede fortau og gater og mange tr\u00e6r. Mye av terrenget er formet som et am. med buede gater. Alt dette har skapt variasjon i bybildet. Frogner og Majorstuen gjennom 400 \u00e5r forteller historien om bydelen. Boken er gjennomillustrert av fotografen \u00d8ystein Sandsdalen.<\/p>\n","protected":false},"excerpt":{"rendered":"<p>Tettstedet Oslo oppsto ved utl\u00f8pet av Alnaelva rundt \u00e5r 1000. Tre konger har hatt avgj\u00f8rende betydning for utviklingen av Oslo. Den norske kongen H\u00e5kon 5. Magnusson anla Akershus festning rundt \u00e5r 1300. Den danske kongen Christian 4. anla Christiania inntil festningen i 1624 og ga borgerne Bymarken vest for Akerselva fem \u00e5r senere. Den svenske [&hellip;]<\/p>\n","protected":false},"featured_media":24130,"template":"","meta":{"_acf_changed":false,"inline_featured_image":false},"product_brand":[],"product_cat":[1785,37],"product_tag":[362],"class_list":{"0":"post-21234","1":"product","2":"type-product","3":"status-publish","4":"has-post-thumbnail","6":"product_cat-fripris","7":"product_cat-oslo","8":"product_tag-faglitteratur","9":"pa_format-innbundet","11":"first","12":"midlertidig-utsolgt","13":"shipping-taxable","14":"purchasable","15":"product-type-simple"},"acf":{"anmeldelse":null},"yoast_head":"<!-- This site is optimized with the Yoast SEO plugin v26.6 - https:\/\/yoast.com\/wordpress\/plugins\/seo\/ -->\n<title>Frogner og Majorstuen - Dreyers Forlag<\/title>\n<meta name=\"robots\" content=\"noindex, follow, max-snippet:-1, max-image-preview:large, max-video-preview:-1\" \/>\n<meta property=\"og:locale\" content=\"nb_NO\" \/>\n<meta property=\"og:type\" content=\"article\" \/>\n<meta property=\"og:title\" content=\"Frogner og Majorstuen - Dreyers Forlag\" \/>\n<meta property=\"og:description\" content=\"Tettstedet Oslo oppsto ved utl\u00f8pet av Alnaelva rundt \u00e5r 1000. Tre konger har hatt avgj\u00f8rende betydning for utviklingen av Oslo. Den norske kongen H\u00e5kon 5. Magnusson anla Akershus festning rundt \u00e5r 1300. Den danske kongen Christian 4. anla Christiania inntil festningen i 1624 og ga borgerne Bymarken vest for Akerselva fem \u00e5r senere. Den svenske [&hellip;]\" \/>\n<meta property=\"og:url\" content=\"https:\/\/staging.forenteforlag.no\/dreyers\/produkt\/frogner-og-majorstuen\/\" \/>\n<meta property=\"og:site_name\" content=\"Dreyers Forlag\" \/>\n<meta property=\"article:modified_time\" content=\"2026-02-09T04:35:33+00:00\" \/>\n<meta property=\"og:image\" content=\"https:\/\/staging.forenteforlag.no\/dreyers\/wp-content\/uploads\/sites\/2\/2025\/08\/jpg-6561.jpg\" \/>\n\t<meta property=\"og:image:width\" content=\"607\" \/>\n\t<meta property=\"og:image:height\" content=\"779\" \/>\n\t<meta property=\"og:image:type\" content=\"image\/jpeg\" \/>\n<meta name=\"twitter:card\" content=\"summary_large_image\" \/>\n<meta name=\"twitter:label1\" content=\"Ansl. lesetid\" \/>\n\t<meta name=\"twitter:data1\" content=\"1 minutt\" \/>\n<script type=\"application\/ld+json\" class=\"yoast-schema-graph\">{\"@context\":\"https:\/\/schema.org\",\"@graph\":[{\"@type\":\"WebPage\",\"@id\":\"https:\/\/staging.forenteforlag.no\/dreyers\/produkt\/frogner-og-majorstuen\/\",\"url\":\"https:\/\/staging.forenteforlag.no\/dreyers\/produkt\/frogner-og-majorstuen\/\",\"name\":\"Frogner og Majorstuen - Dreyers Forlag\",\"isPartOf\":{\"@id\":\"https:\/\/staging.forenteforlag.no\/dreyers\/#website\"},\"primaryImageOfPage\":{\"@id\":\"https:\/\/staging.forenteforlag.no\/dreyers\/produkt\/frogner-og-majorstuen\/#primaryimage\"},\"image\":{\"@id\":\"https:\/\/staging.forenteforlag.no\/dreyers\/produkt\/frogner-og-majorstuen\/#primaryimage\"},\"thumbnailUrl\":\"https:\/\/staging.forenteforlag.no\/dreyers\/wp-content\/uploads\/sites\/2\/2025\/08\/jpg-6561.jpg\",\"datePublished\":\"2020-10-12T00:00:00+00:00\",\"dateModified\":\"2026-02-09T04:35:33+00:00\",\"breadcrumb\":{\"@id\":\"https:\/\/staging.forenteforlag.no\/dreyers\/produkt\/frogner-og-majorstuen\/#breadcrumb\"},\"inLanguage\":\"nb-NO\",\"potentialAction\":[{\"@type\":\"ReadAction\",\"target\":[\"https:\/\/staging.forenteforlag.no\/dreyers\/produkt\/frogner-og-majorstuen\/\"]}]},{\"@type\":\"ImageObject\",\"inLanguage\":\"nb-NO\",\"@id\":\"https:\/\/staging.forenteforlag.no\/dreyers\/produkt\/frogner-og-majorstuen\/#primaryimage\",\"url\":\"https:\/\/staging.forenteforlag.no\/dreyers\/wp-content\/uploads\/sites\/2\/2025\/08\/jpg-6561.jpg\",\"contentUrl\":\"https:\/\/staging.forenteforlag.no\/dreyers\/wp-content\/uploads\/sites\/2\/2025\/08\/jpg-6561.jpg\",\"width\":607,\"height\":779},{\"@type\":\"BreadcrumbList\",\"@id\":\"https:\/\/staging.forenteforlag.no\/dreyers\/produkt\/frogner-og-majorstuen\/#breadcrumb\",\"itemListElement\":[{\"@type\":\"ListItem\",\"position\":1,\"name\":\"Hjem\",\"item\":\"https:\/\/staging.forenteforlag.no\/dreyers\/\"},{\"@type\":\"ListItem\",\"position\":2,\"name\":\"Alle b\u00f8ker\",\"item\":\"https:\/\/staging.forenteforlag.no\/dreyers\/butikk\/\"},{\"@type\":\"ListItem\",\"position\":3,\"name\":\"Frogner og Majorstuen\"}]},{\"@type\":\"WebSite\",\"@id\":\"https:\/\/staging.forenteforlag.no\/dreyers\/#website\",\"url\":\"https:\/\/staging.forenteforlag.no\/dreyers\/\",\"name\":\"Dreyers Forlag\",\"description\":\"\",\"potentialAction\":[{\"@type\":\"SearchAction\",\"target\":{\"@type\":\"EntryPoint\",\"urlTemplate\":\"https:\/\/staging.forenteforlag.no\/dreyers\/?s={search_term_string}\"},\"query-input\":{\"@type\":\"PropertyValueSpecification\",\"valueRequired\":true,\"valueName\":\"search_term_string\"}}],\"inLanguage\":\"nb-NO\"}]}<\/script>\n<!-- \/ Yoast SEO plugin. -->","yoast_head_json":{"title":"Frogner og Majorstuen - Dreyers Forlag","robots":{"index":"noindex","follow":"follow","max-snippet":"max-snippet:-1","max-image-preview":"max-image-preview:large","max-video-preview":"max-video-preview:-1"},"og_locale":"nb_NO","og_type":"article","og_title":"Frogner og Majorstuen - Dreyers Forlag","og_description":"Tettstedet Oslo oppsto ved utl\u00f8pet av Alnaelva rundt \u00e5r 1000. Tre konger har hatt avgj\u00f8rende betydning for utviklingen av Oslo. Den norske kongen H\u00e5kon 5. Magnusson anla Akershus festning rundt \u00e5r 1300. Den danske kongen Christian 4. anla Christiania inntil festningen i 1624 og ga borgerne Bymarken vest for Akerselva fem \u00e5r senere. Den svenske [&hellip;]","og_url":"https:\/\/staging.forenteforlag.no\/dreyers\/produkt\/frogner-og-majorstuen\/","og_site_name":"Dreyers Forlag","article_modified_time":"2026-02-09T04:35:33+00:00","og_image":[{"width":607,"height":779,"url":"https:\/\/staging.forenteforlag.no\/dreyers\/wp-content\/uploads\/sites\/2\/2025\/08\/jpg-6561.jpg","type":"image\/jpeg"}],"twitter_card":"summary_large_image","twitter_misc":{"Ansl. lesetid":"1 minutt"},"schema":{"@context":"https:\/\/schema.org","@graph":[{"@type":"WebPage","@id":"https:\/\/staging.forenteforlag.no\/dreyers\/produkt\/frogner-og-majorstuen\/","url":"https:\/\/staging.forenteforlag.no\/dreyers\/produkt\/frogner-og-majorstuen\/","name":"Frogner og Majorstuen - Dreyers Forlag","isPartOf":{"@id":"https:\/\/staging.forenteforlag.no\/dreyers\/#website"},"primaryImageOfPage":{"@id":"https:\/\/staging.forenteforlag.no\/dreyers\/produkt\/frogner-og-majorstuen\/#primaryimage"},"image":{"@id":"https:\/\/staging.forenteforlag.no\/dreyers\/produkt\/frogner-og-majorstuen\/#primaryimage"},"thumbnailUrl":"https:\/\/staging.forenteforlag.no\/dreyers\/wp-content\/uploads\/sites\/2\/2025\/08\/jpg-6561.jpg","datePublished":"2020-10-12T00:00:00+00:00","dateModified":"2026-02-09T04:35:33+00:00","breadcrumb":{"@id":"https:\/\/staging.forenteforlag.no\/dreyers\/produkt\/frogner-og-majorstuen\/#breadcrumb"},"inLanguage":"nb-NO","potentialAction":[{"@type":"ReadAction","target":["https:\/\/staging.forenteforlag.no\/dreyers\/produkt\/frogner-og-majorstuen\/"]}]},{"@type":"ImageObject","inLanguage":"nb-NO","@id":"https:\/\/staging.forenteforlag.no\/dreyers\/produkt\/frogner-og-majorstuen\/#primaryimage","url":"https:\/\/staging.forenteforlag.no\/dreyers\/wp-content\/uploads\/sites\/2\/2025\/08\/jpg-6561.jpg","contentUrl":"https:\/\/staging.forenteforlag.no\/dreyers\/wp-content\/uploads\/sites\/2\/2025\/08\/jpg-6561.jpg","width":607,"height":779},{"@type":"BreadcrumbList","@id":"https:\/\/staging.forenteforlag.no\/dreyers\/produkt\/frogner-og-majorstuen\/#breadcrumb","itemListElement":[{"@type":"ListItem","position":1,"name":"Hjem","item":"https:\/\/staging.forenteforlag.no\/dreyers\/"},{"@type":"ListItem","position":2,"name":"Alle b\u00f8ker","item":"https:\/\/staging.forenteforlag.no\/dreyers\/butikk\/"},{"@type":"ListItem","position":3,"name":"Frogner og Majorstuen"}]},{"@type":"WebSite","@id":"https:\/\/staging.forenteforlag.no\/dreyers\/#website","url":"https:\/\/staging.forenteforlag.no\/dreyers\/","name":"Dreyers Forlag","description":"","potentialAction":[{"@type":"SearchAction","target":{"@type":"EntryPoint","urlTemplate":"https:\/\/staging.forenteforlag.no\/dreyers\/?s={search_term_string}"},"query-input":{"@type":"PropertyValueSpecification","valueRequired":true,"valueName":"search_term_string"}}],"inLanguage":"nb-NO"}]}},"_links":{"self":[{"href":"https:\/\/staging.forenteforlag.no\/dreyers\/wp-json\/wp\/v2\/product\/21234","targetHints":{"allow":["GET"]}}],"collection":[{"href":"https:\/\/staging.forenteforlag.no\/dreyers\/wp-json\/wp\/v2\/product"}],"about":[{"href":"https:\/\/staging.forenteforlag.no\/dreyers\/wp-json\/wp\/v2\/types\/product"}],"wp:featuredmedia":[{"embeddable":true,"href":"https:\/\/staging.forenteforlag.no\/dreyers\/wp-json\/wp\/v2\/media\/24130"}],"wp:attachment":[{"href":"https:\/\/staging.forenteforlag.no\/dreyers\/wp-json\/wp\/v2\/media?parent=21234"}],"wp:term":[{"taxonomy":"product_brand","embeddable":true,"href":"https:\/\/staging.forenteforlag.no\/dreyers\/wp-json\/wp\/v2\/product_brand?post=21234"},{"taxonomy":"product_cat","embeddable":true,"href":"https:\/\/staging.forenteforlag.no\/dreyers\/wp-json\/wp\/v2\/product_cat?post=21234"},{"taxonomy":"product_tag","embeddable":true,"href":"https:\/\/staging.forenteforlag.no\/dreyers\/wp-json\/wp\/v2\/product_tag?post=21234"}],"curies":[{"name":"wp","href":"https:\/\/api.w.org\/{rel}","templated":true}]}}