{"id":21228,"date":"2020-10-28T01:00:00","date_gmt":"2020-10-28T00:00:00","guid":{"rendered":"https:\/\/dreyersforlag.forenteforlag.no\/produkt\/markedsmennesker\/"},"modified":"2025-09-04T13:24:44","modified_gmt":"2025-09-04T11:24:44","slug":"markedsmennesker","status":"publish","type":"product","link":"https:\/\/staging.forenteforlag.no\/dreyers\/produkt\/markedsmennesker\/","title":{"rendered":"Markedsmennesker"},"content":{"rendered":"<p>Stadig mer av livene v\u00e5re blir kj\u00f8p og salg. Tech-gigantene har tjent milliarder p\u00e5 \u00e5 gj\u00f8re v\u00e5r personlige informasjon til kommersielle varer. Gjennom datingtjenester som Tinder blir vi kunder p\u00e5 et sjekkemarked, der vi selger oss selv best mulig for \u00e5 kunne shoppe den riktige partneren. Selv det som en gang var offentlig sektor er for lengst blitt underlagt markedets prinsipper. Vi m\u00f8ter velferdsstaten oftere som brukere av offentlige tjenester enn som borgere i et demokratisk samfunn.<\/p>\n<p>Men vi er ikke f\u00f8dt til \u00e5 v\u00e6re markedsmennesker. Vi maksimerer ikke alltid nytte. Vi velger gjerne samarbeid framfor konkurranse. De fleste av oss kommer til et punkt hvor nok er nok, selv om markedslogikken ikke kjenner noe slikt nokpunkt. Derfor blir vi hele tida fors\u00f8kt forbedret og forandret slik at vi bedre skal kunne fylle v\u00e5re roller i det moderne markedssamfunnet. Denne antologien sp\u00f8r hva som egentlig skjer med oss n\u00e5r vi blir fors\u00f8kt gjenskapt i markedets bilde.<\/p>\n","protected":false},"excerpt":{"rendered":"<p>Stadig mer av livene v\u00e5re blir kj\u00f8p og salg. Tech-gigantene har tjent milliarder p\u00e5 \u00e5 gj\u00f8re v\u00e5r personlige informasjon til kommersielle varer. Gjennom datingtjenester som Tinder blir vi kunder p\u00e5 et sjekkemarked, der vi selger oss selv best mulig for \u00e5 kunne shoppe den riktige partneren. Selv det som en gang var offentlig sektor er [&hellip;]<\/p>\n","protected":false},"featured_media":24039,"template":"","meta":{"_acf_changed":false,"inline_featured_image":false},"product_brand":[],"product_cat":[1785,32],"product_tag":[362,855,1408],"class_list":{"0":"post-21228","1":"product","2":"type-product","3":"status-publish","4":"has-post-thumbnail","6":"product_cat-fripris","7":"product_cat-samfunn-og-politikk","8":"product_tag-faglitteratur","9":"product_tag-kapitalisme","10":"product_tag-markedsokonomi","11":"pa_format-innbundet","13":"first","14":"instock","15":"shipping-taxable","16":"purchasable","17":"product-type-simple"},"acf":{"anmeldelse":null},"yoast_head":"<!-- This site is optimized with the Yoast SEO plugin v26.6 - https:\/\/yoast.com\/wordpress\/plugins\/seo\/ -->\n<title>Markedsmennesker - Dreyers Forlag<\/title>\n<meta name=\"robots\" content=\"noindex, follow, max-snippet:-1, max-image-preview:large, max-video-preview:-1\" \/>\n<meta property=\"og:locale\" content=\"nb_NO\" \/>\n<meta property=\"og:type\" content=\"article\" \/>\n<meta property=\"og:title\" content=\"Markedsmennesker - Dreyers Forlag\" \/>\n<meta property=\"og:description\" content=\"Stadig mer av livene v\u00e5re blir kj\u00f8p og salg. Tech-gigantene har tjent milliarder p\u00e5 \u00e5 gj\u00f8re v\u00e5r personlige informasjon til kommersielle varer. Gjennom datingtjenester som Tinder blir vi kunder p\u00e5 et sjekkemarked, der vi selger oss selv best mulig for \u00e5 kunne shoppe den riktige partneren. Selv det som en gang var offentlig sektor er [&hellip;]\" \/>\n<meta property=\"og:url\" content=\"https:\/\/staging.forenteforlag.no\/dreyers\/produkt\/markedsmennesker\/\" \/>\n<meta property=\"og:site_name\" content=\"Dreyers Forlag\" \/>\n<meta property=\"article:modified_time\" content=\"2025-09-04T11:24:44+00:00\" \/>\n<meta property=\"og:image\" content=\"https:\/\/staging.forenteforlag.no\/dreyers\/wp-content\/uploads\/sites\/2\/2025\/08\/jpg-5646-scaled.jpg\" \/>\n\t<meta property=\"og:image:width\" content=\"1256\" \/>\n\t<meta property=\"og:image:height\" content=\"1920\" \/>\n\t<meta property=\"og:image:type\" content=\"image\/jpeg\" \/>\n<meta name=\"twitter:card\" content=\"summary_large_image\" \/>\n<meta name=\"twitter:label1\" content=\"Ansl. lesetid\" \/>\n\t<meta name=\"twitter:data1\" content=\"2 minutter\" \/>\n<script type=\"application\/ld+json\" class=\"yoast-schema-graph\">{\"@context\":\"https:\/\/schema.org\",\"@graph\":[{\"@type\":\"WebPage\",\"@id\":\"https:\/\/staging.forenteforlag.no\/dreyers\/produkt\/markedsmennesker\/\",\"url\":\"https:\/\/staging.forenteforlag.no\/dreyers\/produkt\/markedsmennesker\/\",\"name\":\"Markedsmennesker - Dreyers Forlag\",\"isPartOf\":{\"@id\":\"https:\/\/staging.forenteforlag.no\/dreyers\/#website\"},\"primaryImageOfPage\":{\"@id\":\"https:\/\/staging.forenteforlag.no\/dreyers\/produkt\/markedsmennesker\/#primaryimage\"},\"image\":{\"@id\":\"https:\/\/staging.forenteforlag.no\/dreyers\/produkt\/markedsmennesker\/#primaryimage\"},\"thumbnailUrl\":\"https:\/\/staging.forenteforlag.no\/dreyers\/wp-content\/uploads\/sites\/2\/2025\/08\/jpg-5646-scaled.jpg\",\"datePublished\":\"2020-10-28T00:00:00+00:00\",\"dateModified\":\"2025-09-04T11:24:44+00:00\",\"breadcrumb\":{\"@id\":\"https:\/\/staging.forenteforlag.no\/dreyers\/produkt\/markedsmennesker\/#breadcrumb\"},\"inLanguage\":\"nb-NO\",\"potentialAction\":[{\"@type\":\"ReadAction\",\"target\":[\"https:\/\/staging.forenteforlag.no\/dreyers\/produkt\/markedsmennesker\/\"]}]},{\"@type\":\"ImageObject\",\"inLanguage\":\"nb-NO\",\"@id\":\"https:\/\/staging.forenteforlag.no\/dreyers\/produkt\/markedsmennesker\/#primaryimage\",\"url\":\"https:\/\/staging.forenteforlag.no\/dreyers\/wp-content\/uploads\/sites\/2\/2025\/08\/jpg-5646-scaled.jpg\",\"contentUrl\":\"https:\/\/staging.forenteforlag.no\/dreyers\/wp-content\/uploads\/sites\/2\/2025\/08\/jpg-5646-scaled.jpg\",\"width\":1256,\"height\":1920},{\"@type\":\"BreadcrumbList\",\"@id\":\"https:\/\/staging.forenteforlag.no\/dreyers\/produkt\/markedsmennesker\/#breadcrumb\",\"itemListElement\":[{\"@type\":\"ListItem\",\"position\":1,\"name\":\"Hjem\",\"item\":\"https:\/\/staging.forenteforlag.no\/dreyers\/\"},{\"@type\":\"ListItem\",\"position\":2,\"name\":\"Alle b\u00f8ker\",\"item\":\"https:\/\/staging.forenteforlag.no\/dreyers\/butikk\/\"},{\"@type\":\"ListItem\",\"position\":3,\"name\":\"Markedsmennesker\"}]},{\"@type\":\"WebSite\",\"@id\":\"https:\/\/staging.forenteforlag.no\/dreyers\/#website\",\"url\":\"https:\/\/staging.forenteforlag.no\/dreyers\/\",\"name\":\"Dreyers Forlag\",\"description\":\"\",\"potentialAction\":[{\"@type\":\"SearchAction\",\"target\":{\"@type\":\"EntryPoint\",\"urlTemplate\":\"https:\/\/staging.forenteforlag.no\/dreyers\/?s={search_term_string}\"},\"query-input\":{\"@type\":\"PropertyValueSpecification\",\"valueRequired\":true,\"valueName\":\"search_term_string\"}}],\"inLanguage\":\"nb-NO\"}]}<\/script>\n<!-- \/ Yoast SEO plugin. -->","yoast_head_json":{"title":"Markedsmennesker - Dreyers Forlag","robots":{"index":"noindex","follow":"follow","max-snippet":"max-snippet:-1","max-image-preview":"max-image-preview:large","max-video-preview":"max-video-preview:-1"},"og_locale":"nb_NO","og_type":"article","og_title":"Markedsmennesker - Dreyers Forlag","og_description":"Stadig mer av livene v\u00e5re blir kj\u00f8p og salg. Tech-gigantene har tjent milliarder p\u00e5 \u00e5 gj\u00f8re v\u00e5r personlige informasjon til kommersielle varer. Gjennom datingtjenester som Tinder blir vi kunder p\u00e5 et sjekkemarked, der vi selger oss selv best mulig for \u00e5 kunne shoppe den riktige partneren. Selv det som en gang var offentlig sektor er [&hellip;]","og_url":"https:\/\/staging.forenteforlag.no\/dreyers\/produkt\/markedsmennesker\/","og_site_name":"Dreyers Forlag","article_modified_time":"2025-09-04T11:24:44+00:00","og_image":[{"width":1256,"height":1920,"url":"https:\/\/staging.forenteforlag.no\/dreyers\/wp-content\/uploads\/sites\/2\/2025\/08\/jpg-5646-scaled.jpg","type":"image\/jpeg"}],"twitter_card":"summary_large_image","twitter_misc":{"Ansl. lesetid":"2 minutter"},"schema":{"@context":"https:\/\/schema.org","@graph":[{"@type":"WebPage","@id":"https:\/\/staging.forenteforlag.no\/dreyers\/produkt\/markedsmennesker\/","url":"https:\/\/staging.forenteforlag.no\/dreyers\/produkt\/markedsmennesker\/","name":"Markedsmennesker - Dreyers Forlag","isPartOf":{"@id":"https:\/\/staging.forenteforlag.no\/dreyers\/#website"},"primaryImageOfPage":{"@id":"https:\/\/staging.forenteforlag.no\/dreyers\/produkt\/markedsmennesker\/#primaryimage"},"image":{"@id":"https:\/\/staging.forenteforlag.no\/dreyers\/produkt\/markedsmennesker\/#primaryimage"},"thumbnailUrl":"https:\/\/staging.forenteforlag.no\/dreyers\/wp-content\/uploads\/sites\/2\/2025\/08\/jpg-5646-scaled.jpg","datePublished":"2020-10-28T00:00:00+00:00","dateModified":"2025-09-04T11:24:44+00:00","breadcrumb":{"@id":"https:\/\/staging.forenteforlag.no\/dreyers\/produkt\/markedsmennesker\/#breadcrumb"},"inLanguage":"nb-NO","potentialAction":[{"@type":"ReadAction","target":["https:\/\/staging.forenteforlag.no\/dreyers\/produkt\/markedsmennesker\/"]}]},{"@type":"ImageObject","inLanguage":"nb-NO","@id":"https:\/\/staging.forenteforlag.no\/dreyers\/produkt\/markedsmennesker\/#primaryimage","url":"https:\/\/staging.forenteforlag.no\/dreyers\/wp-content\/uploads\/sites\/2\/2025\/08\/jpg-5646-scaled.jpg","contentUrl":"https:\/\/staging.forenteforlag.no\/dreyers\/wp-content\/uploads\/sites\/2\/2025\/08\/jpg-5646-scaled.jpg","width":1256,"height":1920},{"@type":"BreadcrumbList","@id":"https:\/\/staging.forenteforlag.no\/dreyers\/produkt\/markedsmennesker\/#breadcrumb","itemListElement":[{"@type":"ListItem","position":1,"name":"Hjem","item":"https:\/\/staging.forenteforlag.no\/dreyers\/"},{"@type":"ListItem","position":2,"name":"Alle b\u00f8ker","item":"https:\/\/staging.forenteforlag.no\/dreyers\/butikk\/"},{"@type":"ListItem","position":3,"name":"Markedsmennesker"}]},{"@type":"WebSite","@id":"https:\/\/staging.forenteforlag.no\/dreyers\/#website","url":"https:\/\/staging.forenteforlag.no\/dreyers\/","name":"Dreyers Forlag","description":"","potentialAction":[{"@type":"SearchAction","target":{"@type":"EntryPoint","urlTemplate":"https:\/\/staging.forenteforlag.no\/dreyers\/?s={search_term_string}"},"query-input":{"@type":"PropertyValueSpecification","valueRequired":true,"valueName":"search_term_string"}}],"inLanguage":"nb-NO"}]}},"_links":{"self":[{"href":"https:\/\/staging.forenteforlag.no\/dreyers\/wp-json\/wp\/v2\/product\/21228","targetHints":{"allow":["GET"]}}],"collection":[{"href":"https:\/\/staging.forenteforlag.no\/dreyers\/wp-json\/wp\/v2\/product"}],"about":[{"href":"https:\/\/staging.forenteforlag.no\/dreyers\/wp-json\/wp\/v2\/types\/product"}],"wp:featuredmedia":[{"embeddable":true,"href":"https:\/\/staging.forenteforlag.no\/dreyers\/wp-json\/wp\/v2\/media\/24039"}],"wp:attachment":[{"href":"https:\/\/staging.forenteforlag.no\/dreyers\/wp-json\/wp\/v2\/media?parent=21228"}],"wp:term":[{"taxonomy":"product_brand","embeddable":true,"href":"https:\/\/staging.forenteforlag.no\/dreyers\/wp-json\/wp\/v2\/product_brand?post=21228"},{"taxonomy":"product_cat","embeddable":true,"href":"https:\/\/staging.forenteforlag.no\/dreyers\/wp-json\/wp\/v2\/product_cat?post=21228"},{"taxonomy":"product_tag","embeddable":true,"href":"https:\/\/staging.forenteforlag.no\/dreyers\/wp-json\/wp\/v2\/product_tag?post=21228"}],"curies":[{"name":"wp","href":"https:\/\/api.w.org\/{rel}","templated":true}]}}