{"id":21225,"date":"2020-11-18T01:00:00","date_gmt":"2020-11-18T00:00:00","guid":{"rendered":"https:\/\/dreyersforlag.forenteforlag.no\/produkt\/det-russiske-imperiet-4\/"},"modified":"2025-08-27T12:21:07","modified_gmt":"2025-08-27T10:21:07","slug":"det-russiske-imperiet-4","status":"publish","type":"product","link":"https:\/\/staging.forenteforlag.no\/dreyers\/produkt\/det-russiske-imperiet-4\/","title":{"rendered":"Det russiske imperiet"},"content":{"rendered":"<p>P\u00e5 begynnelsen av 1600-tallet er Russland i ferd med \u00e5 g\u00e5 under. Tronr\u00f8vere og falske tsars\u00f8nner inntar scenen mens svensker og polakker invaderer landet. Russlands framtid st\u00e5r p\u00e5 spill. Etter et dr\u00f8yt ti\u00e5r med kaos blir stabiliteten gjenopprettet, men Russland forblir isolert, \u00e5ndelig og \u00f8konomisk. P\u00e5 begynnelsen av 1700-tallet forvandler Peter den store &#8211; ved hjelp av hensynsl\u00f8s maktbruk &#8211; Russland til en europeisk stormakt. Regimet hans f\u00f8rer til en konservering av en hierarkisk, autorit\u00e6r og voldelig samfunnsorden der folkeflertallet &#8211; b\u00f8ndene &#8211; lever som slaver. <\/p>\n<p>I generasjonen etter Peters d\u00f8d befinner Russland seg i skyggen av den store reformatoren. Alle andre maktinstitusjoner bortsett fra tsaren er avskaffet. Samtidig mangler det herskende Romanov-dynastiet mannlige tronf\u00f8lgere. Konsekvensen blir en rekke statskupp. Statskuppenes epoke tar slutt idet Katarina den store i 1762 rydder sin ektemann Peter III av veien og selv overtar makten. Det russiske imperiet er en fortsettelse av suksessen Russland blir til. Boken gir et fargerikt bilde av v\u00e5rt naboland i \u00f8st og danner samtidig et bakteppe for forst\u00e5elsen av dagens samfunnsforhold i Russland, ikke minst landets konflikter med Vesten og med Ukraina.<\/p>\n","protected":false},"excerpt":{"rendered":"<p>P\u00e5 begynnelsen av 1600-tallet er Russland i ferd med \u00e5 g\u00e5 under. Tronr\u00f8vere og falske tsars\u00f8nner inntar scenen mens svensker og polakker invaderer landet. Russlands framtid st\u00e5r p\u00e5 spill. Etter et dr\u00f8yt ti\u00e5r med kaos blir stabiliteten gjenopprettet, men Russland forblir isolert, \u00e5ndelig og \u00f8konomisk. P\u00e5 begynnelsen av 1700-tallet forvandler Peter den store &#8211; ved [&hellip;]<\/p>\n","protected":false},"featured_media":24414,"template":"","meta":{"_acf_changed":false,"inline_featured_image":false},"product_brand":[],"product_cat":[23],"product_tag":[607,362,430,532],"class_list":{"0":"post-21225","1":"product","2":"type-product","3":"status-publish","4":"has-post-thumbnail","6":"product_cat-historie","7":"product_tag-bedriftshistorie","8":"product_tag-faglitteratur","9":"product_tag-kolonialisme","10":"product_tag-russland","11":"pa_format-innbundet","13":"first","14":"outofstock","15":"shipping-taxable","16":"purchasable","17":"product-type-simple"},"acf":{"anmeldelse":null},"yoast_head":"<!-- This site is optimized with the Yoast SEO plugin v26.6 - https:\/\/yoast.com\/wordpress\/plugins\/seo\/ -->\n<title>Det russiske imperiet - Dreyers Forlag<\/title>\n<meta name=\"robots\" content=\"noindex, follow, max-snippet:-1, max-image-preview:large, max-video-preview:-1\" \/>\n<meta property=\"og:locale\" content=\"nb_NO\" \/>\n<meta property=\"og:type\" content=\"article\" \/>\n<meta property=\"og:title\" content=\"Det russiske imperiet - Dreyers Forlag\" \/>\n<meta property=\"og:description\" content=\"P\u00e5 begynnelsen av 1600-tallet er Russland i ferd med \u00e5 g\u00e5 under. Tronr\u00f8vere og falske tsars\u00f8nner inntar scenen mens svensker og polakker invaderer landet. Russlands framtid st\u00e5r p\u00e5 spill. Etter et dr\u00f8yt ti\u00e5r med kaos blir stabiliteten gjenopprettet, men Russland forblir isolert, \u00e5ndelig og \u00f8konomisk. P\u00e5 begynnelsen av 1700-tallet forvandler Peter den store &#8211; ved [&hellip;]\" \/>\n<meta property=\"og:url\" content=\"https:\/\/staging.forenteforlag.no\/dreyers\/produkt\/det-russiske-imperiet-4\/\" \/>\n<meta property=\"og:site_name\" content=\"Dreyers Forlag\" \/>\n<meta property=\"article:modified_time\" content=\"2025-08-27T10:21:07+00:00\" \/>\n<meta property=\"og:image\" content=\"https:\/\/staging.forenteforlag.no\/dreyers\/wp-content\/uploads\/sites\/2\/2025\/08\/jpg-9197.jpg\" \/>\n\t<meta property=\"og:image:width\" content=\"471\" \/>\n\t<meta property=\"og:image:height\" content=\"641\" \/>\n\t<meta property=\"og:image:type\" content=\"image\/jpeg\" \/>\n<meta name=\"twitter:card\" content=\"summary_large_image\" \/>\n<meta name=\"twitter:label1\" content=\"Ansl. lesetid\" \/>\n\t<meta name=\"twitter:data1\" content=\"1 minutt\" \/>\n<script type=\"application\/ld+json\" class=\"yoast-schema-graph\">{\"@context\":\"https:\/\/schema.org\",\"@graph\":[{\"@type\":\"WebPage\",\"@id\":\"https:\/\/staging.forenteforlag.no\/dreyers\/produkt\/det-russiske-imperiet-4\/\",\"url\":\"https:\/\/staging.forenteforlag.no\/dreyers\/produkt\/det-russiske-imperiet-4\/\",\"name\":\"Det russiske imperiet - Dreyers Forlag\",\"isPartOf\":{\"@id\":\"https:\/\/staging.forenteforlag.no\/dreyers\/#website\"},\"primaryImageOfPage\":{\"@id\":\"https:\/\/staging.forenteforlag.no\/dreyers\/produkt\/det-russiske-imperiet-4\/#primaryimage\"},\"image\":{\"@id\":\"https:\/\/staging.forenteforlag.no\/dreyers\/produkt\/det-russiske-imperiet-4\/#primaryimage\"},\"thumbnailUrl\":\"https:\/\/staging.forenteforlag.no\/dreyers\/wp-content\/uploads\/sites\/2\/2025\/08\/jpg-9197.jpg\",\"datePublished\":\"2020-11-18T00:00:00+00:00\",\"dateModified\":\"2025-08-27T10:21:07+00:00\",\"breadcrumb\":{\"@id\":\"https:\/\/staging.forenteforlag.no\/dreyers\/produkt\/det-russiske-imperiet-4\/#breadcrumb\"},\"inLanguage\":\"nb-NO\",\"potentialAction\":[{\"@type\":\"ReadAction\",\"target\":[\"https:\/\/staging.forenteforlag.no\/dreyers\/produkt\/det-russiske-imperiet-4\/\"]}]},{\"@type\":\"ImageObject\",\"inLanguage\":\"nb-NO\",\"@id\":\"https:\/\/staging.forenteforlag.no\/dreyers\/produkt\/det-russiske-imperiet-4\/#primaryimage\",\"url\":\"https:\/\/staging.forenteforlag.no\/dreyers\/wp-content\/uploads\/sites\/2\/2025\/08\/jpg-9197.jpg\",\"contentUrl\":\"https:\/\/staging.forenteforlag.no\/dreyers\/wp-content\/uploads\/sites\/2\/2025\/08\/jpg-9197.jpg\",\"width\":471,\"height\":641},{\"@type\":\"BreadcrumbList\",\"@id\":\"https:\/\/staging.forenteforlag.no\/dreyers\/produkt\/det-russiske-imperiet-4\/#breadcrumb\",\"itemListElement\":[{\"@type\":\"ListItem\",\"position\":1,\"name\":\"Hjem\",\"item\":\"https:\/\/staging.forenteforlag.no\/dreyers\/\"},{\"@type\":\"ListItem\",\"position\":2,\"name\":\"Alle b\u00f8ker\",\"item\":\"https:\/\/staging.forenteforlag.no\/dreyers\/butikk\/\"},{\"@type\":\"ListItem\",\"position\":3,\"name\":\"Det russiske imperiet\"}]},{\"@type\":\"WebSite\",\"@id\":\"https:\/\/staging.forenteforlag.no\/dreyers\/#website\",\"url\":\"https:\/\/staging.forenteforlag.no\/dreyers\/\",\"name\":\"Dreyers Forlag\",\"description\":\"\",\"potentialAction\":[{\"@type\":\"SearchAction\",\"target\":{\"@type\":\"EntryPoint\",\"urlTemplate\":\"https:\/\/staging.forenteforlag.no\/dreyers\/?s={search_term_string}\"},\"query-input\":{\"@type\":\"PropertyValueSpecification\",\"valueRequired\":true,\"valueName\":\"search_term_string\"}}],\"inLanguage\":\"nb-NO\"}]}<\/script>\n<!-- \/ Yoast SEO plugin. -->","yoast_head_json":{"title":"Det russiske imperiet - Dreyers Forlag","robots":{"index":"noindex","follow":"follow","max-snippet":"max-snippet:-1","max-image-preview":"max-image-preview:large","max-video-preview":"max-video-preview:-1"},"og_locale":"nb_NO","og_type":"article","og_title":"Det russiske imperiet - Dreyers Forlag","og_description":"P\u00e5 begynnelsen av 1600-tallet er Russland i ferd med \u00e5 g\u00e5 under. Tronr\u00f8vere og falske tsars\u00f8nner inntar scenen mens svensker og polakker invaderer landet. Russlands framtid st\u00e5r p\u00e5 spill. Etter et dr\u00f8yt ti\u00e5r med kaos blir stabiliteten gjenopprettet, men Russland forblir isolert, \u00e5ndelig og \u00f8konomisk. P\u00e5 begynnelsen av 1700-tallet forvandler Peter den store &#8211; ved [&hellip;]","og_url":"https:\/\/staging.forenteforlag.no\/dreyers\/produkt\/det-russiske-imperiet-4\/","og_site_name":"Dreyers Forlag","article_modified_time":"2025-08-27T10:21:07+00:00","og_image":[{"width":471,"height":641,"url":"https:\/\/staging.forenteforlag.no\/dreyers\/wp-content\/uploads\/sites\/2\/2025\/08\/jpg-9197.jpg","type":"image\/jpeg"}],"twitter_card":"summary_large_image","twitter_misc":{"Ansl. lesetid":"1 minutt"},"schema":{"@context":"https:\/\/schema.org","@graph":[{"@type":"WebPage","@id":"https:\/\/staging.forenteforlag.no\/dreyers\/produkt\/det-russiske-imperiet-4\/","url":"https:\/\/staging.forenteforlag.no\/dreyers\/produkt\/det-russiske-imperiet-4\/","name":"Det russiske imperiet - Dreyers Forlag","isPartOf":{"@id":"https:\/\/staging.forenteforlag.no\/dreyers\/#website"},"primaryImageOfPage":{"@id":"https:\/\/staging.forenteforlag.no\/dreyers\/produkt\/det-russiske-imperiet-4\/#primaryimage"},"image":{"@id":"https:\/\/staging.forenteforlag.no\/dreyers\/produkt\/det-russiske-imperiet-4\/#primaryimage"},"thumbnailUrl":"https:\/\/staging.forenteforlag.no\/dreyers\/wp-content\/uploads\/sites\/2\/2025\/08\/jpg-9197.jpg","datePublished":"2020-11-18T00:00:00+00:00","dateModified":"2025-08-27T10:21:07+00:00","breadcrumb":{"@id":"https:\/\/staging.forenteforlag.no\/dreyers\/produkt\/det-russiske-imperiet-4\/#breadcrumb"},"inLanguage":"nb-NO","potentialAction":[{"@type":"ReadAction","target":["https:\/\/staging.forenteforlag.no\/dreyers\/produkt\/det-russiske-imperiet-4\/"]}]},{"@type":"ImageObject","inLanguage":"nb-NO","@id":"https:\/\/staging.forenteforlag.no\/dreyers\/produkt\/det-russiske-imperiet-4\/#primaryimage","url":"https:\/\/staging.forenteforlag.no\/dreyers\/wp-content\/uploads\/sites\/2\/2025\/08\/jpg-9197.jpg","contentUrl":"https:\/\/staging.forenteforlag.no\/dreyers\/wp-content\/uploads\/sites\/2\/2025\/08\/jpg-9197.jpg","width":471,"height":641},{"@type":"BreadcrumbList","@id":"https:\/\/staging.forenteforlag.no\/dreyers\/produkt\/det-russiske-imperiet-4\/#breadcrumb","itemListElement":[{"@type":"ListItem","position":1,"name":"Hjem","item":"https:\/\/staging.forenteforlag.no\/dreyers\/"},{"@type":"ListItem","position":2,"name":"Alle b\u00f8ker","item":"https:\/\/staging.forenteforlag.no\/dreyers\/butikk\/"},{"@type":"ListItem","position":3,"name":"Det russiske imperiet"}]},{"@type":"WebSite","@id":"https:\/\/staging.forenteforlag.no\/dreyers\/#website","url":"https:\/\/staging.forenteforlag.no\/dreyers\/","name":"Dreyers Forlag","description":"","potentialAction":[{"@type":"SearchAction","target":{"@type":"EntryPoint","urlTemplate":"https:\/\/staging.forenteforlag.no\/dreyers\/?s={search_term_string}"},"query-input":{"@type":"PropertyValueSpecification","valueRequired":true,"valueName":"search_term_string"}}],"inLanguage":"nb-NO"}]}},"_links":{"self":[{"href":"https:\/\/staging.forenteforlag.no\/dreyers\/wp-json\/wp\/v2\/product\/21225","targetHints":{"allow":["GET"]}}],"collection":[{"href":"https:\/\/staging.forenteforlag.no\/dreyers\/wp-json\/wp\/v2\/product"}],"about":[{"href":"https:\/\/staging.forenteforlag.no\/dreyers\/wp-json\/wp\/v2\/types\/product"}],"wp:featuredmedia":[{"embeddable":true,"href":"https:\/\/staging.forenteforlag.no\/dreyers\/wp-json\/wp\/v2\/media\/24414"}],"wp:attachment":[{"href":"https:\/\/staging.forenteforlag.no\/dreyers\/wp-json\/wp\/v2\/media?parent=21225"}],"wp:term":[{"taxonomy":"product_brand","embeddable":true,"href":"https:\/\/staging.forenteforlag.no\/dreyers\/wp-json\/wp\/v2\/product_brand?post=21225"},{"taxonomy":"product_cat","embeddable":true,"href":"https:\/\/staging.forenteforlag.no\/dreyers\/wp-json\/wp\/v2\/product_cat?post=21225"},{"taxonomy":"product_tag","embeddable":true,"href":"https:\/\/staging.forenteforlag.no\/dreyers\/wp-json\/wp\/v2\/product_tag?post=21225"}],"curies":[{"name":"wp","href":"https:\/\/api.w.org\/{rel}","templated":true}]}}