{"id":21223,"date":"2021-03-02T01:00:00","date_gmt":"2021-03-02T00:00:00","guid":{"rendered":"https:\/\/dreyersforlag.forenteforlag.no\/produkt\/en-historie-om-arbeiderpartiet\/"},"modified":"2025-09-04T13:22:38","modified_gmt":"2025-09-04T11:22:38","slug":"en-historie-om-arbeiderpartiet","status":"publish","type":"product","link":"https:\/\/staging.forenteforlag.no\/dreyers\/produkt\/en-historie-om-arbeiderpartiet\/","title":{"rendered":"En historie om Arbeiderpartiet"},"content":{"rendered":"<p>For hundre \u00e5r siden var Arbeiderpartiet et parti av og for arbeidere. Det var partiet for arbeiderklassen, i betydningen arbeidsfolk p\u00e5 felles marsj mot samfunnsmakten, under r\u00f8de flagg og sosialismens banner. Det har v\u00e6rt en lang vei \u00e5 g\u00e5 til dagens diffuse sosialdemokrati som strever med \u00e5 forholde seg til sine r\u00f8tter og sin tradisjonelle identitet.<\/p>\n<p>Hvordan er det blitt slik? For \u00e5 forst\u00e5 dagens politiske virkelighet, der Arbeiderpartiet fremdeles vil spille en n\u00f8kkelrolle, er det n\u00f8dvendig \u00e5 kjenne historien til det partiet som den gang ga en stemme til arbeidsfolk og gjennom hundre \u00e5r har satt premisser for samfunnsutviklingen i Norge. Denne boka skal bidra til det, som en oppdatert historiefaglig oversikt og historisk fundert tolkning av partiets historie.<\/p>\n<p>Finn Olstad forteller her hvordan partiet med stor P i norsk historie har reagert p\u00e5 sine omgivelser og hvordan det i sine lykkelige \u00f8yeblikk har maktet \u00e5 p\u00e5virke og styre samfunnet. Noe av det sentrale vil v\u00e6re hvilke sosiale sammenhenger partiet har inng\u00e5tt i og hvilke oppfatninger og holdninger som til enhver tid har v\u00e6rt styrende &#8211; fra \u00abarbeiderpopulistenes\u00bb tid til dagens Arbeiderparti under ledelse av Jonas Gahr St\u00f8re.<\/p>\n","protected":false},"excerpt":{"rendered":"<p>For hundre \u00e5r siden var Arbeiderpartiet et parti av og for arbeidere. Det var partiet for arbeiderklassen, i betydningen arbeidsfolk p\u00e5 felles marsj mot samfunnsmakten, under r\u00f8de flagg og sosialismens banner. Det har v\u00e6rt en lang vei \u00e5 g\u00e5 til dagens diffuse sosialdemokrati som strever med \u00e5 forholde seg til sine r\u00f8tter og sin tradisjonelle [&hellip;]<\/p>\n","protected":false},"featured_media":24445,"template":"","meta":{"_acf_changed":false,"inline_featured_image":false},"product_brand":[],"product_cat":[1785,23,32],"product_tag":[964,362,439],"class_list":{"0":"post-21223","1":"product","2":"type-product","3":"status-publish","4":"has-post-thumbnail","6":"product_cat-fripris","7":"product_cat-historie","8":"product_cat-samfunn-og-politikk","9":"product_tag-arbeiderpartiet","10":"product_tag-faglitteratur","11":"product_tag-nord-norge","12":"pa_format-innbundet","14":"first","15":"instock","16":"shipping-taxable","17":"purchasable","18":"product-type-simple"},"acf":{"anmeldelse":null},"yoast_head":"<!-- This site is optimized with the Yoast SEO plugin v26.6 - https:\/\/yoast.com\/wordpress\/plugins\/seo\/ -->\n<title>En historie om Arbeiderpartiet - Dreyers Forlag<\/title>\n<meta name=\"robots\" content=\"noindex, follow, max-snippet:-1, max-image-preview:large, max-video-preview:-1\" \/>\n<meta property=\"og:locale\" content=\"nb_NO\" \/>\n<meta property=\"og:type\" content=\"article\" \/>\n<meta property=\"og:title\" content=\"En historie om Arbeiderpartiet - Dreyers Forlag\" \/>\n<meta property=\"og:description\" content=\"For hundre \u00e5r siden var Arbeiderpartiet et parti av og for arbeidere. Det var partiet for arbeiderklassen, i betydningen arbeidsfolk p\u00e5 felles marsj mot samfunnsmakten, under r\u00f8de flagg og sosialismens banner. Det har v\u00e6rt en lang vei \u00e5 g\u00e5 til dagens diffuse sosialdemokrati som strever med \u00e5 forholde seg til sine r\u00f8tter og sin tradisjonelle [&hellip;]\" \/>\n<meta property=\"og:url\" content=\"https:\/\/staging.forenteforlag.no\/dreyers\/produkt\/en-historie-om-arbeiderpartiet\/\" \/>\n<meta property=\"og:site_name\" content=\"Dreyers Forlag\" \/>\n<meta property=\"article:modified_time\" content=\"2025-09-04T11:22:38+00:00\" \/>\n<meta property=\"og:image\" content=\"https:\/\/staging.forenteforlag.no\/dreyers\/wp-content\/uploads\/sites\/2\/2025\/08\/jpg-9461.jpg\" \/>\n\t<meta property=\"og:image:width\" content=\"453\" \/>\n\t<meta property=\"og:image:height\" content=\"640\" \/>\n\t<meta property=\"og:image:type\" content=\"image\/jpeg\" \/>\n<meta name=\"twitter:card\" content=\"summary_large_image\" \/>\n<meta name=\"twitter:label1\" content=\"Ansl. lesetid\" \/>\n\t<meta name=\"twitter:data1\" content=\"1 minutt\" \/>\n<script type=\"application\/ld+json\" class=\"yoast-schema-graph\">{\"@context\":\"https:\/\/schema.org\",\"@graph\":[{\"@type\":\"WebPage\",\"@id\":\"https:\/\/staging.forenteforlag.no\/dreyers\/produkt\/en-historie-om-arbeiderpartiet\/\",\"url\":\"https:\/\/staging.forenteforlag.no\/dreyers\/produkt\/en-historie-om-arbeiderpartiet\/\",\"name\":\"En historie om Arbeiderpartiet - Dreyers Forlag\",\"isPartOf\":{\"@id\":\"https:\/\/staging.forenteforlag.no\/dreyers\/#website\"},\"primaryImageOfPage\":{\"@id\":\"https:\/\/staging.forenteforlag.no\/dreyers\/produkt\/en-historie-om-arbeiderpartiet\/#primaryimage\"},\"image\":{\"@id\":\"https:\/\/staging.forenteforlag.no\/dreyers\/produkt\/en-historie-om-arbeiderpartiet\/#primaryimage\"},\"thumbnailUrl\":\"https:\/\/staging.forenteforlag.no\/dreyers\/wp-content\/uploads\/sites\/2\/2025\/08\/jpg-9461.jpg\",\"datePublished\":\"2021-03-02T00:00:00+00:00\",\"dateModified\":\"2025-09-04T11:22:38+00:00\",\"breadcrumb\":{\"@id\":\"https:\/\/staging.forenteforlag.no\/dreyers\/produkt\/en-historie-om-arbeiderpartiet\/#breadcrumb\"},\"inLanguage\":\"nb-NO\",\"potentialAction\":[{\"@type\":\"ReadAction\",\"target\":[\"https:\/\/staging.forenteforlag.no\/dreyers\/produkt\/en-historie-om-arbeiderpartiet\/\"]}]},{\"@type\":\"ImageObject\",\"inLanguage\":\"nb-NO\",\"@id\":\"https:\/\/staging.forenteforlag.no\/dreyers\/produkt\/en-historie-om-arbeiderpartiet\/#primaryimage\",\"url\":\"https:\/\/staging.forenteforlag.no\/dreyers\/wp-content\/uploads\/sites\/2\/2025\/08\/jpg-9461.jpg\",\"contentUrl\":\"https:\/\/staging.forenteforlag.no\/dreyers\/wp-content\/uploads\/sites\/2\/2025\/08\/jpg-9461.jpg\",\"width\":453,\"height\":640},{\"@type\":\"BreadcrumbList\",\"@id\":\"https:\/\/staging.forenteforlag.no\/dreyers\/produkt\/en-historie-om-arbeiderpartiet\/#breadcrumb\",\"itemListElement\":[{\"@type\":\"ListItem\",\"position\":1,\"name\":\"Hjem\",\"item\":\"https:\/\/staging.forenteforlag.no\/dreyers\/\"},{\"@type\":\"ListItem\",\"position\":2,\"name\":\"Alle b\u00f8ker\",\"item\":\"https:\/\/staging.forenteforlag.no\/dreyers\/butikk\/\"},{\"@type\":\"ListItem\",\"position\":3,\"name\":\"En historie om Arbeiderpartiet\"}]},{\"@type\":\"WebSite\",\"@id\":\"https:\/\/staging.forenteforlag.no\/dreyers\/#website\",\"url\":\"https:\/\/staging.forenteforlag.no\/dreyers\/\",\"name\":\"Dreyers Forlag\",\"description\":\"\",\"potentialAction\":[{\"@type\":\"SearchAction\",\"target\":{\"@type\":\"EntryPoint\",\"urlTemplate\":\"https:\/\/staging.forenteforlag.no\/dreyers\/?s={search_term_string}\"},\"query-input\":{\"@type\":\"PropertyValueSpecification\",\"valueRequired\":true,\"valueName\":\"search_term_string\"}}],\"inLanguage\":\"nb-NO\"}]}<\/script>\n<!-- \/ Yoast SEO plugin. -->","yoast_head_json":{"title":"En historie om Arbeiderpartiet - Dreyers Forlag","robots":{"index":"noindex","follow":"follow","max-snippet":"max-snippet:-1","max-image-preview":"max-image-preview:large","max-video-preview":"max-video-preview:-1"},"og_locale":"nb_NO","og_type":"article","og_title":"En historie om Arbeiderpartiet - Dreyers Forlag","og_description":"For hundre \u00e5r siden var Arbeiderpartiet et parti av og for arbeidere. Det var partiet for arbeiderklassen, i betydningen arbeidsfolk p\u00e5 felles marsj mot samfunnsmakten, under r\u00f8de flagg og sosialismens banner. Det har v\u00e6rt en lang vei \u00e5 g\u00e5 til dagens diffuse sosialdemokrati som strever med \u00e5 forholde seg til sine r\u00f8tter og sin tradisjonelle [&hellip;]","og_url":"https:\/\/staging.forenteforlag.no\/dreyers\/produkt\/en-historie-om-arbeiderpartiet\/","og_site_name":"Dreyers Forlag","article_modified_time":"2025-09-04T11:22:38+00:00","og_image":[{"width":453,"height":640,"url":"https:\/\/staging.forenteforlag.no\/dreyers\/wp-content\/uploads\/sites\/2\/2025\/08\/jpg-9461.jpg","type":"image\/jpeg"}],"twitter_card":"summary_large_image","twitter_misc":{"Ansl. lesetid":"1 minutt"},"schema":{"@context":"https:\/\/schema.org","@graph":[{"@type":"WebPage","@id":"https:\/\/staging.forenteforlag.no\/dreyers\/produkt\/en-historie-om-arbeiderpartiet\/","url":"https:\/\/staging.forenteforlag.no\/dreyers\/produkt\/en-historie-om-arbeiderpartiet\/","name":"En historie om Arbeiderpartiet - Dreyers Forlag","isPartOf":{"@id":"https:\/\/staging.forenteforlag.no\/dreyers\/#website"},"primaryImageOfPage":{"@id":"https:\/\/staging.forenteforlag.no\/dreyers\/produkt\/en-historie-om-arbeiderpartiet\/#primaryimage"},"image":{"@id":"https:\/\/staging.forenteforlag.no\/dreyers\/produkt\/en-historie-om-arbeiderpartiet\/#primaryimage"},"thumbnailUrl":"https:\/\/staging.forenteforlag.no\/dreyers\/wp-content\/uploads\/sites\/2\/2025\/08\/jpg-9461.jpg","datePublished":"2021-03-02T00:00:00+00:00","dateModified":"2025-09-04T11:22:38+00:00","breadcrumb":{"@id":"https:\/\/staging.forenteforlag.no\/dreyers\/produkt\/en-historie-om-arbeiderpartiet\/#breadcrumb"},"inLanguage":"nb-NO","potentialAction":[{"@type":"ReadAction","target":["https:\/\/staging.forenteforlag.no\/dreyers\/produkt\/en-historie-om-arbeiderpartiet\/"]}]},{"@type":"ImageObject","inLanguage":"nb-NO","@id":"https:\/\/staging.forenteforlag.no\/dreyers\/produkt\/en-historie-om-arbeiderpartiet\/#primaryimage","url":"https:\/\/staging.forenteforlag.no\/dreyers\/wp-content\/uploads\/sites\/2\/2025\/08\/jpg-9461.jpg","contentUrl":"https:\/\/staging.forenteforlag.no\/dreyers\/wp-content\/uploads\/sites\/2\/2025\/08\/jpg-9461.jpg","width":453,"height":640},{"@type":"BreadcrumbList","@id":"https:\/\/staging.forenteforlag.no\/dreyers\/produkt\/en-historie-om-arbeiderpartiet\/#breadcrumb","itemListElement":[{"@type":"ListItem","position":1,"name":"Hjem","item":"https:\/\/staging.forenteforlag.no\/dreyers\/"},{"@type":"ListItem","position":2,"name":"Alle b\u00f8ker","item":"https:\/\/staging.forenteforlag.no\/dreyers\/butikk\/"},{"@type":"ListItem","position":3,"name":"En historie om Arbeiderpartiet"}]},{"@type":"WebSite","@id":"https:\/\/staging.forenteforlag.no\/dreyers\/#website","url":"https:\/\/staging.forenteforlag.no\/dreyers\/","name":"Dreyers Forlag","description":"","potentialAction":[{"@type":"SearchAction","target":{"@type":"EntryPoint","urlTemplate":"https:\/\/staging.forenteforlag.no\/dreyers\/?s={search_term_string}"},"query-input":{"@type":"PropertyValueSpecification","valueRequired":true,"valueName":"search_term_string"}}],"inLanguage":"nb-NO"}]}},"_links":{"self":[{"href":"https:\/\/staging.forenteforlag.no\/dreyers\/wp-json\/wp\/v2\/product\/21223","targetHints":{"allow":["GET"]}}],"collection":[{"href":"https:\/\/staging.forenteforlag.no\/dreyers\/wp-json\/wp\/v2\/product"}],"about":[{"href":"https:\/\/staging.forenteforlag.no\/dreyers\/wp-json\/wp\/v2\/types\/product"}],"wp:featuredmedia":[{"embeddable":true,"href":"https:\/\/staging.forenteforlag.no\/dreyers\/wp-json\/wp\/v2\/media\/24445"}],"wp:attachment":[{"href":"https:\/\/staging.forenteforlag.no\/dreyers\/wp-json\/wp\/v2\/media?parent=21223"}],"wp:term":[{"taxonomy":"product_brand","embeddable":true,"href":"https:\/\/staging.forenteforlag.no\/dreyers\/wp-json\/wp\/v2\/product_brand?post=21223"},{"taxonomy":"product_cat","embeddable":true,"href":"https:\/\/staging.forenteforlag.no\/dreyers\/wp-json\/wp\/v2\/product_cat?post=21223"},{"taxonomy":"product_tag","embeddable":true,"href":"https:\/\/staging.forenteforlag.no\/dreyers\/wp-json\/wp\/v2\/product_tag?post=21223"}],"curies":[{"name":"wp","href":"https:\/\/api.w.org\/{rel}","templated":true}]}}