{"id":21220,"date":"2022-01-03T01:00:00","date_gmt":"2022-01-03T00:00:00","guid":{"rendered":"https:\/\/dreyersforlag.forenteforlag.no\/produkt\/fjellplanter\/"},"modified":"2025-09-03T15:29:32","modified_gmt":"2025-09-03T13:29:32","slug":"fjellplanter","status":"publish","type":"product","link":"https:\/\/staging.forenteforlag.no\/dreyers\/produkt\/fjellplanter\/","title":{"rendered":"Fjellplanter"},"content":{"rendered":"<p>Fjellplantene finst over alt i fjellet, i form av fjellskog, vier, h\u00f8gstaudeenger, fargerike blomsterenger, moltemyrer og andre naturtypar. Fjellplantene dekkjer fjellet, over alt der me tr\u00f8r er det fjellplanter. Fjellet er p\u00e5 mange m\u00e5tar eit ekstremt milj\u00f8 \u00e5 leve i. Temperaturane er l\u00e5ge, vekstsesongen er kort, sn\u00f8 og is dominerer store delar av \u00e5ret og UV-str\u00e5linga er h\u00f8g. Me beskyttar oss med solkrem, men plantene blir utsette for den same str\u00e5linga, korleis klarer dei seg utan solkrem? I boka f\u00e5r du vite korleis planter i fjellet lagar sin eigen \u00absolkrem\u00bb som beskyttar dei mot den sterke str\u00e5linga. Du f\u00e5r ogs\u00e5 vite korleis plantene flyttar seg, og korleis dei blir p\u00e5verka av klimaendring og andre endringar som g\u00e5r f\u00f8re seg i naturen i v\u00e5r tid.<\/p>\n<p>Eit m\u00e5l med boka er at ikkje berre \u00e5 f\u00e5 fram korleis plantene ser ut, men ogs\u00e5 f\u00e5 fram kunnskap om korleis plantene lever, korleis dei er tilpassa ekstreme livsmilj\u00f8 og kva funksjonar dei har b\u00e5de for naturen, klimaet p\u00e5 jorda og for oss menneske.<\/p>\n<p>Bilda har ein sentral plass i boka, og eit eige avsnitt tar for seg fotografering av planter. \u00c5 fotografere planter er lett, men det er ikkje alltid lett \u00e5 f\u00e5 gode bilde av dei. Motivet kan vere fint, men det kan vere forskjell p\u00e5 eit fint motiv og ein fint bilde. I boka f\u00e5r du tips om korleis fine motiv kan bli til fine bilde.<\/p>\n","protected":false},"excerpt":{"rendered":"<p>Fjellplantene finst over alt i fjellet, i form av fjellskog, vier, h\u00f8gstaudeenger, fargerike blomsterenger, moltemyrer og andre naturtypar. Fjellplantene dekkjer fjellet, over alt der me tr\u00f8r er det fjellplanter. Fjellet er p\u00e5 mange m\u00e5tar eit ekstremt milj\u00f8 \u00e5 leve i. Temperaturane er l\u00e5ge, vekstsesongen er kort, sn\u00f8 og is dominerer store delar av \u00e5ret og [&hellip;]<\/p>\n","protected":false},"featured_media":24451,"template":"","meta":{"_acf_changed":false,"inline_featured_image":false},"product_brand":[],"product_cat":[1785,29],"product_tag":[1493,362,1038,851,682],"class_list":{"0":"post-21220","1":"product","2":"type-product","3":"status-publish","4":"has-post-thumbnail","6":"product_cat-fripris","7":"product_cat-natur-friluftsliv-og-sport","8":"product_tag-botanikk","9":"product_tag-faglitteratur","10":"product_tag-fjellomrader","11":"product_tag-oppland","12":"product_tag-sogn-og-fjordane","13":"pa_format-innbundet","15":"first","16":"instock","17":"shipping-taxable","18":"purchasable","19":"product-type-simple"},"acf":{"anmeldelse":null},"yoast_head":"<!-- This site is optimized with the Yoast SEO plugin v26.6 - https:\/\/yoast.com\/wordpress\/plugins\/seo\/ -->\n<title>Fjellplanter - Dreyers Forlag<\/title>\n<meta name=\"robots\" content=\"noindex, follow, max-snippet:-1, max-image-preview:large, max-video-preview:-1\" \/>\n<meta property=\"og:locale\" content=\"nb_NO\" \/>\n<meta property=\"og:type\" content=\"article\" \/>\n<meta property=\"og:title\" content=\"Fjellplanter - Dreyers Forlag\" \/>\n<meta property=\"og:description\" content=\"Fjellplantene finst over alt i fjellet, i form av fjellskog, vier, h\u00f8gstaudeenger, fargerike blomsterenger, moltemyrer og andre naturtypar. Fjellplantene dekkjer fjellet, over alt der me tr\u00f8r er det fjellplanter. Fjellet er p\u00e5 mange m\u00e5tar eit ekstremt milj\u00f8 \u00e5 leve i. Temperaturane er l\u00e5ge, vekstsesongen er kort, sn\u00f8 og is dominerer store delar av \u00e5ret og [&hellip;]\" \/>\n<meta property=\"og:url\" content=\"https:\/\/staging.forenteforlag.no\/dreyers\/produkt\/fjellplanter\/\" \/>\n<meta property=\"og:site_name\" content=\"Dreyers Forlag\" \/>\n<meta property=\"article:modified_time\" content=\"2025-09-03T13:29:32+00:00\" \/>\n<meta property=\"og:image\" content=\"https:\/\/staging.forenteforlag.no\/dreyers\/wp-content\/uploads\/sites\/2\/2025\/08\/jpg-9532.jpg\" \/>\n\t<meta property=\"og:image:width\" content=\"694\" \/>\n\t<meta property=\"og:image:height\" content=\"768\" \/>\n\t<meta property=\"og:image:type\" content=\"image\/jpeg\" \/>\n<meta name=\"twitter:card\" content=\"summary_large_image\" \/>\n<meta name=\"twitter:label1\" content=\"Ansl. lesetid\" \/>\n\t<meta name=\"twitter:data1\" content=\"1 minutt\" \/>\n<script type=\"application\/ld+json\" class=\"yoast-schema-graph\">{\"@context\":\"https:\/\/schema.org\",\"@graph\":[{\"@type\":\"WebPage\",\"@id\":\"https:\/\/staging.forenteforlag.no\/dreyers\/produkt\/fjellplanter\/\",\"url\":\"https:\/\/staging.forenteforlag.no\/dreyers\/produkt\/fjellplanter\/\",\"name\":\"Fjellplanter - Dreyers Forlag\",\"isPartOf\":{\"@id\":\"https:\/\/staging.forenteforlag.no\/dreyers\/#website\"},\"primaryImageOfPage\":{\"@id\":\"https:\/\/staging.forenteforlag.no\/dreyers\/produkt\/fjellplanter\/#primaryimage\"},\"image\":{\"@id\":\"https:\/\/staging.forenteforlag.no\/dreyers\/produkt\/fjellplanter\/#primaryimage\"},\"thumbnailUrl\":\"https:\/\/staging.forenteforlag.no\/dreyers\/wp-content\/uploads\/sites\/2\/2025\/08\/jpg-9532.jpg\",\"datePublished\":\"2022-01-03T00:00:00+00:00\",\"dateModified\":\"2025-09-03T13:29:32+00:00\",\"breadcrumb\":{\"@id\":\"https:\/\/staging.forenteforlag.no\/dreyers\/produkt\/fjellplanter\/#breadcrumb\"},\"inLanguage\":\"nb-NO\",\"potentialAction\":[{\"@type\":\"ReadAction\",\"target\":[\"https:\/\/staging.forenteforlag.no\/dreyers\/produkt\/fjellplanter\/\"]}]},{\"@type\":\"ImageObject\",\"inLanguage\":\"nb-NO\",\"@id\":\"https:\/\/staging.forenteforlag.no\/dreyers\/produkt\/fjellplanter\/#primaryimage\",\"url\":\"https:\/\/staging.forenteforlag.no\/dreyers\/wp-content\/uploads\/sites\/2\/2025\/08\/jpg-9532.jpg\",\"contentUrl\":\"https:\/\/staging.forenteforlag.no\/dreyers\/wp-content\/uploads\/sites\/2\/2025\/08\/jpg-9532.jpg\",\"width\":694,\"height\":768},{\"@type\":\"BreadcrumbList\",\"@id\":\"https:\/\/staging.forenteforlag.no\/dreyers\/produkt\/fjellplanter\/#breadcrumb\",\"itemListElement\":[{\"@type\":\"ListItem\",\"position\":1,\"name\":\"Hjem\",\"item\":\"https:\/\/staging.forenteforlag.no\/dreyers\/\"},{\"@type\":\"ListItem\",\"position\":2,\"name\":\"Alle b\u00f8ker\",\"item\":\"https:\/\/staging.forenteforlag.no\/dreyers\/butikk\/\"},{\"@type\":\"ListItem\",\"position\":3,\"name\":\"Fjellplanter\"}]},{\"@type\":\"WebSite\",\"@id\":\"https:\/\/staging.forenteforlag.no\/dreyers\/#website\",\"url\":\"https:\/\/staging.forenteforlag.no\/dreyers\/\",\"name\":\"Dreyers Forlag\",\"description\":\"\",\"potentialAction\":[{\"@type\":\"SearchAction\",\"target\":{\"@type\":\"EntryPoint\",\"urlTemplate\":\"https:\/\/staging.forenteforlag.no\/dreyers\/?s={search_term_string}\"},\"query-input\":{\"@type\":\"PropertyValueSpecification\",\"valueRequired\":true,\"valueName\":\"search_term_string\"}}],\"inLanguage\":\"nb-NO\"}]}<\/script>\n<!-- \/ Yoast SEO plugin. -->","yoast_head_json":{"title":"Fjellplanter - Dreyers Forlag","robots":{"index":"noindex","follow":"follow","max-snippet":"max-snippet:-1","max-image-preview":"max-image-preview:large","max-video-preview":"max-video-preview:-1"},"og_locale":"nb_NO","og_type":"article","og_title":"Fjellplanter - Dreyers Forlag","og_description":"Fjellplantene finst over alt i fjellet, i form av fjellskog, vier, h\u00f8gstaudeenger, fargerike blomsterenger, moltemyrer og andre naturtypar. Fjellplantene dekkjer fjellet, over alt der me tr\u00f8r er det fjellplanter. Fjellet er p\u00e5 mange m\u00e5tar eit ekstremt milj\u00f8 \u00e5 leve i. Temperaturane er l\u00e5ge, vekstsesongen er kort, sn\u00f8 og is dominerer store delar av \u00e5ret og [&hellip;]","og_url":"https:\/\/staging.forenteforlag.no\/dreyers\/produkt\/fjellplanter\/","og_site_name":"Dreyers Forlag","article_modified_time":"2025-09-03T13:29:32+00:00","og_image":[{"width":694,"height":768,"url":"https:\/\/staging.forenteforlag.no\/dreyers\/wp-content\/uploads\/sites\/2\/2025\/08\/jpg-9532.jpg","type":"image\/jpeg"}],"twitter_card":"summary_large_image","twitter_misc":{"Ansl. lesetid":"1 minutt"},"schema":{"@context":"https:\/\/schema.org","@graph":[{"@type":"WebPage","@id":"https:\/\/staging.forenteforlag.no\/dreyers\/produkt\/fjellplanter\/","url":"https:\/\/staging.forenteforlag.no\/dreyers\/produkt\/fjellplanter\/","name":"Fjellplanter - Dreyers Forlag","isPartOf":{"@id":"https:\/\/staging.forenteforlag.no\/dreyers\/#website"},"primaryImageOfPage":{"@id":"https:\/\/staging.forenteforlag.no\/dreyers\/produkt\/fjellplanter\/#primaryimage"},"image":{"@id":"https:\/\/staging.forenteforlag.no\/dreyers\/produkt\/fjellplanter\/#primaryimage"},"thumbnailUrl":"https:\/\/staging.forenteforlag.no\/dreyers\/wp-content\/uploads\/sites\/2\/2025\/08\/jpg-9532.jpg","datePublished":"2022-01-03T00:00:00+00:00","dateModified":"2025-09-03T13:29:32+00:00","breadcrumb":{"@id":"https:\/\/staging.forenteforlag.no\/dreyers\/produkt\/fjellplanter\/#breadcrumb"},"inLanguage":"nb-NO","potentialAction":[{"@type":"ReadAction","target":["https:\/\/staging.forenteforlag.no\/dreyers\/produkt\/fjellplanter\/"]}]},{"@type":"ImageObject","inLanguage":"nb-NO","@id":"https:\/\/staging.forenteforlag.no\/dreyers\/produkt\/fjellplanter\/#primaryimage","url":"https:\/\/staging.forenteforlag.no\/dreyers\/wp-content\/uploads\/sites\/2\/2025\/08\/jpg-9532.jpg","contentUrl":"https:\/\/staging.forenteforlag.no\/dreyers\/wp-content\/uploads\/sites\/2\/2025\/08\/jpg-9532.jpg","width":694,"height":768},{"@type":"BreadcrumbList","@id":"https:\/\/staging.forenteforlag.no\/dreyers\/produkt\/fjellplanter\/#breadcrumb","itemListElement":[{"@type":"ListItem","position":1,"name":"Hjem","item":"https:\/\/staging.forenteforlag.no\/dreyers\/"},{"@type":"ListItem","position":2,"name":"Alle b\u00f8ker","item":"https:\/\/staging.forenteforlag.no\/dreyers\/butikk\/"},{"@type":"ListItem","position":3,"name":"Fjellplanter"}]},{"@type":"WebSite","@id":"https:\/\/staging.forenteforlag.no\/dreyers\/#website","url":"https:\/\/staging.forenteforlag.no\/dreyers\/","name":"Dreyers Forlag","description":"","potentialAction":[{"@type":"SearchAction","target":{"@type":"EntryPoint","urlTemplate":"https:\/\/staging.forenteforlag.no\/dreyers\/?s={search_term_string}"},"query-input":{"@type":"PropertyValueSpecification","valueRequired":true,"valueName":"search_term_string"}}],"inLanguage":"nb-NO"}]}},"_links":{"self":[{"href":"https:\/\/staging.forenteforlag.no\/dreyers\/wp-json\/wp\/v2\/product\/21220","targetHints":{"allow":["GET"]}}],"collection":[{"href":"https:\/\/staging.forenteforlag.no\/dreyers\/wp-json\/wp\/v2\/product"}],"about":[{"href":"https:\/\/staging.forenteforlag.no\/dreyers\/wp-json\/wp\/v2\/types\/product"}],"wp:featuredmedia":[{"embeddable":true,"href":"https:\/\/staging.forenteforlag.no\/dreyers\/wp-json\/wp\/v2\/media\/24451"}],"wp:attachment":[{"href":"https:\/\/staging.forenteforlag.no\/dreyers\/wp-json\/wp\/v2\/media?parent=21220"}],"wp:term":[{"taxonomy":"product_brand","embeddable":true,"href":"https:\/\/staging.forenteforlag.no\/dreyers\/wp-json\/wp\/v2\/product_brand?post=21220"},{"taxonomy":"product_cat","embeddable":true,"href":"https:\/\/staging.forenteforlag.no\/dreyers\/wp-json\/wp\/v2\/product_cat?post=21220"},{"taxonomy":"product_tag","embeddable":true,"href":"https:\/\/staging.forenteforlag.no\/dreyers\/wp-json\/wp\/v2\/product_tag?post=21220"}],"curies":[{"name":"wp","href":"https:\/\/api.w.org\/{rel}","templated":true}]}}