{"id":21217,"date":"2022-03-18T01:00:00","date_gmt":"2022-03-18T00:00:00","guid":{"rendered":"https:\/\/dreyersforlag.forenteforlag.no\/produkt\/jodenes-historie-i-europa\/"},"modified":"2025-08-27T07:43:45","modified_gmt":"2025-08-27T05:43:45","slug":"jodenes-historie-i-europa","status":"publish","type":"product","link":"https:\/\/staging.forenteforlag.no\/dreyers\/produkt\/jodenes-historie-i-europa\/","title":{"rendered":"J\u00f8denes historie i Europa"},"content":{"rendered":"<p>Einhart Lorenz forteller i denne boka om de europeiske j\u00f8denes historie: fra fordrivelsen fra Vest- og Sentral-Europa p\u00e5 1400- og 1500-tallet fram til begynnelsen av andre verdenskrig. <\/p>\n<p>J\u00f8denes liv var grenseoverskridende og b\u00f8r derfor sees i et europeisk perspektiv. Vi f\u00e5r interessante innblikk i vekselvirkninger mellom j\u00f8der og majoritetssamfunn, i integrasjon og isolasjon, i identiteter og fordommer &#8211; og ikke minst i j\u00f8denes bidrag til \u00e5 forme Europa. Boka viser den indre utviklingen fra gettoen og til det moderne Europa. <\/p>\n<p>Det Europa vi m\u00f8ter her, er et annet enn det vi kjenner i dag. Mange land og landskaper eksisterer rett og slett ikke lenger. Under Holocaust ble n\u00e6rmere 6 millioner av de europeiske j\u00f8dene drept. Da menneskene og deres spr\u00e5k og levem\u00e5ter forsvant, bleknet ogs\u00e5 langt p\u00e5 vei bevisst heten om j\u00f8denes bidrag til det moderne Europas utvikling. Et m\u00e5l med J\u00f8denes historie i Europa er \u00e5 skape en bevissthet om tapene antisemittisme og Holocaust har p\u00e5f\u00f8rt oss alle.<\/p>\n","protected":false},"excerpt":{"rendered":"<p>Einhart Lorenz forteller i denne boka om de europeiske j\u00f8denes historie: fra fordrivelsen fra Vest- og Sentral-Europa p\u00e5 1400- og 1500-tallet fram til begynnelsen av andre verdenskrig. J\u00f8denes liv var grenseoverskridende og b\u00f8r derfor sees i et europeisk perspektiv. Vi f\u00e5r interessante innblikk i vekselvirkninger mellom j\u00f8der og majoritetssamfunn, i integrasjon og isolasjon, i identiteter [&hellip;]<\/p>\n","protected":false},"featured_media":23999,"template":"","meta":{"_acf_changed":false,"inline_featured_image":false},"product_brand":[],"product_cat":[1785,23],"product_tag":[607,482,362,452],"class_list":{"0":"post-21217","1":"product","2":"type-product","3":"status-publish","4":"has-post-thumbnail","6":"product_cat-fripris","7":"product_cat-historie","8":"product_tag-bedriftshistorie","9":"product_tag-europa","10":"product_tag-faglitteratur","11":"product_tag-joder","12":"pa_format-pocket","14":"first","15":"instock","16":"shipping-taxable","17":"purchasable","18":"product-type-simple"},"acf":{"anmeldelse":null},"yoast_head":"<!-- This site is optimized with the Yoast SEO plugin v26.6 - https:\/\/yoast.com\/wordpress\/plugins\/seo\/ -->\n<title>J\u00f8denes historie i Europa - Dreyers Forlag<\/title>\n<meta name=\"robots\" content=\"noindex, follow, max-snippet:-1, max-image-preview:large, max-video-preview:-1\" \/>\n<meta property=\"og:locale\" content=\"nb_NO\" \/>\n<meta property=\"og:type\" content=\"article\" \/>\n<meta property=\"og:title\" content=\"J\u00f8denes historie i Europa - Dreyers Forlag\" \/>\n<meta property=\"og:description\" content=\"Einhart Lorenz forteller i denne boka om de europeiske j\u00f8denes historie: fra fordrivelsen fra Vest- og Sentral-Europa p\u00e5 1400- og 1500-tallet fram til begynnelsen av andre verdenskrig. J\u00f8denes liv var grenseoverskridende og b\u00f8r derfor sees i et europeisk perspektiv. Vi f\u00e5r interessante innblikk i vekselvirkninger mellom j\u00f8der og majoritetssamfunn, i integrasjon og isolasjon, i identiteter [&hellip;]\" \/>\n<meta property=\"og:url\" content=\"https:\/\/staging.forenteforlag.no\/dreyers\/produkt\/jodenes-historie-i-europa\/\" \/>\n<meta property=\"og:site_name\" content=\"Dreyers Forlag\" \/>\n<meta property=\"article:modified_time\" content=\"2025-08-27T05:43:45+00:00\" \/>\n<meta property=\"og:image\" content=\"https:\/\/staging.forenteforlag.no\/dreyers\/wp-content\/uploads\/sites\/2\/2025\/08\/jpg-5375.jpg\" \/>\n\t<meta property=\"og:image:width\" content=\"437\" \/>\n\t<meta property=\"og:image:height\" content=\"625\" \/>\n\t<meta property=\"og:image:type\" content=\"image\/jpeg\" \/>\n<meta name=\"twitter:card\" content=\"summary_large_image\" \/>\n<meta name=\"twitter:label1\" content=\"Ansl. lesetid\" \/>\n\t<meta name=\"twitter:data1\" content=\"1 minutt\" \/>\n<script type=\"application\/ld+json\" class=\"yoast-schema-graph\">{\"@context\":\"https:\/\/schema.org\",\"@graph\":[{\"@type\":\"WebPage\",\"@id\":\"https:\/\/staging.forenteforlag.no\/dreyers\/produkt\/jodenes-historie-i-europa\/\",\"url\":\"https:\/\/staging.forenteforlag.no\/dreyers\/produkt\/jodenes-historie-i-europa\/\",\"name\":\"J\u00f8denes historie i Europa - Dreyers Forlag\",\"isPartOf\":{\"@id\":\"https:\/\/staging.forenteforlag.no\/dreyers\/#website\"},\"primaryImageOfPage\":{\"@id\":\"https:\/\/staging.forenteforlag.no\/dreyers\/produkt\/jodenes-historie-i-europa\/#primaryimage\"},\"image\":{\"@id\":\"https:\/\/staging.forenteforlag.no\/dreyers\/produkt\/jodenes-historie-i-europa\/#primaryimage\"},\"thumbnailUrl\":\"https:\/\/staging.forenteforlag.no\/dreyers\/wp-content\/uploads\/sites\/2\/2025\/08\/jpg-5375.jpg\",\"datePublished\":\"2022-03-18T00:00:00+00:00\",\"dateModified\":\"2025-08-27T05:43:45+00:00\",\"breadcrumb\":{\"@id\":\"https:\/\/staging.forenteforlag.no\/dreyers\/produkt\/jodenes-historie-i-europa\/#breadcrumb\"},\"inLanguage\":\"nb-NO\",\"potentialAction\":[{\"@type\":\"ReadAction\",\"target\":[\"https:\/\/staging.forenteforlag.no\/dreyers\/produkt\/jodenes-historie-i-europa\/\"]}]},{\"@type\":\"ImageObject\",\"inLanguage\":\"nb-NO\",\"@id\":\"https:\/\/staging.forenteforlag.no\/dreyers\/produkt\/jodenes-historie-i-europa\/#primaryimage\",\"url\":\"https:\/\/staging.forenteforlag.no\/dreyers\/wp-content\/uploads\/sites\/2\/2025\/08\/jpg-5375.jpg\",\"contentUrl\":\"https:\/\/staging.forenteforlag.no\/dreyers\/wp-content\/uploads\/sites\/2\/2025\/08\/jpg-5375.jpg\",\"width\":437,\"height\":625},{\"@type\":\"BreadcrumbList\",\"@id\":\"https:\/\/staging.forenteforlag.no\/dreyers\/produkt\/jodenes-historie-i-europa\/#breadcrumb\",\"itemListElement\":[{\"@type\":\"ListItem\",\"position\":1,\"name\":\"Hjem\",\"item\":\"https:\/\/staging.forenteforlag.no\/dreyers\/\"},{\"@type\":\"ListItem\",\"position\":2,\"name\":\"Alle b\u00f8ker\",\"item\":\"https:\/\/staging.forenteforlag.no\/dreyers\/butikk\/\"},{\"@type\":\"ListItem\",\"position\":3,\"name\":\"J\u00f8denes historie i Europa\"}]},{\"@type\":\"WebSite\",\"@id\":\"https:\/\/staging.forenteforlag.no\/dreyers\/#website\",\"url\":\"https:\/\/staging.forenteforlag.no\/dreyers\/\",\"name\":\"Dreyers Forlag\",\"description\":\"\",\"potentialAction\":[{\"@type\":\"SearchAction\",\"target\":{\"@type\":\"EntryPoint\",\"urlTemplate\":\"https:\/\/staging.forenteforlag.no\/dreyers\/?s={search_term_string}\"},\"query-input\":{\"@type\":\"PropertyValueSpecification\",\"valueRequired\":true,\"valueName\":\"search_term_string\"}}],\"inLanguage\":\"nb-NO\"}]}<\/script>\n<!-- \/ Yoast SEO plugin. -->","yoast_head_json":{"title":"J\u00f8denes historie i Europa - Dreyers Forlag","robots":{"index":"noindex","follow":"follow","max-snippet":"max-snippet:-1","max-image-preview":"max-image-preview:large","max-video-preview":"max-video-preview:-1"},"og_locale":"nb_NO","og_type":"article","og_title":"J\u00f8denes historie i Europa - Dreyers Forlag","og_description":"Einhart Lorenz forteller i denne boka om de europeiske j\u00f8denes historie: fra fordrivelsen fra Vest- og Sentral-Europa p\u00e5 1400- og 1500-tallet fram til begynnelsen av andre verdenskrig. J\u00f8denes liv var grenseoverskridende og b\u00f8r derfor sees i et europeisk perspektiv. Vi f\u00e5r interessante innblikk i vekselvirkninger mellom j\u00f8der og majoritetssamfunn, i integrasjon og isolasjon, i identiteter [&hellip;]","og_url":"https:\/\/staging.forenteforlag.no\/dreyers\/produkt\/jodenes-historie-i-europa\/","og_site_name":"Dreyers Forlag","article_modified_time":"2025-08-27T05:43:45+00:00","og_image":[{"width":437,"height":625,"url":"https:\/\/staging.forenteforlag.no\/dreyers\/wp-content\/uploads\/sites\/2\/2025\/08\/jpg-5375.jpg","type":"image\/jpeg"}],"twitter_card":"summary_large_image","twitter_misc":{"Ansl. lesetid":"1 minutt"},"schema":{"@context":"https:\/\/schema.org","@graph":[{"@type":"WebPage","@id":"https:\/\/staging.forenteforlag.no\/dreyers\/produkt\/jodenes-historie-i-europa\/","url":"https:\/\/staging.forenteforlag.no\/dreyers\/produkt\/jodenes-historie-i-europa\/","name":"J\u00f8denes historie i Europa - Dreyers Forlag","isPartOf":{"@id":"https:\/\/staging.forenteforlag.no\/dreyers\/#website"},"primaryImageOfPage":{"@id":"https:\/\/staging.forenteforlag.no\/dreyers\/produkt\/jodenes-historie-i-europa\/#primaryimage"},"image":{"@id":"https:\/\/staging.forenteforlag.no\/dreyers\/produkt\/jodenes-historie-i-europa\/#primaryimage"},"thumbnailUrl":"https:\/\/staging.forenteforlag.no\/dreyers\/wp-content\/uploads\/sites\/2\/2025\/08\/jpg-5375.jpg","datePublished":"2022-03-18T00:00:00+00:00","dateModified":"2025-08-27T05:43:45+00:00","breadcrumb":{"@id":"https:\/\/staging.forenteforlag.no\/dreyers\/produkt\/jodenes-historie-i-europa\/#breadcrumb"},"inLanguage":"nb-NO","potentialAction":[{"@type":"ReadAction","target":["https:\/\/staging.forenteforlag.no\/dreyers\/produkt\/jodenes-historie-i-europa\/"]}]},{"@type":"ImageObject","inLanguage":"nb-NO","@id":"https:\/\/staging.forenteforlag.no\/dreyers\/produkt\/jodenes-historie-i-europa\/#primaryimage","url":"https:\/\/staging.forenteforlag.no\/dreyers\/wp-content\/uploads\/sites\/2\/2025\/08\/jpg-5375.jpg","contentUrl":"https:\/\/staging.forenteforlag.no\/dreyers\/wp-content\/uploads\/sites\/2\/2025\/08\/jpg-5375.jpg","width":437,"height":625},{"@type":"BreadcrumbList","@id":"https:\/\/staging.forenteforlag.no\/dreyers\/produkt\/jodenes-historie-i-europa\/#breadcrumb","itemListElement":[{"@type":"ListItem","position":1,"name":"Hjem","item":"https:\/\/staging.forenteforlag.no\/dreyers\/"},{"@type":"ListItem","position":2,"name":"Alle b\u00f8ker","item":"https:\/\/staging.forenteforlag.no\/dreyers\/butikk\/"},{"@type":"ListItem","position":3,"name":"J\u00f8denes historie i Europa"}]},{"@type":"WebSite","@id":"https:\/\/staging.forenteforlag.no\/dreyers\/#website","url":"https:\/\/staging.forenteforlag.no\/dreyers\/","name":"Dreyers Forlag","description":"","potentialAction":[{"@type":"SearchAction","target":{"@type":"EntryPoint","urlTemplate":"https:\/\/staging.forenteforlag.no\/dreyers\/?s={search_term_string}"},"query-input":{"@type":"PropertyValueSpecification","valueRequired":true,"valueName":"search_term_string"}}],"inLanguage":"nb-NO"}]}},"_links":{"self":[{"href":"https:\/\/staging.forenteforlag.no\/dreyers\/wp-json\/wp\/v2\/product\/21217","targetHints":{"allow":["GET"]}}],"collection":[{"href":"https:\/\/staging.forenteforlag.no\/dreyers\/wp-json\/wp\/v2\/product"}],"about":[{"href":"https:\/\/staging.forenteforlag.no\/dreyers\/wp-json\/wp\/v2\/types\/product"}],"wp:featuredmedia":[{"embeddable":true,"href":"https:\/\/staging.forenteforlag.no\/dreyers\/wp-json\/wp\/v2\/media\/23999"}],"wp:attachment":[{"href":"https:\/\/staging.forenteforlag.no\/dreyers\/wp-json\/wp\/v2\/media?parent=21217"}],"wp:term":[{"taxonomy":"product_brand","embeddable":true,"href":"https:\/\/staging.forenteforlag.no\/dreyers\/wp-json\/wp\/v2\/product_brand?post=21217"},{"taxonomy":"product_cat","embeddable":true,"href":"https:\/\/staging.forenteforlag.no\/dreyers\/wp-json\/wp\/v2\/product_cat?post=21217"},{"taxonomy":"product_tag","embeddable":true,"href":"https:\/\/staging.forenteforlag.no\/dreyers\/wp-json\/wp\/v2\/product_tag?post=21217"}],"curies":[{"name":"wp","href":"https:\/\/api.w.org\/{rel}","templated":true}]}}