{"id":21214,"date":"2022-03-25T01:00:00","date_gmt":"2022-03-25T00:00:00","guid":{"rendered":"https:\/\/dreyersforlag.forenteforlag.no\/produkt\/gullbrikkespillet-2\/"},"modified":"2025-08-27T11:02:52","modified_gmt":"2025-08-27T09:02:52","slug":"gullbrikkespillet-2","status":"publish","type":"product","link":"https:\/\/staging.forenteforlag.no\/dreyers\/produkt\/gullbrikkespillet-2\/","title":{"rendered":"Gullbrikkespillet"},"content":{"rendered":"<p>Alle vet at i Europa gnisser en ny, innvandret underklasse mot den innf\u00f8dte trygdeklassen; vi vet at liberalismen er i krise, og at middelklassen har delt seg i kosmopolitter og heimf\u00f8dinger. Vi vet ogs\u00e5 at \u00f8konomien ikke trenger mer enn halvparten av dagens arbeidsstokk, at moderniteten splintrer samfunnet og frar\u00f8ver individet livets mening. Industrisamfunnet og h\u00f8yre-venstre-aksen ligger bak oss, det samme gj\u00f8r storsamfunnet og nasjonen. <\/p>\n<p>Vi er p\u00e5 vei inn i noe nytt. I stedet for \u00e5 bejuble eller beklage de voldsomme endringene som Europa for tiden gjennomg\u00e5r, viser denne boken at vi ser omrisset av en ny tid. Midt blant ruinene av den gamle. Bokens tittel Gullbrikkespillet er hentet fra \u00abVolusp\u00e5\u00bb. N\u00e5r de overlevende vender hjem etter ragnarok, finner de gullbrikkene fra spillet de spilte f\u00f8r katastrofen. S\u00e5 begynner de spillet p\u00e5 ny.<\/p>\n","protected":false},"excerpt":{"rendered":"<p>Alle vet at i Europa gnisser en ny, innvandret underklasse mot den innf\u00f8dte trygdeklassen; vi vet at liberalismen er i krise, og at middelklassen har delt seg i kosmopolitter og heimf\u00f8dinger. Vi vet ogs\u00e5 at \u00f8konomien ikke trenger mer enn halvparten av dagens arbeidsstokk, at moderniteten splintrer samfunnet og frar\u00f8ver individet livets mening. Industrisamfunnet og [&hellip;]<\/p>\n","protected":false},"featured_media":24281,"template":"","meta":{"_acf_changed":false,"inline_featured_image":false},"product_brand":[],"product_cat":[1785,32],"product_tag":[482,362,1552,660,742],"class_list":{"0":"post-21214","1":"product","2":"type-product","3":"status-publish","4":"has-post-thumbnail","6":"product_cat-fripris","7":"product_cat-samfunn-og-politikk","8":"product_tag-europa","9":"product_tag-faglitteratur","10":"product_tag-liberalisme","11":"product_tag-sosial-lagdeling","12":"product_tag-sosialokonomi","13":"pa_format-pocket","15":"first","16":"instock","17":"shipping-taxable","18":"purchasable","19":"product-type-simple"},"acf":{"anmeldelse":null},"yoast_head":"<!-- This site is optimized with the Yoast SEO plugin v26.6 - https:\/\/yoast.com\/wordpress\/plugins\/seo\/ -->\n<title>Gullbrikkespillet - Dreyers Forlag<\/title>\n<meta name=\"robots\" content=\"noindex, follow, max-snippet:-1, max-image-preview:large, max-video-preview:-1\" \/>\n<meta property=\"og:locale\" content=\"nb_NO\" \/>\n<meta property=\"og:type\" content=\"article\" \/>\n<meta property=\"og:title\" content=\"Gullbrikkespillet - Dreyers Forlag\" \/>\n<meta property=\"og:description\" content=\"Alle vet at i Europa gnisser en ny, innvandret underklasse mot den innf\u00f8dte trygdeklassen; vi vet at liberalismen er i krise, og at middelklassen har delt seg i kosmopolitter og heimf\u00f8dinger. Vi vet ogs\u00e5 at \u00f8konomien ikke trenger mer enn halvparten av dagens arbeidsstokk, at moderniteten splintrer samfunnet og frar\u00f8ver individet livets mening. Industrisamfunnet og [&hellip;]\" \/>\n<meta property=\"og:url\" content=\"https:\/\/staging.forenteforlag.no\/dreyers\/produkt\/gullbrikkespillet-2\/\" \/>\n<meta property=\"og:site_name\" content=\"Dreyers Forlag\" \/>\n<meta property=\"article:modified_time\" content=\"2025-08-27T09:02:52+00:00\" \/>\n<meta property=\"og:image\" content=\"https:\/\/staging.forenteforlag.no\/dreyers\/wp-content\/uploads\/sites\/2\/2025\/08\/jpg-8002.jpg\" \/>\n\t<meta property=\"og:image:width\" content=\"431\" \/>\n\t<meta property=\"og:image:height\" content=\"612\" \/>\n\t<meta property=\"og:image:type\" content=\"image\/jpeg\" \/>\n<meta name=\"twitter:card\" content=\"summary_large_image\" \/>\n<meta name=\"twitter:label1\" content=\"Ansl. lesetid\" \/>\n\t<meta name=\"twitter:data1\" content=\"1 minutt\" \/>\n<script type=\"application\/ld+json\" class=\"yoast-schema-graph\">{\"@context\":\"https:\/\/schema.org\",\"@graph\":[{\"@type\":\"WebPage\",\"@id\":\"https:\/\/staging.forenteforlag.no\/dreyers\/produkt\/gullbrikkespillet-2\/\",\"url\":\"https:\/\/staging.forenteforlag.no\/dreyers\/produkt\/gullbrikkespillet-2\/\",\"name\":\"Gullbrikkespillet - Dreyers Forlag\",\"isPartOf\":{\"@id\":\"https:\/\/staging.forenteforlag.no\/dreyers\/#website\"},\"primaryImageOfPage\":{\"@id\":\"https:\/\/staging.forenteforlag.no\/dreyers\/produkt\/gullbrikkespillet-2\/#primaryimage\"},\"image\":{\"@id\":\"https:\/\/staging.forenteforlag.no\/dreyers\/produkt\/gullbrikkespillet-2\/#primaryimage\"},\"thumbnailUrl\":\"https:\/\/staging.forenteforlag.no\/dreyers\/wp-content\/uploads\/sites\/2\/2025\/08\/jpg-8002.jpg\",\"datePublished\":\"2022-03-25T00:00:00+00:00\",\"dateModified\":\"2025-08-27T09:02:52+00:00\",\"breadcrumb\":{\"@id\":\"https:\/\/staging.forenteforlag.no\/dreyers\/produkt\/gullbrikkespillet-2\/#breadcrumb\"},\"inLanguage\":\"nb-NO\",\"potentialAction\":[{\"@type\":\"ReadAction\",\"target\":[\"https:\/\/staging.forenteforlag.no\/dreyers\/produkt\/gullbrikkespillet-2\/\"]}]},{\"@type\":\"ImageObject\",\"inLanguage\":\"nb-NO\",\"@id\":\"https:\/\/staging.forenteforlag.no\/dreyers\/produkt\/gullbrikkespillet-2\/#primaryimage\",\"url\":\"https:\/\/staging.forenteforlag.no\/dreyers\/wp-content\/uploads\/sites\/2\/2025\/08\/jpg-8002.jpg\",\"contentUrl\":\"https:\/\/staging.forenteforlag.no\/dreyers\/wp-content\/uploads\/sites\/2\/2025\/08\/jpg-8002.jpg\",\"width\":431,\"height\":612},{\"@type\":\"BreadcrumbList\",\"@id\":\"https:\/\/staging.forenteforlag.no\/dreyers\/produkt\/gullbrikkespillet-2\/#breadcrumb\",\"itemListElement\":[{\"@type\":\"ListItem\",\"position\":1,\"name\":\"Hjem\",\"item\":\"https:\/\/staging.forenteforlag.no\/dreyers\/\"},{\"@type\":\"ListItem\",\"position\":2,\"name\":\"Alle b\u00f8ker\",\"item\":\"https:\/\/staging.forenteforlag.no\/dreyers\/butikk\/\"},{\"@type\":\"ListItem\",\"position\":3,\"name\":\"Gullbrikkespillet\"}]},{\"@type\":\"WebSite\",\"@id\":\"https:\/\/staging.forenteforlag.no\/dreyers\/#website\",\"url\":\"https:\/\/staging.forenteforlag.no\/dreyers\/\",\"name\":\"Dreyers Forlag\",\"description\":\"\",\"potentialAction\":[{\"@type\":\"SearchAction\",\"target\":{\"@type\":\"EntryPoint\",\"urlTemplate\":\"https:\/\/staging.forenteforlag.no\/dreyers\/?s={search_term_string}\"},\"query-input\":{\"@type\":\"PropertyValueSpecification\",\"valueRequired\":true,\"valueName\":\"search_term_string\"}}],\"inLanguage\":\"nb-NO\"}]}<\/script>\n<!-- \/ Yoast SEO plugin. -->","yoast_head_json":{"title":"Gullbrikkespillet - Dreyers Forlag","robots":{"index":"noindex","follow":"follow","max-snippet":"max-snippet:-1","max-image-preview":"max-image-preview:large","max-video-preview":"max-video-preview:-1"},"og_locale":"nb_NO","og_type":"article","og_title":"Gullbrikkespillet - Dreyers Forlag","og_description":"Alle vet at i Europa gnisser en ny, innvandret underklasse mot den innf\u00f8dte trygdeklassen; vi vet at liberalismen er i krise, og at middelklassen har delt seg i kosmopolitter og heimf\u00f8dinger. Vi vet ogs\u00e5 at \u00f8konomien ikke trenger mer enn halvparten av dagens arbeidsstokk, at moderniteten splintrer samfunnet og frar\u00f8ver individet livets mening. Industrisamfunnet og [&hellip;]","og_url":"https:\/\/staging.forenteforlag.no\/dreyers\/produkt\/gullbrikkespillet-2\/","og_site_name":"Dreyers Forlag","article_modified_time":"2025-08-27T09:02:52+00:00","og_image":[{"width":431,"height":612,"url":"https:\/\/staging.forenteforlag.no\/dreyers\/wp-content\/uploads\/sites\/2\/2025\/08\/jpg-8002.jpg","type":"image\/jpeg"}],"twitter_card":"summary_large_image","twitter_misc":{"Ansl. lesetid":"1 minutt"},"schema":{"@context":"https:\/\/schema.org","@graph":[{"@type":"WebPage","@id":"https:\/\/staging.forenteforlag.no\/dreyers\/produkt\/gullbrikkespillet-2\/","url":"https:\/\/staging.forenteforlag.no\/dreyers\/produkt\/gullbrikkespillet-2\/","name":"Gullbrikkespillet - Dreyers Forlag","isPartOf":{"@id":"https:\/\/staging.forenteforlag.no\/dreyers\/#website"},"primaryImageOfPage":{"@id":"https:\/\/staging.forenteforlag.no\/dreyers\/produkt\/gullbrikkespillet-2\/#primaryimage"},"image":{"@id":"https:\/\/staging.forenteforlag.no\/dreyers\/produkt\/gullbrikkespillet-2\/#primaryimage"},"thumbnailUrl":"https:\/\/staging.forenteforlag.no\/dreyers\/wp-content\/uploads\/sites\/2\/2025\/08\/jpg-8002.jpg","datePublished":"2022-03-25T00:00:00+00:00","dateModified":"2025-08-27T09:02:52+00:00","breadcrumb":{"@id":"https:\/\/staging.forenteforlag.no\/dreyers\/produkt\/gullbrikkespillet-2\/#breadcrumb"},"inLanguage":"nb-NO","potentialAction":[{"@type":"ReadAction","target":["https:\/\/staging.forenteforlag.no\/dreyers\/produkt\/gullbrikkespillet-2\/"]}]},{"@type":"ImageObject","inLanguage":"nb-NO","@id":"https:\/\/staging.forenteforlag.no\/dreyers\/produkt\/gullbrikkespillet-2\/#primaryimage","url":"https:\/\/staging.forenteforlag.no\/dreyers\/wp-content\/uploads\/sites\/2\/2025\/08\/jpg-8002.jpg","contentUrl":"https:\/\/staging.forenteforlag.no\/dreyers\/wp-content\/uploads\/sites\/2\/2025\/08\/jpg-8002.jpg","width":431,"height":612},{"@type":"BreadcrumbList","@id":"https:\/\/staging.forenteforlag.no\/dreyers\/produkt\/gullbrikkespillet-2\/#breadcrumb","itemListElement":[{"@type":"ListItem","position":1,"name":"Hjem","item":"https:\/\/staging.forenteforlag.no\/dreyers\/"},{"@type":"ListItem","position":2,"name":"Alle b\u00f8ker","item":"https:\/\/staging.forenteforlag.no\/dreyers\/butikk\/"},{"@type":"ListItem","position":3,"name":"Gullbrikkespillet"}]},{"@type":"WebSite","@id":"https:\/\/staging.forenteforlag.no\/dreyers\/#website","url":"https:\/\/staging.forenteforlag.no\/dreyers\/","name":"Dreyers Forlag","description":"","potentialAction":[{"@type":"SearchAction","target":{"@type":"EntryPoint","urlTemplate":"https:\/\/staging.forenteforlag.no\/dreyers\/?s={search_term_string}"},"query-input":{"@type":"PropertyValueSpecification","valueRequired":true,"valueName":"search_term_string"}}],"inLanguage":"nb-NO"}]}},"_links":{"self":[{"href":"https:\/\/staging.forenteforlag.no\/dreyers\/wp-json\/wp\/v2\/product\/21214","targetHints":{"allow":["GET"]}}],"collection":[{"href":"https:\/\/staging.forenteforlag.no\/dreyers\/wp-json\/wp\/v2\/product"}],"about":[{"href":"https:\/\/staging.forenteforlag.no\/dreyers\/wp-json\/wp\/v2\/types\/product"}],"wp:featuredmedia":[{"embeddable":true,"href":"https:\/\/staging.forenteforlag.no\/dreyers\/wp-json\/wp\/v2\/media\/24281"}],"wp:attachment":[{"href":"https:\/\/staging.forenteforlag.no\/dreyers\/wp-json\/wp\/v2\/media?parent=21214"}],"wp:term":[{"taxonomy":"product_brand","embeddable":true,"href":"https:\/\/staging.forenteforlag.no\/dreyers\/wp-json\/wp\/v2\/product_brand?post=21214"},{"taxonomy":"product_cat","embeddable":true,"href":"https:\/\/staging.forenteforlag.no\/dreyers\/wp-json\/wp\/v2\/product_cat?post=21214"},{"taxonomy":"product_tag","embeddable":true,"href":"https:\/\/staging.forenteforlag.no\/dreyers\/wp-json\/wp\/v2\/product_tag?post=21214"}],"curies":[{"name":"wp","href":"https:\/\/api.w.org\/{rel}","templated":true}]}}