{"id":21211,"date":"2022-06-07T02:00:00","date_gmt":"2022-06-07T00:00:00","guid":{"rendered":"https:\/\/dreyersforlag.forenteforlag.no\/produkt\/myllarguten\/"},"modified":"2025-09-23T15:37:34","modified_gmt":"2025-09-23T13:37:34","slug":"myllarguten","status":"publish","type":"product","link":"https:\/\/staging.forenteforlag.no\/dreyers\/produkt\/myllarguten\/","title":{"rendered":"Myllarguten"},"content":{"rendered":"<p>Myllarguten &#8211; den sagnomsuste fattiggutten fra Telemark ble v\u00e5r nasjonale legende p\u00e5 hardingfele, godt hjulpet av Ole Bull, en av attenhundretallets ber\u00f8mte .olinister. <\/p>\n<p>I 2022 var det 150 \u00e5r siden Myllarguten d\u00f8de, hans egentlige navn var Torgeir Augundson (1801-1872). Kontrastene mellom Myllarens og Ole Bulls verden beskriver godt de store kulturforskjellene som preget datidens Norge. Likevel klikket de to karene sammen i et livslangt vennskap. Boken skisserer deres unike kontakt, ber\u00f8mmelse og dramatiske livsl\u00f8p, knyttet opp mot den nasjonalromantiske perioden og dens utfordringer. I boken presenteres ogs\u00e5 interessante dypdykk i folkemusikalske temaer, Myllargutens medspillere, kvinnenes sentrale rolle og betydningen av datidens bondebryllup. <\/p>\n<p>Myllarguten er Annfrid Berget Haukelands f\u00f8rste bokutgivelse. Hun er master i .loso. og etterkommer av Myllaren. Gamle og nye kilder er samlet, .nkjemmet og satt sammen p\u00e5 nytt i en rikholdig biogra.sk framstilling.<\/p>\n","protected":false},"excerpt":{"rendered":"<p>Myllarguten &#8211; den sagnomsuste fattiggutten fra Telemark ble v\u00e5r nasjonale legende p\u00e5 hardingfele, godt hjulpet av Ole Bull, en av attenhundretallets ber\u00f8mte .olinister. I 2022 var det 150 \u00e5r siden Myllarguten d\u00f8de, hans egentlige navn var Torgeir Augundson (1801-1872). Kontrastene mellom Myllarens og Ole Bulls verden beskriver godt de store kulturforskjellene som preget datidens Norge. [&hellip;]<\/p>\n","protected":false},"featured_media":24050,"template":"","meta":{"_acf_changed":false,"inline_featured_image":false},"product_brand":[],"product_cat":[20,1785],"product_tag":[362],"class_list":{"0":"post-21211","1":"product","2":"type-product","3":"status-publish","4":"has-post-thumbnail","6":"product_cat-biografier-og-memoarer","7":"product_cat-fripris","8":"product_tag-faglitteratur","9":"pa_format-innbundet","11":"first","12":"instock","13":"shipping-taxable","14":"purchasable","15":"product-type-simple"},"acf":{"anmeldelse":null},"yoast_head":"<!-- This site is optimized with the Yoast SEO plugin v26.6 - https:\/\/yoast.com\/wordpress\/plugins\/seo\/ -->\n<title>Myllarguten - Dreyers Forlag<\/title>\n<meta name=\"robots\" content=\"noindex, follow, max-snippet:-1, max-image-preview:large, max-video-preview:-1\" \/>\n<meta property=\"og:locale\" content=\"nb_NO\" \/>\n<meta property=\"og:type\" content=\"article\" \/>\n<meta property=\"og:title\" content=\"Myllarguten - Dreyers Forlag\" \/>\n<meta property=\"og:description\" content=\"Myllarguten &#8211; den sagnomsuste fattiggutten fra Telemark ble v\u00e5r nasjonale legende p\u00e5 hardingfele, godt hjulpet av Ole Bull, en av attenhundretallets ber\u00f8mte .olinister. I 2022 var det 150 \u00e5r siden Myllarguten d\u00f8de, hans egentlige navn var Torgeir Augundson (1801-1872). Kontrastene mellom Myllarens og Ole Bulls verden beskriver godt de store kulturforskjellene som preget datidens Norge. [&hellip;]\" \/>\n<meta property=\"og:url\" content=\"https:\/\/staging.forenteforlag.no\/dreyers\/produkt\/myllarguten\/\" \/>\n<meta property=\"og:site_name\" content=\"Dreyers Forlag\" \/>\n<meta property=\"article:modified_time\" content=\"2025-09-23T13:37:34+00:00\" \/>\n<meta property=\"og:image\" content=\"https:\/\/staging.forenteforlag.no\/dreyers\/wp-content\/uploads\/sites\/2\/2025\/08\/jpg-5740.jpg\" \/>\n\t<meta property=\"og:image:width\" content=\"705\" \/>\n\t<meta property=\"og:image:height\" content=\"676\" \/>\n\t<meta property=\"og:image:type\" content=\"image\/jpeg\" \/>\n<meta name=\"twitter:card\" content=\"summary_large_image\" \/>\n<meta name=\"twitter:label1\" content=\"Ansl. lesetid\" \/>\n\t<meta name=\"twitter:data1\" content=\"1 minutt\" \/>\n<script type=\"application\/ld+json\" class=\"yoast-schema-graph\">{\"@context\":\"https:\/\/schema.org\",\"@graph\":[{\"@type\":\"WebPage\",\"@id\":\"https:\/\/staging.forenteforlag.no\/dreyers\/produkt\/myllarguten\/\",\"url\":\"https:\/\/staging.forenteforlag.no\/dreyers\/produkt\/myllarguten\/\",\"name\":\"Myllarguten - Dreyers Forlag\",\"isPartOf\":{\"@id\":\"https:\/\/staging.forenteforlag.no\/dreyers\/#website\"},\"primaryImageOfPage\":{\"@id\":\"https:\/\/staging.forenteforlag.no\/dreyers\/produkt\/myllarguten\/#primaryimage\"},\"image\":{\"@id\":\"https:\/\/staging.forenteforlag.no\/dreyers\/produkt\/myllarguten\/#primaryimage\"},\"thumbnailUrl\":\"https:\/\/staging.forenteforlag.no\/dreyers\/wp-content\/uploads\/sites\/2\/2025\/08\/jpg-5740.jpg\",\"datePublished\":\"2022-06-07T00:00:00+00:00\",\"dateModified\":\"2025-09-23T13:37:34+00:00\",\"breadcrumb\":{\"@id\":\"https:\/\/staging.forenteforlag.no\/dreyers\/produkt\/myllarguten\/#breadcrumb\"},\"inLanguage\":\"nb-NO\",\"potentialAction\":[{\"@type\":\"ReadAction\",\"target\":[\"https:\/\/staging.forenteforlag.no\/dreyers\/produkt\/myllarguten\/\"]}]},{\"@type\":\"ImageObject\",\"inLanguage\":\"nb-NO\",\"@id\":\"https:\/\/staging.forenteforlag.no\/dreyers\/produkt\/myllarguten\/#primaryimage\",\"url\":\"https:\/\/staging.forenteforlag.no\/dreyers\/wp-content\/uploads\/sites\/2\/2025\/08\/jpg-5740.jpg\",\"contentUrl\":\"https:\/\/staging.forenteforlag.no\/dreyers\/wp-content\/uploads\/sites\/2\/2025\/08\/jpg-5740.jpg\",\"width\":705,\"height\":676},{\"@type\":\"BreadcrumbList\",\"@id\":\"https:\/\/staging.forenteforlag.no\/dreyers\/produkt\/myllarguten\/#breadcrumb\",\"itemListElement\":[{\"@type\":\"ListItem\",\"position\":1,\"name\":\"Hjem\",\"item\":\"https:\/\/staging.forenteforlag.no\/dreyers\/\"},{\"@type\":\"ListItem\",\"position\":2,\"name\":\"Alle b\u00f8ker\",\"item\":\"https:\/\/staging.forenteforlag.no\/dreyers\/butikk\/\"},{\"@type\":\"ListItem\",\"position\":3,\"name\":\"Myllarguten\"}]},{\"@type\":\"WebSite\",\"@id\":\"https:\/\/staging.forenteforlag.no\/dreyers\/#website\",\"url\":\"https:\/\/staging.forenteforlag.no\/dreyers\/\",\"name\":\"Dreyers Forlag\",\"description\":\"\",\"potentialAction\":[{\"@type\":\"SearchAction\",\"target\":{\"@type\":\"EntryPoint\",\"urlTemplate\":\"https:\/\/staging.forenteforlag.no\/dreyers\/?s={search_term_string}\"},\"query-input\":{\"@type\":\"PropertyValueSpecification\",\"valueRequired\":true,\"valueName\":\"search_term_string\"}}],\"inLanguage\":\"nb-NO\"}]}<\/script>\n<!-- \/ Yoast SEO plugin. -->","yoast_head_json":{"title":"Myllarguten - Dreyers Forlag","robots":{"index":"noindex","follow":"follow","max-snippet":"max-snippet:-1","max-image-preview":"max-image-preview:large","max-video-preview":"max-video-preview:-1"},"og_locale":"nb_NO","og_type":"article","og_title":"Myllarguten - Dreyers Forlag","og_description":"Myllarguten &#8211; den sagnomsuste fattiggutten fra Telemark ble v\u00e5r nasjonale legende p\u00e5 hardingfele, godt hjulpet av Ole Bull, en av attenhundretallets ber\u00f8mte .olinister. I 2022 var det 150 \u00e5r siden Myllarguten d\u00f8de, hans egentlige navn var Torgeir Augundson (1801-1872). Kontrastene mellom Myllarens og Ole Bulls verden beskriver godt de store kulturforskjellene som preget datidens Norge. [&hellip;]","og_url":"https:\/\/staging.forenteforlag.no\/dreyers\/produkt\/myllarguten\/","og_site_name":"Dreyers Forlag","article_modified_time":"2025-09-23T13:37:34+00:00","og_image":[{"width":705,"height":676,"url":"https:\/\/staging.forenteforlag.no\/dreyers\/wp-content\/uploads\/sites\/2\/2025\/08\/jpg-5740.jpg","type":"image\/jpeg"}],"twitter_card":"summary_large_image","twitter_misc":{"Ansl. lesetid":"1 minutt"},"schema":{"@context":"https:\/\/schema.org","@graph":[{"@type":"WebPage","@id":"https:\/\/staging.forenteforlag.no\/dreyers\/produkt\/myllarguten\/","url":"https:\/\/staging.forenteforlag.no\/dreyers\/produkt\/myllarguten\/","name":"Myllarguten - Dreyers Forlag","isPartOf":{"@id":"https:\/\/staging.forenteforlag.no\/dreyers\/#website"},"primaryImageOfPage":{"@id":"https:\/\/staging.forenteforlag.no\/dreyers\/produkt\/myllarguten\/#primaryimage"},"image":{"@id":"https:\/\/staging.forenteforlag.no\/dreyers\/produkt\/myllarguten\/#primaryimage"},"thumbnailUrl":"https:\/\/staging.forenteforlag.no\/dreyers\/wp-content\/uploads\/sites\/2\/2025\/08\/jpg-5740.jpg","datePublished":"2022-06-07T00:00:00+00:00","dateModified":"2025-09-23T13:37:34+00:00","breadcrumb":{"@id":"https:\/\/staging.forenteforlag.no\/dreyers\/produkt\/myllarguten\/#breadcrumb"},"inLanguage":"nb-NO","potentialAction":[{"@type":"ReadAction","target":["https:\/\/staging.forenteforlag.no\/dreyers\/produkt\/myllarguten\/"]}]},{"@type":"ImageObject","inLanguage":"nb-NO","@id":"https:\/\/staging.forenteforlag.no\/dreyers\/produkt\/myllarguten\/#primaryimage","url":"https:\/\/staging.forenteforlag.no\/dreyers\/wp-content\/uploads\/sites\/2\/2025\/08\/jpg-5740.jpg","contentUrl":"https:\/\/staging.forenteforlag.no\/dreyers\/wp-content\/uploads\/sites\/2\/2025\/08\/jpg-5740.jpg","width":705,"height":676},{"@type":"BreadcrumbList","@id":"https:\/\/staging.forenteforlag.no\/dreyers\/produkt\/myllarguten\/#breadcrumb","itemListElement":[{"@type":"ListItem","position":1,"name":"Hjem","item":"https:\/\/staging.forenteforlag.no\/dreyers\/"},{"@type":"ListItem","position":2,"name":"Alle b\u00f8ker","item":"https:\/\/staging.forenteforlag.no\/dreyers\/butikk\/"},{"@type":"ListItem","position":3,"name":"Myllarguten"}]},{"@type":"WebSite","@id":"https:\/\/staging.forenteforlag.no\/dreyers\/#website","url":"https:\/\/staging.forenteforlag.no\/dreyers\/","name":"Dreyers Forlag","description":"","potentialAction":[{"@type":"SearchAction","target":{"@type":"EntryPoint","urlTemplate":"https:\/\/staging.forenteforlag.no\/dreyers\/?s={search_term_string}"},"query-input":{"@type":"PropertyValueSpecification","valueRequired":true,"valueName":"search_term_string"}}],"inLanguage":"nb-NO"}]}},"_links":{"self":[{"href":"https:\/\/staging.forenteforlag.no\/dreyers\/wp-json\/wp\/v2\/product\/21211","targetHints":{"allow":["GET"]}}],"collection":[{"href":"https:\/\/staging.forenteforlag.no\/dreyers\/wp-json\/wp\/v2\/product"}],"about":[{"href":"https:\/\/staging.forenteforlag.no\/dreyers\/wp-json\/wp\/v2\/types\/product"}],"wp:featuredmedia":[{"embeddable":true,"href":"https:\/\/staging.forenteforlag.no\/dreyers\/wp-json\/wp\/v2\/media\/24050"}],"wp:attachment":[{"href":"https:\/\/staging.forenteforlag.no\/dreyers\/wp-json\/wp\/v2\/media?parent=21211"}],"wp:term":[{"taxonomy":"product_brand","embeddable":true,"href":"https:\/\/staging.forenteforlag.no\/dreyers\/wp-json\/wp\/v2\/product_brand?post=21211"},{"taxonomy":"product_cat","embeddable":true,"href":"https:\/\/staging.forenteforlag.no\/dreyers\/wp-json\/wp\/v2\/product_cat?post=21211"},{"taxonomy":"product_tag","embeddable":true,"href":"https:\/\/staging.forenteforlag.no\/dreyers\/wp-json\/wp\/v2\/product_tag?post=21211"}],"curies":[{"name":"wp","href":"https:\/\/api.w.org\/{rel}","templated":true}]}}