{"id":21210,"date":"2022-08-22T02:00:00","date_gmt":"2022-08-22T00:00:00","guid":{"rendered":"https:\/\/dreyersforlag.forenteforlag.no\/produkt\/da-sporten-erobret-norge\/"},"modified":"2025-09-01T08:26:01","modified_gmt":"2025-09-01T06:26:01","slug":"da-sporten-erobret-norge","status":"publish","type":"product","link":"https:\/\/staging.forenteforlag.no\/dreyers\/produkt\/da-sporten-erobret-norge\/","title":{"rendered":"Da sporten erobret Norge"},"content":{"rendered":"<p>Som alle sportsinteresserte vet, er sport mer enn prestasjoner og resultater. Sporten er intimt forbundet med sterke f\u00f8lelser, med fellesskap, identitet og samhold. Likevel er sport i altfor liten grad blitt trukket inn i studier av historie og samfunn. <\/p>\n<p>Denne boka skal bidra til \u00e5 knytte sammen sport og samfunn. Den tar for seg perioden \u00abda sporten erobret Norge\u00bb, det vil si ti\u00e5rene fram mot 1940. Sporten ble en del av tidens store sp\u00f8rsm\u00e5l, som nasjonalf\u00f8lelse, forholdet mellom klassene og ikke minst kj\u00f8nn. Sport var arena for bygging av mannlig identitet, samtidig som kvinner kunne signalisere b\u00e5de aksept for tradisjonelle kj\u00f8nnsgrenser og overskridelse og frigj\u00f8ring. Sporten kunne inng\u00e5 i oppdragelses- og disiplineringsprosjekter ovenfra &#8211; fra nasjonalt forsvar til helse og sunnhet i det moderne samfunnet &#8211; og gi utl\u00f8p for individuell livsutfoldelse i tross mot samfunnsoppdragere og autoriteter. Sport var kamp, ikke bare p\u00e5 banen, men ogs\u00e5 om holdninger, verdier og samfunnsutvikling. Sport satte grupper opp mot hverandre, men kunne ogs\u00e5 samle. Det skulle bli viktig da Norge i 1940 ble angrepet og okkupert.<\/p>\n","protected":false},"excerpt":{"rendered":"<p>Som alle sportsinteresserte vet, er sport mer enn prestasjoner og resultater. Sporten er intimt forbundet med sterke f\u00f8lelser, med fellesskap, identitet og samhold. Likevel er sport i altfor liten grad blitt trukket inn i studier av historie og samfunn. Denne boka skal bidra til \u00e5 knytte sammen sport og samfunn. Den tar for seg perioden [&hellip;]<\/p>\n","protected":false},"featured_media":24368,"template":"","meta":{"_acf_changed":false,"inline_featured_image":false},"product_brand":[],"product_cat":[1785,29],"product_tag":[517,391,362,361,380,1294,439,660],"class_list":{"0":"post-21210","1":"product","2":"type-product","3":"status-publish","4":"has-post-thumbnail","6":"product_cat-fripris","7":"product_cat-natur-friluftsliv-og-sport","8":"product_tag-1918-1939","9":"product_tag-diskriminering","10":"product_tag-faglitteratur","11":"product_tag-kulturhistorie","12":"product_tag-kvinner","13":"product_tag-lufttransport","14":"product_tag-nord-norge","15":"product_tag-sosial-lagdeling","16":"pa_format-innbundet","18":"first","19":"instock","20":"shipping-taxable","21":"purchasable","22":"product-type-simple"},"acf":{"anmeldelse":null},"yoast_head":"<!-- This site is optimized with the Yoast SEO plugin v26.6 - https:\/\/yoast.com\/wordpress\/plugins\/seo\/ -->\n<title>Da sporten erobret Norge - Dreyers Forlag<\/title>\n<meta name=\"robots\" content=\"noindex, follow, max-snippet:-1, max-image-preview:large, max-video-preview:-1\" \/>\n<meta property=\"og:locale\" content=\"nb_NO\" \/>\n<meta property=\"og:type\" content=\"article\" \/>\n<meta property=\"og:title\" content=\"Da sporten erobret Norge - Dreyers Forlag\" \/>\n<meta property=\"og:description\" content=\"Som alle sportsinteresserte vet, er sport mer enn prestasjoner og resultater. Sporten er intimt forbundet med sterke f\u00f8lelser, med fellesskap, identitet og samhold. Likevel er sport i altfor liten grad blitt trukket inn i studier av historie og samfunn. Denne boka skal bidra til \u00e5 knytte sammen sport og samfunn. Den tar for seg perioden [&hellip;]\" \/>\n<meta property=\"og:url\" content=\"https:\/\/staging.forenteforlag.no\/dreyers\/produkt\/da-sporten-erobret-norge\/\" \/>\n<meta property=\"og:site_name\" content=\"Dreyers Forlag\" \/>\n<meta property=\"article:modified_time\" content=\"2025-09-01T06:26:01+00:00\" \/>\n<meta property=\"og:image\" content=\"https:\/\/staging.forenteforlag.no\/dreyers\/wp-content\/uploads\/sites\/2\/2025\/08\/jpg-8752.jpg\" \/>\n\t<meta property=\"og:image:width\" content=\"457\" \/>\n\t<meta property=\"og:image:height\" content=\"645\" \/>\n\t<meta property=\"og:image:type\" content=\"image\/jpeg\" \/>\n<meta name=\"twitter:card\" content=\"summary_large_image\" \/>\n<meta name=\"twitter:label1\" content=\"Ansl. lesetid\" \/>\n\t<meta name=\"twitter:data1\" content=\"1 minutt\" \/>\n<script type=\"application\/ld+json\" class=\"yoast-schema-graph\">{\"@context\":\"https:\/\/schema.org\",\"@graph\":[{\"@type\":\"WebPage\",\"@id\":\"https:\/\/staging.forenteforlag.no\/dreyers\/produkt\/da-sporten-erobret-norge\/\",\"url\":\"https:\/\/staging.forenteforlag.no\/dreyers\/produkt\/da-sporten-erobret-norge\/\",\"name\":\"Da sporten erobret Norge - Dreyers Forlag\",\"isPartOf\":{\"@id\":\"https:\/\/staging.forenteforlag.no\/dreyers\/#website\"},\"primaryImageOfPage\":{\"@id\":\"https:\/\/staging.forenteforlag.no\/dreyers\/produkt\/da-sporten-erobret-norge\/#primaryimage\"},\"image\":{\"@id\":\"https:\/\/staging.forenteforlag.no\/dreyers\/produkt\/da-sporten-erobret-norge\/#primaryimage\"},\"thumbnailUrl\":\"https:\/\/staging.forenteforlag.no\/dreyers\/wp-content\/uploads\/sites\/2\/2025\/08\/jpg-8752.jpg\",\"datePublished\":\"2022-08-22T00:00:00+00:00\",\"dateModified\":\"2025-09-01T06:26:01+00:00\",\"breadcrumb\":{\"@id\":\"https:\/\/staging.forenteforlag.no\/dreyers\/produkt\/da-sporten-erobret-norge\/#breadcrumb\"},\"inLanguage\":\"nb-NO\",\"potentialAction\":[{\"@type\":\"ReadAction\",\"target\":[\"https:\/\/staging.forenteforlag.no\/dreyers\/produkt\/da-sporten-erobret-norge\/\"]}]},{\"@type\":\"ImageObject\",\"inLanguage\":\"nb-NO\",\"@id\":\"https:\/\/staging.forenteforlag.no\/dreyers\/produkt\/da-sporten-erobret-norge\/#primaryimage\",\"url\":\"https:\/\/staging.forenteforlag.no\/dreyers\/wp-content\/uploads\/sites\/2\/2025\/08\/jpg-8752.jpg\",\"contentUrl\":\"https:\/\/staging.forenteforlag.no\/dreyers\/wp-content\/uploads\/sites\/2\/2025\/08\/jpg-8752.jpg\",\"width\":457,\"height\":645},{\"@type\":\"BreadcrumbList\",\"@id\":\"https:\/\/staging.forenteforlag.no\/dreyers\/produkt\/da-sporten-erobret-norge\/#breadcrumb\",\"itemListElement\":[{\"@type\":\"ListItem\",\"position\":1,\"name\":\"Hjem\",\"item\":\"https:\/\/staging.forenteforlag.no\/dreyers\/\"},{\"@type\":\"ListItem\",\"position\":2,\"name\":\"Alle b\u00f8ker\",\"item\":\"https:\/\/staging.forenteforlag.no\/dreyers\/butikk\/\"},{\"@type\":\"ListItem\",\"position\":3,\"name\":\"Da sporten erobret Norge\"}]},{\"@type\":\"WebSite\",\"@id\":\"https:\/\/staging.forenteforlag.no\/dreyers\/#website\",\"url\":\"https:\/\/staging.forenteforlag.no\/dreyers\/\",\"name\":\"Dreyers Forlag\",\"description\":\"\",\"potentialAction\":[{\"@type\":\"SearchAction\",\"target\":{\"@type\":\"EntryPoint\",\"urlTemplate\":\"https:\/\/staging.forenteforlag.no\/dreyers\/?s={search_term_string}\"},\"query-input\":{\"@type\":\"PropertyValueSpecification\",\"valueRequired\":true,\"valueName\":\"search_term_string\"}}],\"inLanguage\":\"nb-NO\"}]}<\/script>\n<!-- \/ Yoast SEO plugin. -->","yoast_head_json":{"title":"Da sporten erobret Norge - Dreyers Forlag","robots":{"index":"noindex","follow":"follow","max-snippet":"max-snippet:-1","max-image-preview":"max-image-preview:large","max-video-preview":"max-video-preview:-1"},"og_locale":"nb_NO","og_type":"article","og_title":"Da sporten erobret Norge - Dreyers Forlag","og_description":"Som alle sportsinteresserte vet, er sport mer enn prestasjoner og resultater. Sporten er intimt forbundet med sterke f\u00f8lelser, med fellesskap, identitet og samhold. Likevel er sport i altfor liten grad blitt trukket inn i studier av historie og samfunn. Denne boka skal bidra til \u00e5 knytte sammen sport og samfunn. Den tar for seg perioden [&hellip;]","og_url":"https:\/\/staging.forenteforlag.no\/dreyers\/produkt\/da-sporten-erobret-norge\/","og_site_name":"Dreyers Forlag","article_modified_time":"2025-09-01T06:26:01+00:00","og_image":[{"width":457,"height":645,"url":"https:\/\/staging.forenteforlag.no\/dreyers\/wp-content\/uploads\/sites\/2\/2025\/08\/jpg-8752.jpg","type":"image\/jpeg"}],"twitter_card":"summary_large_image","twitter_misc":{"Ansl. lesetid":"1 minutt"},"schema":{"@context":"https:\/\/schema.org","@graph":[{"@type":"WebPage","@id":"https:\/\/staging.forenteforlag.no\/dreyers\/produkt\/da-sporten-erobret-norge\/","url":"https:\/\/staging.forenteforlag.no\/dreyers\/produkt\/da-sporten-erobret-norge\/","name":"Da sporten erobret Norge - Dreyers Forlag","isPartOf":{"@id":"https:\/\/staging.forenteforlag.no\/dreyers\/#website"},"primaryImageOfPage":{"@id":"https:\/\/staging.forenteforlag.no\/dreyers\/produkt\/da-sporten-erobret-norge\/#primaryimage"},"image":{"@id":"https:\/\/staging.forenteforlag.no\/dreyers\/produkt\/da-sporten-erobret-norge\/#primaryimage"},"thumbnailUrl":"https:\/\/staging.forenteforlag.no\/dreyers\/wp-content\/uploads\/sites\/2\/2025\/08\/jpg-8752.jpg","datePublished":"2022-08-22T00:00:00+00:00","dateModified":"2025-09-01T06:26:01+00:00","breadcrumb":{"@id":"https:\/\/staging.forenteforlag.no\/dreyers\/produkt\/da-sporten-erobret-norge\/#breadcrumb"},"inLanguage":"nb-NO","potentialAction":[{"@type":"ReadAction","target":["https:\/\/staging.forenteforlag.no\/dreyers\/produkt\/da-sporten-erobret-norge\/"]}]},{"@type":"ImageObject","inLanguage":"nb-NO","@id":"https:\/\/staging.forenteforlag.no\/dreyers\/produkt\/da-sporten-erobret-norge\/#primaryimage","url":"https:\/\/staging.forenteforlag.no\/dreyers\/wp-content\/uploads\/sites\/2\/2025\/08\/jpg-8752.jpg","contentUrl":"https:\/\/staging.forenteforlag.no\/dreyers\/wp-content\/uploads\/sites\/2\/2025\/08\/jpg-8752.jpg","width":457,"height":645},{"@type":"BreadcrumbList","@id":"https:\/\/staging.forenteforlag.no\/dreyers\/produkt\/da-sporten-erobret-norge\/#breadcrumb","itemListElement":[{"@type":"ListItem","position":1,"name":"Hjem","item":"https:\/\/staging.forenteforlag.no\/dreyers\/"},{"@type":"ListItem","position":2,"name":"Alle b\u00f8ker","item":"https:\/\/staging.forenteforlag.no\/dreyers\/butikk\/"},{"@type":"ListItem","position":3,"name":"Da sporten erobret Norge"}]},{"@type":"WebSite","@id":"https:\/\/staging.forenteforlag.no\/dreyers\/#website","url":"https:\/\/staging.forenteforlag.no\/dreyers\/","name":"Dreyers Forlag","description":"","potentialAction":[{"@type":"SearchAction","target":{"@type":"EntryPoint","urlTemplate":"https:\/\/staging.forenteforlag.no\/dreyers\/?s={search_term_string}"},"query-input":{"@type":"PropertyValueSpecification","valueRequired":true,"valueName":"search_term_string"}}],"inLanguage":"nb-NO"}]}},"_links":{"self":[{"href":"https:\/\/staging.forenteforlag.no\/dreyers\/wp-json\/wp\/v2\/product\/21210","targetHints":{"allow":["GET"]}}],"collection":[{"href":"https:\/\/staging.forenteforlag.no\/dreyers\/wp-json\/wp\/v2\/product"}],"about":[{"href":"https:\/\/staging.forenteforlag.no\/dreyers\/wp-json\/wp\/v2\/types\/product"}],"wp:featuredmedia":[{"embeddable":true,"href":"https:\/\/staging.forenteforlag.no\/dreyers\/wp-json\/wp\/v2\/media\/24368"}],"wp:attachment":[{"href":"https:\/\/staging.forenteforlag.no\/dreyers\/wp-json\/wp\/v2\/media?parent=21210"}],"wp:term":[{"taxonomy":"product_brand","embeddable":true,"href":"https:\/\/staging.forenteforlag.no\/dreyers\/wp-json\/wp\/v2\/product_brand?post=21210"},{"taxonomy":"product_cat","embeddable":true,"href":"https:\/\/staging.forenteforlag.no\/dreyers\/wp-json\/wp\/v2\/product_cat?post=21210"},{"taxonomy":"product_tag","embeddable":true,"href":"https:\/\/staging.forenteforlag.no\/dreyers\/wp-json\/wp\/v2\/product_tag?post=21210"}],"curies":[{"name":"wp","href":"https:\/\/api.w.org\/{rel}","templated":true}]}}