{"id":21205,"date":"2022-09-28T02:00:00","date_gmt":"2022-09-28T00:00:00","guid":{"rendered":"https:\/\/dreyersforlag.forenteforlag.no\/produkt\/kakofonen\/"},"modified":"2025-09-03T15:07:54","modified_gmt":"2025-09-03T13:07:54","slug":"kakofonen","status":"publish","type":"product","link":"https:\/\/staging.forenteforlag.no\/dreyers\/produkt\/kakofonen\/","title":{"rendered":"Kakofonen"},"content":{"rendered":"<p>Livet er kort. Samtidig legger vi igjen ca 5,4 timer p\u00e5 mobiltelefonene daglig. 2617 ber\u00f8ringer hver dag. Og dette i en tid hvor tidsklemma er en akseptert del av tilv\u00e6relsen, og stadig flere sliter med \u00e5 f\u00e5 sove. Smarttelefonen og sosiale medier er samtidig v\u00e5rt vindu til alt vi ikke f\u00e5r til. Alt vi kunne f\u00e5tt til, alt vi mangler.<\/p>\n<p>I denne boka beskriver forfatteren hvordan vi har innrettet v\u00e5re liv slik at stadig mer tid brukes p\u00e5 skjerm. Vi f\u00e5r f\u00f8lgelig mindre tid til alt annet som egentlig er viktig for oss mennesker: fellesskap, natur, bearbeiding av egne tanker.<\/p>\n<p>\u00c5 v\u00e6re oppmerksomt til stede for v\u00e5re n\u00e6re, rette oss mot dem, det er idealet. Men vi fristes heller av ubegrensetheten vi opplever p\u00e5 nett og sosiale medier. Det appellerer til valgfriheten vi liker s\u00e5 godt. Vi kan f\u00e5 med oss alt. Mange \u00f8nsker at d\u00f8gnet hadde flere timer, uten tanke for at det kan g\u00e5 i oppfyllelse. Gj\u00f8r noe med smarttelefonen. Gj\u00f8r den dum, fjern nettleser, installer gr\u00e5tt filter, behandle den som en fasttelefon, legg inn et tak for skjermtid, hva som helst, og voil\u00e0, d\u00f8gnet har flere timer. Kanskje du til og med f\u00e5r sove igjen om kvelden.<\/p>\n","protected":false},"excerpt":{"rendered":"<p>Livet er kort. Samtidig legger vi igjen ca 5,4 timer p\u00e5 mobiltelefonene daglig. 2617 ber\u00f8ringer hver dag. Og dette i en tid hvor tidsklemma er en akseptert del av tilv\u00e6relsen, og stadig flere sliter med \u00e5 f\u00e5 sove. Smarttelefonen og sosiale medier er samtidig v\u00e5rt vindu til alt vi ikke f\u00e5r til. Alt vi kunne [&hellip;]<\/p>\n","protected":false},"featured_media":24098,"template":"","meta":{"_acf_changed":false,"inline_featured_image":false},"product_brand":[],"product_cat":[1785,25],"product_tag":[362,644],"class_list":{"0":"post-21205","1":"product","2":"type-product","3":"status-publish","4":"has-post-thumbnail","6":"product_cat-fripris","7":"product_cat-kropp-og-sinn","8":"product_tag-faglitteratur","9":"product_tag-selvutvikling","10":"pa_format-innbundet","12":"first","13":"instock","14":"shipping-taxable","15":"purchasable","16":"product-type-simple"},"acf":{"anmeldelse":null},"yoast_head":"<!-- This site is optimized with the Yoast SEO plugin v26.6 - https:\/\/yoast.com\/wordpress\/plugins\/seo\/ -->\n<title>Kakofonen - Dreyers Forlag<\/title>\n<meta name=\"robots\" content=\"noindex, follow, max-snippet:-1, max-image-preview:large, max-video-preview:-1\" \/>\n<meta property=\"og:locale\" content=\"nb_NO\" \/>\n<meta property=\"og:type\" content=\"article\" \/>\n<meta property=\"og:title\" content=\"Kakofonen - Dreyers Forlag\" \/>\n<meta property=\"og:description\" content=\"Livet er kort. Samtidig legger vi igjen ca 5,4 timer p\u00e5 mobiltelefonene daglig. 2617 ber\u00f8ringer hver dag. Og dette i en tid hvor tidsklemma er en akseptert del av tilv\u00e6relsen, og stadig flere sliter med \u00e5 f\u00e5 sove. Smarttelefonen og sosiale medier er samtidig v\u00e5rt vindu til alt vi ikke f\u00e5r til. Alt vi kunne [&hellip;]\" \/>\n<meta property=\"og:url\" content=\"https:\/\/staging.forenteforlag.no\/dreyers\/produkt\/kakofonen\/\" \/>\n<meta property=\"og:site_name\" content=\"Dreyers Forlag\" \/>\n<meta property=\"article:modified_time\" content=\"2025-09-03T13:07:54+00:00\" \/>\n<meta property=\"og:image\" content=\"https:\/\/staging.forenteforlag.no\/dreyers\/wp-content\/uploads\/sites\/2\/2025\/08\/jpg-6221.jpg\" \/>\n\t<meta property=\"og:image:width\" content=\"382\" \/>\n\t<meta property=\"og:image:height\" content=\"627\" \/>\n\t<meta property=\"og:image:type\" content=\"image\/jpeg\" \/>\n<meta name=\"twitter:card\" content=\"summary_large_image\" \/>\n<meta name=\"twitter:label1\" content=\"Ansl. lesetid\" \/>\n\t<meta name=\"twitter:data1\" content=\"1 minutt\" \/>\n<script type=\"application\/ld+json\" class=\"yoast-schema-graph\">{\"@context\":\"https:\/\/schema.org\",\"@graph\":[{\"@type\":\"WebPage\",\"@id\":\"https:\/\/staging.forenteforlag.no\/dreyers\/produkt\/kakofonen\/\",\"url\":\"https:\/\/staging.forenteforlag.no\/dreyers\/produkt\/kakofonen\/\",\"name\":\"Kakofonen - Dreyers Forlag\",\"isPartOf\":{\"@id\":\"https:\/\/staging.forenteforlag.no\/dreyers\/#website\"},\"primaryImageOfPage\":{\"@id\":\"https:\/\/staging.forenteforlag.no\/dreyers\/produkt\/kakofonen\/#primaryimage\"},\"image\":{\"@id\":\"https:\/\/staging.forenteforlag.no\/dreyers\/produkt\/kakofonen\/#primaryimage\"},\"thumbnailUrl\":\"https:\/\/staging.forenteforlag.no\/dreyers\/wp-content\/uploads\/sites\/2\/2025\/08\/jpg-6221.jpg\",\"datePublished\":\"2022-09-28T00:00:00+00:00\",\"dateModified\":\"2025-09-03T13:07:54+00:00\",\"breadcrumb\":{\"@id\":\"https:\/\/staging.forenteforlag.no\/dreyers\/produkt\/kakofonen\/#breadcrumb\"},\"inLanguage\":\"nb-NO\",\"potentialAction\":[{\"@type\":\"ReadAction\",\"target\":[\"https:\/\/staging.forenteforlag.no\/dreyers\/produkt\/kakofonen\/\"]}]},{\"@type\":\"ImageObject\",\"inLanguage\":\"nb-NO\",\"@id\":\"https:\/\/staging.forenteforlag.no\/dreyers\/produkt\/kakofonen\/#primaryimage\",\"url\":\"https:\/\/staging.forenteforlag.no\/dreyers\/wp-content\/uploads\/sites\/2\/2025\/08\/jpg-6221.jpg\",\"contentUrl\":\"https:\/\/staging.forenteforlag.no\/dreyers\/wp-content\/uploads\/sites\/2\/2025\/08\/jpg-6221.jpg\",\"width\":382,\"height\":627},{\"@type\":\"BreadcrumbList\",\"@id\":\"https:\/\/staging.forenteforlag.no\/dreyers\/produkt\/kakofonen\/#breadcrumb\",\"itemListElement\":[{\"@type\":\"ListItem\",\"position\":1,\"name\":\"Hjem\",\"item\":\"https:\/\/staging.forenteforlag.no\/dreyers\/\"},{\"@type\":\"ListItem\",\"position\":2,\"name\":\"Alle b\u00f8ker\",\"item\":\"https:\/\/staging.forenteforlag.no\/dreyers\/butikk\/\"},{\"@type\":\"ListItem\",\"position\":3,\"name\":\"Kakofonen\"}]},{\"@type\":\"WebSite\",\"@id\":\"https:\/\/staging.forenteforlag.no\/dreyers\/#website\",\"url\":\"https:\/\/staging.forenteforlag.no\/dreyers\/\",\"name\":\"Dreyers Forlag\",\"description\":\"\",\"potentialAction\":[{\"@type\":\"SearchAction\",\"target\":{\"@type\":\"EntryPoint\",\"urlTemplate\":\"https:\/\/staging.forenteforlag.no\/dreyers\/?s={search_term_string}\"},\"query-input\":{\"@type\":\"PropertyValueSpecification\",\"valueRequired\":true,\"valueName\":\"search_term_string\"}}],\"inLanguage\":\"nb-NO\"}]}<\/script>\n<!-- \/ Yoast SEO plugin. -->","yoast_head_json":{"title":"Kakofonen - Dreyers Forlag","robots":{"index":"noindex","follow":"follow","max-snippet":"max-snippet:-1","max-image-preview":"max-image-preview:large","max-video-preview":"max-video-preview:-1"},"og_locale":"nb_NO","og_type":"article","og_title":"Kakofonen - Dreyers Forlag","og_description":"Livet er kort. Samtidig legger vi igjen ca 5,4 timer p\u00e5 mobiltelefonene daglig. 2617 ber\u00f8ringer hver dag. Og dette i en tid hvor tidsklemma er en akseptert del av tilv\u00e6relsen, og stadig flere sliter med \u00e5 f\u00e5 sove. Smarttelefonen og sosiale medier er samtidig v\u00e5rt vindu til alt vi ikke f\u00e5r til. Alt vi kunne [&hellip;]","og_url":"https:\/\/staging.forenteforlag.no\/dreyers\/produkt\/kakofonen\/","og_site_name":"Dreyers Forlag","article_modified_time":"2025-09-03T13:07:54+00:00","og_image":[{"width":382,"height":627,"url":"https:\/\/staging.forenteforlag.no\/dreyers\/wp-content\/uploads\/sites\/2\/2025\/08\/jpg-6221.jpg","type":"image\/jpeg"}],"twitter_card":"summary_large_image","twitter_misc":{"Ansl. lesetid":"1 minutt"},"schema":{"@context":"https:\/\/schema.org","@graph":[{"@type":"WebPage","@id":"https:\/\/staging.forenteforlag.no\/dreyers\/produkt\/kakofonen\/","url":"https:\/\/staging.forenteforlag.no\/dreyers\/produkt\/kakofonen\/","name":"Kakofonen - Dreyers Forlag","isPartOf":{"@id":"https:\/\/staging.forenteforlag.no\/dreyers\/#website"},"primaryImageOfPage":{"@id":"https:\/\/staging.forenteforlag.no\/dreyers\/produkt\/kakofonen\/#primaryimage"},"image":{"@id":"https:\/\/staging.forenteforlag.no\/dreyers\/produkt\/kakofonen\/#primaryimage"},"thumbnailUrl":"https:\/\/staging.forenteforlag.no\/dreyers\/wp-content\/uploads\/sites\/2\/2025\/08\/jpg-6221.jpg","datePublished":"2022-09-28T00:00:00+00:00","dateModified":"2025-09-03T13:07:54+00:00","breadcrumb":{"@id":"https:\/\/staging.forenteforlag.no\/dreyers\/produkt\/kakofonen\/#breadcrumb"},"inLanguage":"nb-NO","potentialAction":[{"@type":"ReadAction","target":["https:\/\/staging.forenteforlag.no\/dreyers\/produkt\/kakofonen\/"]}]},{"@type":"ImageObject","inLanguage":"nb-NO","@id":"https:\/\/staging.forenteforlag.no\/dreyers\/produkt\/kakofonen\/#primaryimage","url":"https:\/\/staging.forenteforlag.no\/dreyers\/wp-content\/uploads\/sites\/2\/2025\/08\/jpg-6221.jpg","contentUrl":"https:\/\/staging.forenteforlag.no\/dreyers\/wp-content\/uploads\/sites\/2\/2025\/08\/jpg-6221.jpg","width":382,"height":627},{"@type":"BreadcrumbList","@id":"https:\/\/staging.forenteforlag.no\/dreyers\/produkt\/kakofonen\/#breadcrumb","itemListElement":[{"@type":"ListItem","position":1,"name":"Hjem","item":"https:\/\/staging.forenteforlag.no\/dreyers\/"},{"@type":"ListItem","position":2,"name":"Alle b\u00f8ker","item":"https:\/\/staging.forenteforlag.no\/dreyers\/butikk\/"},{"@type":"ListItem","position":3,"name":"Kakofonen"}]},{"@type":"WebSite","@id":"https:\/\/staging.forenteforlag.no\/dreyers\/#website","url":"https:\/\/staging.forenteforlag.no\/dreyers\/","name":"Dreyers Forlag","description":"","potentialAction":[{"@type":"SearchAction","target":{"@type":"EntryPoint","urlTemplate":"https:\/\/staging.forenteforlag.no\/dreyers\/?s={search_term_string}"},"query-input":{"@type":"PropertyValueSpecification","valueRequired":true,"valueName":"search_term_string"}}],"inLanguage":"nb-NO"}]}},"_links":{"self":[{"href":"https:\/\/staging.forenteforlag.no\/dreyers\/wp-json\/wp\/v2\/product\/21205","targetHints":{"allow":["GET"]}}],"collection":[{"href":"https:\/\/staging.forenteforlag.no\/dreyers\/wp-json\/wp\/v2\/product"}],"about":[{"href":"https:\/\/staging.forenteforlag.no\/dreyers\/wp-json\/wp\/v2\/types\/product"}],"wp:featuredmedia":[{"embeddable":true,"href":"https:\/\/staging.forenteforlag.no\/dreyers\/wp-json\/wp\/v2\/media\/24098"}],"wp:attachment":[{"href":"https:\/\/staging.forenteforlag.no\/dreyers\/wp-json\/wp\/v2\/media?parent=21205"}],"wp:term":[{"taxonomy":"product_brand","embeddable":true,"href":"https:\/\/staging.forenteforlag.no\/dreyers\/wp-json\/wp\/v2\/product_brand?post=21205"},{"taxonomy":"product_cat","embeddable":true,"href":"https:\/\/staging.forenteforlag.no\/dreyers\/wp-json\/wp\/v2\/product_cat?post=21205"},{"taxonomy":"product_tag","embeddable":true,"href":"https:\/\/staging.forenteforlag.no\/dreyers\/wp-json\/wp\/v2\/product_tag?post=21205"}],"curies":[{"name":"wp","href":"https:\/\/api.w.org\/{rel}","templated":true}]}}