{"id":21204,"date":"2022-10-12T02:00:00","date_gmt":"2022-10-12T00:00:00","guid":{"rendered":"https:\/\/dreyersforlag.forenteforlag.no\/produkt\/maktens-nervetrader\/"},"modified":"2025-08-27T07:31:25","modified_gmt":"2025-08-27T05:31:25","slug":"maktens-nervetrader","status":"publish","type":"product","link":"https:\/\/staging.forenteforlag.no\/dreyers\/produkt\/maktens-nervetrader\/","title":{"rendered":"Maktens nervetr\u00e5der"},"content":{"rendered":"<p>\u00abDen tjeneste yter jeg deg best som jeg gj\u00f8r frivillig\u00bb, sa den norske stormannen Erling Skjalgsson til kong Olav (den hellige). Hva sier dette oss om den lydighet kongemakten i praksis kunne gj\u00f8re krav p\u00e5 i det f\u00f8rstatlige samfunnet i Norge tidlig p\u00e5 1000-tallet? En engelsk dommer p\u00e5 1700-tallet skriver om hvordan han ble r\u00f8rt til t\u00e5rer av sin egen verdig framf\u00f8rte d\u00f8dsdom over en ung jente. Hvordan kom lovens majestet til \u00e5 bli en slik styrende kraft i det engelske samfunnet? Og hva har dette \u00e5 gj\u00f8re med at England l\u00e5 p\u00e5 en \u00f8y? <\/p>\n<p>I denne boka diskuterer de to historikerne Hans Jacob Orning og Kai \u00d8stberg selve begrepet politisk kultur fra forskjellige synsvinkler. Deretter bruker de begrepet i analyser av fortidige samfunn med utgangspunkt i tre temaer: deltakelse, lov og vold. Middelaldersamfunnet brukes som eksempel p\u00e5 en politisk kultur som er radikalt annerledes v\u00e5r, mens den politiske kulturen i tidlig nytid analyseres som en forl\u00f8per til den moderne. De n\u00e6re og individuelle \u00f8yeblikksbildene settes i relasjon til store samfunnsstrukturer og lange linjer i den historiske utvikling. Ut fra hvert sitt st\u00e5sted gir forfatterne uvante perspektiver p\u00e5 de siste tusen \u00e5rs norsk og europeisk historie og viser hvor tett innvevd vi alle er i fortid og n\u00e5tid.<\/p>\n","protected":false},"excerpt":{"rendered":"<p>\u00abDen tjeneste yter jeg deg best som jeg gj\u00f8r frivillig\u00bb, sa den norske stormannen Erling Skjalgsson til kong Olav (den hellige). Hva sier dette oss om den lydighet kongemakten i praksis kunne gj\u00f8re krav p\u00e5 i det f\u00f8rstatlige samfunnet i Norge tidlig p\u00e5 1000-tallet? En engelsk dommer p\u00e5 1700-tallet skriver om hvordan han ble r\u00f8rt [&hellip;]<\/p>\n","protected":false},"featured_media":23969,"template":"","meta":{"_acf_changed":false,"inline_featured_image":false},"product_brand":[],"product_cat":[1785,23,32],"product_tag":[607,482,362,789,1724,1383],"class_list":{"0":"post-21204","1":"product","2":"type-product","3":"status-publish","4":"has-post-thumbnail","6":"product_cat-fripris","7":"product_cat-historie","8":"product_cat-samfunn-og-politikk","9":"product_tag-bedriftshistorie","10":"product_tag-europa","11":"product_tag-faglitteratur","12":"product_tag-hoymiddelalderen","13":"product_tag-identitetspolitikk","14":"product_tag-nyere-tid","15":"pa_format-innbundet","17":"first","18":"instock","19":"shipping-taxable","20":"purchasable","21":"product-type-simple"},"acf":{"anmeldelse":null},"yoast_head":"<!-- This site is optimized with the Yoast SEO plugin v26.6 - https:\/\/yoast.com\/wordpress\/plugins\/seo\/ -->\n<title>Maktens nervetr\u00e5der - Dreyers Forlag<\/title>\n<meta name=\"robots\" content=\"noindex, follow, max-snippet:-1, max-image-preview:large, max-video-preview:-1\" \/>\n<meta property=\"og:locale\" content=\"nb_NO\" \/>\n<meta property=\"og:type\" content=\"article\" \/>\n<meta property=\"og:title\" content=\"Maktens nervetr\u00e5der - Dreyers Forlag\" \/>\n<meta property=\"og:description\" content=\"\u00abDen tjeneste yter jeg deg best som jeg gj\u00f8r frivillig\u00bb, sa den norske stormannen Erling Skjalgsson til kong Olav (den hellige). Hva sier dette oss om den lydighet kongemakten i praksis kunne gj\u00f8re krav p\u00e5 i det f\u00f8rstatlige samfunnet i Norge tidlig p\u00e5 1000-tallet? En engelsk dommer p\u00e5 1700-tallet skriver om hvordan han ble r\u00f8rt [&hellip;]\" \/>\n<meta property=\"og:url\" content=\"https:\/\/staging.forenteforlag.no\/dreyers\/produkt\/maktens-nervetrader\/\" \/>\n<meta property=\"og:site_name\" content=\"Dreyers Forlag\" \/>\n<meta property=\"article:modified_time\" content=\"2025-08-27T05:31:25+00:00\" \/>\n<meta property=\"og:image\" content=\"https:\/\/staging.forenteforlag.no\/dreyers\/wp-content\/uploads\/sites\/2\/2025\/08\/jpg-5147.jpg\" \/>\n\t<meta property=\"og:image:width\" content=\"440\" \/>\n\t<meta property=\"og:image:height\" content=\"648\" \/>\n\t<meta property=\"og:image:type\" content=\"image\/jpeg\" \/>\n<meta name=\"twitter:card\" content=\"summary_large_image\" \/>\n<meta name=\"twitter:label1\" content=\"Ansl. lesetid\" \/>\n\t<meta name=\"twitter:data1\" content=\"2 minutter\" \/>\n<script type=\"application\/ld+json\" class=\"yoast-schema-graph\">{\"@context\":\"https:\/\/schema.org\",\"@graph\":[{\"@type\":\"WebPage\",\"@id\":\"https:\/\/staging.forenteforlag.no\/dreyers\/produkt\/maktens-nervetrader\/\",\"url\":\"https:\/\/staging.forenteforlag.no\/dreyers\/produkt\/maktens-nervetrader\/\",\"name\":\"Maktens nervetr\u00e5der - Dreyers Forlag\",\"isPartOf\":{\"@id\":\"https:\/\/staging.forenteforlag.no\/dreyers\/#website\"},\"primaryImageOfPage\":{\"@id\":\"https:\/\/staging.forenteforlag.no\/dreyers\/produkt\/maktens-nervetrader\/#primaryimage\"},\"image\":{\"@id\":\"https:\/\/staging.forenteforlag.no\/dreyers\/produkt\/maktens-nervetrader\/#primaryimage\"},\"thumbnailUrl\":\"https:\/\/staging.forenteforlag.no\/dreyers\/wp-content\/uploads\/sites\/2\/2025\/08\/jpg-5147.jpg\",\"datePublished\":\"2022-10-12T00:00:00+00:00\",\"dateModified\":\"2025-08-27T05:31:25+00:00\",\"breadcrumb\":{\"@id\":\"https:\/\/staging.forenteforlag.no\/dreyers\/produkt\/maktens-nervetrader\/#breadcrumb\"},\"inLanguage\":\"nb-NO\",\"potentialAction\":[{\"@type\":\"ReadAction\",\"target\":[\"https:\/\/staging.forenteforlag.no\/dreyers\/produkt\/maktens-nervetrader\/\"]}]},{\"@type\":\"ImageObject\",\"inLanguage\":\"nb-NO\",\"@id\":\"https:\/\/staging.forenteforlag.no\/dreyers\/produkt\/maktens-nervetrader\/#primaryimage\",\"url\":\"https:\/\/staging.forenteforlag.no\/dreyers\/wp-content\/uploads\/sites\/2\/2025\/08\/jpg-5147.jpg\",\"contentUrl\":\"https:\/\/staging.forenteforlag.no\/dreyers\/wp-content\/uploads\/sites\/2\/2025\/08\/jpg-5147.jpg\",\"width\":440,\"height\":648},{\"@type\":\"BreadcrumbList\",\"@id\":\"https:\/\/staging.forenteforlag.no\/dreyers\/produkt\/maktens-nervetrader\/#breadcrumb\",\"itemListElement\":[{\"@type\":\"ListItem\",\"position\":1,\"name\":\"Hjem\",\"item\":\"https:\/\/staging.forenteforlag.no\/dreyers\/\"},{\"@type\":\"ListItem\",\"position\":2,\"name\":\"Alle b\u00f8ker\",\"item\":\"https:\/\/staging.forenteforlag.no\/dreyers\/butikk\/\"},{\"@type\":\"ListItem\",\"position\":3,\"name\":\"Maktens nervetr\u00e5der\"}]},{\"@type\":\"WebSite\",\"@id\":\"https:\/\/staging.forenteforlag.no\/dreyers\/#website\",\"url\":\"https:\/\/staging.forenteforlag.no\/dreyers\/\",\"name\":\"Dreyers Forlag\",\"description\":\"\",\"potentialAction\":[{\"@type\":\"SearchAction\",\"target\":{\"@type\":\"EntryPoint\",\"urlTemplate\":\"https:\/\/staging.forenteforlag.no\/dreyers\/?s={search_term_string}\"},\"query-input\":{\"@type\":\"PropertyValueSpecification\",\"valueRequired\":true,\"valueName\":\"search_term_string\"}}],\"inLanguage\":\"nb-NO\"}]}<\/script>\n<!-- \/ Yoast SEO plugin. -->","yoast_head_json":{"title":"Maktens nervetr\u00e5der - Dreyers Forlag","robots":{"index":"noindex","follow":"follow","max-snippet":"max-snippet:-1","max-image-preview":"max-image-preview:large","max-video-preview":"max-video-preview:-1"},"og_locale":"nb_NO","og_type":"article","og_title":"Maktens nervetr\u00e5der - Dreyers Forlag","og_description":"\u00abDen tjeneste yter jeg deg best som jeg gj\u00f8r frivillig\u00bb, sa den norske stormannen Erling Skjalgsson til kong Olav (den hellige). Hva sier dette oss om den lydighet kongemakten i praksis kunne gj\u00f8re krav p\u00e5 i det f\u00f8rstatlige samfunnet i Norge tidlig p\u00e5 1000-tallet? En engelsk dommer p\u00e5 1700-tallet skriver om hvordan han ble r\u00f8rt [&hellip;]","og_url":"https:\/\/staging.forenteforlag.no\/dreyers\/produkt\/maktens-nervetrader\/","og_site_name":"Dreyers Forlag","article_modified_time":"2025-08-27T05:31:25+00:00","og_image":[{"width":440,"height":648,"url":"https:\/\/staging.forenteforlag.no\/dreyers\/wp-content\/uploads\/sites\/2\/2025\/08\/jpg-5147.jpg","type":"image\/jpeg"}],"twitter_card":"summary_large_image","twitter_misc":{"Ansl. lesetid":"2 minutter"},"schema":{"@context":"https:\/\/schema.org","@graph":[{"@type":"WebPage","@id":"https:\/\/staging.forenteforlag.no\/dreyers\/produkt\/maktens-nervetrader\/","url":"https:\/\/staging.forenteforlag.no\/dreyers\/produkt\/maktens-nervetrader\/","name":"Maktens nervetr\u00e5der - Dreyers Forlag","isPartOf":{"@id":"https:\/\/staging.forenteforlag.no\/dreyers\/#website"},"primaryImageOfPage":{"@id":"https:\/\/staging.forenteforlag.no\/dreyers\/produkt\/maktens-nervetrader\/#primaryimage"},"image":{"@id":"https:\/\/staging.forenteforlag.no\/dreyers\/produkt\/maktens-nervetrader\/#primaryimage"},"thumbnailUrl":"https:\/\/staging.forenteforlag.no\/dreyers\/wp-content\/uploads\/sites\/2\/2025\/08\/jpg-5147.jpg","datePublished":"2022-10-12T00:00:00+00:00","dateModified":"2025-08-27T05:31:25+00:00","breadcrumb":{"@id":"https:\/\/staging.forenteforlag.no\/dreyers\/produkt\/maktens-nervetrader\/#breadcrumb"},"inLanguage":"nb-NO","potentialAction":[{"@type":"ReadAction","target":["https:\/\/staging.forenteforlag.no\/dreyers\/produkt\/maktens-nervetrader\/"]}]},{"@type":"ImageObject","inLanguage":"nb-NO","@id":"https:\/\/staging.forenteforlag.no\/dreyers\/produkt\/maktens-nervetrader\/#primaryimage","url":"https:\/\/staging.forenteforlag.no\/dreyers\/wp-content\/uploads\/sites\/2\/2025\/08\/jpg-5147.jpg","contentUrl":"https:\/\/staging.forenteforlag.no\/dreyers\/wp-content\/uploads\/sites\/2\/2025\/08\/jpg-5147.jpg","width":440,"height":648},{"@type":"BreadcrumbList","@id":"https:\/\/staging.forenteforlag.no\/dreyers\/produkt\/maktens-nervetrader\/#breadcrumb","itemListElement":[{"@type":"ListItem","position":1,"name":"Hjem","item":"https:\/\/staging.forenteforlag.no\/dreyers\/"},{"@type":"ListItem","position":2,"name":"Alle b\u00f8ker","item":"https:\/\/staging.forenteforlag.no\/dreyers\/butikk\/"},{"@type":"ListItem","position":3,"name":"Maktens nervetr\u00e5der"}]},{"@type":"WebSite","@id":"https:\/\/staging.forenteforlag.no\/dreyers\/#website","url":"https:\/\/staging.forenteforlag.no\/dreyers\/","name":"Dreyers Forlag","description":"","potentialAction":[{"@type":"SearchAction","target":{"@type":"EntryPoint","urlTemplate":"https:\/\/staging.forenteforlag.no\/dreyers\/?s={search_term_string}"},"query-input":{"@type":"PropertyValueSpecification","valueRequired":true,"valueName":"search_term_string"}}],"inLanguage":"nb-NO"}]}},"_links":{"self":[{"href":"https:\/\/staging.forenteforlag.no\/dreyers\/wp-json\/wp\/v2\/product\/21204","targetHints":{"allow":["GET"]}}],"collection":[{"href":"https:\/\/staging.forenteforlag.no\/dreyers\/wp-json\/wp\/v2\/product"}],"about":[{"href":"https:\/\/staging.forenteforlag.no\/dreyers\/wp-json\/wp\/v2\/types\/product"}],"wp:featuredmedia":[{"embeddable":true,"href":"https:\/\/staging.forenteforlag.no\/dreyers\/wp-json\/wp\/v2\/media\/23969"}],"wp:attachment":[{"href":"https:\/\/staging.forenteforlag.no\/dreyers\/wp-json\/wp\/v2\/media?parent=21204"}],"wp:term":[{"taxonomy":"product_brand","embeddable":true,"href":"https:\/\/staging.forenteforlag.no\/dreyers\/wp-json\/wp\/v2\/product_brand?post=21204"},{"taxonomy":"product_cat","embeddable":true,"href":"https:\/\/staging.forenteforlag.no\/dreyers\/wp-json\/wp\/v2\/product_cat?post=21204"},{"taxonomy":"product_tag","embeddable":true,"href":"https:\/\/staging.forenteforlag.no\/dreyers\/wp-json\/wp\/v2\/product_tag?post=21204"}],"curies":[{"name":"wp","href":"https:\/\/api.w.org\/{rel}","templated":true}]}}