{"id":21203,"date":"2022-10-19T02:00:00","date_gmt":"2022-10-19T00:00:00","guid":{"rendered":"https:\/\/dreyersforlag.forenteforlag.no\/produkt\/antikvitetshandler-watchman\/"},"modified":"2026-01-05T05:18:00","modified_gmt":"2026-01-05T04:18:00","slug":"antikvitetshandler-watchman","status":"publish","type":"product","link":"https:\/\/staging.forenteforlag.no\/dreyers\/produkt\/antikvitetshandler-watchman\/","title":{"rendered":"Antikvitetshandler Watchman"},"content":{"rendered":"<p>Tragedien kaster lange skygger inn i fortellingen om den j\u00f8diske familien i Markveien 25, p\u00e5 Gr\u00fcnerl\u00f8kka i Oslo. Quisling selv var \u00e9n av gjerningsmennene da antikvitetshandler Watchmans hjem ble plyndret. I h\u00f8st, 26. november, er det \u00e5tti \u00e5r siden Philip og Florence Watchman og deres seksten\u00e5rige adoptivs\u00f8nn Arthur ble deportert med D\/S Donau. Alle tre ble drept i Auschwitz 1. desember 1942. De ble fratatt alt. <\/p>\n<p>Bodil Stenseth som oppdaget den gamle forbrytelsen mens hun arbeidet med en bok om Villa Grande, har fortsatt \u00e5 grave i arkivene. Ut ifra mange sm\u00e5 og spredte kilder, holdt opp mot et bredt bakteppe, tegnes konturene av en suksessrik, integrert innvandrerfamilie. Philip Watchman var som kona fra Tsar-Russland, og hadde gjort en utrolig klassereise. Rett etter ankomsten v\u00e5ren 1913 greide han \u00e5 knekke koden i den s\u00e6rnorske antikvitetsbransjen. Han drev det stort som oppkj\u00f8per, og var ogs\u00e5 en kjent antikvitetshandler rundt om i hele Norge. <\/p>\n<p>H\u00f8sten 1942 hadde Watchman i flere \u00e5r hatt forretning i Oslo sentrum, Tordenskiolds gate 6B. Under okkupasjonen er det et brutalt faktum at hans bransje var involvert i \u00abtyvegodstrafikken\u00bb med konfiskert j\u00f8disk innbo. S\u00e5 fortellingen har et langt og hjerteskj\u00e6rende etterspill.<\/p>\n","protected":false},"excerpt":{"rendered":"<p>Tragedien kaster lange skygger inn i fortellingen om den j\u00f8diske familien i Markveien 25, p\u00e5 Gr\u00fcnerl\u00f8kka i Oslo. Quisling selv var \u00e9n av gjerningsmennene da antikvitetshandler Watchmans hjem ble plyndret. I h\u00f8st, 26. november, er det \u00e5tti \u00e5r siden Philip og Florence Watchman og deres seksten\u00e5rige adoptivs\u00f8nn Arthur ble deportert med D\/S Donau. Alle tre [&hellip;]<\/p>\n","protected":false},"featured_media":24095,"template":"","meta":{"_acf_changed":false,"inline_featured_image":false},"product_brand":[],"product_cat":[20,1785],"product_tag":[362],"class_list":{"0":"post-21203","1":"product","2":"type-product","3":"status-publish","4":"has-post-thumbnail","6":"product_cat-biografier-og-memoarer","7":"product_cat-fripris","8":"product_tag-faglitteratur","9":"pa_format-innbundet","11":"first","12":"instock","13":"shipping-taxable","14":"purchasable","15":"product-type-simple"},"acf":{"anmeldelse":null},"yoast_head":"<!-- This site is optimized with the Yoast SEO plugin v26.6 - https:\/\/yoast.com\/wordpress\/plugins\/seo\/ -->\n<title>Antikvitetshandler Watchman - Dreyers Forlag<\/title>\n<meta name=\"robots\" content=\"noindex, follow, max-snippet:-1, max-image-preview:large, max-video-preview:-1\" \/>\n<meta property=\"og:locale\" content=\"nb_NO\" \/>\n<meta property=\"og:type\" content=\"article\" \/>\n<meta property=\"og:title\" content=\"Antikvitetshandler Watchman - Dreyers Forlag\" \/>\n<meta property=\"og:description\" content=\"Tragedien kaster lange skygger inn i fortellingen om den j\u00f8diske familien i Markveien 25, p\u00e5 Gr\u00fcnerl\u00f8kka i Oslo. Quisling selv var \u00e9n av gjerningsmennene da antikvitetshandler Watchmans hjem ble plyndret. I h\u00f8st, 26. november, er det \u00e5tti \u00e5r siden Philip og Florence Watchman og deres seksten\u00e5rige adoptivs\u00f8nn Arthur ble deportert med D\/S Donau. Alle tre [&hellip;]\" \/>\n<meta property=\"og:url\" content=\"https:\/\/staging.forenteforlag.no\/dreyers\/produkt\/antikvitetshandler-watchman\/\" \/>\n<meta property=\"og:site_name\" content=\"Dreyers Forlag\" \/>\n<meta property=\"article:modified_time\" content=\"2026-01-05T04:18:00+00:00\" \/>\n<meta property=\"og:image\" content=\"https:\/\/staging.forenteforlag.no\/dreyers\/wp-content\/uploads\/sites\/2\/2025\/08\/jpg-6204.jpg\" \/>\n\t<meta property=\"og:image:width\" content=\"429\" \/>\n\t<meta property=\"og:image:height\" content=\"614\" \/>\n\t<meta property=\"og:image:type\" content=\"image\/jpeg\" \/>\n<meta name=\"twitter:card\" content=\"summary_large_image\" \/>\n<meta name=\"twitter:label1\" content=\"Ansl. lesetid\" \/>\n\t<meta name=\"twitter:data1\" content=\"1 minutt\" \/>\n<script type=\"application\/ld+json\" class=\"yoast-schema-graph\">{\"@context\":\"https:\/\/schema.org\",\"@graph\":[{\"@type\":\"WebPage\",\"@id\":\"https:\/\/staging.forenteforlag.no\/dreyers\/produkt\/antikvitetshandler-watchman\/\",\"url\":\"https:\/\/staging.forenteforlag.no\/dreyers\/produkt\/antikvitetshandler-watchman\/\",\"name\":\"Antikvitetshandler Watchman - Dreyers Forlag\",\"isPartOf\":{\"@id\":\"https:\/\/staging.forenteforlag.no\/dreyers\/#website\"},\"primaryImageOfPage\":{\"@id\":\"https:\/\/staging.forenteforlag.no\/dreyers\/produkt\/antikvitetshandler-watchman\/#primaryimage\"},\"image\":{\"@id\":\"https:\/\/staging.forenteforlag.no\/dreyers\/produkt\/antikvitetshandler-watchman\/#primaryimage\"},\"thumbnailUrl\":\"https:\/\/staging.forenteforlag.no\/dreyers\/wp-content\/uploads\/sites\/2\/2025\/08\/jpg-6204.jpg\",\"datePublished\":\"2022-10-19T00:00:00+00:00\",\"dateModified\":\"2026-01-05T04:18:00+00:00\",\"breadcrumb\":{\"@id\":\"https:\/\/staging.forenteforlag.no\/dreyers\/produkt\/antikvitetshandler-watchman\/#breadcrumb\"},\"inLanguage\":\"nb-NO\",\"potentialAction\":[{\"@type\":\"ReadAction\",\"target\":[\"https:\/\/staging.forenteforlag.no\/dreyers\/produkt\/antikvitetshandler-watchman\/\"]}]},{\"@type\":\"ImageObject\",\"inLanguage\":\"nb-NO\",\"@id\":\"https:\/\/staging.forenteforlag.no\/dreyers\/produkt\/antikvitetshandler-watchman\/#primaryimage\",\"url\":\"https:\/\/staging.forenteforlag.no\/dreyers\/wp-content\/uploads\/sites\/2\/2025\/08\/jpg-6204.jpg\",\"contentUrl\":\"https:\/\/staging.forenteforlag.no\/dreyers\/wp-content\/uploads\/sites\/2\/2025\/08\/jpg-6204.jpg\",\"width\":429,\"height\":614},{\"@type\":\"BreadcrumbList\",\"@id\":\"https:\/\/staging.forenteforlag.no\/dreyers\/produkt\/antikvitetshandler-watchman\/#breadcrumb\",\"itemListElement\":[{\"@type\":\"ListItem\",\"position\":1,\"name\":\"Hjem\",\"item\":\"https:\/\/staging.forenteforlag.no\/dreyers\/\"},{\"@type\":\"ListItem\",\"position\":2,\"name\":\"Alle b\u00f8ker\",\"item\":\"https:\/\/staging.forenteforlag.no\/dreyers\/butikk\/\"},{\"@type\":\"ListItem\",\"position\":3,\"name\":\"Antikvitetshandler Watchman\"}]},{\"@type\":\"WebSite\",\"@id\":\"https:\/\/staging.forenteforlag.no\/dreyers\/#website\",\"url\":\"https:\/\/staging.forenteforlag.no\/dreyers\/\",\"name\":\"Dreyers Forlag\",\"description\":\"\",\"potentialAction\":[{\"@type\":\"SearchAction\",\"target\":{\"@type\":\"EntryPoint\",\"urlTemplate\":\"https:\/\/staging.forenteforlag.no\/dreyers\/?s={search_term_string}\"},\"query-input\":{\"@type\":\"PropertyValueSpecification\",\"valueRequired\":true,\"valueName\":\"search_term_string\"}}],\"inLanguage\":\"nb-NO\"}]}<\/script>\n<!-- \/ Yoast SEO plugin. -->","yoast_head_json":{"title":"Antikvitetshandler Watchman - Dreyers Forlag","robots":{"index":"noindex","follow":"follow","max-snippet":"max-snippet:-1","max-image-preview":"max-image-preview:large","max-video-preview":"max-video-preview:-1"},"og_locale":"nb_NO","og_type":"article","og_title":"Antikvitetshandler Watchman - Dreyers Forlag","og_description":"Tragedien kaster lange skygger inn i fortellingen om den j\u00f8diske familien i Markveien 25, p\u00e5 Gr\u00fcnerl\u00f8kka i Oslo. Quisling selv var \u00e9n av gjerningsmennene da antikvitetshandler Watchmans hjem ble plyndret. I h\u00f8st, 26. november, er det \u00e5tti \u00e5r siden Philip og Florence Watchman og deres seksten\u00e5rige adoptivs\u00f8nn Arthur ble deportert med D\/S Donau. Alle tre [&hellip;]","og_url":"https:\/\/staging.forenteforlag.no\/dreyers\/produkt\/antikvitetshandler-watchman\/","og_site_name":"Dreyers Forlag","article_modified_time":"2026-01-05T04:18:00+00:00","og_image":[{"width":429,"height":614,"url":"https:\/\/staging.forenteforlag.no\/dreyers\/wp-content\/uploads\/sites\/2\/2025\/08\/jpg-6204.jpg","type":"image\/jpeg"}],"twitter_card":"summary_large_image","twitter_misc":{"Ansl. lesetid":"1 minutt"},"schema":{"@context":"https:\/\/schema.org","@graph":[{"@type":"WebPage","@id":"https:\/\/staging.forenteforlag.no\/dreyers\/produkt\/antikvitetshandler-watchman\/","url":"https:\/\/staging.forenteforlag.no\/dreyers\/produkt\/antikvitetshandler-watchman\/","name":"Antikvitetshandler Watchman - Dreyers Forlag","isPartOf":{"@id":"https:\/\/staging.forenteforlag.no\/dreyers\/#website"},"primaryImageOfPage":{"@id":"https:\/\/staging.forenteforlag.no\/dreyers\/produkt\/antikvitetshandler-watchman\/#primaryimage"},"image":{"@id":"https:\/\/staging.forenteforlag.no\/dreyers\/produkt\/antikvitetshandler-watchman\/#primaryimage"},"thumbnailUrl":"https:\/\/staging.forenteforlag.no\/dreyers\/wp-content\/uploads\/sites\/2\/2025\/08\/jpg-6204.jpg","datePublished":"2022-10-19T00:00:00+00:00","dateModified":"2026-01-05T04:18:00+00:00","breadcrumb":{"@id":"https:\/\/staging.forenteforlag.no\/dreyers\/produkt\/antikvitetshandler-watchman\/#breadcrumb"},"inLanguage":"nb-NO","potentialAction":[{"@type":"ReadAction","target":["https:\/\/staging.forenteforlag.no\/dreyers\/produkt\/antikvitetshandler-watchman\/"]}]},{"@type":"ImageObject","inLanguage":"nb-NO","@id":"https:\/\/staging.forenteforlag.no\/dreyers\/produkt\/antikvitetshandler-watchman\/#primaryimage","url":"https:\/\/staging.forenteforlag.no\/dreyers\/wp-content\/uploads\/sites\/2\/2025\/08\/jpg-6204.jpg","contentUrl":"https:\/\/staging.forenteforlag.no\/dreyers\/wp-content\/uploads\/sites\/2\/2025\/08\/jpg-6204.jpg","width":429,"height":614},{"@type":"BreadcrumbList","@id":"https:\/\/staging.forenteforlag.no\/dreyers\/produkt\/antikvitetshandler-watchman\/#breadcrumb","itemListElement":[{"@type":"ListItem","position":1,"name":"Hjem","item":"https:\/\/staging.forenteforlag.no\/dreyers\/"},{"@type":"ListItem","position":2,"name":"Alle b\u00f8ker","item":"https:\/\/staging.forenteforlag.no\/dreyers\/butikk\/"},{"@type":"ListItem","position":3,"name":"Antikvitetshandler Watchman"}]},{"@type":"WebSite","@id":"https:\/\/staging.forenteforlag.no\/dreyers\/#website","url":"https:\/\/staging.forenteforlag.no\/dreyers\/","name":"Dreyers Forlag","description":"","potentialAction":[{"@type":"SearchAction","target":{"@type":"EntryPoint","urlTemplate":"https:\/\/staging.forenteforlag.no\/dreyers\/?s={search_term_string}"},"query-input":{"@type":"PropertyValueSpecification","valueRequired":true,"valueName":"search_term_string"}}],"inLanguage":"nb-NO"}]}},"_links":{"self":[{"href":"https:\/\/staging.forenteforlag.no\/dreyers\/wp-json\/wp\/v2\/product\/21203","targetHints":{"allow":["GET"]}}],"collection":[{"href":"https:\/\/staging.forenteforlag.no\/dreyers\/wp-json\/wp\/v2\/product"}],"about":[{"href":"https:\/\/staging.forenteforlag.no\/dreyers\/wp-json\/wp\/v2\/types\/product"}],"wp:featuredmedia":[{"embeddable":true,"href":"https:\/\/staging.forenteforlag.no\/dreyers\/wp-json\/wp\/v2\/media\/24095"}],"wp:attachment":[{"href":"https:\/\/staging.forenteforlag.no\/dreyers\/wp-json\/wp\/v2\/media?parent=21203"}],"wp:term":[{"taxonomy":"product_brand","embeddable":true,"href":"https:\/\/staging.forenteforlag.no\/dreyers\/wp-json\/wp\/v2\/product_brand?post=21203"},{"taxonomy":"product_cat","embeddable":true,"href":"https:\/\/staging.forenteforlag.no\/dreyers\/wp-json\/wp\/v2\/product_cat?post=21203"},{"taxonomy":"product_tag","embeddable":true,"href":"https:\/\/staging.forenteforlag.no\/dreyers\/wp-json\/wp\/v2\/product_tag?post=21203"}],"curies":[{"name":"wp","href":"https:\/\/api.w.org\/{rel}","templated":true}]}}