{"id":21197,"date":"2022-11-17T01:00:00","date_gmt":"2022-11-17T00:00:00","guid":{"rendered":"https:\/\/dreyersforlag.forenteforlag.no\/produkt\/bogstadveien\/"},"modified":"2025-08-27T08:01:33","modified_gmt":"2025-08-27T06:01:33","slug":"bogstadveien","status":"publish","type":"product","link":"https:\/\/staging.forenteforlag.no\/dreyers\/produkt\/bogstadveien\/","title":{"rendered":"Bogstadveien"},"content":{"rendered":"<p>Bogstadveien ble anlagt i 1855 som en del av S\u00f8rkedalsveien mellom byen og Bogstad i S\u00f8rkedalen. Da var det allerede noen borgere fra Kristiania som hadde .yttet ut til Hegdehaugen til landsted eller fast bolig. Bogstadveien ble i 1860-\u00e5rene en del av det store ut.yttingsomr\u00e5det vestover til Homansbyen, Hegdehaugen og Majorstuen. <\/p>\n<p>De f\u00f8rste murhusene ble bygd i Bogstadveien fra 1884, og fra f\u00f8rste stund tok beboerne sikte p\u00e5 \u00e5 gj\u00f8re Bogstadveien til en annerledes gate. Alle husene ble bygd med butikker i f\u00f8rste etasje. Bogstadveien ble b\u00e5de en boliggate, en gjennomfartsvei og en handlegate for hele str\u00f8ket. Denne boka handler om utviklingen fra de f\u00f8rste boliger fram til i dag. <\/p>\n<p>Forfatteren bodde ved Bogstadveien i to lange perioder. Under oppveksten bodde han i 20 \u00e5r ved gaten og senere var han tilbake i 19 \u00e5r. Holden har fulgt utviklingen gjennom et langt liv og sett hvordan gaten har forandret seg p\u00e5 mange m\u00e5ter. Men noe har best\u00e5tt. Alle murhusene fra 1890-\u00e5rene preger gaten, .ere steder iblandet bygg i funkisstil. Gjennom n\u00e6rmere 130 \u00e5r har den bl\u00e5 Briskebytrikken tra.kkert Bogstadveien. Gaten har gjennom snart et og et halvt \u00e5rhundre v\u00e6rt et lokalt sentrum for Majorstuen, Hegdehaugen og en del av Frogner. Det har alltid v\u00e6rt liv i Bogstadveien. <\/p>\n<p>\u00d8ystein Sandsdalen har tatt bildene fra Bogstadveien i dag. Ogs\u00e5 han har vokst opp i n\u00e6rheten av Bogstadveien.<\/p>\n","protected":false},"excerpt":{"rendered":"<p>Bogstadveien ble anlagt i 1855 som en del av S\u00f8rkedalsveien mellom byen og Bogstad i S\u00f8rkedalen. Da var det allerede noen borgere fra Kristiania som hadde .yttet ut til Hegdehaugen til landsted eller fast bolig. Bogstadveien ble i 1860-\u00e5rene en del av det store ut.yttingsomr\u00e5det vestover til Homansbyen, Hegdehaugen og Majorstuen. De f\u00f8rste murhusene ble [&hellip;]<\/p>\n","protected":false},"featured_media":24041,"template":"","meta":{"_acf_changed":false,"inline_featured_image":false},"product_brand":[],"product_cat":[1785,37],"product_tag":[362,361,525,377],"class_list":{"0":"post-21197","1":"product","2":"type-product","3":"status-publish","4":"has-post-thumbnail","6":"product_cat-fripris","7":"product_cat-oslo","8":"product_tag-faglitteratur","9":"product_tag-kulturhistorie","10":"product_tag-lokalhistorie","11":"product_tag-oslo","12":"pa_format-innbundet","14":"first","15":"instock","16":"shipping-taxable","17":"purchasable","18":"product-type-simple"},"acf":{"anmeldelse":null},"yoast_head":"<!-- This site is optimized with the Yoast SEO plugin v26.6 - https:\/\/yoast.com\/wordpress\/plugins\/seo\/ -->\n<title>Bogstadveien - Dreyers Forlag<\/title>\n<meta name=\"robots\" content=\"noindex, follow, max-snippet:-1, max-image-preview:large, max-video-preview:-1\" \/>\n<meta property=\"og:locale\" content=\"nb_NO\" \/>\n<meta property=\"og:type\" content=\"article\" \/>\n<meta property=\"og:title\" content=\"Bogstadveien - Dreyers Forlag\" \/>\n<meta property=\"og:description\" content=\"Bogstadveien ble anlagt i 1855 som en del av S\u00f8rkedalsveien mellom byen og Bogstad i S\u00f8rkedalen. Da var det allerede noen borgere fra Kristiania som hadde .yttet ut til Hegdehaugen til landsted eller fast bolig. Bogstadveien ble i 1860-\u00e5rene en del av det store ut.yttingsomr\u00e5det vestover til Homansbyen, Hegdehaugen og Majorstuen. De f\u00f8rste murhusene ble [&hellip;]\" \/>\n<meta property=\"og:url\" content=\"https:\/\/staging.forenteforlag.no\/dreyers\/produkt\/bogstadveien\/\" \/>\n<meta property=\"og:site_name\" content=\"Dreyers Forlag\" \/>\n<meta property=\"article:modified_time\" content=\"2025-08-27T06:01:33+00:00\" \/>\n<meta property=\"og:image\" content=\"https:\/\/staging.forenteforlag.no\/dreyers\/wp-content\/uploads\/sites\/2\/2025\/08\/jpg-5664.jpg\" \/>\n\t<meta property=\"og:image:width\" content=\"610\" \/>\n\t<meta property=\"og:image:height\" content=\"783\" \/>\n\t<meta property=\"og:image:type\" content=\"image\/jpeg\" \/>\n<meta name=\"twitter:card\" content=\"summary_large_image\" \/>\n<meta name=\"twitter:label1\" content=\"Ansl. lesetid\" \/>\n\t<meta name=\"twitter:data1\" content=\"1 minutt\" \/>\n<script type=\"application\/ld+json\" class=\"yoast-schema-graph\">{\"@context\":\"https:\/\/schema.org\",\"@graph\":[{\"@type\":\"WebPage\",\"@id\":\"https:\/\/staging.forenteforlag.no\/dreyers\/produkt\/bogstadveien\/\",\"url\":\"https:\/\/staging.forenteforlag.no\/dreyers\/produkt\/bogstadveien\/\",\"name\":\"Bogstadveien - Dreyers Forlag\",\"isPartOf\":{\"@id\":\"https:\/\/staging.forenteforlag.no\/dreyers\/#website\"},\"primaryImageOfPage\":{\"@id\":\"https:\/\/staging.forenteforlag.no\/dreyers\/produkt\/bogstadveien\/#primaryimage\"},\"image\":{\"@id\":\"https:\/\/staging.forenteforlag.no\/dreyers\/produkt\/bogstadveien\/#primaryimage\"},\"thumbnailUrl\":\"https:\/\/staging.forenteforlag.no\/dreyers\/wp-content\/uploads\/sites\/2\/2025\/08\/jpg-5664.jpg\",\"datePublished\":\"2022-11-17T00:00:00+00:00\",\"dateModified\":\"2025-08-27T06:01:33+00:00\",\"breadcrumb\":{\"@id\":\"https:\/\/staging.forenteforlag.no\/dreyers\/produkt\/bogstadveien\/#breadcrumb\"},\"inLanguage\":\"nb-NO\",\"potentialAction\":[{\"@type\":\"ReadAction\",\"target\":[\"https:\/\/staging.forenteforlag.no\/dreyers\/produkt\/bogstadveien\/\"]}]},{\"@type\":\"ImageObject\",\"inLanguage\":\"nb-NO\",\"@id\":\"https:\/\/staging.forenteforlag.no\/dreyers\/produkt\/bogstadveien\/#primaryimage\",\"url\":\"https:\/\/staging.forenteforlag.no\/dreyers\/wp-content\/uploads\/sites\/2\/2025\/08\/jpg-5664.jpg\",\"contentUrl\":\"https:\/\/staging.forenteforlag.no\/dreyers\/wp-content\/uploads\/sites\/2\/2025\/08\/jpg-5664.jpg\",\"width\":610,\"height\":783},{\"@type\":\"BreadcrumbList\",\"@id\":\"https:\/\/staging.forenteforlag.no\/dreyers\/produkt\/bogstadveien\/#breadcrumb\",\"itemListElement\":[{\"@type\":\"ListItem\",\"position\":1,\"name\":\"Hjem\",\"item\":\"https:\/\/staging.forenteforlag.no\/dreyers\/\"},{\"@type\":\"ListItem\",\"position\":2,\"name\":\"Alle b\u00f8ker\",\"item\":\"https:\/\/staging.forenteforlag.no\/dreyers\/butikk\/\"},{\"@type\":\"ListItem\",\"position\":3,\"name\":\"Bogstadveien\"}]},{\"@type\":\"WebSite\",\"@id\":\"https:\/\/staging.forenteforlag.no\/dreyers\/#website\",\"url\":\"https:\/\/staging.forenteforlag.no\/dreyers\/\",\"name\":\"Dreyers Forlag\",\"description\":\"\",\"potentialAction\":[{\"@type\":\"SearchAction\",\"target\":{\"@type\":\"EntryPoint\",\"urlTemplate\":\"https:\/\/staging.forenteforlag.no\/dreyers\/?s={search_term_string}\"},\"query-input\":{\"@type\":\"PropertyValueSpecification\",\"valueRequired\":true,\"valueName\":\"search_term_string\"}}],\"inLanguage\":\"nb-NO\"}]}<\/script>\n<!-- \/ Yoast SEO plugin. -->","yoast_head_json":{"title":"Bogstadveien - Dreyers Forlag","robots":{"index":"noindex","follow":"follow","max-snippet":"max-snippet:-1","max-image-preview":"max-image-preview:large","max-video-preview":"max-video-preview:-1"},"og_locale":"nb_NO","og_type":"article","og_title":"Bogstadveien - Dreyers Forlag","og_description":"Bogstadveien ble anlagt i 1855 som en del av S\u00f8rkedalsveien mellom byen og Bogstad i S\u00f8rkedalen. Da var det allerede noen borgere fra Kristiania som hadde .yttet ut til Hegdehaugen til landsted eller fast bolig. Bogstadveien ble i 1860-\u00e5rene en del av det store ut.yttingsomr\u00e5det vestover til Homansbyen, Hegdehaugen og Majorstuen. De f\u00f8rste murhusene ble [&hellip;]","og_url":"https:\/\/staging.forenteforlag.no\/dreyers\/produkt\/bogstadveien\/","og_site_name":"Dreyers Forlag","article_modified_time":"2025-08-27T06:01:33+00:00","og_image":[{"width":610,"height":783,"url":"https:\/\/staging.forenteforlag.no\/dreyers\/wp-content\/uploads\/sites\/2\/2025\/08\/jpg-5664.jpg","type":"image\/jpeg"}],"twitter_card":"summary_large_image","twitter_misc":{"Ansl. lesetid":"1 minutt"},"schema":{"@context":"https:\/\/schema.org","@graph":[{"@type":"WebPage","@id":"https:\/\/staging.forenteforlag.no\/dreyers\/produkt\/bogstadveien\/","url":"https:\/\/staging.forenteforlag.no\/dreyers\/produkt\/bogstadveien\/","name":"Bogstadveien - Dreyers Forlag","isPartOf":{"@id":"https:\/\/staging.forenteforlag.no\/dreyers\/#website"},"primaryImageOfPage":{"@id":"https:\/\/staging.forenteforlag.no\/dreyers\/produkt\/bogstadveien\/#primaryimage"},"image":{"@id":"https:\/\/staging.forenteforlag.no\/dreyers\/produkt\/bogstadveien\/#primaryimage"},"thumbnailUrl":"https:\/\/staging.forenteforlag.no\/dreyers\/wp-content\/uploads\/sites\/2\/2025\/08\/jpg-5664.jpg","datePublished":"2022-11-17T00:00:00+00:00","dateModified":"2025-08-27T06:01:33+00:00","breadcrumb":{"@id":"https:\/\/staging.forenteforlag.no\/dreyers\/produkt\/bogstadveien\/#breadcrumb"},"inLanguage":"nb-NO","potentialAction":[{"@type":"ReadAction","target":["https:\/\/staging.forenteforlag.no\/dreyers\/produkt\/bogstadveien\/"]}]},{"@type":"ImageObject","inLanguage":"nb-NO","@id":"https:\/\/staging.forenteforlag.no\/dreyers\/produkt\/bogstadveien\/#primaryimage","url":"https:\/\/staging.forenteforlag.no\/dreyers\/wp-content\/uploads\/sites\/2\/2025\/08\/jpg-5664.jpg","contentUrl":"https:\/\/staging.forenteforlag.no\/dreyers\/wp-content\/uploads\/sites\/2\/2025\/08\/jpg-5664.jpg","width":610,"height":783},{"@type":"BreadcrumbList","@id":"https:\/\/staging.forenteforlag.no\/dreyers\/produkt\/bogstadveien\/#breadcrumb","itemListElement":[{"@type":"ListItem","position":1,"name":"Hjem","item":"https:\/\/staging.forenteforlag.no\/dreyers\/"},{"@type":"ListItem","position":2,"name":"Alle b\u00f8ker","item":"https:\/\/staging.forenteforlag.no\/dreyers\/butikk\/"},{"@type":"ListItem","position":3,"name":"Bogstadveien"}]},{"@type":"WebSite","@id":"https:\/\/staging.forenteforlag.no\/dreyers\/#website","url":"https:\/\/staging.forenteforlag.no\/dreyers\/","name":"Dreyers Forlag","description":"","potentialAction":[{"@type":"SearchAction","target":{"@type":"EntryPoint","urlTemplate":"https:\/\/staging.forenteforlag.no\/dreyers\/?s={search_term_string}"},"query-input":{"@type":"PropertyValueSpecification","valueRequired":true,"valueName":"search_term_string"}}],"inLanguage":"nb-NO"}]}},"_links":{"self":[{"href":"https:\/\/staging.forenteforlag.no\/dreyers\/wp-json\/wp\/v2\/product\/21197","targetHints":{"allow":["GET"]}}],"collection":[{"href":"https:\/\/staging.forenteforlag.no\/dreyers\/wp-json\/wp\/v2\/product"}],"about":[{"href":"https:\/\/staging.forenteforlag.no\/dreyers\/wp-json\/wp\/v2\/types\/product"}],"wp:featuredmedia":[{"embeddable":true,"href":"https:\/\/staging.forenteforlag.no\/dreyers\/wp-json\/wp\/v2\/media\/24041"}],"wp:attachment":[{"href":"https:\/\/staging.forenteforlag.no\/dreyers\/wp-json\/wp\/v2\/media?parent=21197"}],"wp:term":[{"taxonomy":"product_brand","embeddable":true,"href":"https:\/\/staging.forenteforlag.no\/dreyers\/wp-json\/wp\/v2\/product_brand?post=21197"},{"taxonomy":"product_cat","embeddable":true,"href":"https:\/\/staging.forenteforlag.no\/dreyers\/wp-json\/wp\/v2\/product_cat?post=21197"},{"taxonomy":"product_tag","embeddable":true,"href":"https:\/\/staging.forenteforlag.no\/dreyers\/wp-json\/wp\/v2\/product_tag?post=21197"}],"curies":[{"name":"wp","href":"https:\/\/api.w.org\/{rel}","templated":true}]}}