{"id":21195,"date":"2022-11-23T01:00:00","date_gmt":"2022-11-23T00:00:00","guid":{"rendered":"https:\/\/dreyersforlag.forenteforlag.no\/produkt\/den-norske-modellen-blir-til\/"},"modified":"2025-09-03T15:04:39","modified_gmt":"2025-09-03T13:04:39","slug":"den-norske-modellen-blir-til","status":"publish","type":"product","link":"https:\/\/staging.forenteforlag.no\/dreyers\/produkt\/den-norske-modellen-blir-til\/","title":{"rendered":"Den norske modellen blir til"},"content":{"rendered":"<p>Den norske samfunnsmodellen, ogs\u00e5 kalt den nordiske modellen, er internasjonalt anerkjent som en vellykket samfunnsform. Som elementer i den nevnes ofte sosial likhet, gratis offentlig utdanning, sjener\u00f8se sosiale ytelser, h\u00f8y yrkesdeltakelse blant kvinner, sterke kollektive bevegelser, h\u00f8y grad av samfunnsmessig tillit, robuste samfunnsinstitusjoner og samarbeid i arbeidslivet formidlet av staten. Det er et verdifellesskap preget av frihet og demokrati.<\/p>\n<p>Modellen beskrives oftest som et etterkrigsfenomen, kanskje med r\u00f8tter. til. mellomkrigstiden.. Denne boka vil vise at r\u00f8ttene finnes lenger tilbake, til 1800-tallets Norge. Norge var et h\u00f8yst moderne og relativt rikt samfunn allerede ved forrige \u00e5rhundreskifte. Det gjelder selvsagt i forhold til andre land, en sammenligning som foretas i boka.<\/p>\n<p>Det var ikke minst de tidlige spor av modellen som brakte landet i en slik posisjon: den relative sosiale likhet (ingen adel, selveiende b\u00f8nder), verdens h\u00f8yeste lese og skrivekyndighet, kvinner i mange yrker, en flora av frivillige organisasjoner, et \u00abuenighetsfellesskap\u00bb bygget p\u00e5 visse fellesverdier, en legitim stat med stabile institusjoner og en relativt homogen befolkning. Det fantes nok av urettferdighet og konflikter, men konflikter, rimelig h\u00e5ndtert, bringer samfunnet framover. Den norske modellen var allerede begynt \u00e5 ta form p\u00e5 1800-tallet.<\/p>\n","protected":false},"excerpt":{"rendered":"<p>Den norske samfunnsmodellen, ogs\u00e5 kalt den nordiske modellen, er internasjonalt anerkjent som en vellykket samfunnsform. Som elementer i den nevnes ofte sosial likhet, gratis offentlig utdanning, sjener\u00f8se sosiale ytelser, h\u00f8y yrkesdeltakelse blant kvinner, sterke kollektive bevegelser, h\u00f8y grad av samfunnsmessig tillit, robuste samfunnsinstitusjoner og samarbeid i arbeidslivet formidlet av staten. Det er et verdifellesskap preget [&hellip;]<\/p>\n","protected":false},"featured_media":23992,"template":"","meta":{"_acf_changed":false,"inline_featured_image":false},"product_brand":[],"product_cat":[1785,23],"product_tag":[394,397,607,362,439,524],"class_list":{"0":"post-21195","1":"product","2":"type-product","3":"status-publish","4":"has-post-thumbnail","6":"product_cat-fripris","7":"product_cat-historie","8":"product_tag-1800-tallet","9":"product_tag-1900-1914","10":"product_tag-bedriftshistorie","11":"product_tag-faglitteratur","12":"product_tag-nord-norge","13":"product_tag-sosial-velferd","14":"pa_format-innbundet","16":"first","17":"instock","18":"shipping-taxable","19":"purchasable","20":"product-type-simple"},"acf":{"anmeldelse":null},"yoast_head":"<!-- This site is optimized with the Yoast SEO plugin v26.6 - https:\/\/yoast.com\/wordpress\/plugins\/seo\/ -->\n<title>Den norske modellen blir til - Dreyers Forlag<\/title>\n<meta name=\"robots\" content=\"noindex, follow, max-snippet:-1, max-image-preview:large, max-video-preview:-1\" \/>\n<meta property=\"og:locale\" content=\"nb_NO\" \/>\n<meta property=\"og:type\" content=\"article\" \/>\n<meta property=\"og:title\" content=\"Den norske modellen blir til - Dreyers Forlag\" \/>\n<meta property=\"og:description\" content=\"Den norske samfunnsmodellen, ogs\u00e5 kalt den nordiske modellen, er internasjonalt anerkjent som en vellykket samfunnsform. Som elementer i den nevnes ofte sosial likhet, gratis offentlig utdanning, sjener\u00f8se sosiale ytelser, h\u00f8y yrkesdeltakelse blant kvinner, sterke kollektive bevegelser, h\u00f8y grad av samfunnsmessig tillit, robuste samfunnsinstitusjoner og samarbeid i arbeidslivet formidlet av staten. Det er et verdifellesskap preget [&hellip;]\" \/>\n<meta property=\"og:url\" content=\"https:\/\/staging.forenteforlag.no\/dreyers\/produkt\/den-norske-modellen-blir-til\/\" \/>\n<meta property=\"og:site_name\" content=\"Dreyers Forlag\" \/>\n<meta property=\"article:modified_time\" content=\"2025-09-03T13:04:39+00:00\" \/>\n<meta property=\"og:image\" content=\"https:\/\/staging.forenteforlag.no\/dreyers\/wp-content\/uploads\/sites\/2\/2025\/08\/jpg-5342.jpg\" \/>\n\t<meta property=\"og:image:width\" content=\"468\" \/>\n\t<meta property=\"og:image:height\" content=\"644\" \/>\n\t<meta property=\"og:image:type\" content=\"image\/jpeg\" \/>\n<meta name=\"twitter:card\" content=\"summary_large_image\" \/>\n<meta name=\"twitter:label1\" content=\"Ansl. lesetid\" \/>\n\t<meta name=\"twitter:data1\" content=\"1 minutt\" \/>\n<script type=\"application\/ld+json\" class=\"yoast-schema-graph\">{\"@context\":\"https:\/\/schema.org\",\"@graph\":[{\"@type\":\"WebPage\",\"@id\":\"https:\/\/staging.forenteforlag.no\/dreyers\/produkt\/den-norske-modellen-blir-til\/\",\"url\":\"https:\/\/staging.forenteforlag.no\/dreyers\/produkt\/den-norske-modellen-blir-til\/\",\"name\":\"Den norske modellen blir til - Dreyers Forlag\",\"isPartOf\":{\"@id\":\"https:\/\/staging.forenteforlag.no\/dreyers\/#website\"},\"primaryImageOfPage\":{\"@id\":\"https:\/\/staging.forenteforlag.no\/dreyers\/produkt\/den-norske-modellen-blir-til\/#primaryimage\"},\"image\":{\"@id\":\"https:\/\/staging.forenteforlag.no\/dreyers\/produkt\/den-norske-modellen-blir-til\/#primaryimage\"},\"thumbnailUrl\":\"https:\/\/staging.forenteforlag.no\/dreyers\/wp-content\/uploads\/sites\/2\/2025\/08\/jpg-5342.jpg\",\"datePublished\":\"2022-11-23T00:00:00+00:00\",\"dateModified\":\"2025-09-03T13:04:39+00:00\",\"breadcrumb\":{\"@id\":\"https:\/\/staging.forenteforlag.no\/dreyers\/produkt\/den-norske-modellen-blir-til\/#breadcrumb\"},\"inLanguage\":\"nb-NO\",\"potentialAction\":[{\"@type\":\"ReadAction\",\"target\":[\"https:\/\/staging.forenteforlag.no\/dreyers\/produkt\/den-norske-modellen-blir-til\/\"]}]},{\"@type\":\"ImageObject\",\"inLanguage\":\"nb-NO\",\"@id\":\"https:\/\/staging.forenteforlag.no\/dreyers\/produkt\/den-norske-modellen-blir-til\/#primaryimage\",\"url\":\"https:\/\/staging.forenteforlag.no\/dreyers\/wp-content\/uploads\/sites\/2\/2025\/08\/jpg-5342.jpg\",\"contentUrl\":\"https:\/\/staging.forenteforlag.no\/dreyers\/wp-content\/uploads\/sites\/2\/2025\/08\/jpg-5342.jpg\",\"width\":468,\"height\":644},{\"@type\":\"BreadcrumbList\",\"@id\":\"https:\/\/staging.forenteforlag.no\/dreyers\/produkt\/den-norske-modellen-blir-til\/#breadcrumb\",\"itemListElement\":[{\"@type\":\"ListItem\",\"position\":1,\"name\":\"Hjem\",\"item\":\"https:\/\/staging.forenteforlag.no\/dreyers\/\"},{\"@type\":\"ListItem\",\"position\":2,\"name\":\"Alle b\u00f8ker\",\"item\":\"https:\/\/staging.forenteforlag.no\/dreyers\/butikk\/\"},{\"@type\":\"ListItem\",\"position\":3,\"name\":\"Den norske modellen blir til\"}]},{\"@type\":\"WebSite\",\"@id\":\"https:\/\/staging.forenteforlag.no\/dreyers\/#website\",\"url\":\"https:\/\/staging.forenteforlag.no\/dreyers\/\",\"name\":\"Dreyers Forlag\",\"description\":\"\",\"potentialAction\":[{\"@type\":\"SearchAction\",\"target\":{\"@type\":\"EntryPoint\",\"urlTemplate\":\"https:\/\/staging.forenteforlag.no\/dreyers\/?s={search_term_string}\"},\"query-input\":{\"@type\":\"PropertyValueSpecification\",\"valueRequired\":true,\"valueName\":\"search_term_string\"}}],\"inLanguage\":\"nb-NO\"}]}<\/script>\n<!-- \/ Yoast SEO plugin. -->","yoast_head_json":{"title":"Den norske modellen blir til - Dreyers Forlag","robots":{"index":"noindex","follow":"follow","max-snippet":"max-snippet:-1","max-image-preview":"max-image-preview:large","max-video-preview":"max-video-preview:-1"},"og_locale":"nb_NO","og_type":"article","og_title":"Den norske modellen blir til - Dreyers Forlag","og_description":"Den norske samfunnsmodellen, ogs\u00e5 kalt den nordiske modellen, er internasjonalt anerkjent som en vellykket samfunnsform. Som elementer i den nevnes ofte sosial likhet, gratis offentlig utdanning, sjener\u00f8se sosiale ytelser, h\u00f8y yrkesdeltakelse blant kvinner, sterke kollektive bevegelser, h\u00f8y grad av samfunnsmessig tillit, robuste samfunnsinstitusjoner og samarbeid i arbeidslivet formidlet av staten. Det er et verdifellesskap preget [&hellip;]","og_url":"https:\/\/staging.forenteforlag.no\/dreyers\/produkt\/den-norske-modellen-blir-til\/","og_site_name":"Dreyers Forlag","article_modified_time":"2025-09-03T13:04:39+00:00","og_image":[{"width":468,"height":644,"url":"https:\/\/staging.forenteforlag.no\/dreyers\/wp-content\/uploads\/sites\/2\/2025\/08\/jpg-5342.jpg","type":"image\/jpeg"}],"twitter_card":"summary_large_image","twitter_misc":{"Ansl. lesetid":"1 minutt"},"schema":{"@context":"https:\/\/schema.org","@graph":[{"@type":"WebPage","@id":"https:\/\/staging.forenteforlag.no\/dreyers\/produkt\/den-norske-modellen-blir-til\/","url":"https:\/\/staging.forenteforlag.no\/dreyers\/produkt\/den-norske-modellen-blir-til\/","name":"Den norske modellen blir til - Dreyers Forlag","isPartOf":{"@id":"https:\/\/staging.forenteforlag.no\/dreyers\/#website"},"primaryImageOfPage":{"@id":"https:\/\/staging.forenteforlag.no\/dreyers\/produkt\/den-norske-modellen-blir-til\/#primaryimage"},"image":{"@id":"https:\/\/staging.forenteforlag.no\/dreyers\/produkt\/den-norske-modellen-blir-til\/#primaryimage"},"thumbnailUrl":"https:\/\/staging.forenteforlag.no\/dreyers\/wp-content\/uploads\/sites\/2\/2025\/08\/jpg-5342.jpg","datePublished":"2022-11-23T00:00:00+00:00","dateModified":"2025-09-03T13:04:39+00:00","breadcrumb":{"@id":"https:\/\/staging.forenteforlag.no\/dreyers\/produkt\/den-norske-modellen-blir-til\/#breadcrumb"},"inLanguage":"nb-NO","potentialAction":[{"@type":"ReadAction","target":["https:\/\/staging.forenteforlag.no\/dreyers\/produkt\/den-norske-modellen-blir-til\/"]}]},{"@type":"ImageObject","inLanguage":"nb-NO","@id":"https:\/\/staging.forenteforlag.no\/dreyers\/produkt\/den-norske-modellen-blir-til\/#primaryimage","url":"https:\/\/staging.forenteforlag.no\/dreyers\/wp-content\/uploads\/sites\/2\/2025\/08\/jpg-5342.jpg","contentUrl":"https:\/\/staging.forenteforlag.no\/dreyers\/wp-content\/uploads\/sites\/2\/2025\/08\/jpg-5342.jpg","width":468,"height":644},{"@type":"BreadcrumbList","@id":"https:\/\/staging.forenteforlag.no\/dreyers\/produkt\/den-norske-modellen-blir-til\/#breadcrumb","itemListElement":[{"@type":"ListItem","position":1,"name":"Hjem","item":"https:\/\/staging.forenteforlag.no\/dreyers\/"},{"@type":"ListItem","position":2,"name":"Alle b\u00f8ker","item":"https:\/\/staging.forenteforlag.no\/dreyers\/butikk\/"},{"@type":"ListItem","position":3,"name":"Den norske modellen blir til"}]},{"@type":"WebSite","@id":"https:\/\/staging.forenteforlag.no\/dreyers\/#website","url":"https:\/\/staging.forenteforlag.no\/dreyers\/","name":"Dreyers Forlag","description":"","potentialAction":[{"@type":"SearchAction","target":{"@type":"EntryPoint","urlTemplate":"https:\/\/staging.forenteforlag.no\/dreyers\/?s={search_term_string}"},"query-input":{"@type":"PropertyValueSpecification","valueRequired":true,"valueName":"search_term_string"}}],"inLanguage":"nb-NO"}]}},"_links":{"self":[{"href":"https:\/\/staging.forenteforlag.no\/dreyers\/wp-json\/wp\/v2\/product\/21195","targetHints":{"allow":["GET"]}}],"collection":[{"href":"https:\/\/staging.forenteforlag.no\/dreyers\/wp-json\/wp\/v2\/product"}],"about":[{"href":"https:\/\/staging.forenteforlag.no\/dreyers\/wp-json\/wp\/v2\/types\/product"}],"wp:featuredmedia":[{"embeddable":true,"href":"https:\/\/staging.forenteforlag.no\/dreyers\/wp-json\/wp\/v2\/media\/23992"}],"wp:attachment":[{"href":"https:\/\/staging.forenteforlag.no\/dreyers\/wp-json\/wp\/v2\/media?parent=21195"}],"wp:term":[{"taxonomy":"product_brand","embeddable":true,"href":"https:\/\/staging.forenteforlag.no\/dreyers\/wp-json\/wp\/v2\/product_brand?post=21195"},{"taxonomy":"product_cat","embeddable":true,"href":"https:\/\/staging.forenteforlag.no\/dreyers\/wp-json\/wp\/v2\/product_cat?post=21195"},{"taxonomy":"product_tag","embeddable":true,"href":"https:\/\/staging.forenteforlag.no\/dreyers\/wp-json\/wp\/v2\/product_tag?post=21195"}],"curies":[{"name":"wp","href":"https:\/\/api.w.org\/{rel}","templated":true}]}}