{"id":21193,"date":"2023-03-01T01:00:00","date_gmt":"2023-03-01T00:00:00","guid":{"rendered":"https:\/\/dreyersforlag.forenteforlag.no\/produkt\/bahuslens-historie\/"},"modified":"2025-09-03T15:02:59","modified_gmt":"2025-09-03T13:02:59","slug":"bahuslens-historie","status":"publish","type":"product","link":"https:\/\/staging.forenteforlag.no\/dreyers\/produkt\/bahuslens-historie\/","title":{"rendered":"B\u00e5huslens historie"},"content":{"rendered":"<p>B\u00e5huslen &#8211; landskapet som har g\u00e5tt fra \u00e5 v\u00e6re norsk, s\u00e5 dansk-norsk og til slutt svensk &#8211; har en stormfull historie. Herfra seilte vikinger vestover for \u00e5 kolonisere De britiske \u00f8yer, Island og Gr\u00f8nland. Her kjempet hensynsl\u00f8se stormenn om herreveldet over munningen av G\u00f6ta-elven. Men her blomstret ogs\u00e5 Konghelle, Norges mest betydningsfulle by p\u00e5 1100-tallet, og en rekke andre livlige handelsplasser langs elven og kysten.<\/p>\n<p>P\u00e5 B\u00e5hus slott residerte p\u00e5 1300-tallet .ere fargerike personer &#8211; blant dem kong Magnus Eriksson, som p\u00e5 1300-tallet regjerte over b\u00e5de Norge og Sverige, og senere unionsdronningen Margrete. Den hellige Birgitta bodde ogs\u00e5 p\u00e5 slottet, blant annet for \u00e5 undervise Magnus Erikssons hustru, Blanka av Namur.<\/p>\n<p>P\u00e5 1400-tallet ble skogene hugget ned for \u00e5 gi virke til skip og andre bygg, og p\u00e5 1500-tallet .kk silde.sket lykkejegere til \u00e5 .okke seg rundt Marstrand. B\u00e5huslen l\u00e5 n\u00e5 ikke lenger i den politiske hovedsf\u00e6ren. Likevel var det utenfor B\u00e5hus slottsmurer at Kristian II (Tyrann) til slutt m\u00e5tte oppgi kampen om den danske kongekronen.<\/p>\n<p>I B\u00e5huslens historie f\u00e5r B\u00e5huslen for f\u00f8rste gang sin historie fortalt i bokform, fri fra norske, danske og svenske overtoner. Forfatter og historiker Tomas Anderssons kunnskapsrike og engasjerende beretning starter i yngre jernalder og strekker seg fram til freden i Roskilde 1658. Den belyser et landomr\u00e5de som p\u00e5 1300-tallet hadde kunnet utvikle seg til et eget \u00abmellomnordisk\u00bb kongerike.<\/p>\n","protected":false},"excerpt":{"rendered":"<p>B\u00e5huslen &#8211; landskapet som har g\u00e5tt fra \u00e5 v\u00e6re norsk, s\u00e5 dansk-norsk og til slutt svensk &#8211; har en stormfull historie. Herfra seilte vikinger vestover for \u00e5 kolonisere De britiske \u00f8yer, Island og Gr\u00f8nland. Her kjempet hensynsl\u00f8se stormenn om herreveldet over munningen av G\u00f6ta-elven. Men her blomstret ogs\u00e5 Konghelle, Norges mest betydningsfulle by p\u00e5 1100-tallet, [&hellip;]<\/p>\n","protected":false},"featured_media":24505,"template":"","meta":{"_acf_changed":false,"inline_featured_image":false},"product_brand":[],"product_cat":[1785,23],"product_tag":[625,396,607,362,789,547],"class_list":{"0":"post-21193","1":"product","2":"type-product","3":"status-publish","4":"has-post-thumbnail","6":"product_cat-fripris","7":"product_cat-historie","8":"product_tag-1500-tallet","9":"product_tag-1600-tallet","10":"product_tag-bedriftshistorie","11":"product_tag-faglitteratur","12":"product_tag-hoymiddelalderen","13":"product_tag-sverige","14":"pa_format-innbundet","16":"first","17":"instock","18":"shipping-taxable","19":"purchasable","20":"product-type-simple"},"acf":{"anmeldelse":null},"yoast_head":"<!-- This site is optimized with the Yoast SEO plugin v26.6 - https:\/\/yoast.com\/wordpress\/plugins\/seo\/ -->\n<title>B\u00e5huslens historie - Dreyers Forlag<\/title>\n<meta name=\"robots\" content=\"noindex, follow, max-snippet:-1, max-image-preview:large, max-video-preview:-1\" \/>\n<meta property=\"og:locale\" content=\"nb_NO\" \/>\n<meta property=\"og:type\" content=\"article\" \/>\n<meta property=\"og:title\" content=\"B\u00e5huslens historie - Dreyers Forlag\" \/>\n<meta property=\"og:description\" content=\"B\u00e5huslen &#8211; landskapet som har g\u00e5tt fra \u00e5 v\u00e6re norsk, s\u00e5 dansk-norsk og til slutt svensk &#8211; har en stormfull historie. Herfra seilte vikinger vestover for \u00e5 kolonisere De britiske \u00f8yer, Island og Gr\u00f8nland. Her kjempet hensynsl\u00f8se stormenn om herreveldet over munningen av G\u00f6ta-elven. Men her blomstret ogs\u00e5 Konghelle, Norges mest betydningsfulle by p\u00e5 1100-tallet, [&hellip;]\" \/>\n<meta property=\"og:url\" content=\"https:\/\/staging.forenteforlag.no\/dreyers\/produkt\/bahuslens-historie\/\" \/>\n<meta property=\"og:site_name\" content=\"Dreyers Forlag\" \/>\n<meta property=\"article:modified_time\" content=\"2025-09-03T13:02:59+00:00\" \/>\n<meta property=\"og:image\" content=\"https:\/\/staging.forenteforlag.no\/dreyers\/wp-content\/uploads\/sites\/2\/2025\/08\/jpg-10051.jpg\" \/>\n\t<meta property=\"og:image:width\" content=\"439\" \/>\n\t<meta property=\"og:image:height\" content=\"624\" \/>\n\t<meta property=\"og:image:type\" content=\"image\/jpeg\" \/>\n<meta name=\"twitter:card\" content=\"summary_large_image\" \/>\n<meta name=\"twitter:label1\" content=\"Ansl. lesetid\" \/>\n\t<meta name=\"twitter:data1\" content=\"1 minutt\" \/>\n<script type=\"application\/ld+json\" class=\"yoast-schema-graph\">{\"@context\":\"https:\/\/schema.org\",\"@graph\":[{\"@type\":\"WebPage\",\"@id\":\"https:\/\/staging.forenteforlag.no\/dreyers\/produkt\/bahuslens-historie\/\",\"url\":\"https:\/\/staging.forenteforlag.no\/dreyers\/produkt\/bahuslens-historie\/\",\"name\":\"B\u00e5huslens historie - Dreyers Forlag\",\"isPartOf\":{\"@id\":\"https:\/\/staging.forenteforlag.no\/dreyers\/#website\"},\"primaryImageOfPage\":{\"@id\":\"https:\/\/staging.forenteforlag.no\/dreyers\/produkt\/bahuslens-historie\/#primaryimage\"},\"image\":{\"@id\":\"https:\/\/staging.forenteforlag.no\/dreyers\/produkt\/bahuslens-historie\/#primaryimage\"},\"thumbnailUrl\":\"https:\/\/staging.forenteforlag.no\/dreyers\/wp-content\/uploads\/sites\/2\/2025\/08\/jpg-10051.jpg\",\"datePublished\":\"2023-03-01T00:00:00+00:00\",\"dateModified\":\"2025-09-03T13:02:59+00:00\",\"breadcrumb\":{\"@id\":\"https:\/\/staging.forenteforlag.no\/dreyers\/produkt\/bahuslens-historie\/#breadcrumb\"},\"inLanguage\":\"nb-NO\",\"potentialAction\":[{\"@type\":\"ReadAction\",\"target\":[\"https:\/\/staging.forenteforlag.no\/dreyers\/produkt\/bahuslens-historie\/\"]}]},{\"@type\":\"ImageObject\",\"inLanguage\":\"nb-NO\",\"@id\":\"https:\/\/staging.forenteforlag.no\/dreyers\/produkt\/bahuslens-historie\/#primaryimage\",\"url\":\"https:\/\/staging.forenteforlag.no\/dreyers\/wp-content\/uploads\/sites\/2\/2025\/08\/jpg-10051.jpg\",\"contentUrl\":\"https:\/\/staging.forenteforlag.no\/dreyers\/wp-content\/uploads\/sites\/2\/2025\/08\/jpg-10051.jpg\",\"width\":439,\"height\":624},{\"@type\":\"BreadcrumbList\",\"@id\":\"https:\/\/staging.forenteforlag.no\/dreyers\/produkt\/bahuslens-historie\/#breadcrumb\",\"itemListElement\":[{\"@type\":\"ListItem\",\"position\":1,\"name\":\"Hjem\",\"item\":\"https:\/\/staging.forenteforlag.no\/dreyers\/\"},{\"@type\":\"ListItem\",\"position\":2,\"name\":\"Alle b\u00f8ker\",\"item\":\"https:\/\/staging.forenteforlag.no\/dreyers\/butikk\/\"},{\"@type\":\"ListItem\",\"position\":3,\"name\":\"B\u00e5huslens historie\"}]},{\"@type\":\"WebSite\",\"@id\":\"https:\/\/staging.forenteforlag.no\/dreyers\/#website\",\"url\":\"https:\/\/staging.forenteforlag.no\/dreyers\/\",\"name\":\"Dreyers Forlag\",\"description\":\"\",\"potentialAction\":[{\"@type\":\"SearchAction\",\"target\":{\"@type\":\"EntryPoint\",\"urlTemplate\":\"https:\/\/staging.forenteforlag.no\/dreyers\/?s={search_term_string}\"},\"query-input\":{\"@type\":\"PropertyValueSpecification\",\"valueRequired\":true,\"valueName\":\"search_term_string\"}}],\"inLanguage\":\"nb-NO\"}]}<\/script>\n<!-- \/ Yoast SEO plugin. -->","yoast_head_json":{"title":"B\u00e5huslens historie - Dreyers Forlag","robots":{"index":"noindex","follow":"follow","max-snippet":"max-snippet:-1","max-image-preview":"max-image-preview:large","max-video-preview":"max-video-preview:-1"},"og_locale":"nb_NO","og_type":"article","og_title":"B\u00e5huslens historie - Dreyers Forlag","og_description":"B\u00e5huslen &#8211; landskapet som har g\u00e5tt fra \u00e5 v\u00e6re norsk, s\u00e5 dansk-norsk og til slutt svensk &#8211; har en stormfull historie. Herfra seilte vikinger vestover for \u00e5 kolonisere De britiske \u00f8yer, Island og Gr\u00f8nland. Her kjempet hensynsl\u00f8se stormenn om herreveldet over munningen av G\u00f6ta-elven. Men her blomstret ogs\u00e5 Konghelle, Norges mest betydningsfulle by p\u00e5 1100-tallet, [&hellip;]","og_url":"https:\/\/staging.forenteforlag.no\/dreyers\/produkt\/bahuslens-historie\/","og_site_name":"Dreyers Forlag","article_modified_time":"2025-09-03T13:02:59+00:00","og_image":[{"width":439,"height":624,"url":"https:\/\/staging.forenteforlag.no\/dreyers\/wp-content\/uploads\/sites\/2\/2025\/08\/jpg-10051.jpg","type":"image\/jpeg"}],"twitter_card":"summary_large_image","twitter_misc":{"Ansl. lesetid":"1 minutt"},"schema":{"@context":"https:\/\/schema.org","@graph":[{"@type":"WebPage","@id":"https:\/\/staging.forenteforlag.no\/dreyers\/produkt\/bahuslens-historie\/","url":"https:\/\/staging.forenteforlag.no\/dreyers\/produkt\/bahuslens-historie\/","name":"B\u00e5huslens historie - Dreyers Forlag","isPartOf":{"@id":"https:\/\/staging.forenteforlag.no\/dreyers\/#website"},"primaryImageOfPage":{"@id":"https:\/\/staging.forenteforlag.no\/dreyers\/produkt\/bahuslens-historie\/#primaryimage"},"image":{"@id":"https:\/\/staging.forenteforlag.no\/dreyers\/produkt\/bahuslens-historie\/#primaryimage"},"thumbnailUrl":"https:\/\/staging.forenteforlag.no\/dreyers\/wp-content\/uploads\/sites\/2\/2025\/08\/jpg-10051.jpg","datePublished":"2023-03-01T00:00:00+00:00","dateModified":"2025-09-03T13:02:59+00:00","breadcrumb":{"@id":"https:\/\/staging.forenteforlag.no\/dreyers\/produkt\/bahuslens-historie\/#breadcrumb"},"inLanguage":"nb-NO","potentialAction":[{"@type":"ReadAction","target":["https:\/\/staging.forenteforlag.no\/dreyers\/produkt\/bahuslens-historie\/"]}]},{"@type":"ImageObject","inLanguage":"nb-NO","@id":"https:\/\/staging.forenteforlag.no\/dreyers\/produkt\/bahuslens-historie\/#primaryimage","url":"https:\/\/staging.forenteforlag.no\/dreyers\/wp-content\/uploads\/sites\/2\/2025\/08\/jpg-10051.jpg","contentUrl":"https:\/\/staging.forenteforlag.no\/dreyers\/wp-content\/uploads\/sites\/2\/2025\/08\/jpg-10051.jpg","width":439,"height":624},{"@type":"BreadcrumbList","@id":"https:\/\/staging.forenteforlag.no\/dreyers\/produkt\/bahuslens-historie\/#breadcrumb","itemListElement":[{"@type":"ListItem","position":1,"name":"Hjem","item":"https:\/\/staging.forenteforlag.no\/dreyers\/"},{"@type":"ListItem","position":2,"name":"Alle b\u00f8ker","item":"https:\/\/staging.forenteforlag.no\/dreyers\/butikk\/"},{"@type":"ListItem","position":3,"name":"B\u00e5huslens historie"}]},{"@type":"WebSite","@id":"https:\/\/staging.forenteforlag.no\/dreyers\/#website","url":"https:\/\/staging.forenteforlag.no\/dreyers\/","name":"Dreyers Forlag","description":"","potentialAction":[{"@type":"SearchAction","target":{"@type":"EntryPoint","urlTemplate":"https:\/\/staging.forenteforlag.no\/dreyers\/?s={search_term_string}"},"query-input":{"@type":"PropertyValueSpecification","valueRequired":true,"valueName":"search_term_string"}}],"inLanguage":"nb-NO"}]}},"_links":{"self":[{"href":"https:\/\/staging.forenteforlag.no\/dreyers\/wp-json\/wp\/v2\/product\/21193","targetHints":{"allow":["GET"]}}],"collection":[{"href":"https:\/\/staging.forenteforlag.no\/dreyers\/wp-json\/wp\/v2\/product"}],"about":[{"href":"https:\/\/staging.forenteforlag.no\/dreyers\/wp-json\/wp\/v2\/types\/product"}],"wp:featuredmedia":[{"embeddable":true,"href":"https:\/\/staging.forenteforlag.no\/dreyers\/wp-json\/wp\/v2\/media\/24505"}],"wp:attachment":[{"href":"https:\/\/staging.forenteforlag.no\/dreyers\/wp-json\/wp\/v2\/media?parent=21193"}],"wp:term":[{"taxonomy":"product_brand","embeddable":true,"href":"https:\/\/staging.forenteforlag.no\/dreyers\/wp-json\/wp\/v2\/product_brand?post=21193"},{"taxonomy":"product_cat","embeddable":true,"href":"https:\/\/staging.forenteforlag.no\/dreyers\/wp-json\/wp\/v2\/product_cat?post=21193"},{"taxonomy":"product_tag","embeddable":true,"href":"https:\/\/staging.forenteforlag.no\/dreyers\/wp-json\/wp\/v2\/product_tag?post=21193"}],"curies":[{"name":"wp","href":"https:\/\/api.w.org\/{rel}","templated":true}]}}