{"id":21190,"date":"2023-04-17T02:00:00","date_gmt":"2023-04-17T00:00:00","guid":{"rendered":"https:\/\/dreyersforlag.forenteforlag.no\/produkt\/spekulanten\/"},"modified":"2025-08-27T08:43:22","modified_gmt":"2025-08-27T06:43:22","slug":"spekulanten","status":"publish","type":"product","link":"https:\/\/staging.forenteforlag.no\/dreyers\/produkt\/spekulanten\/","title":{"rendered":"Spekulanten"},"content":{"rendered":"<p>I 1880-\u00e5rene gikk Kristiania over fra \u00e5 v\u00e6re en \u00abs\u00f8vnig provinsby\u00bb til \u00e5 bli en ekte hovedstad. Sm\u00e5byens personlige tillitsb\u00e5nd ble erstattet med storbyens freidighet, hvor et d\u00e5rlig rykte ikke lenger l\u00f8p like fort foran folk. <\/p>\n<p>\u00abPlattenslager\u00bb, \u00abspekulant\u00bb og \u00abbedrager\u00bb kalles han i samtidige kilder &#8211; selv titulerte han seg gjerne som \u00abdirekt\u00f8r\u00bb, \u00abverkseier\u00bb, \u00abgodseier\u00bb og \u00abgeneralkonsul\u00bb. P\u00e5 1890-tallet bygget Georg Walentin Hammer seg p\u00e5 rekordtid opp til \u00e5 bli Kristianias ledende eiendomsmegler, storspekulant og .nansakrobat, med venner i den politiske eliten. Ingen i Norge uten nedarvet formue skal f\u00f8r ha v\u00e6rt i besittelse av s\u00e5 mange eiendommer og s\u00e5 store verdier. <\/p>\n<p>Vidar Tr\u00e6dal gir et underholdende portrett av en eksentriker, ofte p\u00e5 kant med b\u00e5de lov og moral, i den perioden som framfor noen formet Oslo som vi kjenner den.<\/p>\n","protected":false},"excerpt":{"rendered":"<p>I 1880-\u00e5rene gikk Kristiania over fra \u00e5 v\u00e6re en \u00abs\u00f8vnig provinsby\u00bb til \u00e5 bli en ekte hovedstad. Sm\u00e5byens personlige tillitsb\u00e5nd ble erstattet med storbyens freidighet, hvor et d\u00e5rlig rykte ikke lenger l\u00f8p like fort foran folk. \u00abPlattenslager\u00bb, \u00abspekulant\u00bb og \u00abbedrager\u00bb kalles han i samtidige kilder &#8211; selv titulerte han seg gjerne som \u00abdirekt\u00f8r\u00bb, \u00abverkseier\u00bb, \u00abgodseier\u00bb [&hellip;]<\/p>\n","protected":false},"featured_media":24122,"template":"","meta":{"_acf_changed":false,"inline_featured_image":false},"product_brand":[],"product_cat":[20,1785,37],"product_tag":[453,399,362,525,377,505,417],"class_list":{"0":"post-21190","1":"product","2":"type-product","3":"status-publish","4":"has-post-thumbnail","6":"product_cat-biografier-og-memoarer","7":"product_cat-fripris","8":"product_cat-oslo","9":"product_tag-1850-1899","10":"product_tag-1900-1945","11":"product_tag-faglitteratur","12":"product_tag-lokalhistorie","13":"product_tag-oslo","14":"product_tag-outsidere","15":"product_tag-selvbiografier","16":"pa_format-innbundet","18":"first","19":"instock","20":"shipping-taxable","21":"purchasable","22":"product-type-simple"},"acf":{"anmeldelse":null},"yoast_head":"<!-- This site is optimized with the Yoast SEO plugin v26.6 - https:\/\/yoast.com\/wordpress\/plugins\/seo\/ -->\n<title>Spekulanten - Dreyers Forlag<\/title>\n<meta name=\"robots\" content=\"noindex, follow, max-snippet:-1, max-image-preview:large, max-video-preview:-1\" \/>\n<meta property=\"og:locale\" content=\"nb_NO\" \/>\n<meta property=\"og:type\" content=\"article\" \/>\n<meta property=\"og:title\" content=\"Spekulanten - Dreyers Forlag\" \/>\n<meta property=\"og:description\" content=\"I 1880-\u00e5rene gikk Kristiania over fra \u00e5 v\u00e6re en \u00abs\u00f8vnig provinsby\u00bb til \u00e5 bli en ekte hovedstad. Sm\u00e5byens personlige tillitsb\u00e5nd ble erstattet med storbyens freidighet, hvor et d\u00e5rlig rykte ikke lenger l\u00f8p like fort foran folk. \u00abPlattenslager\u00bb, \u00abspekulant\u00bb og \u00abbedrager\u00bb kalles han i samtidige kilder &#8211; selv titulerte han seg gjerne som \u00abdirekt\u00f8r\u00bb, \u00abverkseier\u00bb, \u00abgodseier\u00bb [&hellip;]\" \/>\n<meta property=\"og:url\" content=\"https:\/\/staging.forenteforlag.no\/dreyers\/produkt\/spekulanten\/\" \/>\n<meta property=\"og:site_name\" content=\"Dreyers Forlag\" \/>\n<meta property=\"article:modified_time\" content=\"2025-08-27T06:43:22+00:00\" \/>\n<meta property=\"og:image\" content=\"https:\/\/staging.forenteforlag.no\/dreyers\/wp-content\/uploads\/sites\/2\/2025\/08\/jpg-6429.jpg\" \/>\n\t<meta property=\"og:image:width\" content=\"501\" \/>\n\t<meta property=\"og:image:height\" content=\"688\" \/>\n\t<meta property=\"og:image:type\" content=\"image\/jpeg\" \/>\n<meta name=\"twitter:card\" content=\"summary_large_image\" \/>\n<meta name=\"twitter:label1\" content=\"Ansl. lesetid\" \/>\n\t<meta name=\"twitter:data1\" content=\"1 minutt\" \/>\n<script type=\"application\/ld+json\" class=\"yoast-schema-graph\">{\"@context\":\"https:\/\/schema.org\",\"@graph\":[{\"@type\":\"WebPage\",\"@id\":\"https:\/\/staging.forenteforlag.no\/dreyers\/produkt\/spekulanten\/\",\"url\":\"https:\/\/staging.forenteforlag.no\/dreyers\/produkt\/spekulanten\/\",\"name\":\"Spekulanten - Dreyers Forlag\",\"isPartOf\":{\"@id\":\"https:\/\/staging.forenteforlag.no\/dreyers\/#website\"},\"primaryImageOfPage\":{\"@id\":\"https:\/\/staging.forenteforlag.no\/dreyers\/produkt\/spekulanten\/#primaryimage\"},\"image\":{\"@id\":\"https:\/\/staging.forenteforlag.no\/dreyers\/produkt\/spekulanten\/#primaryimage\"},\"thumbnailUrl\":\"https:\/\/staging.forenteforlag.no\/dreyers\/wp-content\/uploads\/sites\/2\/2025\/08\/jpg-6429.jpg\",\"datePublished\":\"2023-04-17T00:00:00+00:00\",\"dateModified\":\"2025-08-27T06:43:22+00:00\",\"breadcrumb\":{\"@id\":\"https:\/\/staging.forenteforlag.no\/dreyers\/produkt\/spekulanten\/#breadcrumb\"},\"inLanguage\":\"nb-NO\",\"potentialAction\":[{\"@type\":\"ReadAction\",\"target\":[\"https:\/\/staging.forenteforlag.no\/dreyers\/produkt\/spekulanten\/\"]}]},{\"@type\":\"ImageObject\",\"inLanguage\":\"nb-NO\",\"@id\":\"https:\/\/staging.forenteforlag.no\/dreyers\/produkt\/spekulanten\/#primaryimage\",\"url\":\"https:\/\/staging.forenteforlag.no\/dreyers\/wp-content\/uploads\/sites\/2\/2025\/08\/jpg-6429.jpg\",\"contentUrl\":\"https:\/\/staging.forenteforlag.no\/dreyers\/wp-content\/uploads\/sites\/2\/2025\/08\/jpg-6429.jpg\",\"width\":501,\"height\":688},{\"@type\":\"BreadcrumbList\",\"@id\":\"https:\/\/staging.forenteforlag.no\/dreyers\/produkt\/spekulanten\/#breadcrumb\",\"itemListElement\":[{\"@type\":\"ListItem\",\"position\":1,\"name\":\"Hjem\",\"item\":\"https:\/\/staging.forenteforlag.no\/dreyers\/\"},{\"@type\":\"ListItem\",\"position\":2,\"name\":\"Alle b\u00f8ker\",\"item\":\"https:\/\/staging.forenteforlag.no\/dreyers\/butikk\/\"},{\"@type\":\"ListItem\",\"position\":3,\"name\":\"Spekulanten\"}]},{\"@type\":\"WebSite\",\"@id\":\"https:\/\/staging.forenteforlag.no\/dreyers\/#website\",\"url\":\"https:\/\/staging.forenteforlag.no\/dreyers\/\",\"name\":\"Dreyers Forlag\",\"description\":\"\",\"potentialAction\":[{\"@type\":\"SearchAction\",\"target\":{\"@type\":\"EntryPoint\",\"urlTemplate\":\"https:\/\/staging.forenteforlag.no\/dreyers\/?s={search_term_string}\"},\"query-input\":{\"@type\":\"PropertyValueSpecification\",\"valueRequired\":true,\"valueName\":\"search_term_string\"}}],\"inLanguage\":\"nb-NO\"}]}<\/script>\n<!-- \/ Yoast SEO plugin. -->","yoast_head_json":{"title":"Spekulanten - Dreyers Forlag","robots":{"index":"noindex","follow":"follow","max-snippet":"max-snippet:-1","max-image-preview":"max-image-preview:large","max-video-preview":"max-video-preview:-1"},"og_locale":"nb_NO","og_type":"article","og_title":"Spekulanten - Dreyers Forlag","og_description":"I 1880-\u00e5rene gikk Kristiania over fra \u00e5 v\u00e6re en \u00abs\u00f8vnig provinsby\u00bb til \u00e5 bli en ekte hovedstad. Sm\u00e5byens personlige tillitsb\u00e5nd ble erstattet med storbyens freidighet, hvor et d\u00e5rlig rykte ikke lenger l\u00f8p like fort foran folk. \u00abPlattenslager\u00bb, \u00abspekulant\u00bb og \u00abbedrager\u00bb kalles han i samtidige kilder &#8211; selv titulerte han seg gjerne som \u00abdirekt\u00f8r\u00bb, \u00abverkseier\u00bb, \u00abgodseier\u00bb [&hellip;]","og_url":"https:\/\/staging.forenteforlag.no\/dreyers\/produkt\/spekulanten\/","og_site_name":"Dreyers Forlag","article_modified_time":"2025-08-27T06:43:22+00:00","og_image":[{"width":501,"height":688,"url":"https:\/\/staging.forenteforlag.no\/dreyers\/wp-content\/uploads\/sites\/2\/2025\/08\/jpg-6429.jpg","type":"image\/jpeg"}],"twitter_card":"summary_large_image","twitter_misc":{"Ansl. lesetid":"1 minutt"},"schema":{"@context":"https:\/\/schema.org","@graph":[{"@type":"WebPage","@id":"https:\/\/staging.forenteforlag.no\/dreyers\/produkt\/spekulanten\/","url":"https:\/\/staging.forenteforlag.no\/dreyers\/produkt\/spekulanten\/","name":"Spekulanten - Dreyers Forlag","isPartOf":{"@id":"https:\/\/staging.forenteforlag.no\/dreyers\/#website"},"primaryImageOfPage":{"@id":"https:\/\/staging.forenteforlag.no\/dreyers\/produkt\/spekulanten\/#primaryimage"},"image":{"@id":"https:\/\/staging.forenteforlag.no\/dreyers\/produkt\/spekulanten\/#primaryimage"},"thumbnailUrl":"https:\/\/staging.forenteforlag.no\/dreyers\/wp-content\/uploads\/sites\/2\/2025\/08\/jpg-6429.jpg","datePublished":"2023-04-17T00:00:00+00:00","dateModified":"2025-08-27T06:43:22+00:00","breadcrumb":{"@id":"https:\/\/staging.forenteforlag.no\/dreyers\/produkt\/spekulanten\/#breadcrumb"},"inLanguage":"nb-NO","potentialAction":[{"@type":"ReadAction","target":["https:\/\/staging.forenteforlag.no\/dreyers\/produkt\/spekulanten\/"]}]},{"@type":"ImageObject","inLanguage":"nb-NO","@id":"https:\/\/staging.forenteforlag.no\/dreyers\/produkt\/spekulanten\/#primaryimage","url":"https:\/\/staging.forenteforlag.no\/dreyers\/wp-content\/uploads\/sites\/2\/2025\/08\/jpg-6429.jpg","contentUrl":"https:\/\/staging.forenteforlag.no\/dreyers\/wp-content\/uploads\/sites\/2\/2025\/08\/jpg-6429.jpg","width":501,"height":688},{"@type":"BreadcrumbList","@id":"https:\/\/staging.forenteforlag.no\/dreyers\/produkt\/spekulanten\/#breadcrumb","itemListElement":[{"@type":"ListItem","position":1,"name":"Hjem","item":"https:\/\/staging.forenteforlag.no\/dreyers\/"},{"@type":"ListItem","position":2,"name":"Alle b\u00f8ker","item":"https:\/\/staging.forenteforlag.no\/dreyers\/butikk\/"},{"@type":"ListItem","position":3,"name":"Spekulanten"}]},{"@type":"WebSite","@id":"https:\/\/staging.forenteforlag.no\/dreyers\/#website","url":"https:\/\/staging.forenteforlag.no\/dreyers\/","name":"Dreyers Forlag","description":"","potentialAction":[{"@type":"SearchAction","target":{"@type":"EntryPoint","urlTemplate":"https:\/\/staging.forenteforlag.no\/dreyers\/?s={search_term_string}"},"query-input":{"@type":"PropertyValueSpecification","valueRequired":true,"valueName":"search_term_string"}}],"inLanguage":"nb-NO"}]}},"_links":{"self":[{"href":"https:\/\/staging.forenteforlag.no\/dreyers\/wp-json\/wp\/v2\/product\/21190","targetHints":{"allow":["GET"]}}],"collection":[{"href":"https:\/\/staging.forenteforlag.no\/dreyers\/wp-json\/wp\/v2\/product"}],"about":[{"href":"https:\/\/staging.forenteforlag.no\/dreyers\/wp-json\/wp\/v2\/types\/product"}],"wp:featuredmedia":[{"embeddable":true,"href":"https:\/\/staging.forenteforlag.no\/dreyers\/wp-json\/wp\/v2\/media\/24122"}],"wp:attachment":[{"href":"https:\/\/staging.forenteforlag.no\/dreyers\/wp-json\/wp\/v2\/media?parent=21190"}],"wp:term":[{"taxonomy":"product_brand","embeddable":true,"href":"https:\/\/staging.forenteforlag.no\/dreyers\/wp-json\/wp\/v2\/product_brand?post=21190"},{"taxonomy":"product_cat","embeddable":true,"href":"https:\/\/staging.forenteforlag.no\/dreyers\/wp-json\/wp\/v2\/product_cat?post=21190"},{"taxonomy":"product_tag","embeddable":true,"href":"https:\/\/staging.forenteforlag.no\/dreyers\/wp-json\/wp\/v2\/product_tag?post=21190"}],"curies":[{"name":"wp","href":"https:\/\/api.w.org\/{rel}","templated":true}]}}