{"id":21189,"date":"2023-05-11T02:00:00","date_gmt":"2023-05-11T00:00:00","guid":{"rendered":"https:\/\/dreyersforlag.forenteforlag.no\/produkt\/landslova-av-1274\/"},"modified":"2025-09-03T15:00:11","modified_gmt":"2025-09-03T13:00:11","slug":"landslova-av-1274","status":"publish","type":"product","link":"https:\/\/staging.forenteforlag.no\/dreyers\/produkt\/landslova-av-1274\/","title":{"rendered":"Landslova av 1274"},"content":{"rendered":"<p>Kong Magnus Lagab\u00f8ters landslov av 1274 er eit storverk i norsk og europeisk rettshistorie. Ho var den fyrste riksdekkjande lovboka i Noreg, og \u00e9i av fire riksdekkjande lovverk i europeisk mellomalder.<\/p>\n<p>Landslova var vidare ein del av eit omfattande lovgjevingsprosjekt som \u00f2g inkluderte Bylova av 1276, Hirdskr\u00e5 fr\u00e5 1270-talet og den islandske lovboka J\u00f3nsb\u00f3k av 1281. Enno viktigare er at ho vart nytta, noko ein kan sj\u00e5 av bevart rettspraksis fr\u00e5 b\u00e5de mellomalderen og 1500- og 1600-talet. Nesten ein firedel av alle bevarte manuskript p\u00e5 norr\u00f8nt fram til 1350 inneheld Landslova.<\/p>\n<p>I denne boka vert difor Landslova, saman med Bylova og Sauebrevet for F\u00e6r\u00f8yane, utforska. Mange av v\u00e5re fremste mellomalderforskarar har valt seg ein regel som dei brukar som utgangspunkt for \u00e5 utforska rett, politikk og samfunn. Samla vert det i boka teikna eit breitt og fargerikt bilete av norsk mellomalder.<\/p>\n","protected":false},"excerpt":{"rendered":"<p>Kong Magnus Lagab\u00f8ters landslov av 1274 er eit storverk i norsk og europeisk rettshistorie. Ho var den fyrste riksdekkjande lovboka i Noreg, og \u00e9i av fire riksdekkjande lovverk i europeisk mellomalder. Landslova var vidare ein del av eit omfattande lovgjevingsprosjekt som \u00f2g inkluderte Bylova av 1276, Hirdskr\u00e5 fr\u00e5 1270-talet og den islandske lovboka J\u00f3nsb\u00f3k av [&hellip;]<\/p>\n","protected":false},"featured_media":24284,"template":"","meta":{"_acf_changed":false,"inline_featured_image":false},"product_brand":[],"product_cat":[1785,23],"product_tag":[607,362,789,439,599],"class_list":{"0":"post-21189","1":"product","2":"type-product","3":"status-publish","4":"has-post-thumbnail","6":"product_cat-fripris","7":"product_cat-historie","8":"product_tag-bedriftshistorie","9":"product_tag-faglitteratur","10":"product_tag-hoymiddelalderen","11":"product_tag-nord-norge","12":"product_tag-rettshistorie","13":"pa_format-innbundet","15":"first","16":"instock","17":"shipping-taxable","18":"purchasable","19":"product-type-simple"},"acf":{"anmeldelse":null},"yoast_head":"<!-- This site is optimized with the Yoast SEO plugin v26.6 - https:\/\/yoast.com\/wordpress\/plugins\/seo\/ -->\n<title>Landslova av 1274 - Dreyers Forlag<\/title>\n<meta name=\"robots\" content=\"noindex, follow, max-snippet:-1, max-image-preview:large, max-video-preview:-1\" \/>\n<meta property=\"og:locale\" content=\"nb_NO\" \/>\n<meta property=\"og:type\" content=\"article\" \/>\n<meta property=\"og:title\" content=\"Landslova av 1274 - Dreyers Forlag\" \/>\n<meta property=\"og:description\" content=\"Kong Magnus Lagab\u00f8ters landslov av 1274 er eit storverk i norsk og europeisk rettshistorie. Ho var den fyrste riksdekkjande lovboka i Noreg, og \u00e9i av fire riksdekkjande lovverk i europeisk mellomalder. Landslova var vidare ein del av eit omfattande lovgjevingsprosjekt som \u00f2g inkluderte Bylova av 1276, Hirdskr\u00e5 fr\u00e5 1270-talet og den islandske lovboka J\u00f3nsb\u00f3k av [&hellip;]\" \/>\n<meta property=\"og:url\" content=\"https:\/\/staging.forenteforlag.no\/dreyers\/produkt\/landslova-av-1274\/\" \/>\n<meta property=\"og:site_name\" content=\"Dreyers Forlag\" \/>\n<meta property=\"article:modified_time\" content=\"2025-09-03T13:00:11+00:00\" \/>\n<meta property=\"og:image\" content=\"https:\/\/staging.forenteforlag.no\/dreyers\/wp-content\/uploads\/sites\/2\/2025\/08\/jpg-8019-scaled-1-scaled.jpg\" \/>\n\t<meta property=\"og:image:width\" content=\"1366\" \/>\n\t<meta property=\"og:image:height\" content=\"1920\" \/>\n\t<meta property=\"og:image:type\" content=\"image\/jpeg\" \/>\n<meta name=\"twitter:card\" content=\"summary_large_image\" \/>\n<meta name=\"twitter:label1\" content=\"Ansl. lesetid\" \/>\n\t<meta name=\"twitter:data1\" content=\"1 minutt\" \/>\n<script type=\"application\/ld+json\" class=\"yoast-schema-graph\">{\"@context\":\"https:\/\/schema.org\",\"@graph\":[{\"@type\":\"WebPage\",\"@id\":\"https:\/\/staging.forenteforlag.no\/dreyers\/produkt\/landslova-av-1274\/\",\"url\":\"https:\/\/staging.forenteforlag.no\/dreyers\/produkt\/landslova-av-1274\/\",\"name\":\"Landslova av 1274 - Dreyers Forlag\",\"isPartOf\":{\"@id\":\"https:\/\/staging.forenteforlag.no\/dreyers\/#website\"},\"primaryImageOfPage\":{\"@id\":\"https:\/\/staging.forenteforlag.no\/dreyers\/produkt\/landslova-av-1274\/#primaryimage\"},\"image\":{\"@id\":\"https:\/\/staging.forenteforlag.no\/dreyers\/produkt\/landslova-av-1274\/#primaryimage\"},\"thumbnailUrl\":\"https:\/\/staging.forenteforlag.no\/dreyers\/wp-content\/uploads\/sites\/2\/2025\/08\/jpg-8019-scaled-1-scaled.jpg\",\"datePublished\":\"2023-05-11T00:00:00+00:00\",\"dateModified\":\"2025-09-03T13:00:11+00:00\",\"breadcrumb\":{\"@id\":\"https:\/\/staging.forenteforlag.no\/dreyers\/produkt\/landslova-av-1274\/#breadcrumb\"},\"inLanguage\":\"nb-NO\",\"potentialAction\":[{\"@type\":\"ReadAction\",\"target\":[\"https:\/\/staging.forenteforlag.no\/dreyers\/produkt\/landslova-av-1274\/\"]}]},{\"@type\":\"ImageObject\",\"inLanguage\":\"nb-NO\",\"@id\":\"https:\/\/staging.forenteforlag.no\/dreyers\/produkt\/landslova-av-1274\/#primaryimage\",\"url\":\"https:\/\/staging.forenteforlag.no\/dreyers\/wp-content\/uploads\/sites\/2\/2025\/08\/jpg-8019-scaled-1-scaled.jpg\",\"contentUrl\":\"https:\/\/staging.forenteforlag.no\/dreyers\/wp-content\/uploads\/sites\/2\/2025\/08\/jpg-8019-scaled-1-scaled.jpg\",\"width\":1366,\"height\":1920},{\"@type\":\"BreadcrumbList\",\"@id\":\"https:\/\/staging.forenteforlag.no\/dreyers\/produkt\/landslova-av-1274\/#breadcrumb\",\"itemListElement\":[{\"@type\":\"ListItem\",\"position\":1,\"name\":\"Hjem\",\"item\":\"https:\/\/staging.forenteforlag.no\/dreyers\/\"},{\"@type\":\"ListItem\",\"position\":2,\"name\":\"Alle b\u00f8ker\",\"item\":\"https:\/\/staging.forenteforlag.no\/dreyers\/butikk\/\"},{\"@type\":\"ListItem\",\"position\":3,\"name\":\"Landslova av 1274\"}]},{\"@type\":\"WebSite\",\"@id\":\"https:\/\/staging.forenteforlag.no\/dreyers\/#website\",\"url\":\"https:\/\/staging.forenteforlag.no\/dreyers\/\",\"name\":\"Dreyers Forlag\",\"description\":\"\",\"potentialAction\":[{\"@type\":\"SearchAction\",\"target\":{\"@type\":\"EntryPoint\",\"urlTemplate\":\"https:\/\/staging.forenteforlag.no\/dreyers\/?s={search_term_string}\"},\"query-input\":{\"@type\":\"PropertyValueSpecification\",\"valueRequired\":true,\"valueName\":\"search_term_string\"}}],\"inLanguage\":\"nb-NO\"}]}<\/script>\n<!-- \/ Yoast SEO plugin. -->","yoast_head_json":{"title":"Landslova av 1274 - Dreyers Forlag","robots":{"index":"noindex","follow":"follow","max-snippet":"max-snippet:-1","max-image-preview":"max-image-preview:large","max-video-preview":"max-video-preview:-1"},"og_locale":"nb_NO","og_type":"article","og_title":"Landslova av 1274 - Dreyers Forlag","og_description":"Kong Magnus Lagab\u00f8ters landslov av 1274 er eit storverk i norsk og europeisk rettshistorie. Ho var den fyrste riksdekkjande lovboka i Noreg, og \u00e9i av fire riksdekkjande lovverk i europeisk mellomalder. Landslova var vidare ein del av eit omfattande lovgjevingsprosjekt som \u00f2g inkluderte Bylova av 1276, Hirdskr\u00e5 fr\u00e5 1270-talet og den islandske lovboka J\u00f3nsb\u00f3k av [&hellip;]","og_url":"https:\/\/staging.forenteforlag.no\/dreyers\/produkt\/landslova-av-1274\/","og_site_name":"Dreyers Forlag","article_modified_time":"2025-09-03T13:00:11+00:00","og_image":[{"width":1366,"height":1920,"url":"https:\/\/staging.forenteforlag.no\/dreyers\/wp-content\/uploads\/sites\/2\/2025\/08\/jpg-8019-scaled-1-scaled.jpg","type":"image\/jpeg"}],"twitter_card":"summary_large_image","twitter_misc":{"Ansl. lesetid":"1 minutt"},"schema":{"@context":"https:\/\/schema.org","@graph":[{"@type":"WebPage","@id":"https:\/\/staging.forenteforlag.no\/dreyers\/produkt\/landslova-av-1274\/","url":"https:\/\/staging.forenteforlag.no\/dreyers\/produkt\/landslova-av-1274\/","name":"Landslova av 1274 - Dreyers Forlag","isPartOf":{"@id":"https:\/\/staging.forenteforlag.no\/dreyers\/#website"},"primaryImageOfPage":{"@id":"https:\/\/staging.forenteforlag.no\/dreyers\/produkt\/landslova-av-1274\/#primaryimage"},"image":{"@id":"https:\/\/staging.forenteforlag.no\/dreyers\/produkt\/landslova-av-1274\/#primaryimage"},"thumbnailUrl":"https:\/\/staging.forenteforlag.no\/dreyers\/wp-content\/uploads\/sites\/2\/2025\/08\/jpg-8019-scaled-1-scaled.jpg","datePublished":"2023-05-11T00:00:00+00:00","dateModified":"2025-09-03T13:00:11+00:00","breadcrumb":{"@id":"https:\/\/staging.forenteforlag.no\/dreyers\/produkt\/landslova-av-1274\/#breadcrumb"},"inLanguage":"nb-NO","potentialAction":[{"@type":"ReadAction","target":["https:\/\/staging.forenteforlag.no\/dreyers\/produkt\/landslova-av-1274\/"]}]},{"@type":"ImageObject","inLanguage":"nb-NO","@id":"https:\/\/staging.forenteforlag.no\/dreyers\/produkt\/landslova-av-1274\/#primaryimage","url":"https:\/\/staging.forenteforlag.no\/dreyers\/wp-content\/uploads\/sites\/2\/2025\/08\/jpg-8019-scaled-1-scaled.jpg","contentUrl":"https:\/\/staging.forenteforlag.no\/dreyers\/wp-content\/uploads\/sites\/2\/2025\/08\/jpg-8019-scaled-1-scaled.jpg","width":1366,"height":1920},{"@type":"BreadcrumbList","@id":"https:\/\/staging.forenteforlag.no\/dreyers\/produkt\/landslova-av-1274\/#breadcrumb","itemListElement":[{"@type":"ListItem","position":1,"name":"Hjem","item":"https:\/\/staging.forenteforlag.no\/dreyers\/"},{"@type":"ListItem","position":2,"name":"Alle b\u00f8ker","item":"https:\/\/staging.forenteforlag.no\/dreyers\/butikk\/"},{"@type":"ListItem","position":3,"name":"Landslova av 1274"}]},{"@type":"WebSite","@id":"https:\/\/staging.forenteforlag.no\/dreyers\/#website","url":"https:\/\/staging.forenteforlag.no\/dreyers\/","name":"Dreyers Forlag","description":"","potentialAction":[{"@type":"SearchAction","target":{"@type":"EntryPoint","urlTemplate":"https:\/\/staging.forenteforlag.no\/dreyers\/?s={search_term_string}"},"query-input":{"@type":"PropertyValueSpecification","valueRequired":true,"valueName":"search_term_string"}}],"inLanguage":"nb-NO"}]}},"_links":{"self":[{"href":"https:\/\/staging.forenteforlag.no\/dreyers\/wp-json\/wp\/v2\/product\/21189","targetHints":{"allow":["GET"]}}],"collection":[{"href":"https:\/\/staging.forenteforlag.no\/dreyers\/wp-json\/wp\/v2\/product"}],"about":[{"href":"https:\/\/staging.forenteforlag.no\/dreyers\/wp-json\/wp\/v2\/types\/product"}],"wp:featuredmedia":[{"embeddable":true,"href":"https:\/\/staging.forenteforlag.no\/dreyers\/wp-json\/wp\/v2\/media\/24284"}],"wp:attachment":[{"href":"https:\/\/staging.forenteforlag.no\/dreyers\/wp-json\/wp\/v2\/media?parent=21189"}],"wp:term":[{"taxonomy":"product_brand","embeddable":true,"href":"https:\/\/staging.forenteforlag.no\/dreyers\/wp-json\/wp\/v2\/product_brand?post=21189"},{"taxonomy":"product_cat","embeddable":true,"href":"https:\/\/staging.forenteforlag.no\/dreyers\/wp-json\/wp\/v2\/product_cat?post=21189"},{"taxonomy":"product_tag","embeddable":true,"href":"https:\/\/staging.forenteforlag.no\/dreyers\/wp-json\/wp\/v2\/product_tag?post=21189"}],"curies":[{"name":"wp","href":"https:\/\/api.w.org\/{rel}","templated":true}]}}