{"id":21185,"date":"2023-06-14T02:00:00","date_gmt":"2023-06-14T00:00:00","guid":{"rendered":"https:\/\/dreyersforlag.forenteforlag.no\/produkt\/demokrati-og-medborgerskap-i-skolen\/"},"modified":"2025-09-03T14:52:41","modified_gmt":"2025-09-03T12:52:41","slug":"demokrati-og-medborgerskap-i-skolen","status":"publish","type":"product","link":"https:\/\/staging.forenteforlag.no\/dreyers\/produkt\/demokrati-og-medborgerskap-i-skolen\/","title":{"rendered":"Demokrati og medborgerskap i skolen"},"content":{"rendered":"<p>Denne boken best\u00e5r av 17 forskningsbaserte kapitler skrevet av utdanningsforskere ved seks l\u00e6rerutdanningsinstitusjoner i Norge. Den handler om det tverrfaglige temaet demokrati og medborgerskap i skolen, og er en faglig ressurssamling for l\u00e6rerstudenter og l\u00e6rere og alle som er interessert i skole og utdanning.<\/p>\n<p>Du f\u00e5r lese tekster som tar for seg medborgerskapskapsbegrepets historiske og begrepsmessige utvikling i et internasjonalt forskningsfelt, inkludert globalt medborgerskap og digitalt medborgerskap og danningsfilosofiske perspektiver.<\/p>\n<p>B\u00e5de ferdighetsmessige og pedagogisk-filosofiske aspekter ved kritisk tenkning og etisk bevissthet blir dr\u00f8ftet, som probleml\u00f8sningsstrategier, sannhetsl\u00e6re, saklighetsl\u00e6re og etikk og moral.<\/p>\n<p>Flere av kapitlene er empirisk orienterte mot demokrati og medborgerskap og kritisk tenkning i de ulike fagene i l\u00e6rerutdanningen, gjennom teoretiske og empiriske studier, der l\u00e6rere, elever og l\u00e6rerutdannere er informanter.<\/p>\n","protected":false},"excerpt":{"rendered":"<p>Denne boken best\u00e5r av 17 forskningsbaserte kapitler skrevet av utdanningsforskere ved seks l\u00e6rerutdanningsinstitusjoner i Norge. Den handler om det tverrfaglige temaet demokrati og medborgerskap i skolen, og er en faglig ressurssamling for l\u00e6rerstudenter og l\u00e6rere og alle som er interessert i skole og utdanning. Du f\u00e5r lese tekster som tar for seg medborgerskapskapsbegrepets historiske og [&hellip;]<\/p>\n","protected":false},"featured_media":24491,"template":"","meta":{"_acf_changed":false,"inline_featured_image":false},"product_brand":[],"product_cat":[1785,32],"product_tag":[944,362,1219],"class_list":{"0":"post-21185","1":"product","2":"type-product","3":"status-publish","4":"has-post-thumbnail","6":"product_cat-fripris","7":"product_cat-samfunn-og-politikk","8":"product_tag-demokrati","9":"product_tag-faglitteratur","10":"product_tag-skolen","11":"pa_format-mykperm","13":"first","14":"instock","15":"shipping-taxable","16":"purchasable","17":"product-type-simple"},"acf":{"anmeldelse":null},"yoast_head":"<!-- This site is optimized with the Yoast SEO plugin v26.6 - https:\/\/yoast.com\/wordpress\/plugins\/seo\/ -->\n<title>Demokrati og medborgerskap i skolen - Dreyers Forlag<\/title>\n<meta name=\"robots\" content=\"noindex, follow, max-snippet:-1, max-image-preview:large, max-video-preview:-1\" \/>\n<meta property=\"og:locale\" content=\"nb_NO\" \/>\n<meta property=\"og:type\" content=\"article\" \/>\n<meta property=\"og:title\" content=\"Demokrati og medborgerskap i skolen - Dreyers Forlag\" \/>\n<meta property=\"og:description\" content=\"Denne boken best\u00e5r av 17 forskningsbaserte kapitler skrevet av utdanningsforskere ved seks l\u00e6rerutdanningsinstitusjoner i Norge. Den handler om det tverrfaglige temaet demokrati og medborgerskap i skolen, og er en faglig ressurssamling for l\u00e6rerstudenter og l\u00e6rere og alle som er interessert i skole og utdanning. Du f\u00e5r lese tekster som tar for seg medborgerskapskapsbegrepets historiske og [&hellip;]\" \/>\n<meta property=\"og:url\" content=\"https:\/\/staging.forenteforlag.no\/dreyers\/produkt\/demokrati-og-medborgerskap-i-skolen\/\" \/>\n<meta property=\"og:site_name\" content=\"Dreyers Forlag\" \/>\n<meta property=\"article:modified_time\" content=\"2025-09-03T12:52:41+00:00\" \/>\n<meta property=\"og:image\" content=\"https:\/\/staging.forenteforlag.no\/dreyers\/wp-content\/uploads\/sites\/2\/2025\/08\/jpg-9947.jpg\" \/>\n\t<meta property=\"og:image:width\" content=\"453\" \/>\n\t<meta property=\"og:image:height\" content=\"626\" \/>\n\t<meta property=\"og:image:type\" content=\"image\/jpeg\" \/>\n<meta name=\"twitter:card\" content=\"summary_large_image\" \/>\n<meta name=\"twitter:label1\" content=\"Ansl. lesetid\" \/>\n\t<meta name=\"twitter:data1\" content=\"1 minutt\" \/>\n<script type=\"application\/ld+json\" class=\"yoast-schema-graph\">{\"@context\":\"https:\/\/schema.org\",\"@graph\":[{\"@type\":\"WebPage\",\"@id\":\"https:\/\/staging.forenteforlag.no\/dreyers\/produkt\/demokrati-og-medborgerskap-i-skolen\/\",\"url\":\"https:\/\/staging.forenteforlag.no\/dreyers\/produkt\/demokrati-og-medborgerskap-i-skolen\/\",\"name\":\"Demokrati og medborgerskap i skolen - Dreyers Forlag\",\"isPartOf\":{\"@id\":\"https:\/\/staging.forenteforlag.no\/dreyers\/#website\"},\"primaryImageOfPage\":{\"@id\":\"https:\/\/staging.forenteforlag.no\/dreyers\/produkt\/demokrati-og-medborgerskap-i-skolen\/#primaryimage\"},\"image\":{\"@id\":\"https:\/\/staging.forenteforlag.no\/dreyers\/produkt\/demokrati-og-medborgerskap-i-skolen\/#primaryimage\"},\"thumbnailUrl\":\"https:\/\/staging.forenteforlag.no\/dreyers\/wp-content\/uploads\/sites\/2\/2025\/08\/jpg-9947.jpg\",\"datePublished\":\"2023-06-14T00:00:00+00:00\",\"dateModified\":\"2025-09-03T12:52:41+00:00\",\"breadcrumb\":{\"@id\":\"https:\/\/staging.forenteforlag.no\/dreyers\/produkt\/demokrati-og-medborgerskap-i-skolen\/#breadcrumb\"},\"inLanguage\":\"nb-NO\",\"potentialAction\":[{\"@type\":\"ReadAction\",\"target\":[\"https:\/\/staging.forenteforlag.no\/dreyers\/produkt\/demokrati-og-medborgerskap-i-skolen\/\"]}]},{\"@type\":\"ImageObject\",\"inLanguage\":\"nb-NO\",\"@id\":\"https:\/\/staging.forenteforlag.no\/dreyers\/produkt\/demokrati-og-medborgerskap-i-skolen\/#primaryimage\",\"url\":\"https:\/\/staging.forenteforlag.no\/dreyers\/wp-content\/uploads\/sites\/2\/2025\/08\/jpg-9947.jpg\",\"contentUrl\":\"https:\/\/staging.forenteforlag.no\/dreyers\/wp-content\/uploads\/sites\/2\/2025\/08\/jpg-9947.jpg\",\"width\":453,\"height\":626},{\"@type\":\"BreadcrumbList\",\"@id\":\"https:\/\/staging.forenteforlag.no\/dreyers\/produkt\/demokrati-og-medborgerskap-i-skolen\/#breadcrumb\",\"itemListElement\":[{\"@type\":\"ListItem\",\"position\":1,\"name\":\"Hjem\",\"item\":\"https:\/\/staging.forenteforlag.no\/dreyers\/\"},{\"@type\":\"ListItem\",\"position\":2,\"name\":\"Alle b\u00f8ker\",\"item\":\"https:\/\/staging.forenteforlag.no\/dreyers\/butikk\/\"},{\"@type\":\"ListItem\",\"position\":3,\"name\":\"Demokrati og medborgerskap i skolen\"}]},{\"@type\":\"WebSite\",\"@id\":\"https:\/\/staging.forenteforlag.no\/dreyers\/#website\",\"url\":\"https:\/\/staging.forenteforlag.no\/dreyers\/\",\"name\":\"Dreyers Forlag\",\"description\":\"\",\"potentialAction\":[{\"@type\":\"SearchAction\",\"target\":{\"@type\":\"EntryPoint\",\"urlTemplate\":\"https:\/\/staging.forenteforlag.no\/dreyers\/?s={search_term_string}\"},\"query-input\":{\"@type\":\"PropertyValueSpecification\",\"valueRequired\":true,\"valueName\":\"search_term_string\"}}],\"inLanguage\":\"nb-NO\"}]}<\/script>\n<!-- \/ Yoast SEO plugin. -->","yoast_head_json":{"title":"Demokrati og medborgerskap i skolen - Dreyers Forlag","robots":{"index":"noindex","follow":"follow","max-snippet":"max-snippet:-1","max-image-preview":"max-image-preview:large","max-video-preview":"max-video-preview:-1"},"og_locale":"nb_NO","og_type":"article","og_title":"Demokrati og medborgerskap i skolen - Dreyers Forlag","og_description":"Denne boken best\u00e5r av 17 forskningsbaserte kapitler skrevet av utdanningsforskere ved seks l\u00e6rerutdanningsinstitusjoner i Norge. Den handler om det tverrfaglige temaet demokrati og medborgerskap i skolen, og er en faglig ressurssamling for l\u00e6rerstudenter og l\u00e6rere og alle som er interessert i skole og utdanning. Du f\u00e5r lese tekster som tar for seg medborgerskapskapsbegrepets historiske og [&hellip;]","og_url":"https:\/\/staging.forenteforlag.no\/dreyers\/produkt\/demokrati-og-medborgerskap-i-skolen\/","og_site_name":"Dreyers Forlag","article_modified_time":"2025-09-03T12:52:41+00:00","og_image":[{"width":453,"height":626,"url":"https:\/\/staging.forenteforlag.no\/dreyers\/wp-content\/uploads\/sites\/2\/2025\/08\/jpg-9947.jpg","type":"image\/jpeg"}],"twitter_card":"summary_large_image","twitter_misc":{"Ansl. lesetid":"1 minutt"},"schema":{"@context":"https:\/\/schema.org","@graph":[{"@type":"WebPage","@id":"https:\/\/staging.forenteforlag.no\/dreyers\/produkt\/demokrati-og-medborgerskap-i-skolen\/","url":"https:\/\/staging.forenteforlag.no\/dreyers\/produkt\/demokrati-og-medborgerskap-i-skolen\/","name":"Demokrati og medborgerskap i skolen - Dreyers Forlag","isPartOf":{"@id":"https:\/\/staging.forenteforlag.no\/dreyers\/#website"},"primaryImageOfPage":{"@id":"https:\/\/staging.forenteforlag.no\/dreyers\/produkt\/demokrati-og-medborgerskap-i-skolen\/#primaryimage"},"image":{"@id":"https:\/\/staging.forenteforlag.no\/dreyers\/produkt\/demokrati-og-medborgerskap-i-skolen\/#primaryimage"},"thumbnailUrl":"https:\/\/staging.forenteforlag.no\/dreyers\/wp-content\/uploads\/sites\/2\/2025\/08\/jpg-9947.jpg","datePublished":"2023-06-14T00:00:00+00:00","dateModified":"2025-09-03T12:52:41+00:00","breadcrumb":{"@id":"https:\/\/staging.forenteforlag.no\/dreyers\/produkt\/demokrati-og-medborgerskap-i-skolen\/#breadcrumb"},"inLanguage":"nb-NO","potentialAction":[{"@type":"ReadAction","target":["https:\/\/staging.forenteforlag.no\/dreyers\/produkt\/demokrati-og-medborgerskap-i-skolen\/"]}]},{"@type":"ImageObject","inLanguage":"nb-NO","@id":"https:\/\/staging.forenteforlag.no\/dreyers\/produkt\/demokrati-og-medborgerskap-i-skolen\/#primaryimage","url":"https:\/\/staging.forenteforlag.no\/dreyers\/wp-content\/uploads\/sites\/2\/2025\/08\/jpg-9947.jpg","contentUrl":"https:\/\/staging.forenteforlag.no\/dreyers\/wp-content\/uploads\/sites\/2\/2025\/08\/jpg-9947.jpg","width":453,"height":626},{"@type":"BreadcrumbList","@id":"https:\/\/staging.forenteforlag.no\/dreyers\/produkt\/demokrati-og-medborgerskap-i-skolen\/#breadcrumb","itemListElement":[{"@type":"ListItem","position":1,"name":"Hjem","item":"https:\/\/staging.forenteforlag.no\/dreyers\/"},{"@type":"ListItem","position":2,"name":"Alle b\u00f8ker","item":"https:\/\/staging.forenteforlag.no\/dreyers\/butikk\/"},{"@type":"ListItem","position":3,"name":"Demokrati og medborgerskap i skolen"}]},{"@type":"WebSite","@id":"https:\/\/staging.forenteforlag.no\/dreyers\/#website","url":"https:\/\/staging.forenteforlag.no\/dreyers\/","name":"Dreyers Forlag","description":"","potentialAction":[{"@type":"SearchAction","target":{"@type":"EntryPoint","urlTemplate":"https:\/\/staging.forenteforlag.no\/dreyers\/?s={search_term_string}"},"query-input":{"@type":"PropertyValueSpecification","valueRequired":true,"valueName":"search_term_string"}}],"inLanguage":"nb-NO"}]}},"_links":{"self":[{"href":"https:\/\/staging.forenteforlag.no\/dreyers\/wp-json\/wp\/v2\/product\/21185","targetHints":{"allow":["GET"]}}],"collection":[{"href":"https:\/\/staging.forenteforlag.no\/dreyers\/wp-json\/wp\/v2\/product"}],"about":[{"href":"https:\/\/staging.forenteforlag.no\/dreyers\/wp-json\/wp\/v2\/types\/product"}],"wp:featuredmedia":[{"embeddable":true,"href":"https:\/\/staging.forenteforlag.no\/dreyers\/wp-json\/wp\/v2\/media\/24491"}],"wp:attachment":[{"href":"https:\/\/staging.forenteforlag.no\/dreyers\/wp-json\/wp\/v2\/media?parent=21185"}],"wp:term":[{"taxonomy":"product_brand","embeddable":true,"href":"https:\/\/staging.forenteforlag.no\/dreyers\/wp-json\/wp\/v2\/product_brand?post=21185"},{"taxonomy":"product_cat","embeddable":true,"href":"https:\/\/staging.forenteforlag.no\/dreyers\/wp-json\/wp\/v2\/product_cat?post=21185"},{"taxonomy":"product_tag","embeddable":true,"href":"https:\/\/staging.forenteforlag.no\/dreyers\/wp-json\/wp\/v2\/product_tag?post=21185"}],"curies":[{"name":"wp","href":"https:\/\/api.w.org\/{rel}","templated":true}]}}