{"id":21183,"date":"2023-09-11T02:00:00","date_gmt":"2023-09-11T00:00:00","guid":{"rendered":"https:\/\/dreyersforlag.forenteforlag.no\/produkt\/pa-mange-barrikader\/"},"modified":"2025-11-06T09:11:30","modified_gmt":"2025-11-06T08:11:30","slug":"pa-mange-barrikader","status":"publish","type":"product","link":"https:\/\/staging.forenteforlag.no\/dreyers\/produkt\/pa-mange-barrikader\/","title":{"rendered":"P\u00e5 mange barrikader"},"content":{"rendered":"<p>26. JULI FYLTE CATO SCHI\u00d8TZ 75 \u00c5R. Noen av hans venner bestemte seg for \u00e5 \u00e6re ham med en bok &#8211; ikke et festskrift i vanlig forstand, men et utvalg av hans foredrag, essays og artikler som ikke forel\u00e5 i bokform. Resultatet ble P\u00e5 mange barrikader. Essays og artikler. Utvalget er naturligvis foretatt i samr\u00e5d med Cato Schi\u00f8tz.<\/p>\n<p>Boken er i tre deler: \u00abDen aldri hvilende Cato\u00bb, der hovedpersonen selv omtales og intervjues. Avdelingen \u00e5pner med Kaj Skagens novellistiske \u00abPortrett av Cato\u00bb.<\/p>\n<p>Dernest f\u00f8lger \u00abJuss, litteratur &#8211; og litt til\u00bb, som innledes ved Peter  Normann Waage og blant annet inneholder bidrag om dommen mot Knut Hamsun, Torgersen-saken og to lengre essays, et om Henrik Ibsen, det  andre om Olav H. Hauge.<\/p>\n<p>Og endelig den siste og st\u00f8rste delen, om Catos hovedinteresse: \u00abAntroposo.\u00bb. Den introduseres av Frode Barkved og inneholder b\u00e5de to generelle orienteringer om antroposo. og en artikkel om antroposo. og kristendom.<\/p>\n","protected":false},"excerpt":{"rendered":"<p>26. JULI FYLTE CATO SCHI\u00d8TZ 75 \u00c5R. Noen av hans venner bestemte seg for \u00e5 \u00e6re ham med en bok &#8211; ikke et festskrift i vanlig forstand, men et utvalg av hans foredrag, essays og artikler som ikke forel\u00e5 i bokform. Resultatet ble P\u00e5 mange barrikader. Essays og artikler. Utvalget er naturligvis foretatt i samr\u00e5d [&hellip;]<\/p>\n","protected":false},"featured_media":24596,"template":"","meta":{"_acf_changed":false,"inline_featured_image":false},"product_brand":[],"product_cat":[20,1785,355],"product_tag":[362],"class_list":{"0":"post-21183","1":"product","2":"type-product","3":"status-publish","4":"has-post-thumbnail","6":"product_cat-biografier-og-memoarer","7":"product_cat-fripris","8":"product_cat-tilbud","9":"product_tag-faglitteratur","10":"pa_format-innbundet","12":"first","13":"instock","14":"shipping-taxable","15":"purchasable","16":"product-type-simple"},"acf":{"anmeldelse":null},"yoast_head":"<!-- This site is optimized with the Yoast SEO plugin v26.6 - https:\/\/yoast.com\/wordpress\/plugins\/seo\/ -->\n<title>P\u00e5 mange barrikader - Dreyers Forlag<\/title>\n<meta name=\"robots\" content=\"noindex, follow, max-snippet:-1, max-image-preview:large, max-video-preview:-1\" \/>\n<meta property=\"og:locale\" content=\"nb_NO\" \/>\n<meta property=\"og:type\" content=\"article\" \/>\n<meta property=\"og:title\" content=\"P\u00e5 mange barrikader - Dreyers Forlag\" \/>\n<meta property=\"og:description\" content=\"26. JULI FYLTE CATO SCHI\u00d8TZ 75 \u00c5R. Noen av hans venner bestemte seg for \u00e5 \u00e6re ham med en bok &#8211; ikke et festskrift i vanlig forstand, men et utvalg av hans foredrag, essays og artikler som ikke forel\u00e5 i bokform. Resultatet ble P\u00e5 mange barrikader. Essays og artikler. Utvalget er naturligvis foretatt i samr\u00e5d [&hellip;]\" \/>\n<meta property=\"og:url\" content=\"https:\/\/staging.forenteforlag.no\/dreyers\/produkt\/pa-mange-barrikader\/\" \/>\n<meta property=\"og:site_name\" content=\"Dreyers Forlag\" \/>\n<meta property=\"article:modified_time\" content=\"2025-11-06T08:11:30+00:00\" \/>\n<meta property=\"og:image\" content=\"https:\/\/staging.forenteforlag.no\/dreyers\/wp-content\/uploads\/sites\/2\/2025\/08\/9788282657013-scaled-1-scaled.jpeg\" \/>\n\t<meta property=\"og:image:width\" content=\"1340\" \/>\n\t<meta property=\"og:image:height\" content=\"1920\" \/>\n\t<meta property=\"og:image:type\" content=\"image\/jpeg\" \/>\n<meta name=\"twitter:card\" content=\"summary_large_image\" \/>\n<meta name=\"twitter:label1\" content=\"Ansl. lesetid\" \/>\n\t<meta name=\"twitter:data1\" content=\"1 minutt\" \/>\n<script type=\"application\/ld+json\" class=\"yoast-schema-graph\">{\"@context\":\"https:\/\/schema.org\",\"@graph\":[{\"@type\":\"WebPage\",\"@id\":\"https:\/\/staging.forenteforlag.no\/dreyers\/produkt\/pa-mange-barrikader\/\",\"url\":\"https:\/\/staging.forenteforlag.no\/dreyers\/produkt\/pa-mange-barrikader\/\",\"name\":\"P\u00e5 mange barrikader - Dreyers Forlag\",\"isPartOf\":{\"@id\":\"https:\/\/staging.forenteforlag.no\/dreyers\/#website\"},\"primaryImageOfPage\":{\"@id\":\"https:\/\/staging.forenteforlag.no\/dreyers\/produkt\/pa-mange-barrikader\/#primaryimage\"},\"image\":{\"@id\":\"https:\/\/staging.forenteforlag.no\/dreyers\/produkt\/pa-mange-barrikader\/#primaryimage\"},\"thumbnailUrl\":\"https:\/\/staging.forenteforlag.no\/dreyers\/wp-content\/uploads\/sites\/2\/2025\/08\/9788282657013-scaled-1-scaled.jpeg\",\"datePublished\":\"2023-09-11T00:00:00+00:00\",\"dateModified\":\"2025-11-06T08:11:30+00:00\",\"breadcrumb\":{\"@id\":\"https:\/\/staging.forenteforlag.no\/dreyers\/produkt\/pa-mange-barrikader\/#breadcrumb\"},\"inLanguage\":\"nb-NO\",\"potentialAction\":[{\"@type\":\"ReadAction\",\"target\":[\"https:\/\/staging.forenteforlag.no\/dreyers\/produkt\/pa-mange-barrikader\/\"]}]},{\"@type\":\"ImageObject\",\"inLanguage\":\"nb-NO\",\"@id\":\"https:\/\/staging.forenteforlag.no\/dreyers\/produkt\/pa-mange-barrikader\/#primaryimage\",\"url\":\"https:\/\/staging.forenteforlag.no\/dreyers\/wp-content\/uploads\/sites\/2\/2025\/08\/9788282657013-scaled-1-scaled.jpeg\",\"contentUrl\":\"https:\/\/staging.forenteforlag.no\/dreyers\/wp-content\/uploads\/sites\/2\/2025\/08\/9788282657013-scaled-1-scaled.jpeg\",\"width\":1340,\"height\":1920},{\"@type\":\"BreadcrumbList\",\"@id\":\"https:\/\/staging.forenteforlag.no\/dreyers\/produkt\/pa-mange-barrikader\/#breadcrumb\",\"itemListElement\":[{\"@type\":\"ListItem\",\"position\":1,\"name\":\"Hjem\",\"item\":\"https:\/\/staging.forenteforlag.no\/dreyers\/\"},{\"@type\":\"ListItem\",\"position\":2,\"name\":\"Alle b\u00f8ker\",\"item\":\"https:\/\/staging.forenteforlag.no\/dreyers\/butikk\/\"},{\"@type\":\"ListItem\",\"position\":3,\"name\":\"P\u00e5 mange barrikader\"}]},{\"@type\":\"WebSite\",\"@id\":\"https:\/\/staging.forenteforlag.no\/dreyers\/#website\",\"url\":\"https:\/\/staging.forenteforlag.no\/dreyers\/\",\"name\":\"Dreyers Forlag\",\"description\":\"\",\"potentialAction\":[{\"@type\":\"SearchAction\",\"target\":{\"@type\":\"EntryPoint\",\"urlTemplate\":\"https:\/\/staging.forenteforlag.no\/dreyers\/?s={search_term_string}\"},\"query-input\":{\"@type\":\"PropertyValueSpecification\",\"valueRequired\":true,\"valueName\":\"search_term_string\"}}],\"inLanguage\":\"nb-NO\"}]}<\/script>\n<!-- \/ Yoast SEO plugin. -->","yoast_head_json":{"title":"P\u00e5 mange barrikader - Dreyers Forlag","robots":{"index":"noindex","follow":"follow","max-snippet":"max-snippet:-1","max-image-preview":"max-image-preview:large","max-video-preview":"max-video-preview:-1"},"og_locale":"nb_NO","og_type":"article","og_title":"P\u00e5 mange barrikader - Dreyers Forlag","og_description":"26. JULI FYLTE CATO SCHI\u00d8TZ 75 \u00c5R. Noen av hans venner bestemte seg for \u00e5 \u00e6re ham med en bok &#8211; ikke et festskrift i vanlig forstand, men et utvalg av hans foredrag, essays og artikler som ikke forel\u00e5 i bokform. Resultatet ble P\u00e5 mange barrikader. Essays og artikler. Utvalget er naturligvis foretatt i samr\u00e5d [&hellip;]","og_url":"https:\/\/staging.forenteforlag.no\/dreyers\/produkt\/pa-mange-barrikader\/","og_site_name":"Dreyers Forlag","article_modified_time":"2025-11-06T08:11:30+00:00","og_image":[{"width":1340,"height":1920,"url":"https:\/\/staging.forenteforlag.no\/dreyers\/wp-content\/uploads\/sites\/2\/2025\/08\/9788282657013-scaled-1-scaled.jpeg","type":"image\/jpeg"}],"twitter_card":"summary_large_image","twitter_misc":{"Ansl. lesetid":"1 minutt"},"schema":{"@context":"https:\/\/schema.org","@graph":[{"@type":"WebPage","@id":"https:\/\/staging.forenteforlag.no\/dreyers\/produkt\/pa-mange-barrikader\/","url":"https:\/\/staging.forenteforlag.no\/dreyers\/produkt\/pa-mange-barrikader\/","name":"P\u00e5 mange barrikader - Dreyers Forlag","isPartOf":{"@id":"https:\/\/staging.forenteforlag.no\/dreyers\/#website"},"primaryImageOfPage":{"@id":"https:\/\/staging.forenteforlag.no\/dreyers\/produkt\/pa-mange-barrikader\/#primaryimage"},"image":{"@id":"https:\/\/staging.forenteforlag.no\/dreyers\/produkt\/pa-mange-barrikader\/#primaryimage"},"thumbnailUrl":"https:\/\/staging.forenteforlag.no\/dreyers\/wp-content\/uploads\/sites\/2\/2025\/08\/9788282657013-scaled-1-scaled.jpeg","datePublished":"2023-09-11T00:00:00+00:00","dateModified":"2025-11-06T08:11:30+00:00","breadcrumb":{"@id":"https:\/\/staging.forenteforlag.no\/dreyers\/produkt\/pa-mange-barrikader\/#breadcrumb"},"inLanguage":"nb-NO","potentialAction":[{"@type":"ReadAction","target":["https:\/\/staging.forenteforlag.no\/dreyers\/produkt\/pa-mange-barrikader\/"]}]},{"@type":"ImageObject","inLanguage":"nb-NO","@id":"https:\/\/staging.forenteforlag.no\/dreyers\/produkt\/pa-mange-barrikader\/#primaryimage","url":"https:\/\/staging.forenteforlag.no\/dreyers\/wp-content\/uploads\/sites\/2\/2025\/08\/9788282657013-scaled-1-scaled.jpeg","contentUrl":"https:\/\/staging.forenteforlag.no\/dreyers\/wp-content\/uploads\/sites\/2\/2025\/08\/9788282657013-scaled-1-scaled.jpeg","width":1340,"height":1920},{"@type":"BreadcrumbList","@id":"https:\/\/staging.forenteforlag.no\/dreyers\/produkt\/pa-mange-barrikader\/#breadcrumb","itemListElement":[{"@type":"ListItem","position":1,"name":"Hjem","item":"https:\/\/staging.forenteforlag.no\/dreyers\/"},{"@type":"ListItem","position":2,"name":"Alle b\u00f8ker","item":"https:\/\/staging.forenteforlag.no\/dreyers\/butikk\/"},{"@type":"ListItem","position":3,"name":"P\u00e5 mange barrikader"}]},{"@type":"WebSite","@id":"https:\/\/staging.forenteforlag.no\/dreyers\/#website","url":"https:\/\/staging.forenteforlag.no\/dreyers\/","name":"Dreyers Forlag","description":"","potentialAction":[{"@type":"SearchAction","target":{"@type":"EntryPoint","urlTemplate":"https:\/\/staging.forenteforlag.no\/dreyers\/?s={search_term_string}"},"query-input":{"@type":"PropertyValueSpecification","valueRequired":true,"valueName":"search_term_string"}}],"inLanguage":"nb-NO"}]}},"_links":{"self":[{"href":"https:\/\/staging.forenteforlag.no\/dreyers\/wp-json\/wp\/v2\/product\/21183","targetHints":{"allow":["GET"]}}],"collection":[{"href":"https:\/\/staging.forenteforlag.no\/dreyers\/wp-json\/wp\/v2\/product"}],"about":[{"href":"https:\/\/staging.forenteforlag.no\/dreyers\/wp-json\/wp\/v2\/types\/product"}],"wp:featuredmedia":[{"embeddable":true,"href":"https:\/\/staging.forenteforlag.no\/dreyers\/wp-json\/wp\/v2\/media\/24596"}],"wp:attachment":[{"href":"https:\/\/staging.forenteforlag.no\/dreyers\/wp-json\/wp\/v2\/media?parent=21183"}],"wp:term":[{"taxonomy":"product_brand","embeddable":true,"href":"https:\/\/staging.forenteforlag.no\/dreyers\/wp-json\/wp\/v2\/product_brand?post=21183"},{"taxonomy":"product_cat","embeddable":true,"href":"https:\/\/staging.forenteforlag.no\/dreyers\/wp-json\/wp\/v2\/product_cat?post=21183"},{"taxonomy":"product_tag","embeddable":true,"href":"https:\/\/staging.forenteforlag.no\/dreyers\/wp-json\/wp\/v2\/product_tag?post=21183"}],"curies":[{"name":"wp","href":"https:\/\/api.w.org\/{rel}","templated":true}]}}