{"id":21180,"date":"2023-10-20T02:00:00","date_gmt":"2023-10-20T00:00:00","guid":{"rendered":"https:\/\/dreyersforlag.forenteforlag.no\/produkt\/nadestunder-2\/"},"modified":"2025-09-03T14:50:24","modified_gmt":"2025-09-03T12:50:24","slug":"nadestunder-2","status":"publish","type":"product","link":"https:\/\/staging.forenteforlag.no\/dreyers\/produkt\/nadestunder-2\/","title":{"rendered":"N\u00e5destunder"},"content":{"rendered":"<p>N\u00e5destunder ble utgitt i oktober 1981. De .este av disse tretti\u00e5tte fortellingene hadde st\u00e5tt p\u00e5 trykk i Torino-avisen La Stampa. Boken er delt inn i tre avdelinger: Presens perfektum, futurum perfektum og presens &#8211; tre verbalformer som alle har en forbindelse til det best\u00e5ende. Dette er noe som ikke er overst\u00e5tt eller tilbakelagt. P\u00e5 omslaget til den f\u00f8rste utgaven skrev Levi:<\/p>\n<p>\u00abDisse fortellingene, som jeg har skrevet i \u00e5rene 1975-1981, har ulik tematikk og toneleie. Jeg har fors\u00f8kt \u00e5 gruppere dem, og ogs\u00e5 tilpasse historiene et slags system. Den f\u00f8rste gruppen tar opp temaene fra Hvis dette er et menneske og V\u00e5penstillstand, den andre henger sammen med Storie naturali (Naturlige historier) og Vizio di forma (Formfeil), og i den tredje gruppen gis p\u00e5 et vis personene kj\u00f8tt og bein. Jeg h\u00e5per at fortellingene oppfyller sitt form\u00e5l, som er \u00e5 samle p\u00e5 f\u00e5 sider og gi leseren et avgrenset minne, en sinnstilstand, eller bare en id\u00e9. Her .nnes lykkelige og triste historier, fordi dagene v\u00e5re er lykkelige og triste. Her .nnes ikke, meg bekjent, grunnleggende budskaper eller sp\u00e5dommer. Det er i s\u00e5 fall opp til leseren selv \u00e5 oppdage disse.\u00bb<\/p>\n","protected":false},"excerpt":{"rendered":"<p>N\u00e5destunder ble utgitt i oktober 1981. De .este av disse tretti\u00e5tte fortellingene hadde st\u00e5tt p\u00e5 trykk i Torino-avisen La Stampa. Boken er delt inn i tre avdelinger: Presens perfektum, futurum perfektum og presens &#8211; tre verbalformer som alle har en forbindelse til det best\u00e5ende. Dette er noe som ikke er overst\u00e5tt eller tilbakelagt. P\u00e5 omslaget [&hellip;]<\/p>\n","protected":false},"featured_media":24518,"template":"","meta":{"_acf_changed":false,"inline_featured_image":false},"product_brand":[],"product_cat":[1785,42,355],"product_tag":[407,405,400,456,779,534,370],"class_list":{"0":"post-21180","1":"product","2":"type-product","3":"status-publish","4":"has-post-thumbnail","6":"product_cat-fripris","7":"product_cat-noveller","8":"product_cat-tilbud","9":"product_tag-1939-1945","10":"product_tag-andre-verdenskrig","11":"product_tag-historisk-litteratur","12":"product_tag-holocaust","13":"product_tag-noveller","14":"product_tag-polen","15":"product_tag-skjonnlitteratur","16":"pa_format-innbundet","18":"first","19":"instock","20":"shipping-taxable","21":"purchasable","22":"product-type-simple"},"acf":{"anmeldelse":null},"yoast_head":"<!-- This site is optimized with the Yoast SEO plugin v26.6 - https:\/\/yoast.com\/wordpress\/plugins\/seo\/ -->\n<title>N\u00e5destunder - Dreyers Forlag<\/title>\n<meta name=\"robots\" content=\"noindex, follow, max-snippet:-1, max-image-preview:large, max-video-preview:-1\" \/>\n<meta property=\"og:locale\" content=\"nb_NO\" \/>\n<meta property=\"og:type\" content=\"article\" \/>\n<meta property=\"og:title\" content=\"N\u00e5destunder - Dreyers Forlag\" \/>\n<meta property=\"og:description\" content=\"N\u00e5destunder ble utgitt i oktober 1981. De .este av disse tretti\u00e5tte fortellingene hadde st\u00e5tt p\u00e5 trykk i Torino-avisen La Stampa. Boken er delt inn i tre avdelinger: Presens perfektum, futurum perfektum og presens &#8211; tre verbalformer som alle har en forbindelse til det best\u00e5ende. Dette er noe som ikke er overst\u00e5tt eller tilbakelagt. P\u00e5 omslaget [&hellip;]\" \/>\n<meta property=\"og:url\" content=\"https:\/\/staging.forenteforlag.no\/dreyers\/produkt\/nadestunder-2\/\" \/>\n<meta property=\"og:site_name\" content=\"Dreyers Forlag\" \/>\n<meta property=\"article:modified_time\" content=\"2025-09-03T12:50:24+00:00\" \/>\n<meta property=\"og:image\" content=\"https:\/\/staging.forenteforlag.no\/dreyers\/wp-content\/uploads\/sites\/2\/2025\/08\/jpg-10124-scaled.jpg\" \/>\n\t<meta property=\"og:image:width\" content=\"1239\" \/>\n\t<meta property=\"og:image:height\" content=\"1920\" \/>\n\t<meta property=\"og:image:type\" content=\"image\/jpeg\" \/>\n<meta name=\"twitter:card\" content=\"summary_large_image\" \/>\n<meta name=\"twitter:label1\" content=\"Ansl. lesetid\" \/>\n\t<meta name=\"twitter:data1\" content=\"1 minutt\" \/>\n<script type=\"application\/ld+json\" class=\"yoast-schema-graph\">{\"@context\":\"https:\/\/schema.org\",\"@graph\":[{\"@type\":\"WebPage\",\"@id\":\"https:\/\/staging.forenteforlag.no\/dreyers\/produkt\/nadestunder-2\/\",\"url\":\"https:\/\/staging.forenteforlag.no\/dreyers\/produkt\/nadestunder-2\/\",\"name\":\"N\u00e5destunder - Dreyers Forlag\",\"isPartOf\":{\"@id\":\"https:\/\/staging.forenteforlag.no\/dreyers\/#website\"},\"primaryImageOfPage\":{\"@id\":\"https:\/\/staging.forenteforlag.no\/dreyers\/produkt\/nadestunder-2\/#primaryimage\"},\"image\":{\"@id\":\"https:\/\/staging.forenteforlag.no\/dreyers\/produkt\/nadestunder-2\/#primaryimage\"},\"thumbnailUrl\":\"https:\/\/staging.forenteforlag.no\/dreyers\/wp-content\/uploads\/sites\/2\/2025\/08\/jpg-10124-scaled.jpg\",\"datePublished\":\"2023-10-20T00:00:00+00:00\",\"dateModified\":\"2025-09-03T12:50:24+00:00\",\"breadcrumb\":{\"@id\":\"https:\/\/staging.forenteforlag.no\/dreyers\/produkt\/nadestunder-2\/#breadcrumb\"},\"inLanguage\":\"nb-NO\",\"potentialAction\":[{\"@type\":\"ReadAction\",\"target\":[\"https:\/\/staging.forenteforlag.no\/dreyers\/produkt\/nadestunder-2\/\"]}]},{\"@type\":\"ImageObject\",\"inLanguage\":\"nb-NO\",\"@id\":\"https:\/\/staging.forenteforlag.no\/dreyers\/produkt\/nadestunder-2\/#primaryimage\",\"url\":\"https:\/\/staging.forenteforlag.no\/dreyers\/wp-content\/uploads\/sites\/2\/2025\/08\/jpg-10124-scaled.jpg\",\"contentUrl\":\"https:\/\/staging.forenteforlag.no\/dreyers\/wp-content\/uploads\/sites\/2\/2025\/08\/jpg-10124-scaled.jpg\",\"width\":1239,\"height\":1920},{\"@type\":\"BreadcrumbList\",\"@id\":\"https:\/\/staging.forenteforlag.no\/dreyers\/produkt\/nadestunder-2\/#breadcrumb\",\"itemListElement\":[{\"@type\":\"ListItem\",\"position\":1,\"name\":\"Hjem\",\"item\":\"https:\/\/staging.forenteforlag.no\/dreyers\/\"},{\"@type\":\"ListItem\",\"position\":2,\"name\":\"Alle b\u00f8ker\",\"item\":\"https:\/\/staging.forenteforlag.no\/dreyers\/butikk\/\"},{\"@type\":\"ListItem\",\"position\":3,\"name\":\"N\u00e5destunder\"}]},{\"@type\":\"WebSite\",\"@id\":\"https:\/\/staging.forenteforlag.no\/dreyers\/#website\",\"url\":\"https:\/\/staging.forenteforlag.no\/dreyers\/\",\"name\":\"Dreyers Forlag\",\"description\":\"\",\"potentialAction\":[{\"@type\":\"SearchAction\",\"target\":{\"@type\":\"EntryPoint\",\"urlTemplate\":\"https:\/\/staging.forenteforlag.no\/dreyers\/?s={search_term_string}\"},\"query-input\":{\"@type\":\"PropertyValueSpecification\",\"valueRequired\":true,\"valueName\":\"search_term_string\"}}],\"inLanguage\":\"nb-NO\"}]}<\/script>\n<!-- \/ Yoast SEO plugin. -->","yoast_head_json":{"title":"N\u00e5destunder - Dreyers Forlag","robots":{"index":"noindex","follow":"follow","max-snippet":"max-snippet:-1","max-image-preview":"max-image-preview:large","max-video-preview":"max-video-preview:-1"},"og_locale":"nb_NO","og_type":"article","og_title":"N\u00e5destunder - Dreyers Forlag","og_description":"N\u00e5destunder ble utgitt i oktober 1981. De .este av disse tretti\u00e5tte fortellingene hadde st\u00e5tt p\u00e5 trykk i Torino-avisen La Stampa. Boken er delt inn i tre avdelinger: Presens perfektum, futurum perfektum og presens &#8211; tre verbalformer som alle har en forbindelse til det best\u00e5ende. Dette er noe som ikke er overst\u00e5tt eller tilbakelagt. P\u00e5 omslaget [&hellip;]","og_url":"https:\/\/staging.forenteforlag.no\/dreyers\/produkt\/nadestunder-2\/","og_site_name":"Dreyers Forlag","article_modified_time":"2025-09-03T12:50:24+00:00","og_image":[{"width":1239,"height":1920,"url":"https:\/\/staging.forenteforlag.no\/dreyers\/wp-content\/uploads\/sites\/2\/2025\/08\/jpg-10124-scaled.jpg","type":"image\/jpeg"}],"twitter_card":"summary_large_image","twitter_misc":{"Ansl. lesetid":"1 minutt"},"schema":{"@context":"https:\/\/schema.org","@graph":[{"@type":"WebPage","@id":"https:\/\/staging.forenteforlag.no\/dreyers\/produkt\/nadestunder-2\/","url":"https:\/\/staging.forenteforlag.no\/dreyers\/produkt\/nadestunder-2\/","name":"N\u00e5destunder - Dreyers Forlag","isPartOf":{"@id":"https:\/\/staging.forenteforlag.no\/dreyers\/#website"},"primaryImageOfPage":{"@id":"https:\/\/staging.forenteforlag.no\/dreyers\/produkt\/nadestunder-2\/#primaryimage"},"image":{"@id":"https:\/\/staging.forenteforlag.no\/dreyers\/produkt\/nadestunder-2\/#primaryimage"},"thumbnailUrl":"https:\/\/staging.forenteforlag.no\/dreyers\/wp-content\/uploads\/sites\/2\/2025\/08\/jpg-10124-scaled.jpg","datePublished":"2023-10-20T00:00:00+00:00","dateModified":"2025-09-03T12:50:24+00:00","breadcrumb":{"@id":"https:\/\/staging.forenteforlag.no\/dreyers\/produkt\/nadestunder-2\/#breadcrumb"},"inLanguage":"nb-NO","potentialAction":[{"@type":"ReadAction","target":["https:\/\/staging.forenteforlag.no\/dreyers\/produkt\/nadestunder-2\/"]}]},{"@type":"ImageObject","inLanguage":"nb-NO","@id":"https:\/\/staging.forenteforlag.no\/dreyers\/produkt\/nadestunder-2\/#primaryimage","url":"https:\/\/staging.forenteforlag.no\/dreyers\/wp-content\/uploads\/sites\/2\/2025\/08\/jpg-10124-scaled.jpg","contentUrl":"https:\/\/staging.forenteforlag.no\/dreyers\/wp-content\/uploads\/sites\/2\/2025\/08\/jpg-10124-scaled.jpg","width":1239,"height":1920},{"@type":"BreadcrumbList","@id":"https:\/\/staging.forenteforlag.no\/dreyers\/produkt\/nadestunder-2\/#breadcrumb","itemListElement":[{"@type":"ListItem","position":1,"name":"Hjem","item":"https:\/\/staging.forenteforlag.no\/dreyers\/"},{"@type":"ListItem","position":2,"name":"Alle b\u00f8ker","item":"https:\/\/staging.forenteforlag.no\/dreyers\/butikk\/"},{"@type":"ListItem","position":3,"name":"N\u00e5destunder"}]},{"@type":"WebSite","@id":"https:\/\/staging.forenteforlag.no\/dreyers\/#website","url":"https:\/\/staging.forenteforlag.no\/dreyers\/","name":"Dreyers Forlag","description":"","potentialAction":[{"@type":"SearchAction","target":{"@type":"EntryPoint","urlTemplate":"https:\/\/staging.forenteforlag.no\/dreyers\/?s={search_term_string}"},"query-input":{"@type":"PropertyValueSpecification","valueRequired":true,"valueName":"search_term_string"}}],"inLanguage":"nb-NO"}]}},"_links":{"self":[{"href":"https:\/\/staging.forenteforlag.no\/dreyers\/wp-json\/wp\/v2\/product\/21180","targetHints":{"allow":["GET"]}}],"collection":[{"href":"https:\/\/staging.forenteforlag.no\/dreyers\/wp-json\/wp\/v2\/product"}],"about":[{"href":"https:\/\/staging.forenteforlag.no\/dreyers\/wp-json\/wp\/v2\/types\/product"}],"wp:featuredmedia":[{"embeddable":true,"href":"https:\/\/staging.forenteforlag.no\/dreyers\/wp-json\/wp\/v2\/media\/24518"}],"wp:attachment":[{"href":"https:\/\/staging.forenteforlag.no\/dreyers\/wp-json\/wp\/v2\/media?parent=21180"}],"wp:term":[{"taxonomy":"product_brand","embeddable":true,"href":"https:\/\/staging.forenteforlag.no\/dreyers\/wp-json\/wp\/v2\/product_brand?post=21180"},{"taxonomy":"product_cat","embeddable":true,"href":"https:\/\/staging.forenteforlag.no\/dreyers\/wp-json\/wp\/v2\/product_cat?post=21180"},{"taxonomy":"product_tag","embeddable":true,"href":"https:\/\/staging.forenteforlag.no\/dreyers\/wp-json\/wp\/v2\/product_tag?post=21180"}],"curies":[{"name":"wp","href":"https:\/\/api.w.org\/{rel}","templated":true}]}}