{"id":21178,"date":"2023-10-12T02:00:00","date_gmt":"2023-10-12T00:00:00","guid":{"rendered":"https:\/\/dreyersforlag.forenteforlag.no\/produkt\/historiens-hjul-og-vannets-makt-3\/"},"modified":"2025-11-06T09:31:57","modified_gmt":"2025-11-06T08:31:57","slug":"historiens-hjul-og-vannets-makt-3","status":"publish","type":"product","link":"https:\/\/staging.forenteforlag.no\/dreyers\/produkt\/historiens-hjul-og-vannets-makt-3\/","title":{"rendered":"Historiens hjul og vannets makt"},"content":{"rendered":"<p>I Historiens hjul og vannets makt utfordrer Terje Tvedt r\u00e5dende fortolkninger av et av verdenshistoriens mest betydningsfulle sp\u00f8rsm\u00e5l &#8211; den moderne verdens fremvekst og den f\u00f8rste industrielle revolusjonen. I denne boken gir han en alternativ, mye bredere og original analyse av en hendelse som ikke bare radikalt endret historiens retning, men ogs\u00e5 formet den verden vi lever i. Boken r\u00f8sker opp i fastt\u00f8mrede forestillinger med store f\u00f8lger for forst\u00e5elsen av den senere utviklingen helt inn i v\u00e5r egen samtid. I dag, n\u00e5r maktforholdene i verdens\u00f8konomien p\u00e5 nytt er i endring, er det viktigere enn noensinne \u00e5 forst\u00e5 hva som skjedde da England og Vest-Europa ledet verden inn i den industrielle tidsalderen og fikk globalt herred\u00f8mme.<\/p>\n<p>Boken er en videreutvikling av Verdenshistorie. Med fortiden som speil. Den er basert p\u00e5 over 30 \u00e5r med forskning og tar leseren med til elleve land rundt om i verden, fra Japan i \u00f8st til England i vest og fra Russland i nord til Spania og Egypt i s\u00f8r. Terje Tvedts ambisi\u00f8se verk vil endre leserens oppfatning av den moderne verdens historie.<\/p>\n","protected":false},"excerpt":{"rendered":"<p>I Historiens hjul og vannets makt utfordrer Terje Tvedt r\u00e5dende fortolkninger av et av verdenshistoriens mest betydningsfulle sp\u00f8rsm\u00e5l &#8211; den moderne verdens fremvekst og den f\u00f8rste industrielle revolusjonen. I denne boken gir han en alternativ, mye bredere og original analyse av en hendelse som ikke bare radikalt endret historiens retning, men ogs\u00e5 formet den verden [&hellip;]<\/p>\n","protected":false},"featured_media":24509,"template":"","meta":{"_acf_changed":false,"inline_featured_image":false},"product_brand":[],"product_cat":[1785,23,355],"product_tag":[362],"class_list":{"0":"post-21178","1":"product","2":"type-product","3":"status-publish","4":"has-post-thumbnail","6":"product_cat-fripris","7":"product_cat-historie","8":"product_cat-tilbud","9":"product_tag-faglitteratur","10":"pa_format-innbundet","12":"first","13":"instock","14":"shipping-taxable","15":"purchasable","16":"product-type-simple"},"acf":{"anmeldelse":[{"tekst_anmeldelser":"\u00abEin openberr styrke er bokas rike, historiske empiri.\u00bb","av_anmeldelser":"Torbj\u00f8rn L. Knutsen","terningkast":false,"kilde":"Dag og Tid"},{"tekst_anmeldelser":"\u00abHans nye bok fortjener \u00e5 betraktes som et hovedverk. [\u2026] imponerende, rikt illustrert og kunnskapsmessig solid\u00bb","av_anmeldelser":"Thomas Hylland Eriksen","terningkast":false,"kilde":"Morgenbladet"},{"tekst_anmeldelser":"\u00abJeg har sans for Tvedts form. Han gir en opplevelse av at han skriver til meg, ikke for meg.\u00bb","av_anmeldelser":"Gunnar Kagge","terningkast":false,"kilde":"Aftenposten"},{"tekst_anmeldelser":"\u00ab[\u2026] en magel\u00f8s ny bog, hvor han kommer med en ny og st\u00e6rkt original fortolkning af, hvad det egentlig var der skete.\u00bb","av_anmeldelser":"Hans Henrik Fafner","terningkast":false,"kilde":"Ny Tid"}]},"yoast_head":"<!-- This site is optimized with the Yoast SEO plugin v26.6 - https:\/\/yoast.com\/wordpress\/plugins\/seo\/ -->\n<title>Historiens hjul og vannets makt - Dreyers Forlag<\/title>\n<meta name=\"robots\" content=\"noindex, follow, max-snippet:-1, max-image-preview:large, max-video-preview:-1\" \/>\n<meta property=\"og:locale\" content=\"nb_NO\" \/>\n<meta property=\"og:type\" content=\"article\" \/>\n<meta property=\"og:title\" content=\"Historiens hjul og vannets makt - Dreyers Forlag\" \/>\n<meta property=\"og:description\" content=\"I Historiens hjul og vannets makt utfordrer Terje Tvedt r\u00e5dende fortolkninger av et av verdenshistoriens mest betydningsfulle sp\u00f8rsm\u00e5l &#8211; den moderne verdens fremvekst og den f\u00f8rste industrielle revolusjonen. I denne boken gir han en alternativ, mye bredere og original analyse av en hendelse som ikke bare radikalt endret historiens retning, men ogs\u00e5 formet den verden [&hellip;]\" \/>\n<meta property=\"og:url\" content=\"https:\/\/staging.forenteforlag.no\/dreyers\/produkt\/historiens-hjul-og-vannets-makt-3\/\" \/>\n<meta property=\"og:site_name\" content=\"Dreyers Forlag\" \/>\n<meta property=\"article:modified_time\" content=\"2025-11-06T08:31:57+00:00\" \/>\n<meta property=\"og:image\" content=\"https:\/\/staging.forenteforlag.no\/dreyers\/wp-content\/uploads\/sites\/2\/2025\/08\/jpg-10098.jpg\" \/>\n\t<meta property=\"og:image:width\" content=\"452\" \/>\n\t<meta property=\"og:image:height\" content=\"643\" \/>\n\t<meta property=\"og:image:type\" content=\"image\/jpeg\" \/>\n<meta name=\"twitter:card\" content=\"summary_large_image\" \/>\n<meta name=\"twitter:label1\" content=\"Ansl. lesetid\" \/>\n\t<meta name=\"twitter:data1\" content=\"1 minutt\" \/>\n<script type=\"application\/ld+json\" class=\"yoast-schema-graph\">{\"@context\":\"https:\/\/schema.org\",\"@graph\":[{\"@type\":\"WebPage\",\"@id\":\"https:\/\/staging.forenteforlag.no\/dreyers\/produkt\/historiens-hjul-og-vannets-makt-3\/\",\"url\":\"https:\/\/staging.forenteforlag.no\/dreyers\/produkt\/historiens-hjul-og-vannets-makt-3\/\",\"name\":\"Historiens hjul og vannets makt - Dreyers Forlag\",\"isPartOf\":{\"@id\":\"https:\/\/staging.forenteforlag.no\/dreyers\/#website\"},\"primaryImageOfPage\":{\"@id\":\"https:\/\/staging.forenteforlag.no\/dreyers\/produkt\/historiens-hjul-og-vannets-makt-3\/#primaryimage\"},\"image\":{\"@id\":\"https:\/\/staging.forenteforlag.no\/dreyers\/produkt\/historiens-hjul-og-vannets-makt-3\/#primaryimage\"},\"thumbnailUrl\":\"https:\/\/staging.forenteforlag.no\/dreyers\/wp-content\/uploads\/sites\/2\/2025\/08\/jpg-10098.jpg\",\"datePublished\":\"2023-10-12T00:00:00+00:00\",\"dateModified\":\"2025-11-06T08:31:57+00:00\",\"breadcrumb\":{\"@id\":\"https:\/\/staging.forenteforlag.no\/dreyers\/produkt\/historiens-hjul-og-vannets-makt-3\/#breadcrumb\"},\"inLanguage\":\"nb-NO\",\"potentialAction\":[{\"@type\":\"ReadAction\",\"target\":[\"https:\/\/staging.forenteforlag.no\/dreyers\/produkt\/historiens-hjul-og-vannets-makt-3\/\"]}]},{\"@type\":\"ImageObject\",\"inLanguage\":\"nb-NO\",\"@id\":\"https:\/\/staging.forenteforlag.no\/dreyers\/produkt\/historiens-hjul-og-vannets-makt-3\/#primaryimage\",\"url\":\"https:\/\/staging.forenteforlag.no\/dreyers\/wp-content\/uploads\/sites\/2\/2025\/08\/jpg-10098.jpg\",\"contentUrl\":\"https:\/\/staging.forenteforlag.no\/dreyers\/wp-content\/uploads\/sites\/2\/2025\/08\/jpg-10098.jpg\",\"width\":452,\"height\":643},{\"@type\":\"BreadcrumbList\",\"@id\":\"https:\/\/staging.forenteforlag.no\/dreyers\/produkt\/historiens-hjul-og-vannets-makt-3\/#breadcrumb\",\"itemListElement\":[{\"@type\":\"ListItem\",\"position\":1,\"name\":\"Hjem\",\"item\":\"https:\/\/staging.forenteforlag.no\/dreyers\/\"},{\"@type\":\"ListItem\",\"position\":2,\"name\":\"Alle b\u00f8ker\",\"item\":\"https:\/\/staging.forenteforlag.no\/dreyers\/butikk\/\"},{\"@type\":\"ListItem\",\"position\":3,\"name\":\"Historiens hjul og vannets makt\"}]},{\"@type\":\"WebSite\",\"@id\":\"https:\/\/staging.forenteforlag.no\/dreyers\/#website\",\"url\":\"https:\/\/staging.forenteforlag.no\/dreyers\/\",\"name\":\"Dreyers Forlag\",\"description\":\"\",\"potentialAction\":[{\"@type\":\"SearchAction\",\"target\":{\"@type\":\"EntryPoint\",\"urlTemplate\":\"https:\/\/staging.forenteforlag.no\/dreyers\/?s={search_term_string}\"},\"query-input\":{\"@type\":\"PropertyValueSpecification\",\"valueRequired\":true,\"valueName\":\"search_term_string\"}}],\"inLanguage\":\"nb-NO\"}]}<\/script>\n<!-- \/ Yoast SEO plugin. -->","yoast_head_json":{"title":"Historiens hjul og vannets makt - Dreyers Forlag","robots":{"index":"noindex","follow":"follow","max-snippet":"max-snippet:-1","max-image-preview":"max-image-preview:large","max-video-preview":"max-video-preview:-1"},"og_locale":"nb_NO","og_type":"article","og_title":"Historiens hjul og vannets makt - Dreyers Forlag","og_description":"I Historiens hjul og vannets makt utfordrer Terje Tvedt r\u00e5dende fortolkninger av et av verdenshistoriens mest betydningsfulle sp\u00f8rsm\u00e5l &#8211; den moderne verdens fremvekst og den f\u00f8rste industrielle revolusjonen. I denne boken gir han en alternativ, mye bredere og original analyse av en hendelse som ikke bare radikalt endret historiens retning, men ogs\u00e5 formet den verden [&hellip;]","og_url":"https:\/\/staging.forenteforlag.no\/dreyers\/produkt\/historiens-hjul-og-vannets-makt-3\/","og_site_name":"Dreyers Forlag","article_modified_time":"2025-11-06T08:31:57+00:00","og_image":[{"width":452,"height":643,"url":"https:\/\/staging.forenteforlag.no\/dreyers\/wp-content\/uploads\/sites\/2\/2025\/08\/jpg-10098.jpg","type":"image\/jpeg"}],"twitter_card":"summary_large_image","twitter_misc":{"Ansl. lesetid":"1 minutt"},"schema":{"@context":"https:\/\/schema.org","@graph":[{"@type":"WebPage","@id":"https:\/\/staging.forenteforlag.no\/dreyers\/produkt\/historiens-hjul-og-vannets-makt-3\/","url":"https:\/\/staging.forenteforlag.no\/dreyers\/produkt\/historiens-hjul-og-vannets-makt-3\/","name":"Historiens hjul og vannets makt - Dreyers Forlag","isPartOf":{"@id":"https:\/\/staging.forenteforlag.no\/dreyers\/#website"},"primaryImageOfPage":{"@id":"https:\/\/staging.forenteforlag.no\/dreyers\/produkt\/historiens-hjul-og-vannets-makt-3\/#primaryimage"},"image":{"@id":"https:\/\/staging.forenteforlag.no\/dreyers\/produkt\/historiens-hjul-og-vannets-makt-3\/#primaryimage"},"thumbnailUrl":"https:\/\/staging.forenteforlag.no\/dreyers\/wp-content\/uploads\/sites\/2\/2025\/08\/jpg-10098.jpg","datePublished":"2023-10-12T00:00:00+00:00","dateModified":"2025-11-06T08:31:57+00:00","breadcrumb":{"@id":"https:\/\/staging.forenteforlag.no\/dreyers\/produkt\/historiens-hjul-og-vannets-makt-3\/#breadcrumb"},"inLanguage":"nb-NO","potentialAction":[{"@type":"ReadAction","target":["https:\/\/staging.forenteforlag.no\/dreyers\/produkt\/historiens-hjul-og-vannets-makt-3\/"]}]},{"@type":"ImageObject","inLanguage":"nb-NO","@id":"https:\/\/staging.forenteforlag.no\/dreyers\/produkt\/historiens-hjul-og-vannets-makt-3\/#primaryimage","url":"https:\/\/staging.forenteforlag.no\/dreyers\/wp-content\/uploads\/sites\/2\/2025\/08\/jpg-10098.jpg","contentUrl":"https:\/\/staging.forenteforlag.no\/dreyers\/wp-content\/uploads\/sites\/2\/2025\/08\/jpg-10098.jpg","width":452,"height":643},{"@type":"BreadcrumbList","@id":"https:\/\/staging.forenteforlag.no\/dreyers\/produkt\/historiens-hjul-og-vannets-makt-3\/#breadcrumb","itemListElement":[{"@type":"ListItem","position":1,"name":"Hjem","item":"https:\/\/staging.forenteforlag.no\/dreyers\/"},{"@type":"ListItem","position":2,"name":"Alle b\u00f8ker","item":"https:\/\/staging.forenteforlag.no\/dreyers\/butikk\/"},{"@type":"ListItem","position":3,"name":"Historiens hjul og vannets makt"}]},{"@type":"WebSite","@id":"https:\/\/staging.forenteforlag.no\/dreyers\/#website","url":"https:\/\/staging.forenteforlag.no\/dreyers\/","name":"Dreyers Forlag","description":"","potentialAction":[{"@type":"SearchAction","target":{"@type":"EntryPoint","urlTemplate":"https:\/\/staging.forenteforlag.no\/dreyers\/?s={search_term_string}"},"query-input":{"@type":"PropertyValueSpecification","valueRequired":true,"valueName":"search_term_string"}}],"inLanguage":"nb-NO"}]}},"_links":{"self":[{"href":"https:\/\/staging.forenteforlag.no\/dreyers\/wp-json\/wp\/v2\/product\/21178","targetHints":{"allow":["GET"]}}],"collection":[{"href":"https:\/\/staging.forenteforlag.no\/dreyers\/wp-json\/wp\/v2\/product"}],"about":[{"href":"https:\/\/staging.forenteforlag.no\/dreyers\/wp-json\/wp\/v2\/types\/product"}],"wp:featuredmedia":[{"embeddable":true,"href":"https:\/\/staging.forenteforlag.no\/dreyers\/wp-json\/wp\/v2\/media\/24509"}],"wp:attachment":[{"href":"https:\/\/staging.forenteforlag.no\/dreyers\/wp-json\/wp\/v2\/media?parent=21178"}],"wp:term":[{"taxonomy":"product_brand","embeddable":true,"href":"https:\/\/staging.forenteforlag.no\/dreyers\/wp-json\/wp\/v2\/product_brand?post=21178"},{"taxonomy":"product_cat","embeddable":true,"href":"https:\/\/staging.forenteforlag.no\/dreyers\/wp-json\/wp\/v2\/product_cat?post=21178"},{"taxonomy":"product_tag","embeddable":true,"href":"https:\/\/staging.forenteforlag.no\/dreyers\/wp-json\/wp\/v2\/product_tag?post=21178"}],"curies":[{"name":"wp","href":"https:\/\/api.w.org\/{rel}","templated":true}]}}