{"id":21176,"date":"2023-10-23T02:00:00","date_gmt":"2023-10-23T00:00:00","guid":{"rendered":"https:\/\/dreyersforlag.forenteforlag.no\/produkt\/1000-ar-med-norsk-rettshistorie-2\/"},"modified":"2026-02-27T07:52:12","modified_gmt":"2026-02-27T06:52:12","slug":"1000-ar-med-norsk-rettshistorie-2","status":"publish","type":"product","link":"https:\/\/staging.forenteforlag.no\/dreyers\/produkt\/1000-ar-med-norsk-rettshistorie-2\/","title":{"rendered":"1000 \u00e5r med norsk rettshistorie"},"content":{"rendered":"<p>Korleis vert det norske rettssystemet endra av kunstig intelligens?<\/p>\n<p>Svaret ligg i historia.<\/p>\n<p>1000 \u00e5r med norsk rettshistorie viser korleis norsk rett har vorte endra av ny kommunikasjonsteknologi det siste millenniet. Retten gjekk fr\u00e5 \u00e5 vera munnleg til skriftleg p\u00e5 1100- og 1200-talet, og den handskrivne retten vart erstatta av trykt rett p\u00e5 1600- og 1700-talet. Fr\u00e5 1983 vart norsk rett digitalisert. Det vil seia at lover, h\u00f8gsterettsdommar og juridisk litteratur vert s\u00f8kte opp p\u00e5 internett og lesne p\u00e5 ein datamaskin. Digitaliseringa av norsk rett har no kome s\u00e5 langt at sj\u00f8lv grunnleggjande strukturar som rettferdsidealet og juridisk metode er i endring. Difor st\u00e5r rettsstaten overfor like store utfordringar i dag som d\u00e5 kommunikasjonsteknologien endra seg med skriven og trykt rett.<\/p>\n<p>I denne situasjonen m\u00e5 vi l\u00e6ra av historia, ikkje minst korleis rettstryggleik og rettsstaten kan sikrast. For den nye kommunikasjonsteknologien kan gjera retten b\u00e5de undertrykkjande og frigjerande, alt etter kva val vi tek i \u00e5ra som kjem.<\/p>\n","protected":false},"excerpt":{"rendered":"<p>Korleis vert det norske rettssystemet endra av kunstig intelligens? Svaret ligg i historia. 1000 \u00e5r med norsk rettshistorie viser korleis norsk rett har vorte endra av ny kommunikasjonsteknologi det siste millenniet. Retten gjekk fr\u00e5 \u00e5 vera munnleg til skriftleg p\u00e5 1100- og 1200-talet, og den handskrivne retten vart erstatta av trykt rett p\u00e5 1600- og [&hellip;]<\/p>\n","protected":false},"featured_media":25140,"template":"","meta":{"_acf_changed":false,"inline_featured_image":false},"product_brand":[],"product_cat":[1785,23,355],"product_tag":[362,439,599],"class_list":{"0":"post-21176","1":"product","2":"type-product","3":"status-publish","4":"has-post-thumbnail","6":"product_cat-fripris","7":"product_cat-historie","8":"product_cat-tilbud","9":"product_tag-faglitteratur","10":"product_tag-nord-norge","11":"product_tag-rettshistorie","13":"first","14":"instock","15":"shipping-taxable","16":"purchasable","17":"product-type-simple"},"acf":{"anmeldelse":null},"yoast_head":"<!-- This site is optimized with the Yoast SEO plugin v26.6 - https:\/\/yoast.com\/wordpress\/plugins\/seo\/ -->\n<title>1000 \u00e5r med norsk rettshistorie - Dreyers Forlag<\/title>\n<meta name=\"robots\" content=\"noindex, follow, max-snippet:-1, max-image-preview:large, max-video-preview:-1\" \/>\n<meta property=\"og:locale\" content=\"nb_NO\" \/>\n<meta property=\"og:type\" content=\"article\" \/>\n<meta property=\"og:title\" content=\"1000 \u00e5r med norsk rettshistorie - Dreyers Forlag\" \/>\n<meta property=\"og:description\" content=\"Korleis vert det norske rettssystemet endra av kunstig intelligens? Svaret ligg i historia. 1000 \u00e5r med norsk rettshistorie viser korleis norsk rett har vorte endra av ny kommunikasjonsteknologi det siste millenniet. Retten gjekk fr\u00e5 \u00e5 vera munnleg til skriftleg p\u00e5 1100- og 1200-talet, og den handskrivne retten vart erstatta av trykt rett p\u00e5 1600- og [&hellip;]\" \/>\n<meta property=\"og:url\" content=\"https:\/\/staging.forenteforlag.no\/dreyers\/produkt\/1000-ar-med-norsk-rettshistorie-2\/\" \/>\n<meta property=\"og:site_name\" content=\"Dreyers Forlag\" \/>\n<meta property=\"article:modified_time\" content=\"2026-02-27T06:52:12+00:00\" \/>\n<meta property=\"og:image\" content=\"https:\/\/staging.forenteforlag.no\/dreyers\/wp-content\/uploads\/sites\/2\/2025\/08\/jpg-8180.jpg\" \/>\n\t<meta property=\"og:image:width\" content=\"486\" \/>\n\t<meta property=\"og:image:height\" content=\"699\" \/>\n\t<meta property=\"og:image:type\" content=\"image\/jpeg\" \/>\n<meta name=\"twitter:card\" content=\"summary_large_image\" \/>\n<meta name=\"twitter:label1\" content=\"Ansl. lesetid\" \/>\n\t<meta name=\"twitter:data1\" content=\"1 minutt\" \/>\n<script type=\"application\/ld+json\" class=\"yoast-schema-graph\">{\"@context\":\"https:\/\/schema.org\",\"@graph\":[{\"@type\":\"WebPage\",\"@id\":\"https:\/\/staging.forenteforlag.no\/dreyers\/produkt\/1000-ar-med-norsk-rettshistorie-2\/\",\"url\":\"https:\/\/staging.forenteforlag.no\/dreyers\/produkt\/1000-ar-med-norsk-rettshistorie-2\/\",\"name\":\"1000 \u00e5r med norsk rettshistorie - Dreyers Forlag\",\"isPartOf\":{\"@id\":\"https:\/\/staging.forenteforlag.no\/dreyers\/#website\"},\"primaryImageOfPage\":{\"@id\":\"https:\/\/staging.forenteforlag.no\/dreyers\/produkt\/1000-ar-med-norsk-rettshistorie-2\/#primaryimage\"},\"image\":{\"@id\":\"https:\/\/staging.forenteforlag.no\/dreyers\/produkt\/1000-ar-med-norsk-rettshistorie-2\/#primaryimage\"},\"thumbnailUrl\":\"https:\/\/staging.forenteforlag.no\/dreyers\/wp-content\/uploads\/sites\/2\/2026\/02\/9788282655903.jpg\",\"datePublished\":\"2023-10-23T00:00:00+00:00\",\"dateModified\":\"2026-02-27T06:52:12+00:00\",\"breadcrumb\":{\"@id\":\"https:\/\/staging.forenteforlag.no\/dreyers\/produkt\/1000-ar-med-norsk-rettshistorie-2\/#breadcrumb\"},\"inLanguage\":\"nb-NO\",\"potentialAction\":[{\"@type\":\"ReadAction\",\"target\":[\"https:\/\/staging.forenteforlag.no\/dreyers\/produkt\/1000-ar-med-norsk-rettshistorie-2\/\"]}]},{\"@type\":\"ImageObject\",\"inLanguage\":\"nb-NO\",\"@id\":\"https:\/\/staging.forenteforlag.no\/dreyers\/produkt\/1000-ar-med-norsk-rettshistorie-2\/#primaryimage\",\"url\":\"https:\/\/staging.forenteforlag.no\/dreyers\/wp-content\/uploads\/sites\/2\/2026\/02\/9788282655903.jpg\",\"contentUrl\":\"https:\/\/staging.forenteforlag.no\/dreyers\/wp-content\/uploads\/sites\/2\/2026\/02\/9788282655903.jpg\",\"width\":720,\"height\":1036},{\"@type\":\"BreadcrumbList\",\"@id\":\"https:\/\/staging.forenteforlag.no\/dreyers\/produkt\/1000-ar-med-norsk-rettshistorie-2\/#breadcrumb\",\"itemListElement\":[{\"@type\":\"ListItem\",\"position\":1,\"name\":\"Hjem\",\"item\":\"https:\/\/staging.forenteforlag.no\/dreyers\/\"},{\"@type\":\"ListItem\",\"position\":2,\"name\":\"Alle b\u00f8ker\",\"item\":\"https:\/\/staging.forenteforlag.no\/dreyers\/butikk\/\"},{\"@type\":\"ListItem\",\"position\":3,\"name\":\"1000 \u00e5r med norsk rettshistorie\"}]},{\"@type\":\"WebSite\",\"@id\":\"https:\/\/staging.forenteforlag.no\/dreyers\/#website\",\"url\":\"https:\/\/staging.forenteforlag.no\/dreyers\/\",\"name\":\"Dreyers Forlag\",\"description\":\"\",\"potentialAction\":[{\"@type\":\"SearchAction\",\"target\":{\"@type\":\"EntryPoint\",\"urlTemplate\":\"https:\/\/staging.forenteforlag.no\/dreyers\/?s={search_term_string}\"},\"query-input\":{\"@type\":\"PropertyValueSpecification\",\"valueRequired\":true,\"valueName\":\"search_term_string\"}}],\"inLanguage\":\"nb-NO\"}]}<\/script>\n<!-- \/ Yoast SEO plugin. -->","yoast_head_json":{"title":"1000 \u00e5r med norsk rettshistorie - Dreyers Forlag","robots":{"index":"noindex","follow":"follow","max-snippet":"max-snippet:-1","max-image-preview":"max-image-preview:large","max-video-preview":"max-video-preview:-1"},"og_locale":"nb_NO","og_type":"article","og_title":"1000 \u00e5r med norsk rettshistorie - Dreyers Forlag","og_description":"Korleis vert det norske rettssystemet endra av kunstig intelligens? Svaret ligg i historia. 1000 \u00e5r med norsk rettshistorie viser korleis norsk rett har vorte endra av ny kommunikasjonsteknologi det siste millenniet. Retten gjekk fr\u00e5 \u00e5 vera munnleg til skriftleg p\u00e5 1100- og 1200-talet, og den handskrivne retten vart erstatta av trykt rett p\u00e5 1600- og [&hellip;]","og_url":"https:\/\/staging.forenteforlag.no\/dreyers\/produkt\/1000-ar-med-norsk-rettshistorie-2\/","og_site_name":"Dreyers Forlag","article_modified_time":"2026-02-27T06:52:12+00:00","og_image":[{"width":486,"height":699,"url":"https:\/\/staging.forenteforlag.no\/dreyers\/wp-content\/uploads\/sites\/2\/2025\/08\/jpg-8180.jpg","type":"image\/jpeg"}],"twitter_card":"summary_large_image","twitter_misc":{"Ansl. lesetid":"1 minutt"},"schema":{"@context":"https:\/\/schema.org","@graph":[{"@type":"WebPage","@id":"https:\/\/staging.forenteforlag.no\/dreyers\/produkt\/1000-ar-med-norsk-rettshistorie-2\/","url":"https:\/\/staging.forenteforlag.no\/dreyers\/produkt\/1000-ar-med-norsk-rettshistorie-2\/","name":"1000 \u00e5r med norsk rettshistorie - Dreyers Forlag","isPartOf":{"@id":"https:\/\/staging.forenteforlag.no\/dreyers\/#website"},"primaryImageOfPage":{"@id":"https:\/\/staging.forenteforlag.no\/dreyers\/produkt\/1000-ar-med-norsk-rettshistorie-2\/#primaryimage"},"image":{"@id":"https:\/\/staging.forenteforlag.no\/dreyers\/produkt\/1000-ar-med-norsk-rettshistorie-2\/#primaryimage"},"thumbnailUrl":"https:\/\/staging.forenteforlag.no\/dreyers\/wp-content\/uploads\/sites\/2\/2026\/02\/9788282655903.jpg","datePublished":"2023-10-23T00:00:00+00:00","dateModified":"2026-02-27T06:52:12+00:00","breadcrumb":{"@id":"https:\/\/staging.forenteforlag.no\/dreyers\/produkt\/1000-ar-med-norsk-rettshistorie-2\/#breadcrumb"},"inLanguage":"nb-NO","potentialAction":[{"@type":"ReadAction","target":["https:\/\/staging.forenteforlag.no\/dreyers\/produkt\/1000-ar-med-norsk-rettshistorie-2\/"]}]},{"@type":"ImageObject","inLanguage":"nb-NO","@id":"https:\/\/staging.forenteforlag.no\/dreyers\/produkt\/1000-ar-med-norsk-rettshistorie-2\/#primaryimage","url":"https:\/\/staging.forenteforlag.no\/dreyers\/wp-content\/uploads\/sites\/2\/2026\/02\/9788282655903.jpg","contentUrl":"https:\/\/staging.forenteforlag.no\/dreyers\/wp-content\/uploads\/sites\/2\/2026\/02\/9788282655903.jpg","width":720,"height":1036},{"@type":"BreadcrumbList","@id":"https:\/\/staging.forenteforlag.no\/dreyers\/produkt\/1000-ar-med-norsk-rettshistorie-2\/#breadcrumb","itemListElement":[{"@type":"ListItem","position":1,"name":"Hjem","item":"https:\/\/staging.forenteforlag.no\/dreyers\/"},{"@type":"ListItem","position":2,"name":"Alle b\u00f8ker","item":"https:\/\/staging.forenteforlag.no\/dreyers\/butikk\/"},{"@type":"ListItem","position":3,"name":"1000 \u00e5r med norsk rettshistorie"}]},{"@type":"WebSite","@id":"https:\/\/staging.forenteforlag.no\/dreyers\/#website","url":"https:\/\/staging.forenteforlag.no\/dreyers\/","name":"Dreyers Forlag","description":"","potentialAction":[{"@type":"SearchAction","target":{"@type":"EntryPoint","urlTemplate":"https:\/\/staging.forenteforlag.no\/dreyers\/?s={search_term_string}"},"query-input":{"@type":"PropertyValueSpecification","valueRequired":true,"valueName":"search_term_string"}}],"inLanguage":"nb-NO"}]}},"_links":{"self":[{"href":"https:\/\/staging.forenteforlag.no\/dreyers\/wp-json\/wp\/v2\/product\/21176","targetHints":{"allow":["GET"]}}],"collection":[{"href":"https:\/\/staging.forenteforlag.no\/dreyers\/wp-json\/wp\/v2\/product"}],"about":[{"href":"https:\/\/staging.forenteforlag.no\/dreyers\/wp-json\/wp\/v2\/types\/product"}],"wp:featuredmedia":[{"embeddable":true,"href":"https:\/\/staging.forenteforlag.no\/dreyers\/wp-json\/wp\/v2\/media\/25140"}],"wp:attachment":[{"href":"https:\/\/staging.forenteforlag.no\/dreyers\/wp-json\/wp\/v2\/media?parent=21176"}],"wp:term":[{"taxonomy":"product_brand","embeddable":true,"href":"https:\/\/staging.forenteforlag.no\/dreyers\/wp-json\/wp\/v2\/product_brand?post=21176"},{"taxonomy":"product_cat","embeddable":true,"href":"https:\/\/staging.forenteforlag.no\/dreyers\/wp-json\/wp\/v2\/product_cat?post=21176"},{"taxonomy":"product_tag","embeddable":true,"href":"https:\/\/staging.forenteforlag.no\/dreyers\/wp-json\/wp\/v2\/product_tag?post=21176"}],"curies":[{"name":"wp","href":"https:\/\/api.w.org\/{rel}","templated":true}]}}