{"id":21173,"date":"2024-01-08T01:00:00","date_gmt":"2024-01-08T00:00:00","guid":{"rendered":"https:\/\/dreyersforlag.forenteforlag.no\/produkt\/forst-i-loypa-3\/"},"modified":"2025-08-27T12:08:49","modified_gmt":"2025-08-27T10:08:49","slug":"forst-i-loypa-3","status":"publish","type":"product","link":"https:\/\/staging.forenteforlag.no\/dreyers\/produkt\/forst-i-loypa-3\/","title":{"rendered":"F\u00f8rst i l\u00f8ypa"},"content":{"rendered":"<p>F\u00f8rst i l\u00f8ypa er den store boken om norsk langrennshistorie. Her f\u00e5r du fortellingen om den organiserte skisporten fra de f\u00f8rste spede fors\u00f8k p\u00e5 midten av 1800-tallet til suksessene p\u00e5 starten av 2000-tallet.<\/p>\n<p>Norsk skihistorie er full av imponerende prestasjoner og navn som klinger av s\u00e5 vel skogsus som Kollen-br\u00f8l. Gotaas skildrer de f\u00f8rste norske skil\u00f8perne som kom fra skogene og ut i \u00e5pent lende, de de tok ledelsen i l\u00f8ypa &#8211; f\u00f8r de forsvant til skogs igjen. De aller fleste bygde seg opp og livn\u00e6rte seg av skogs- og g\u00e5rdsarbeid. Men konkurrentene tok tak i deres suksess &#8211; og de ble gradvis tvunget ut av skogene, inn i trenings leirene og fram i rampelyset.<\/p>\n","protected":false},"excerpt":{"rendered":"<p>F\u00f8rst i l\u00f8ypa er den store boken om norsk langrennshistorie. Her f\u00e5r du fortellingen om den organiserte skisporten fra de f\u00f8rste spede fors\u00f8k p\u00e5 midten av 1800-tallet til suksessene p\u00e5 starten av 2000-tallet. Norsk skihistorie er full av imponerende prestasjoner og navn som klinger av s\u00e5 vel skogsus som Kollen-br\u00f8l. Gotaas skildrer de f\u00f8rste norske [&hellip;]<\/p>\n","protected":false},"featured_media":24393,"template":"","meta":{"_acf_changed":false,"inline_featured_image":false},"product_brand":[],"product_cat":[1785,23,29,355],"product_tag":[362,361,868,439],"class_list":{"0":"post-21173","1":"product","2":"type-product","3":"status-publish","4":"has-post-thumbnail","6":"product_cat-fripris","7":"product_cat-historie","8":"product_cat-natur-friluftsliv-og-sport","9":"product_cat-tilbud","10":"product_tag-faglitteratur","11":"product_tag-kulturhistorie","12":"product_tag-langrenn","13":"product_tag-nord-norge","14":"pa_format-pocket","16":"first","17":"instock","18":"shipping-taxable","19":"purchasable","20":"product-type-simple"},"acf":{"anmeldelse":null},"yoast_head":"<!-- This site is optimized with the Yoast SEO plugin v26.6 - https:\/\/yoast.com\/wordpress\/plugins\/seo\/ -->\n<title>F\u00f8rst i l\u00f8ypa - Dreyers Forlag<\/title>\n<meta name=\"robots\" content=\"noindex, follow, max-snippet:-1, max-image-preview:large, max-video-preview:-1\" \/>\n<meta property=\"og:locale\" content=\"nb_NO\" \/>\n<meta property=\"og:type\" content=\"article\" \/>\n<meta property=\"og:title\" content=\"F\u00f8rst i l\u00f8ypa - Dreyers Forlag\" \/>\n<meta property=\"og:description\" content=\"F\u00f8rst i l\u00f8ypa er den store boken om norsk langrennshistorie. Her f\u00e5r du fortellingen om den organiserte skisporten fra de f\u00f8rste spede fors\u00f8k p\u00e5 midten av 1800-tallet til suksessene p\u00e5 starten av 2000-tallet. Norsk skihistorie er full av imponerende prestasjoner og navn som klinger av s\u00e5 vel skogsus som Kollen-br\u00f8l. Gotaas skildrer de f\u00f8rste norske [&hellip;]\" \/>\n<meta property=\"og:url\" content=\"https:\/\/staging.forenteforlag.no\/dreyers\/produkt\/forst-i-loypa-3\/\" \/>\n<meta property=\"og:site_name\" content=\"Dreyers Forlag\" \/>\n<meta property=\"article:modified_time\" content=\"2025-08-27T10:08:49+00:00\" \/>\n<meta property=\"og:image\" content=\"https:\/\/staging.forenteforlag.no\/dreyers\/wp-content\/uploads\/sites\/2\/2025\/08\/jpg-8974-scaled-1-scaled.jpg\" \/>\n\t<meta property=\"og:image:width\" content=\"1373\" \/>\n\t<meta property=\"og:image:height\" content=\"1920\" \/>\n\t<meta property=\"og:image:type\" content=\"image\/jpeg\" \/>\n<meta name=\"twitter:card\" content=\"summary_large_image\" \/>\n<meta name=\"twitter:label1\" content=\"Ansl. lesetid\" \/>\n\t<meta name=\"twitter:data1\" content=\"1 minutt\" \/>\n<script type=\"application\/ld+json\" class=\"yoast-schema-graph\">{\"@context\":\"https:\/\/schema.org\",\"@graph\":[{\"@type\":\"WebPage\",\"@id\":\"https:\/\/staging.forenteforlag.no\/dreyers\/produkt\/forst-i-loypa-3\/\",\"url\":\"https:\/\/staging.forenteforlag.no\/dreyers\/produkt\/forst-i-loypa-3\/\",\"name\":\"F\u00f8rst i l\u00f8ypa - Dreyers Forlag\",\"isPartOf\":{\"@id\":\"https:\/\/staging.forenteforlag.no\/dreyers\/#website\"},\"primaryImageOfPage\":{\"@id\":\"https:\/\/staging.forenteforlag.no\/dreyers\/produkt\/forst-i-loypa-3\/#primaryimage\"},\"image\":{\"@id\":\"https:\/\/staging.forenteforlag.no\/dreyers\/produkt\/forst-i-loypa-3\/#primaryimage\"},\"thumbnailUrl\":\"https:\/\/staging.forenteforlag.no\/dreyers\/wp-content\/uploads\/sites\/2\/2025\/08\/jpg-8974-scaled-1-scaled.jpg\",\"datePublished\":\"2024-01-08T00:00:00+00:00\",\"dateModified\":\"2025-08-27T10:08:49+00:00\",\"breadcrumb\":{\"@id\":\"https:\/\/staging.forenteforlag.no\/dreyers\/produkt\/forst-i-loypa-3\/#breadcrumb\"},\"inLanguage\":\"nb-NO\",\"potentialAction\":[{\"@type\":\"ReadAction\",\"target\":[\"https:\/\/staging.forenteforlag.no\/dreyers\/produkt\/forst-i-loypa-3\/\"]}]},{\"@type\":\"ImageObject\",\"inLanguage\":\"nb-NO\",\"@id\":\"https:\/\/staging.forenteforlag.no\/dreyers\/produkt\/forst-i-loypa-3\/#primaryimage\",\"url\":\"https:\/\/staging.forenteforlag.no\/dreyers\/wp-content\/uploads\/sites\/2\/2025\/08\/jpg-8974-scaled-1-scaled.jpg\",\"contentUrl\":\"https:\/\/staging.forenteforlag.no\/dreyers\/wp-content\/uploads\/sites\/2\/2025\/08\/jpg-8974-scaled-1-scaled.jpg\",\"width\":1373,\"height\":1920},{\"@type\":\"BreadcrumbList\",\"@id\":\"https:\/\/staging.forenteforlag.no\/dreyers\/produkt\/forst-i-loypa-3\/#breadcrumb\",\"itemListElement\":[{\"@type\":\"ListItem\",\"position\":1,\"name\":\"Hjem\",\"item\":\"https:\/\/staging.forenteforlag.no\/dreyers\/\"},{\"@type\":\"ListItem\",\"position\":2,\"name\":\"Alle b\u00f8ker\",\"item\":\"https:\/\/staging.forenteforlag.no\/dreyers\/butikk\/\"},{\"@type\":\"ListItem\",\"position\":3,\"name\":\"F\u00f8rst i l\u00f8ypa\"}]},{\"@type\":\"WebSite\",\"@id\":\"https:\/\/staging.forenteforlag.no\/dreyers\/#website\",\"url\":\"https:\/\/staging.forenteforlag.no\/dreyers\/\",\"name\":\"Dreyers Forlag\",\"description\":\"\",\"potentialAction\":[{\"@type\":\"SearchAction\",\"target\":{\"@type\":\"EntryPoint\",\"urlTemplate\":\"https:\/\/staging.forenteforlag.no\/dreyers\/?s={search_term_string}\"},\"query-input\":{\"@type\":\"PropertyValueSpecification\",\"valueRequired\":true,\"valueName\":\"search_term_string\"}}],\"inLanguage\":\"nb-NO\"}]}<\/script>\n<!-- \/ Yoast SEO plugin. -->","yoast_head_json":{"title":"F\u00f8rst i l\u00f8ypa - Dreyers Forlag","robots":{"index":"noindex","follow":"follow","max-snippet":"max-snippet:-1","max-image-preview":"max-image-preview:large","max-video-preview":"max-video-preview:-1"},"og_locale":"nb_NO","og_type":"article","og_title":"F\u00f8rst i l\u00f8ypa - Dreyers Forlag","og_description":"F\u00f8rst i l\u00f8ypa er den store boken om norsk langrennshistorie. Her f\u00e5r du fortellingen om den organiserte skisporten fra de f\u00f8rste spede fors\u00f8k p\u00e5 midten av 1800-tallet til suksessene p\u00e5 starten av 2000-tallet. Norsk skihistorie er full av imponerende prestasjoner og navn som klinger av s\u00e5 vel skogsus som Kollen-br\u00f8l. Gotaas skildrer de f\u00f8rste norske [&hellip;]","og_url":"https:\/\/staging.forenteforlag.no\/dreyers\/produkt\/forst-i-loypa-3\/","og_site_name":"Dreyers Forlag","article_modified_time":"2025-08-27T10:08:49+00:00","og_image":[{"width":1373,"height":1920,"url":"https:\/\/staging.forenteforlag.no\/dreyers\/wp-content\/uploads\/sites\/2\/2025\/08\/jpg-8974-scaled-1-scaled.jpg","type":"image\/jpeg"}],"twitter_card":"summary_large_image","twitter_misc":{"Ansl. lesetid":"1 minutt"},"schema":{"@context":"https:\/\/schema.org","@graph":[{"@type":"WebPage","@id":"https:\/\/staging.forenteforlag.no\/dreyers\/produkt\/forst-i-loypa-3\/","url":"https:\/\/staging.forenteforlag.no\/dreyers\/produkt\/forst-i-loypa-3\/","name":"F\u00f8rst i l\u00f8ypa - Dreyers Forlag","isPartOf":{"@id":"https:\/\/staging.forenteforlag.no\/dreyers\/#website"},"primaryImageOfPage":{"@id":"https:\/\/staging.forenteforlag.no\/dreyers\/produkt\/forst-i-loypa-3\/#primaryimage"},"image":{"@id":"https:\/\/staging.forenteforlag.no\/dreyers\/produkt\/forst-i-loypa-3\/#primaryimage"},"thumbnailUrl":"https:\/\/staging.forenteforlag.no\/dreyers\/wp-content\/uploads\/sites\/2\/2025\/08\/jpg-8974-scaled-1-scaled.jpg","datePublished":"2024-01-08T00:00:00+00:00","dateModified":"2025-08-27T10:08:49+00:00","breadcrumb":{"@id":"https:\/\/staging.forenteforlag.no\/dreyers\/produkt\/forst-i-loypa-3\/#breadcrumb"},"inLanguage":"nb-NO","potentialAction":[{"@type":"ReadAction","target":["https:\/\/staging.forenteforlag.no\/dreyers\/produkt\/forst-i-loypa-3\/"]}]},{"@type":"ImageObject","inLanguage":"nb-NO","@id":"https:\/\/staging.forenteforlag.no\/dreyers\/produkt\/forst-i-loypa-3\/#primaryimage","url":"https:\/\/staging.forenteforlag.no\/dreyers\/wp-content\/uploads\/sites\/2\/2025\/08\/jpg-8974-scaled-1-scaled.jpg","contentUrl":"https:\/\/staging.forenteforlag.no\/dreyers\/wp-content\/uploads\/sites\/2\/2025\/08\/jpg-8974-scaled-1-scaled.jpg","width":1373,"height":1920},{"@type":"BreadcrumbList","@id":"https:\/\/staging.forenteforlag.no\/dreyers\/produkt\/forst-i-loypa-3\/#breadcrumb","itemListElement":[{"@type":"ListItem","position":1,"name":"Hjem","item":"https:\/\/staging.forenteforlag.no\/dreyers\/"},{"@type":"ListItem","position":2,"name":"Alle b\u00f8ker","item":"https:\/\/staging.forenteforlag.no\/dreyers\/butikk\/"},{"@type":"ListItem","position":3,"name":"F\u00f8rst i l\u00f8ypa"}]},{"@type":"WebSite","@id":"https:\/\/staging.forenteforlag.no\/dreyers\/#website","url":"https:\/\/staging.forenteforlag.no\/dreyers\/","name":"Dreyers Forlag","description":"","potentialAction":[{"@type":"SearchAction","target":{"@type":"EntryPoint","urlTemplate":"https:\/\/staging.forenteforlag.no\/dreyers\/?s={search_term_string}"},"query-input":{"@type":"PropertyValueSpecification","valueRequired":true,"valueName":"search_term_string"}}],"inLanguage":"nb-NO"}]}},"_links":{"self":[{"href":"https:\/\/staging.forenteforlag.no\/dreyers\/wp-json\/wp\/v2\/product\/21173","targetHints":{"allow":["GET"]}}],"collection":[{"href":"https:\/\/staging.forenteforlag.no\/dreyers\/wp-json\/wp\/v2\/product"}],"about":[{"href":"https:\/\/staging.forenteforlag.no\/dreyers\/wp-json\/wp\/v2\/types\/product"}],"wp:featuredmedia":[{"embeddable":true,"href":"https:\/\/staging.forenteforlag.no\/dreyers\/wp-json\/wp\/v2\/media\/24393"}],"wp:attachment":[{"href":"https:\/\/staging.forenteforlag.no\/dreyers\/wp-json\/wp\/v2\/media?parent=21173"}],"wp:term":[{"taxonomy":"product_brand","embeddable":true,"href":"https:\/\/staging.forenteforlag.no\/dreyers\/wp-json\/wp\/v2\/product_brand?post=21173"},{"taxonomy":"product_cat","embeddable":true,"href":"https:\/\/staging.forenteforlag.no\/dreyers\/wp-json\/wp\/v2\/product_cat?post=21173"},{"taxonomy":"product_tag","embeddable":true,"href":"https:\/\/staging.forenteforlag.no\/dreyers\/wp-json\/wp\/v2\/product_tag?post=21173"}],"curies":[{"name":"wp","href":"https:\/\/api.w.org\/{rel}","templated":true}]}}