{"id":21170,"date":"2023-11-10T01:00:00","date_gmt":"2023-11-10T00:00:00","guid":{"rendered":"https:\/\/dreyersforlag.forenteforlag.no\/produkt\/voksesmerter-2\/"},"modified":"2025-11-12T08:39:20","modified_gmt":"2025-11-12T07:39:20","slug":"voksesmerter-2","status":"publish","type":"product","link":"https:\/\/staging.forenteforlag.no\/dreyers\/produkt\/voksesmerter-2\/","title":{"rendered":"Voksesmerter"},"content":{"rendered":"<p>Uprisen-vinner 2023 med ny roman om vennskap, forelskelse og familieliv som p\u00e5virkes av en krig som er slutt.<\/p>\n<p>NOMINERT TIL UPRISEN 2024!<\/p>\n<p>\u00abDet er f\u00e5 b\u00f8ker som f\u00e5r meg til \u00e5 faktisk f\u00f8le noe, men det gjorde denne\u00bb Elida, Tj\u00f8me ungdomsskole, p\u00e5 denboka.no<\/p>\n<p>\u00c5ret er 1991, nyhetsbildet preges av at Jugoslavia g\u00e5r i oppl\u00f8sning. Louise er 15 og g\u00e5r siste \u00e5ret p\u00e5 ungdomsskolen. Hun bor p\u00e5  et tettsted utenfor Trondheim sammen med Besta og Beste. Moren Kirsty, som forlot Louise da hun var liten, har tatt kontakt igjen. De g\u00e5r p\u00e5 bar i helgene og later som de er s\u00f8stre. Louise blir venner med Seb, som nettopp har flyttet til stedet. De fester sammen og spenning oppst\u00e5r. S\u00e5 f\u00e5r Beste mareritt om nettene. Louise finner et gammelt foto fra Jugoslavia ute i verkstedet hans, sammen med ei flaske whisky og et brev p\u00e5 serbisk. Hva er det Beste skjuler? <\/p>\n<p>Marte Mittet vant Uprisen 2023 for romanen Heiloen, som er inspirert av familiens opplevelser under andre verdenskrig. Hennes f\u00f8rste roman, Ulvehunger, ble nominert til Kulturdepartementets debutantpris i 2022. Voksesmerter er Mittets tredje roman.<\/p>\n","protected":false},"excerpt":{"rendered":"<p>Uprisen-vinner 2023 med ny roman om vennskap, forelskelse og familieliv som p\u00e5virkes av en krig som er slutt. NOMINERT TIL UPRISEN 2024! \u00abDet er f\u00e5 b\u00f8ker som f\u00e5r meg til \u00e5 faktisk f\u00f8le noe, men det gjorde denne\u00bb Elida, Tj\u00f8me ungdomsskole, p\u00e5 denboka.no \u00c5ret er 1991, nyhetsbildet preges av at Jugoslavia g\u00e5r i oppl\u00f8sning. Louise [&hellip;]<\/p>\n","protected":false},"featured_media":24342,"template":"","meta":{"_acf_changed":false,"inline_featured_image":false},"product_brand":[],"product_cat":[1794],"product_tag":[370],"class_list":{"0":"post-21170","1":"product","2":"type-product","3":"status-publish","4":"has-post-thumbnail","6":"product_cat-13-ar-og-oppover","7":"product_tag-skjonnlitteratur","8":"pa_format-innbundet","10":"first","11":"outofstock","12":"shipping-taxable","13":"purchasable","14":"product-type-simple"},"acf":{"anmeldelse":null},"yoast_head":"<!-- This site is optimized with the Yoast SEO plugin v26.6 - https:\/\/yoast.com\/wordpress\/plugins\/seo\/ -->\n<title>Voksesmerter - Dreyers Forlag<\/title>\n<meta name=\"robots\" content=\"noindex, follow, max-snippet:-1, max-image-preview:large, max-video-preview:-1\" \/>\n<meta property=\"og:locale\" content=\"nb_NO\" \/>\n<meta property=\"og:type\" content=\"article\" \/>\n<meta property=\"og:title\" content=\"Voksesmerter - Dreyers Forlag\" \/>\n<meta property=\"og:description\" content=\"Uprisen-vinner 2023 med ny roman om vennskap, forelskelse og familieliv som p\u00e5virkes av en krig som er slutt. NOMINERT TIL UPRISEN 2024! \u00abDet er f\u00e5 b\u00f8ker som f\u00e5r meg til \u00e5 faktisk f\u00f8le noe, men det gjorde denne\u00bb Elida, Tj\u00f8me ungdomsskole, p\u00e5 denboka.no \u00c5ret er 1991, nyhetsbildet preges av at Jugoslavia g\u00e5r i oppl\u00f8sning. Louise [&hellip;]\" \/>\n<meta property=\"og:url\" content=\"https:\/\/staging.forenteforlag.no\/dreyers\/produkt\/voksesmerter-2\/\" \/>\n<meta property=\"og:site_name\" content=\"Dreyers Forlag\" \/>\n<meta property=\"article:modified_time\" content=\"2025-11-12T07:39:20+00:00\" \/>\n<meta property=\"og:image\" content=\"https:\/\/staging.forenteforlag.no\/dreyers\/wp-content\/uploads\/sites\/2\/2025\/08\/jpg-8520.jpg\" \/>\n\t<meta property=\"og:image:width\" content=\"500\" \/>\n\t<meta property=\"og:image:height\" content=\"778\" \/>\n\t<meta property=\"og:image:type\" content=\"image\/jpeg\" \/>\n<meta name=\"twitter:card\" content=\"summary_large_image\" \/>\n<meta name=\"twitter:label1\" content=\"Ansl. lesetid\" \/>\n\t<meta name=\"twitter:data1\" content=\"2 minutter\" \/>\n<script type=\"application\/ld+json\" class=\"yoast-schema-graph\">{\"@context\":\"https:\/\/schema.org\",\"@graph\":[{\"@type\":\"WebPage\",\"@id\":\"https:\/\/staging.forenteforlag.no\/dreyers\/produkt\/voksesmerter-2\/\",\"url\":\"https:\/\/staging.forenteforlag.no\/dreyers\/produkt\/voksesmerter-2\/\",\"name\":\"Voksesmerter - Dreyers Forlag\",\"isPartOf\":{\"@id\":\"https:\/\/staging.forenteforlag.no\/dreyers\/#website\"},\"primaryImageOfPage\":{\"@id\":\"https:\/\/staging.forenteforlag.no\/dreyers\/produkt\/voksesmerter-2\/#primaryimage\"},\"image\":{\"@id\":\"https:\/\/staging.forenteforlag.no\/dreyers\/produkt\/voksesmerter-2\/#primaryimage\"},\"thumbnailUrl\":\"https:\/\/staging.forenteforlag.no\/dreyers\/wp-content\/uploads\/sites\/2\/2025\/08\/jpg-8520.jpg\",\"datePublished\":\"2023-11-10T00:00:00+00:00\",\"dateModified\":\"2025-11-12T07:39:20+00:00\",\"breadcrumb\":{\"@id\":\"https:\/\/staging.forenteforlag.no\/dreyers\/produkt\/voksesmerter-2\/#breadcrumb\"},\"inLanguage\":\"nb-NO\",\"potentialAction\":[{\"@type\":\"ReadAction\",\"target\":[\"https:\/\/staging.forenteforlag.no\/dreyers\/produkt\/voksesmerter-2\/\"]}]},{\"@type\":\"ImageObject\",\"inLanguage\":\"nb-NO\",\"@id\":\"https:\/\/staging.forenteforlag.no\/dreyers\/produkt\/voksesmerter-2\/#primaryimage\",\"url\":\"https:\/\/staging.forenteforlag.no\/dreyers\/wp-content\/uploads\/sites\/2\/2025\/08\/jpg-8520.jpg\",\"contentUrl\":\"https:\/\/staging.forenteforlag.no\/dreyers\/wp-content\/uploads\/sites\/2\/2025\/08\/jpg-8520.jpg\",\"width\":500,\"height\":778},{\"@type\":\"BreadcrumbList\",\"@id\":\"https:\/\/staging.forenteforlag.no\/dreyers\/produkt\/voksesmerter-2\/#breadcrumb\",\"itemListElement\":[{\"@type\":\"ListItem\",\"position\":1,\"name\":\"Hjem\",\"item\":\"https:\/\/staging.forenteforlag.no\/dreyers\/\"},{\"@type\":\"ListItem\",\"position\":2,\"name\":\"Alle b\u00f8ker\",\"item\":\"https:\/\/staging.forenteforlag.no\/dreyers\/butikk\/\"},{\"@type\":\"ListItem\",\"position\":3,\"name\":\"Voksesmerter\"}]},{\"@type\":\"WebSite\",\"@id\":\"https:\/\/staging.forenteforlag.no\/dreyers\/#website\",\"url\":\"https:\/\/staging.forenteforlag.no\/dreyers\/\",\"name\":\"Dreyers Forlag\",\"description\":\"\",\"potentialAction\":[{\"@type\":\"SearchAction\",\"target\":{\"@type\":\"EntryPoint\",\"urlTemplate\":\"https:\/\/staging.forenteforlag.no\/dreyers\/?s={search_term_string}\"},\"query-input\":{\"@type\":\"PropertyValueSpecification\",\"valueRequired\":true,\"valueName\":\"search_term_string\"}}],\"inLanguage\":\"nb-NO\"}]}<\/script>\n<!-- \/ Yoast SEO plugin. -->","yoast_head_json":{"title":"Voksesmerter - Dreyers Forlag","robots":{"index":"noindex","follow":"follow","max-snippet":"max-snippet:-1","max-image-preview":"max-image-preview:large","max-video-preview":"max-video-preview:-1"},"og_locale":"nb_NO","og_type":"article","og_title":"Voksesmerter - Dreyers Forlag","og_description":"Uprisen-vinner 2023 med ny roman om vennskap, forelskelse og familieliv som p\u00e5virkes av en krig som er slutt. NOMINERT TIL UPRISEN 2024! \u00abDet er f\u00e5 b\u00f8ker som f\u00e5r meg til \u00e5 faktisk f\u00f8le noe, men det gjorde denne\u00bb Elida, Tj\u00f8me ungdomsskole, p\u00e5 denboka.no \u00c5ret er 1991, nyhetsbildet preges av at Jugoslavia g\u00e5r i oppl\u00f8sning. Louise [&hellip;]","og_url":"https:\/\/staging.forenteforlag.no\/dreyers\/produkt\/voksesmerter-2\/","og_site_name":"Dreyers Forlag","article_modified_time":"2025-11-12T07:39:20+00:00","og_image":[{"width":500,"height":778,"url":"https:\/\/staging.forenteforlag.no\/dreyers\/wp-content\/uploads\/sites\/2\/2025\/08\/jpg-8520.jpg","type":"image\/jpeg"}],"twitter_card":"summary_large_image","twitter_misc":{"Ansl. lesetid":"2 minutter"},"schema":{"@context":"https:\/\/schema.org","@graph":[{"@type":"WebPage","@id":"https:\/\/staging.forenteforlag.no\/dreyers\/produkt\/voksesmerter-2\/","url":"https:\/\/staging.forenteforlag.no\/dreyers\/produkt\/voksesmerter-2\/","name":"Voksesmerter - Dreyers Forlag","isPartOf":{"@id":"https:\/\/staging.forenteforlag.no\/dreyers\/#website"},"primaryImageOfPage":{"@id":"https:\/\/staging.forenteforlag.no\/dreyers\/produkt\/voksesmerter-2\/#primaryimage"},"image":{"@id":"https:\/\/staging.forenteforlag.no\/dreyers\/produkt\/voksesmerter-2\/#primaryimage"},"thumbnailUrl":"https:\/\/staging.forenteforlag.no\/dreyers\/wp-content\/uploads\/sites\/2\/2025\/08\/jpg-8520.jpg","datePublished":"2023-11-10T00:00:00+00:00","dateModified":"2025-11-12T07:39:20+00:00","breadcrumb":{"@id":"https:\/\/staging.forenteforlag.no\/dreyers\/produkt\/voksesmerter-2\/#breadcrumb"},"inLanguage":"nb-NO","potentialAction":[{"@type":"ReadAction","target":["https:\/\/staging.forenteforlag.no\/dreyers\/produkt\/voksesmerter-2\/"]}]},{"@type":"ImageObject","inLanguage":"nb-NO","@id":"https:\/\/staging.forenteforlag.no\/dreyers\/produkt\/voksesmerter-2\/#primaryimage","url":"https:\/\/staging.forenteforlag.no\/dreyers\/wp-content\/uploads\/sites\/2\/2025\/08\/jpg-8520.jpg","contentUrl":"https:\/\/staging.forenteforlag.no\/dreyers\/wp-content\/uploads\/sites\/2\/2025\/08\/jpg-8520.jpg","width":500,"height":778},{"@type":"BreadcrumbList","@id":"https:\/\/staging.forenteforlag.no\/dreyers\/produkt\/voksesmerter-2\/#breadcrumb","itemListElement":[{"@type":"ListItem","position":1,"name":"Hjem","item":"https:\/\/staging.forenteforlag.no\/dreyers\/"},{"@type":"ListItem","position":2,"name":"Alle b\u00f8ker","item":"https:\/\/staging.forenteforlag.no\/dreyers\/butikk\/"},{"@type":"ListItem","position":3,"name":"Voksesmerter"}]},{"@type":"WebSite","@id":"https:\/\/staging.forenteforlag.no\/dreyers\/#website","url":"https:\/\/staging.forenteforlag.no\/dreyers\/","name":"Dreyers Forlag","description":"","potentialAction":[{"@type":"SearchAction","target":{"@type":"EntryPoint","urlTemplate":"https:\/\/staging.forenteforlag.no\/dreyers\/?s={search_term_string}"},"query-input":{"@type":"PropertyValueSpecification","valueRequired":true,"valueName":"search_term_string"}}],"inLanguage":"nb-NO"}]}},"_links":{"self":[{"href":"https:\/\/staging.forenteforlag.no\/dreyers\/wp-json\/wp\/v2\/product\/21170","targetHints":{"allow":["GET"]}}],"collection":[{"href":"https:\/\/staging.forenteforlag.no\/dreyers\/wp-json\/wp\/v2\/product"}],"about":[{"href":"https:\/\/staging.forenteforlag.no\/dreyers\/wp-json\/wp\/v2\/types\/product"}],"wp:featuredmedia":[{"embeddable":true,"href":"https:\/\/staging.forenteforlag.no\/dreyers\/wp-json\/wp\/v2\/media\/24342"}],"wp:attachment":[{"href":"https:\/\/staging.forenteforlag.no\/dreyers\/wp-json\/wp\/v2\/media?parent=21170"}],"wp:term":[{"taxonomy":"product_brand","embeddable":true,"href":"https:\/\/staging.forenteforlag.no\/dreyers\/wp-json\/wp\/v2\/product_brand?post=21170"},{"taxonomy":"product_cat","embeddable":true,"href":"https:\/\/staging.forenteforlag.no\/dreyers\/wp-json\/wp\/v2\/product_cat?post=21170"},{"taxonomy":"product_tag","embeddable":true,"href":"https:\/\/staging.forenteforlag.no\/dreyers\/wp-json\/wp\/v2\/product_tag?post=21170"}],"curies":[{"name":"wp","href":"https:\/\/api.w.org\/{rel}","templated":true}]}}