{"id":21168,"date":"2024-01-01T01:00:00","date_gmt":"2024-01-01T00:00:00","guid":{"rendered":"https:\/\/dreyersforlag.forenteforlag.no\/produkt\/antikkens-bystater-2\/"},"modified":"2025-08-29T11:04:25","modified_gmt":"2025-08-29T09:04:25","slug":"antikkens-bystater-2","status":"publish","type":"product","link":"https:\/\/staging.forenteforlag.no\/dreyers\/produkt\/antikkens-bystater-2\/","title":{"rendered":"Antikkens bystater"},"content":{"rendered":"<p>Gjennom Europas og Amerikas historie har vi ofte v\u00e6rt i dialog med antikkens kultur. Hvilken nytte kan vi ha av de politiske systemene i Athen, Sparta og Roma i utformingen av v\u00e5re egne systemer?<\/p>\n<p>Begrepet \u00abpolitikk\u00bb kommer fra det greske ordet for bystat, polis. Fra ca. 750 fvt.-500 evt. var Middelhavet og Svartehavet omkranset av selvstyrte byer, med et relativt lite jordbruksoppland. Ogs\u00e5 der byer senere ble underlagt st\u00f8rre systemer, som de hellenistiske monarkiene og det romerske imperiet, beholdt de fleste sine egne politiske institusjoner og et lokalt selvstyre, mot \u00e5 betale skatt til sentralmakten og gi avkall p\u00e5 utenrikspolitisk selvstendighet.<\/p>\n<p>Politisk teori og den overfloden av forskjellige konstitusjoner som har dannet basis for europeisk tenkning frem til v\u00e5re dager, oppsto i det politiske laboratoriet rundt Middelhavet. Her ble det gjennomf\u00f8rt b\u00e5de fredelige og voldelige eksperimenter med varianter av enevelde (monarki, tyranni, diktatur, keiserd\u00f8mme), f\u00e5mannsvelde (aristokrati, oligarki), folkestyre (demokrati) og republikk.<\/p>\n<p>Denne boka sammenligner disse styreformene, samfunnene og kon.iktene som skapte dem.<\/p>\n","protected":false},"excerpt":{"rendered":"<p>Gjennom Europas og Amerikas historie har vi ofte v\u00e6rt i dialog med antikkens kultur. Hvilken nytte kan vi ha av de politiske systemene i Athen, Sparta og Roma i utformingen av v\u00e5re egne systemer? Begrepet \u00abpolitikk\u00bb kommer fra det greske ordet for bystat, polis. Fra ca. 750 fvt.-500 evt. var Middelhavet og Svartehavet omkranset av [&hellip;]<\/p>\n","protected":false},"featured_media":24333,"template":"","meta":{"_acf_changed":false,"inline_featured_image":false},"product_brand":[],"product_cat":[1785,23,355],"product_tag":[897,607,1675,362,559,1724],"class_list":{"0":"post-21168","1":"product","2":"type-product","3":"status-publish","4":"has-post-thumbnail","6":"product_cat-fripris","7":"product_cat-historie","8":"product_cat-tilbud","9":"product_tag-antikken","10":"product_tag-bedriftshistorie","11":"product_tag-drabantbyer","12":"product_tag-faglitteratur","13":"product_tag-hellas","14":"product_tag-identitetspolitikk","15":"pa_format-innbundet","17":"first","18":"instock","19":"shipping-taxable","20":"purchasable","21":"product-type-simple"},"acf":{"anmeldelse":null},"yoast_head":"<!-- This site is optimized with the Yoast SEO plugin v26.6 - https:\/\/yoast.com\/wordpress\/plugins\/seo\/ -->\n<title>Antikkens bystater - Dreyers Forlag<\/title>\n<meta name=\"robots\" content=\"noindex, follow, max-snippet:-1, max-image-preview:large, max-video-preview:-1\" \/>\n<meta property=\"og:locale\" content=\"nb_NO\" \/>\n<meta property=\"og:type\" content=\"article\" \/>\n<meta property=\"og:title\" content=\"Antikkens bystater - Dreyers Forlag\" \/>\n<meta property=\"og:description\" content=\"Gjennom Europas og Amerikas historie har vi ofte v\u00e6rt i dialog med antikkens kultur. Hvilken nytte kan vi ha av de politiske systemene i Athen, Sparta og Roma i utformingen av v\u00e5re egne systemer? Begrepet \u00abpolitikk\u00bb kommer fra det greske ordet for bystat, polis. Fra ca. 750 fvt.-500 evt. var Middelhavet og Svartehavet omkranset av [&hellip;]\" \/>\n<meta property=\"og:url\" content=\"https:\/\/staging.forenteforlag.no\/dreyers\/produkt\/antikkens-bystater-2\/\" \/>\n<meta property=\"og:site_name\" content=\"Dreyers Forlag\" \/>\n<meta property=\"article:modified_time\" content=\"2025-08-29T09:04:25+00:00\" \/>\n<meta property=\"og:image\" content=\"https:\/\/staging.forenteforlag.no\/dreyers\/wp-content\/uploads\/sites\/2\/2025\/08\/jpg-8433.jpg\" \/>\n\t<meta property=\"og:image:width\" content=\"521\" \/>\n\t<meta property=\"og:image:height\" content=\"693\" \/>\n\t<meta property=\"og:image:type\" content=\"image\/jpeg\" \/>\n<meta name=\"twitter:card\" content=\"summary_large_image\" \/>\n<meta name=\"twitter:label1\" content=\"Ansl. lesetid\" \/>\n\t<meta name=\"twitter:data1\" content=\"2 minutter\" \/>\n<script type=\"application\/ld+json\" class=\"yoast-schema-graph\">{\"@context\":\"https:\/\/schema.org\",\"@graph\":[{\"@type\":\"WebPage\",\"@id\":\"https:\/\/staging.forenteforlag.no\/dreyers\/produkt\/antikkens-bystater-2\/\",\"url\":\"https:\/\/staging.forenteforlag.no\/dreyers\/produkt\/antikkens-bystater-2\/\",\"name\":\"Antikkens bystater - Dreyers Forlag\",\"isPartOf\":{\"@id\":\"https:\/\/staging.forenteforlag.no\/dreyers\/#website\"},\"primaryImageOfPage\":{\"@id\":\"https:\/\/staging.forenteforlag.no\/dreyers\/produkt\/antikkens-bystater-2\/#primaryimage\"},\"image\":{\"@id\":\"https:\/\/staging.forenteforlag.no\/dreyers\/produkt\/antikkens-bystater-2\/#primaryimage\"},\"thumbnailUrl\":\"https:\/\/staging.forenteforlag.no\/dreyers\/wp-content\/uploads\/sites\/2\/2025\/08\/jpg-8433.jpg\",\"datePublished\":\"2024-01-01T00:00:00+00:00\",\"dateModified\":\"2025-08-29T09:04:25+00:00\",\"breadcrumb\":{\"@id\":\"https:\/\/staging.forenteforlag.no\/dreyers\/produkt\/antikkens-bystater-2\/#breadcrumb\"},\"inLanguage\":\"nb-NO\",\"potentialAction\":[{\"@type\":\"ReadAction\",\"target\":[\"https:\/\/staging.forenteforlag.no\/dreyers\/produkt\/antikkens-bystater-2\/\"]}]},{\"@type\":\"ImageObject\",\"inLanguage\":\"nb-NO\",\"@id\":\"https:\/\/staging.forenteforlag.no\/dreyers\/produkt\/antikkens-bystater-2\/#primaryimage\",\"url\":\"https:\/\/staging.forenteforlag.no\/dreyers\/wp-content\/uploads\/sites\/2\/2025\/08\/jpg-8433.jpg\",\"contentUrl\":\"https:\/\/staging.forenteforlag.no\/dreyers\/wp-content\/uploads\/sites\/2\/2025\/08\/jpg-8433.jpg\",\"width\":521,\"height\":693},{\"@type\":\"BreadcrumbList\",\"@id\":\"https:\/\/staging.forenteforlag.no\/dreyers\/produkt\/antikkens-bystater-2\/#breadcrumb\",\"itemListElement\":[{\"@type\":\"ListItem\",\"position\":1,\"name\":\"Hjem\",\"item\":\"https:\/\/staging.forenteforlag.no\/dreyers\/\"},{\"@type\":\"ListItem\",\"position\":2,\"name\":\"Alle b\u00f8ker\",\"item\":\"https:\/\/staging.forenteforlag.no\/dreyers\/butikk\/\"},{\"@type\":\"ListItem\",\"position\":3,\"name\":\"Antikkens bystater\"}]},{\"@type\":\"WebSite\",\"@id\":\"https:\/\/staging.forenteforlag.no\/dreyers\/#website\",\"url\":\"https:\/\/staging.forenteforlag.no\/dreyers\/\",\"name\":\"Dreyers Forlag\",\"description\":\"\",\"potentialAction\":[{\"@type\":\"SearchAction\",\"target\":{\"@type\":\"EntryPoint\",\"urlTemplate\":\"https:\/\/staging.forenteforlag.no\/dreyers\/?s={search_term_string}\"},\"query-input\":{\"@type\":\"PropertyValueSpecification\",\"valueRequired\":true,\"valueName\":\"search_term_string\"}}],\"inLanguage\":\"nb-NO\"}]}<\/script>\n<!-- \/ Yoast SEO plugin. -->","yoast_head_json":{"title":"Antikkens bystater - Dreyers Forlag","robots":{"index":"noindex","follow":"follow","max-snippet":"max-snippet:-1","max-image-preview":"max-image-preview:large","max-video-preview":"max-video-preview:-1"},"og_locale":"nb_NO","og_type":"article","og_title":"Antikkens bystater - Dreyers Forlag","og_description":"Gjennom Europas og Amerikas historie har vi ofte v\u00e6rt i dialog med antikkens kultur. Hvilken nytte kan vi ha av de politiske systemene i Athen, Sparta og Roma i utformingen av v\u00e5re egne systemer? Begrepet \u00abpolitikk\u00bb kommer fra det greske ordet for bystat, polis. Fra ca. 750 fvt.-500 evt. var Middelhavet og Svartehavet omkranset av [&hellip;]","og_url":"https:\/\/staging.forenteforlag.no\/dreyers\/produkt\/antikkens-bystater-2\/","og_site_name":"Dreyers Forlag","article_modified_time":"2025-08-29T09:04:25+00:00","og_image":[{"width":521,"height":693,"url":"https:\/\/staging.forenteforlag.no\/dreyers\/wp-content\/uploads\/sites\/2\/2025\/08\/jpg-8433.jpg","type":"image\/jpeg"}],"twitter_card":"summary_large_image","twitter_misc":{"Ansl. lesetid":"2 minutter"},"schema":{"@context":"https:\/\/schema.org","@graph":[{"@type":"WebPage","@id":"https:\/\/staging.forenteforlag.no\/dreyers\/produkt\/antikkens-bystater-2\/","url":"https:\/\/staging.forenteforlag.no\/dreyers\/produkt\/antikkens-bystater-2\/","name":"Antikkens bystater - Dreyers Forlag","isPartOf":{"@id":"https:\/\/staging.forenteforlag.no\/dreyers\/#website"},"primaryImageOfPage":{"@id":"https:\/\/staging.forenteforlag.no\/dreyers\/produkt\/antikkens-bystater-2\/#primaryimage"},"image":{"@id":"https:\/\/staging.forenteforlag.no\/dreyers\/produkt\/antikkens-bystater-2\/#primaryimage"},"thumbnailUrl":"https:\/\/staging.forenteforlag.no\/dreyers\/wp-content\/uploads\/sites\/2\/2025\/08\/jpg-8433.jpg","datePublished":"2024-01-01T00:00:00+00:00","dateModified":"2025-08-29T09:04:25+00:00","breadcrumb":{"@id":"https:\/\/staging.forenteforlag.no\/dreyers\/produkt\/antikkens-bystater-2\/#breadcrumb"},"inLanguage":"nb-NO","potentialAction":[{"@type":"ReadAction","target":["https:\/\/staging.forenteforlag.no\/dreyers\/produkt\/antikkens-bystater-2\/"]}]},{"@type":"ImageObject","inLanguage":"nb-NO","@id":"https:\/\/staging.forenteforlag.no\/dreyers\/produkt\/antikkens-bystater-2\/#primaryimage","url":"https:\/\/staging.forenteforlag.no\/dreyers\/wp-content\/uploads\/sites\/2\/2025\/08\/jpg-8433.jpg","contentUrl":"https:\/\/staging.forenteforlag.no\/dreyers\/wp-content\/uploads\/sites\/2\/2025\/08\/jpg-8433.jpg","width":521,"height":693},{"@type":"BreadcrumbList","@id":"https:\/\/staging.forenteforlag.no\/dreyers\/produkt\/antikkens-bystater-2\/#breadcrumb","itemListElement":[{"@type":"ListItem","position":1,"name":"Hjem","item":"https:\/\/staging.forenteforlag.no\/dreyers\/"},{"@type":"ListItem","position":2,"name":"Alle b\u00f8ker","item":"https:\/\/staging.forenteforlag.no\/dreyers\/butikk\/"},{"@type":"ListItem","position":3,"name":"Antikkens bystater"}]},{"@type":"WebSite","@id":"https:\/\/staging.forenteforlag.no\/dreyers\/#website","url":"https:\/\/staging.forenteforlag.no\/dreyers\/","name":"Dreyers Forlag","description":"","potentialAction":[{"@type":"SearchAction","target":{"@type":"EntryPoint","urlTemplate":"https:\/\/staging.forenteforlag.no\/dreyers\/?s={search_term_string}"},"query-input":{"@type":"PropertyValueSpecification","valueRequired":true,"valueName":"search_term_string"}}],"inLanguage":"nb-NO"}]}},"_links":{"self":[{"href":"https:\/\/staging.forenteforlag.no\/dreyers\/wp-json\/wp\/v2\/product\/21168","targetHints":{"allow":["GET"]}}],"collection":[{"href":"https:\/\/staging.forenteforlag.no\/dreyers\/wp-json\/wp\/v2\/product"}],"about":[{"href":"https:\/\/staging.forenteforlag.no\/dreyers\/wp-json\/wp\/v2\/types\/product"}],"wp:featuredmedia":[{"embeddable":true,"href":"https:\/\/staging.forenteforlag.no\/dreyers\/wp-json\/wp\/v2\/media\/24333"}],"wp:attachment":[{"href":"https:\/\/staging.forenteforlag.no\/dreyers\/wp-json\/wp\/v2\/media?parent=21168"}],"wp:term":[{"taxonomy":"product_brand","embeddable":true,"href":"https:\/\/staging.forenteforlag.no\/dreyers\/wp-json\/wp\/v2\/product_brand?post=21168"},{"taxonomy":"product_cat","embeddable":true,"href":"https:\/\/staging.forenteforlag.no\/dreyers\/wp-json\/wp\/v2\/product_cat?post=21168"},{"taxonomy":"product_tag","embeddable":true,"href":"https:\/\/staging.forenteforlag.no\/dreyers\/wp-json\/wp\/v2\/product_tag?post=21168"}],"curies":[{"name":"wp","href":"https:\/\/api.w.org\/{rel}","templated":true}]}}