{"id":21163,"date":"2024-03-13T01:00:00","date_gmt":"2024-03-13T00:00:00","guid":{"rendered":"https:\/\/dreyersforlag.forenteforlag.no\/produkt\/tukthuslovene\/"},"modified":"2025-09-09T08:10:01","modified_gmt":"2025-09-09T06:10:01","slug":"tukthuslovene","status":"publish","type":"product","link":"https:\/\/staging.forenteforlag.no\/dreyers\/produkt\/tukthuslovene\/","title":{"rendered":"Tukthuslovene"},"content":{"rendered":"<p>I 1927 vedtok Stortinget et knippe lover som endret spillereglene i arbeidslivet, og som gjorde rettsapparatet til et redskap for den ene samfunnsklassen i kampen mot den andre. Dermed fravek lovgiveren det klassiske rettsstatsidealet om likhet for loven og rettens autonomi. Den nye lovgivningen ble kalt tukthuslovene.  <\/p>\n<p>Aksjonen mot lovene i 1928 var norgeshistoriens st\u00f8rste sivile ulydighetsaksjon. Den fremkalte en lovl\u00f8shet som ikke er overg\u00e5tt verken f\u00f8r eller siden. Aksjonen samlet stortingsrepresentanter, kommunepolitikere, l\u00e6rere, forfattere, kunstnere, arbeidere og funksjon\u00e6rer. Noen var respekterte samfunnsborgere, de fleste helt alminnelige, lovlydige folk. Politiet raidet avisredaksjoner, fengslet redakt\u00f8rer og b\u00f8tela hundrevis av personer.  <\/p>\n<p>Graver forteller historien om tukthuslovene, hvordan de ble til, hvordan de ble mottatt og m\u00f8tte motstand, og hvordan de ble nedkjempet. Lovene og striden om dem truet selve rettsstaten, og det kom beskyldninger om at domstolene var politiserte. Graver ser en parallell i dagens politisering av rettsapparatet, b\u00e5de i land der populistiske krefter s\u00f8ker kontroll over domstolene, og her hjemme hvor et h\u00f8yere konfliktniv\u00e5, som rundt klimakrisen og pandemien, utfordrer rettsstaten.<\/p>\n","protected":false},"excerpt":{"rendered":"<p>I 1927 vedtok Stortinget et knippe lover som endret spillereglene i arbeidslivet, og som gjorde rettsapparatet til et redskap for den ene samfunnsklassen i kampen mot den andre. Dermed fravek lovgiveren det klassiske rettsstatsidealet om likhet for loven og rettens autonomi. Den nye lovgivningen ble kalt tukthuslovene. Aksjonen mot lovene i 1928 var norgeshistoriens st\u00f8rste [&hellip;]<\/p>\n","protected":false},"featured_media":24118,"template":"","meta":{"_acf_changed":false,"inline_featured_image":false},"product_brand":[],"product_cat":[1784,23],"product_tag":[517,783,607,362,439,599],"class_list":{"0":"post-21163","1":"product","2":"type-product","3":"status-publish","4":"has-post-thumbnail","6":"product_cat-fastpris","7":"product_cat-historie","8":"product_tag-1918-1939","9":"product_tag-arbeidsliv","10":"product_tag-bedriftshistorie","11":"product_tag-faglitteratur","12":"product_tag-nord-norge","13":"product_tag-rettshistorie","14":"pa_format-innbundet","16":"first","17":"instock","18":"shipping-taxable","19":"purchasable","20":"product-type-simple"},"acf":{"anmeldelse":null},"yoast_head":"<!-- This site is optimized with the Yoast SEO plugin v26.6 - https:\/\/yoast.com\/wordpress\/plugins\/seo\/ -->\n<title>Tukthuslovene - Dreyers Forlag<\/title>\n<meta name=\"robots\" content=\"noindex, follow, max-snippet:-1, max-image-preview:large, max-video-preview:-1\" \/>\n<meta property=\"og:locale\" content=\"nb_NO\" \/>\n<meta property=\"og:type\" content=\"article\" \/>\n<meta property=\"og:title\" content=\"Tukthuslovene - Dreyers Forlag\" \/>\n<meta property=\"og:description\" content=\"I 1927 vedtok Stortinget et knippe lover som endret spillereglene i arbeidslivet, og som gjorde rettsapparatet til et redskap for den ene samfunnsklassen i kampen mot den andre. Dermed fravek lovgiveren det klassiske rettsstatsidealet om likhet for loven og rettens autonomi. Den nye lovgivningen ble kalt tukthuslovene. Aksjonen mot lovene i 1928 var norgeshistoriens st\u00f8rste [&hellip;]\" \/>\n<meta property=\"og:url\" content=\"https:\/\/staging.forenteforlag.no\/dreyers\/produkt\/tukthuslovene\/\" \/>\n<meta property=\"og:site_name\" content=\"Dreyers Forlag\" \/>\n<meta property=\"article:modified_time\" content=\"2025-09-09T06:10:01+00:00\" \/>\n<meta property=\"og:image\" content=\"https:\/\/staging.forenteforlag.no\/dreyers\/wp-content\/uploads\/sites\/2\/2025\/08\/jpg-6394.jpg\" \/>\n\t<meta property=\"og:image:width\" content=\"447\" \/>\n\t<meta property=\"og:image:height\" content=\"640\" \/>\n\t<meta property=\"og:image:type\" content=\"image\/jpeg\" \/>\n<meta name=\"twitter:card\" content=\"summary_large_image\" \/>\n<meta name=\"twitter:label1\" content=\"Ansl. lesetid\" \/>\n\t<meta name=\"twitter:data1\" content=\"1 minutt\" \/>\n<script type=\"application\/ld+json\" class=\"yoast-schema-graph\">{\"@context\":\"https:\/\/schema.org\",\"@graph\":[{\"@type\":\"WebPage\",\"@id\":\"https:\/\/staging.forenteforlag.no\/dreyers\/produkt\/tukthuslovene\/\",\"url\":\"https:\/\/staging.forenteforlag.no\/dreyers\/produkt\/tukthuslovene\/\",\"name\":\"Tukthuslovene - Dreyers Forlag\",\"isPartOf\":{\"@id\":\"https:\/\/staging.forenteforlag.no\/dreyers\/#website\"},\"primaryImageOfPage\":{\"@id\":\"https:\/\/staging.forenteforlag.no\/dreyers\/produkt\/tukthuslovene\/#primaryimage\"},\"image\":{\"@id\":\"https:\/\/staging.forenteforlag.no\/dreyers\/produkt\/tukthuslovene\/#primaryimage\"},\"thumbnailUrl\":\"https:\/\/staging.forenteforlag.no\/dreyers\/wp-content\/uploads\/sites\/2\/2025\/08\/jpg-6394.jpg\",\"datePublished\":\"2024-03-13T00:00:00+00:00\",\"dateModified\":\"2025-09-09T06:10:01+00:00\",\"breadcrumb\":{\"@id\":\"https:\/\/staging.forenteforlag.no\/dreyers\/produkt\/tukthuslovene\/#breadcrumb\"},\"inLanguage\":\"nb-NO\",\"potentialAction\":[{\"@type\":\"ReadAction\",\"target\":[\"https:\/\/staging.forenteforlag.no\/dreyers\/produkt\/tukthuslovene\/\"]}]},{\"@type\":\"ImageObject\",\"inLanguage\":\"nb-NO\",\"@id\":\"https:\/\/staging.forenteforlag.no\/dreyers\/produkt\/tukthuslovene\/#primaryimage\",\"url\":\"https:\/\/staging.forenteforlag.no\/dreyers\/wp-content\/uploads\/sites\/2\/2025\/08\/jpg-6394.jpg\",\"contentUrl\":\"https:\/\/staging.forenteforlag.no\/dreyers\/wp-content\/uploads\/sites\/2\/2025\/08\/jpg-6394.jpg\",\"width\":447,\"height\":640},{\"@type\":\"BreadcrumbList\",\"@id\":\"https:\/\/staging.forenteforlag.no\/dreyers\/produkt\/tukthuslovene\/#breadcrumb\",\"itemListElement\":[{\"@type\":\"ListItem\",\"position\":1,\"name\":\"Hjem\",\"item\":\"https:\/\/staging.forenteforlag.no\/dreyers\/\"},{\"@type\":\"ListItem\",\"position\":2,\"name\":\"Alle b\u00f8ker\",\"item\":\"https:\/\/staging.forenteforlag.no\/dreyers\/butikk\/\"},{\"@type\":\"ListItem\",\"position\":3,\"name\":\"Tukthuslovene\"}]},{\"@type\":\"WebSite\",\"@id\":\"https:\/\/staging.forenteforlag.no\/dreyers\/#website\",\"url\":\"https:\/\/staging.forenteforlag.no\/dreyers\/\",\"name\":\"Dreyers Forlag\",\"description\":\"\",\"potentialAction\":[{\"@type\":\"SearchAction\",\"target\":{\"@type\":\"EntryPoint\",\"urlTemplate\":\"https:\/\/staging.forenteforlag.no\/dreyers\/?s={search_term_string}\"},\"query-input\":{\"@type\":\"PropertyValueSpecification\",\"valueRequired\":true,\"valueName\":\"search_term_string\"}}],\"inLanguage\":\"nb-NO\"}]}<\/script>\n<!-- \/ Yoast SEO plugin. -->","yoast_head_json":{"title":"Tukthuslovene - Dreyers Forlag","robots":{"index":"noindex","follow":"follow","max-snippet":"max-snippet:-1","max-image-preview":"max-image-preview:large","max-video-preview":"max-video-preview:-1"},"og_locale":"nb_NO","og_type":"article","og_title":"Tukthuslovene - Dreyers Forlag","og_description":"I 1927 vedtok Stortinget et knippe lover som endret spillereglene i arbeidslivet, og som gjorde rettsapparatet til et redskap for den ene samfunnsklassen i kampen mot den andre. Dermed fravek lovgiveren det klassiske rettsstatsidealet om likhet for loven og rettens autonomi. Den nye lovgivningen ble kalt tukthuslovene. Aksjonen mot lovene i 1928 var norgeshistoriens st\u00f8rste [&hellip;]","og_url":"https:\/\/staging.forenteforlag.no\/dreyers\/produkt\/tukthuslovene\/","og_site_name":"Dreyers Forlag","article_modified_time":"2025-09-09T06:10:01+00:00","og_image":[{"width":447,"height":640,"url":"https:\/\/staging.forenteforlag.no\/dreyers\/wp-content\/uploads\/sites\/2\/2025\/08\/jpg-6394.jpg","type":"image\/jpeg"}],"twitter_card":"summary_large_image","twitter_misc":{"Ansl. lesetid":"1 minutt"},"schema":{"@context":"https:\/\/schema.org","@graph":[{"@type":"WebPage","@id":"https:\/\/staging.forenteforlag.no\/dreyers\/produkt\/tukthuslovene\/","url":"https:\/\/staging.forenteforlag.no\/dreyers\/produkt\/tukthuslovene\/","name":"Tukthuslovene - Dreyers Forlag","isPartOf":{"@id":"https:\/\/staging.forenteforlag.no\/dreyers\/#website"},"primaryImageOfPage":{"@id":"https:\/\/staging.forenteforlag.no\/dreyers\/produkt\/tukthuslovene\/#primaryimage"},"image":{"@id":"https:\/\/staging.forenteforlag.no\/dreyers\/produkt\/tukthuslovene\/#primaryimage"},"thumbnailUrl":"https:\/\/staging.forenteforlag.no\/dreyers\/wp-content\/uploads\/sites\/2\/2025\/08\/jpg-6394.jpg","datePublished":"2024-03-13T00:00:00+00:00","dateModified":"2025-09-09T06:10:01+00:00","breadcrumb":{"@id":"https:\/\/staging.forenteforlag.no\/dreyers\/produkt\/tukthuslovene\/#breadcrumb"},"inLanguage":"nb-NO","potentialAction":[{"@type":"ReadAction","target":["https:\/\/staging.forenteforlag.no\/dreyers\/produkt\/tukthuslovene\/"]}]},{"@type":"ImageObject","inLanguage":"nb-NO","@id":"https:\/\/staging.forenteforlag.no\/dreyers\/produkt\/tukthuslovene\/#primaryimage","url":"https:\/\/staging.forenteforlag.no\/dreyers\/wp-content\/uploads\/sites\/2\/2025\/08\/jpg-6394.jpg","contentUrl":"https:\/\/staging.forenteforlag.no\/dreyers\/wp-content\/uploads\/sites\/2\/2025\/08\/jpg-6394.jpg","width":447,"height":640},{"@type":"BreadcrumbList","@id":"https:\/\/staging.forenteforlag.no\/dreyers\/produkt\/tukthuslovene\/#breadcrumb","itemListElement":[{"@type":"ListItem","position":1,"name":"Hjem","item":"https:\/\/staging.forenteforlag.no\/dreyers\/"},{"@type":"ListItem","position":2,"name":"Alle b\u00f8ker","item":"https:\/\/staging.forenteforlag.no\/dreyers\/butikk\/"},{"@type":"ListItem","position":3,"name":"Tukthuslovene"}]},{"@type":"WebSite","@id":"https:\/\/staging.forenteforlag.no\/dreyers\/#website","url":"https:\/\/staging.forenteforlag.no\/dreyers\/","name":"Dreyers Forlag","description":"","potentialAction":[{"@type":"SearchAction","target":{"@type":"EntryPoint","urlTemplate":"https:\/\/staging.forenteforlag.no\/dreyers\/?s={search_term_string}"},"query-input":{"@type":"PropertyValueSpecification","valueRequired":true,"valueName":"search_term_string"}}],"inLanguage":"nb-NO"}]}},"_links":{"self":[{"href":"https:\/\/staging.forenteforlag.no\/dreyers\/wp-json\/wp\/v2\/product\/21163","targetHints":{"allow":["GET"]}}],"collection":[{"href":"https:\/\/staging.forenteforlag.no\/dreyers\/wp-json\/wp\/v2\/product"}],"about":[{"href":"https:\/\/staging.forenteforlag.no\/dreyers\/wp-json\/wp\/v2\/types\/product"}],"wp:featuredmedia":[{"embeddable":true,"href":"https:\/\/staging.forenteforlag.no\/dreyers\/wp-json\/wp\/v2\/media\/24118"}],"wp:attachment":[{"href":"https:\/\/staging.forenteforlag.no\/dreyers\/wp-json\/wp\/v2\/media?parent=21163"}],"wp:term":[{"taxonomy":"product_brand","embeddable":true,"href":"https:\/\/staging.forenteforlag.no\/dreyers\/wp-json\/wp\/v2\/product_brand?post=21163"},{"taxonomy":"product_cat","embeddable":true,"href":"https:\/\/staging.forenteforlag.no\/dreyers\/wp-json\/wp\/v2\/product_cat?post=21163"},{"taxonomy":"product_tag","embeddable":true,"href":"https:\/\/staging.forenteforlag.no\/dreyers\/wp-json\/wp\/v2\/product_tag?post=21163"}],"curies":[{"name":"wp","href":"https:\/\/api.w.org\/{rel}","templated":true}]}}