{"id":21162,"date":"2024-04-05T02:00:00","date_gmt":"2024-04-05T00:00:00","guid":{"rendered":"https:\/\/dreyersforlag.forenteforlag.no\/produkt\/veiviser-for-lillomarka\/"},"modified":"2025-08-27T11:07:05","modified_gmt":"2025-08-27T09:07:05","slug":"veiviser-for-lillomarka","status":"publish","type":"product","link":"https:\/\/staging.forenteforlag.no\/dreyers\/produkt\/veiviser-for-lillomarka\/","title":{"rendered":"Veiviser for Lillomarka"},"content":{"rendered":"<p>Lillomarka strekker ut en h\u00e5nd fra Nordmarkas dype skoger til Oslos tettbygde omr\u00e5der. Den er selve n\u00e6rskogen for hundretusener av mennesker.<\/p>\n<p>I Lillomarka kan du s\u00f8ke skogens ro, bade, l\u00f8pe, sykle, fiske, klatre, sove i hengek\u00f8ye, g\u00e5 p\u00e5 festival, eller g\u00e5 to og en halv mil i lysl\u00f8ypa etter jobben. Veiviser for Lillomarka presenterer 40 turer i Lillomarka og Gjeller\u00e5smarka. Turene passer for de som vil g\u00e5 kosetur med barna, de som driver hardtrening og de som dr\u00f8mmer om uber\u00f8rt villmark. Alle turene har eget kart.<\/p>\n<p>Veiviser for Lillomarka forteller om Lillomarkas natur og geologi, og historien bak stedene du m\u00f8ter i skogen.<\/p>\n","protected":false},"excerpt":{"rendered":"<p>Lillomarka strekker ut en h\u00e5nd fra Nordmarkas dype skoger til Oslos tettbygde omr\u00e5der. Den er selve n\u00e6rskogen for hundretusener av mennesker. I Lillomarka kan du s\u00f8ke skogens ro, bade, l\u00f8pe, sykle, fiske, klatre, sove i hengek\u00f8ye, g\u00e5 p\u00e5 festival, eller g\u00e5 to og en halv mil i lysl\u00f8ypa etter jobben. Veiviser for Lillomarka presenterer 40 [&hellip;]<\/p>\n","protected":false},"featured_media":24290,"template":"","meta":{"_acf_changed":false,"inline_featured_image":false},"product_brand":[],"product_cat":[29,37],"product_tag":[445,901,362,377,1787,1537,796],"class_list":{"0":"post-21162","1":"product","2":"type-product","3":"status-publish","4":"has-post-thumbnail","6":"product_cat-natur-friluftsliv-og-sport","7":"product_cat-oslo","8":"product_tag-bilturer","9":"product_tag-byguider","10":"product_tag-faglitteratur","11":"product_tag-oslo","12":"product_tag-reise-og-turguider","13":"product_tag-reisehandboker","14":"product_tag-temareiseguider","15":"pa_format-mykperm","17":"first","18":"instock","19":"sale","20":"shipping-taxable","21":"purchasable","22":"product-type-simple"},"acf":{"anmeldelse":[{"tekst_anmeldelser":"\u00abMange som g\u00e5r i Lillomarka har kanskje sine faste turer og stier. Denne boka kan gi inspirasjon til \u00e5 utvide turomr\u00e5det, opps\u00f8ke nye startsteder og f\u00e5 nye opplevelser. Her er mye \u00e5 lese, mye \u00e5 oppleve.\u00bb","av_anmeldelser":"Tove Marit Hasle","terningkast":false,"kilde":"Talefoten"}]},"yoast_head":"<!-- This site is optimized with the Yoast SEO plugin v26.6 - https:\/\/yoast.com\/wordpress\/plugins\/seo\/ -->\n<title>Veiviser for Lillomarka - Dreyers Forlag<\/title>\n<meta name=\"robots\" content=\"noindex, follow, max-snippet:-1, max-image-preview:large, max-video-preview:-1\" \/>\n<meta property=\"og:locale\" content=\"nb_NO\" \/>\n<meta property=\"og:type\" content=\"article\" \/>\n<meta property=\"og:title\" content=\"Veiviser for Lillomarka - Dreyers Forlag\" \/>\n<meta property=\"og:description\" content=\"Lillomarka strekker ut en h\u00e5nd fra Nordmarkas dype skoger til Oslos tettbygde omr\u00e5der. Den er selve n\u00e6rskogen for hundretusener av mennesker. I Lillomarka kan du s\u00f8ke skogens ro, bade, l\u00f8pe, sykle, fiske, klatre, sove i hengek\u00f8ye, g\u00e5 p\u00e5 festival, eller g\u00e5 to og en halv mil i lysl\u00f8ypa etter jobben. Veiviser for Lillomarka presenterer 40 [&hellip;]\" \/>\n<meta property=\"og:url\" content=\"https:\/\/staging.forenteforlag.no\/dreyers\/produkt\/veiviser-for-lillomarka\/\" \/>\n<meta property=\"og:site_name\" content=\"Dreyers Forlag\" \/>\n<meta property=\"article:modified_time\" content=\"2025-08-27T09:07:05+00:00\" \/>\n<meta property=\"og:image\" content=\"https:\/\/staging.forenteforlag.no\/dreyers\/wp-content\/uploads\/sites\/2\/2025\/08\/jpg-8066.jpg\" \/>\n\t<meta property=\"og:image:width\" content=\"410\" \/>\n\t<meta property=\"og:image:height\" content=\"640\" \/>\n\t<meta property=\"og:image:type\" content=\"image\/jpeg\" \/>\n<meta name=\"twitter:card\" content=\"summary_large_image\" \/>\n<meta name=\"twitter:label1\" content=\"Ansl. lesetid\" \/>\n\t<meta name=\"twitter:data1\" content=\"1 minutt\" \/>\n<script type=\"application\/ld+json\" class=\"yoast-schema-graph\">{\"@context\":\"https:\/\/schema.org\",\"@graph\":[{\"@type\":\"WebPage\",\"@id\":\"https:\/\/staging.forenteforlag.no\/dreyers\/produkt\/veiviser-for-lillomarka\/\",\"url\":\"https:\/\/staging.forenteforlag.no\/dreyers\/produkt\/veiviser-for-lillomarka\/\",\"name\":\"Veiviser for Lillomarka - Dreyers Forlag\",\"isPartOf\":{\"@id\":\"https:\/\/staging.forenteforlag.no\/dreyers\/#website\"},\"primaryImageOfPage\":{\"@id\":\"https:\/\/staging.forenteforlag.no\/dreyers\/produkt\/veiviser-for-lillomarka\/#primaryimage\"},\"image\":{\"@id\":\"https:\/\/staging.forenteforlag.no\/dreyers\/produkt\/veiviser-for-lillomarka\/#primaryimage\"},\"thumbnailUrl\":\"https:\/\/staging.forenteforlag.no\/dreyers\/wp-content\/uploads\/sites\/2\/2025\/08\/jpg-8066.jpg\",\"datePublished\":\"2024-04-05T00:00:00+00:00\",\"dateModified\":\"2025-08-27T09:07:05+00:00\",\"breadcrumb\":{\"@id\":\"https:\/\/staging.forenteforlag.no\/dreyers\/produkt\/veiviser-for-lillomarka\/#breadcrumb\"},\"inLanguage\":\"nb-NO\",\"potentialAction\":[{\"@type\":\"ReadAction\",\"target\":[\"https:\/\/staging.forenteforlag.no\/dreyers\/produkt\/veiviser-for-lillomarka\/\"]}]},{\"@type\":\"ImageObject\",\"inLanguage\":\"nb-NO\",\"@id\":\"https:\/\/staging.forenteforlag.no\/dreyers\/produkt\/veiviser-for-lillomarka\/#primaryimage\",\"url\":\"https:\/\/staging.forenteforlag.no\/dreyers\/wp-content\/uploads\/sites\/2\/2025\/08\/jpg-8066.jpg\",\"contentUrl\":\"https:\/\/staging.forenteforlag.no\/dreyers\/wp-content\/uploads\/sites\/2\/2025\/08\/jpg-8066.jpg\",\"width\":410,\"height\":640},{\"@type\":\"BreadcrumbList\",\"@id\":\"https:\/\/staging.forenteforlag.no\/dreyers\/produkt\/veiviser-for-lillomarka\/#breadcrumb\",\"itemListElement\":[{\"@type\":\"ListItem\",\"position\":1,\"name\":\"Hjem\",\"item\":\"https:\/\/staging.forenteforlag.no\/dreyers\/\"},{\"@type\":\"ListItem\",\"position\":2,\"name\":\"Alle b\u00f8ker\",\"item\":\"https:\/\/staging.forenteforlag.no\/dreyers\/butikk\/\"},{\"@type\":\"ListItem\",\"position\":3,\"name\":\"Veiviser for Lillomarka\"}]},{\"@type\":\"WebSite\",\"@id\":\"https:\/\/staging.forenteforlag.no\/dreyers\/#website\",\"url\":\"https:\/\/staging.forenteforlag.no\/dreyers\/\",\"name\":\"Dreyers Forlag\",\"description\":\"\",\"potentialAction\":[{\"@type\":\"SearchAction\",\"target\":{\"@type\":\"EntryPoint\",\"urlTemplate\":\"https:\/\/staging.forenteforlag.no\/dreyers\/?s={search_term_string}\"},\"query-input\":{\"@type\":\"PropertyValueSpecification\",\"valueRequired\":true,\"valueName\":\"search_term_string\"}}],\"inLanguage\":\"nb-NO\"}]}<\/script>\n<!-- \/ Yoast SEO plugin. -->","yoast_head_json":{"title":"Veiviser for Lillomarka - Dreyers Forlag","robots":{"index":"noindex","follow":"follow","max-snippet":"max-snippet:-1","max-image-preview":"max-image-preview:large","max-video-preview":"max-video-preview:-1"},"og_locale":"nb_NO","og_type":"article","og_title":"Veiviser for Lillomarka - Dreyers Forlag","og_description":"Lillomarka strekker ut en h\u00e5nd fra Nordmarkas dype skoger til Oslos tettbygde omr\u00e5der. Den er selve n\u00e6rskogen for hundretusener av mennesker. I Lillomarka kan du s\u00f8ke skogens ro, bade, l\u00f8pe, sykle, fiske, klatre, sove i hengek\u00f8ye, g\u00e5 p\u00e5 festival, eller g\u00e5 to og en halv mil i lysl\u00f8ypa etter jobben. Veiviser for Lillomarka presenterer 40 [&hellip;]","og_url":"https:\/\/staging.forenteforlag.no\/dreyers\/produkt\/veiviser-for-lillomarka\/","og_site_name":"Dreyers Forlag","article_modified_time":"2025-08-27T09:07:05+00:00","og_image":[{"width":410,"height":640,"url":"https:\/\/staging.forenteforlag.no\/dreyers\/wp-content\/uploads\/sites\/2\/2025\/08\/jpg-8066.jpg","type":"image\/jpeg"}],"twitter_card":"summary_large_image","twitter_misc":{"Ansl. lesetid":"1 minutt"},"schema":{"@context":"https:\/\/schema.org","@graph":[{"@type":"WebPage","@id":"https:\/\/staging.forenteforlag.no\/dreyers\/produkt\/veiviser-for-lillomarka\/","url":"https:\/\/staging.forenteforlag.no\/dreyers\/produkt\/veiviser-for-lillomarka\/","name":"Veiviser for Lillomarka - Dreyers Forlag","isPartOf":{"@id":"https:\/\/staging.forenteforlag.no\/dreyers\/#website"},"primaryImageOfPage":{"@id":"https:\/\/staging.forenteforlag.no\/dreyers\/produkt\/veiviser-for-lillomarka\/#primaryimage"},"image":{"@id":"https:\/\/staging.forenteforlag.no\/dreyers\/produkt\/veiviser-for-lillomarka\/#primaryimage"},"thumbnailUrl":"https:\/\/staging.forenteforlag.no\/dreyers\/wp-content\/uploads\/sites\/2\/2025\/08\/jpg-8066.jpg","datePublished":"2024-04-05T00:00:00+00:00","dateModified":"2025-08-27T09:07:05+00:00","breadcrumb":{"@id":"https:\/\/staging.forenteforlag.no\/dreyers\/produkt\/veiviser-for-lillomarka\/#breadcrumb"},"inLanguage":"nb-NO","potentialAction":[{"@type":"ReadAction","target":["https:\/\/staging.forenteforlag.no\/dreyers\/produkt\/veiviser-for-lillomarka\/"]}]},{"@type":"ImageObject","inLanguage":"nb-NO","@id":"https:\/\/staging.forenteforlag.no\/dreyers\/produkt\/veiviser-for-lillomarka\/#primaryimage","url":"https:\/\/staging.forenteforlag.no\/dreyers\/wp-content\/uploads\/sites\/2\/2025\/08\/jpg-8066.jpg","contentUrl":"https:\/\/staging.forenteforlag.no\/dreyers\/wp-content\/uploads\/sites\/2\/2025\/08\/jpg-8066.jpg","width":410,"height":640},{"@type":"BreadcrumbList","@id":"https:\/\/staging.forenteforlag.no\/dreyers\/produkt\/veiviser-for-lillomarka\/#breadcrumb","itemListElement":[{"@type":"ListItem","position":1,"name":"Hjem","item":"https:\/\/staging.forenteforlag.no\/dreyers\/"},{"@type":"ListItem","position":2,"name":"Alle b\u00f8ker","item":"https:\/\/staging.forenteforlag.no\/dreyers\/butikk\/"},{"@type":"ListItem","position":3,"name":"Veiviser for Lillomarka"}]},{"@type":"WebSite","@id":"https:\/\/staging.forenteforlag.no\/dreyers\/#website","url":"https:\/\/staging.forenteforlag.no\/dreyers\/","name":"Dreyers Forlag","description":"","potentialAction":[{"@type":"SearchAction","target":{"@type":"EntryPoint","urlTemplate":"https:\/\/staging.forenteforlag.no\/dreyers\/?s={search_term_string}"},"query-input":{"@type":"PropertyValueSpecification","valueRequired":true,"valueName":"search_term_string"}}],"inLanguage":"nb-NO"}]}},"_links":{"self":[{"href":"https:\/\/staging.forenteforlag.no\/dreyers\/wp-json\/wp\/v2\/product\/21162","targetHints":{"allow":["GET"]}}],"collection":[{"href":"https:\/\/staging.forenteforlag.no\/dreyers\/wp-json\/wp\/v2\/product"}],"about":[{"href":"https:\/\/staging.forenteforlag.no\/dreyers\/wp-json\/wp\/v2\/types\/product"}],"wp:featuredmedia":[{"embeddable":true,"href":"https:\/\/staging.forenteforlag.no\/dreyers\/wp-json\/wp\/v2\/media\/24290"}],"wp:attachment":[{"href":"https:\/\/staging.forenteforlag.no\/dreyers\/wp-json\/wp\/v2\/media?parent=21162"}],"wp:term":[{"taxonomy":"product_brand","embeddable":true,"href":"https:\/\/staging.forenteforlag.no\/dreyers\/wp-json\/wp\/v2\/product_brand?post=21162"},{"taxonomy":"product_cat","embeddable":true,"href":"https:\/\/staging.forenteforlag.no\/dreyers\/wp-json\/wp\/v2\/product_cat?post=21162"},{"taxonomy":"product_tag","embeddable":true,"href":"https:\/\/staging.forenteforlag.no\/dreyers\/wp-json\/wp\/v2\/product_tag?post=21162"}],"curies":[{"name":"wp","href":"https:\/\/api.w.org\/{rel}","templated":true}]}}