{"id":21160,"date":"2024-03-13T01:00:00","date_gmt":"2024-03-13T00:00:00","guid":{"rendered":"https:\/\/dreyersforlag.forenteforlag.no\/produkt\/en-reise-til-roma-2\/"},"modified":"2025-11-12T08:40:09","modified_gmt":"2025-11-12T07:40:09","slug":"en-reise-til-roma-2","status":"publish","type":"product","link":"https:\/\/staging.forenteforlag.no\/dreyers\/produkt\/en-reise-til-roma-2\/","title":{"rendered":"En reise til Roma"},"content":{"rendered":"<p>Pilegrimer befolket veiene i Europa i middelalderen. Hver morgen tok de bena fatt for \u00e5 komme n\u00e6rmere helligdommene som var deres m\u00e5l. I en reiseskildring p\u00e5 bare noen f\u00e5 sider forteller den islandske pilegrimen Nikolas Bergsson om sin vandring mot Jerusalem i 1150-\u00e5rene.<\/p>\n<p>I denne boka v\u00e5kner fortellingen hans til liv. Hva slags Europa var det Nikolas reiste gjennom? Historieprofessorene Hans Jacob Orning og Svein Harald Gullbekk sykler i Nikolas&#8217; fotspor. De passerer storslagne katedraler og beskjedne sognekirker, de g\u00e5r p\u00e5 romerske veier, de reiser gjennom tette tyske skoger, langs den mektige Rhinen og sliter seg over h\u00f8ye fjell i Alpene og Appenninene. Men mye har forandret seg siden Nikolas reiste gjennom de samme landskapene for nesten tusen \u00e5r siden. Hva var gjenkjennelig, og hva var ukjent for en kirkens mann fra Ultima Thule?<\/p>\n<p>Nikolas var en pilegrim som s\u00f8kte Gud. Hvorfor reiser vi i dag &#8211; og hva er hellig for oss? Denne boka er en dialog mellom dagens og middelalderens reisende &#8211; en rik fortelling om reise, religion, steder og hendelser som gir liv til en formativ periode i europeisk historie.<\/p>\n","protected":false},"excerpt":{"rendered":"<p>Pilegrimer befolket veiene i Europa i middelalderen. Hver morgen tok de bena fatt for \u00e5 komme n\u00e6rmere helligdommene som var deres m\u00e5l. I en reiseskildring p\u00e5 bare noen f\u00e5 sider forteller den islandske pilegrimen Nikolas Bergsson om sin vandring mot Jerusalem i 1150-\u00e5rene. I denne boka v\u00e5kner fortellingen hans til liv. Hva slags Europa var [&hellip;]<\/p>\n","protected":false},"featured_media":24215,"template":"","meta":{"_acf_changed":false,"inline_featured_image":false},"product_brand":[],"product_cat":[1784,23,30],"product_tag":[362],"class_list":{"0":"post-21160","1":"product","2":"type-product","3":"status-publish","4":"has-post-thumbnail","6":"product_cat-fastpris","7":"product_cat-historie","8":"product_cat-reise-og-geografi","9":"product_tag-faglitteratur","10":"pa_format-innbundet","12":"first","13":"instock","14":"shipping-taxable","15":"purchasable","16":"product-type-simple"},"acf":{"anmeldelse":null},"yoast_head":"<!-- This site is optimized with the Yoast SEO plugin v26.6 - https:\/\/yoast.com\/wordpress\/plugins\/seo\/ -->\n<title>En reise til Roma - Dreyers Forlag<\/title>\n<meta name=\"robots\" content=\"noindex, follow, max-snippet:-1, max-image-preview:large, max-video-preview:-1\" \/>\n<meta property=\"og:locale\" content=\"nb_NO\" \/>\n<meta property=\"og:type\" content=\"article\" \/>\n<meta property=\"og:title\" content=\"En reise til Roma - Dreyers Forlag\" \/>\n<meta property=\"og:description\" content=\"Pilegrimer befolket veiene i Europa i middelalderen. Hver morgen tok de bena fatt for \u00e5 komme n\u00e6rmere helligdommene som var deres m\u00e5l. I en reiseskildring p\u00e5 bare noen f\u00e5 sider forteller den islandske pilegrimen Nikolas Bergsson om sin vandring mot Jerusalem i 1150-\u00e5rene. I denne boka v\u00e5kner fortellingen hans til liv. Hva slags Europa var [&hellip;]\" \/>\n<meta property=\"og:url\" content=\"https:\/\/staging.forenteforlag.no\/dreyers\/produkt\/en-reise-til-roma-2\/\" \/>\n<meta property=\"og:site_name\" content=\"Dreyers Forlag\" \/>\n<meta property=\"article:modified_time\" content=\"2025-11-12T07:40:09+00:00\" \/>\n<meta property=\"og:image\" content=\"https:\/\/staging.forenteforlag.no\/dreyers\/wp-content\/uploads\/sites\/2\/2025\/08\/jpg-7408-scaled-1-scaled.jpg\" \/>\n\t<meta property=\"og:image:width\" content=\"1348\" \/>\n\t<meta property=\"og:image:height\" content=\"1920\" \/>\n\t<meta property=\"og:image:type\" content=\"image\/jpeg\" \/>\n<meta name=\"twitter:card\" content=\"summary_large_image\" \/>\n<meta name=\"twitter:label1\" content=\"Ansl. lesetid\" \/>\n\t<meta name=\"twitter:data1\" content=\"2 minutter\" \/>\n<script type=\"application\/ld+json\" class=\"yoast-schema-graph\">{\"@context\":\"https:\/\/schema.org\",\"@graph\":[{\"@type\":\"WebPage\",\"@id\":\"https:\/\/staging.forenteforlag.no\/dreyers\/produkt\/en-reise-til-roma-2\/\",\"url\":\"https:\/\/staging.forenteforlag.no\/dreyers\/produkt\/en-reise-til-roma-2\/\",\"name\":\"En reise til Roma - Dreyers Forlag\",\"isPartOf\":{\"@id\":\"https:\/\/staging.forenteforlag.no\/dreyers\/#website\"},\"primaryImageOfPage\":{\"@id\":\"https:\/\/staging.forenteforlag.no\/dreyers\/produkt\/en-reise-til-roma-2\/#primaryimage\"},\"image\":{\"@id\":\"https:\/\/staging.forenteforlag.no\/dreyers\/produkt\/en-reise-til-roma-2\/#primaryimage\"},\"thumbnailUrl\":\"https:\/\/staging.forenteforlag.no\/dreyers\/wp-content\/uploads\/sites\/2\/2025\/08\/jpg-7408-scaled-1-scaled.jpg\",\"datePublished\":\"2024-03-13T00:00:00+00:00\",\"dateModified\":\"2025-11-12T07:40:09+00:00\",\"breadcrumb\":{\"@id\":\"https:\/\/staging.forenteforlag.no\/dreyers\/produkt\/en-reise-til-roma-2\/#breadcrumb\"},\"inLanguage\":\"nb-NO\",\"potentialAction\":[{\"@type\":\"ReadAction\",\"target\":[\"https:\/\/staging.forenteforlag.no\/dreyers\/produkt\/en-reise-til-roma-2\/\"]}]},{\"@type\":\"ImageObject\",\"inLanguage\":\"nb-NO\",\"@id\":\"https:\/\/staging.forenteforlag.no\/dreyers\/produkt\/en-reise-til-roma-2\/#primaryimage\",\"url\":\"https:\/\/staging.forenteforlag.no\/dreyers\/wp-content\/uploads\/sites\/2\/2025\/08\/jpg-7408-scaled-1-scaled.jpg\",\"contentUrl\":\"https:\/\/staging.forenteforlag.no\/dreyers\/wp-content\/uploads\/sites\/2\/2025\/08\/jpg-7408-scaled-1-scaled.jpg\",\"width\":1348,\"height\":1920},{\"@type\":\"BreadcrumbList\",\"@id\":\"https:\/\/staging.forenteforlag.no\/dreyers\/produkt\/en-reise-til-roma-2\/#breadcrumb\",\"itemListElement\":[{\"@type\":\"ListItem\",\"position\":1,\"name\":\"Hjem\",\"item\":\"https:\/\/staging.forenteforlag.no\/dreyers\/\"},{\"@type\":\"ListItem\",\"position\":2,\"name\":\"Alle b\u00f8ker\",\"item\":\"https:\/\/staging.forenteforlag.no\/dreyers\/butikk\/\"},{\"@type\":\"ListItem\",\"position\":3,\"name\":\"En reise til Roma\"}]},{\"@type\":\"WebSite\",\"@id\":\"https:\/\/staging.forenteforlag.no\/dreyers\/#website\",\"url\":\"https:\/\/staging.forenteforlag.no\/dreyers\/\",\"name\":\"Dreyers Forlag\",\"description\":\"\",\"potentialAction\":[{\"@type\":\"SearchAction\",\"target\":{\"@type\":\"EntryPoint\",\"urlTemplate\":\"https:\/\/staging.forenteforlag.no\/dreyers\/?s={search_term_string}\"},\"query-input\":{\"@type\":\"PropertyValueSpecification\",\"valueRequired\":true,\"valueName\":\"search_term_string\"}}],\"inLanguage\":\"nb-NO\"}]}<\/script>\n<!-- \/ Yoast SEO plugin. -->","yoast_head_json":{"title":"En reise til Roma - Dreyers Forlag","robots":{"index":"noindex","follow":"follow","max-snippet":"max-snippet:-1","max-image-preview":"max-image-preview:large","max-video-preview":"max-video-preview:-1"},"og_locale":"nb_NO","og_type":"article","og_title":"En reise til Roma - Dreyers Forlag","og_description":"Pilegrimer befolket veiene i Europa i middelalderen. Hver morgen tok de bena fatt for \u00e5 komme n\u00e6rmere helligdommene som var deres m\u00e5l. I en reiseskildring p\u00e5 bare noen f\u00e5 sider forteller den islandske pilegrimen Nikolas Bergsson om sin vandring mot Jerusalem i 1150-\u00e5rene. I denne boka v\u00e5kner fortellingen hans til liv. Hva slags Europa var [&hellip;]","og_url":"https:\/\/staging.forenteforlag.no\/dreyers\/produkt\/en-reise-til-roma-2\/","og_site_name":"Dreyers Forlag","article_modified_time":"2025-11-12T07:40:09+00:00","og_image":[{"width":1348,"height":1920,"url":"https:\/\/staging.forenteforlag.no\/dreyers\/wp-content\/uploads\/sites\/2\/2025\/08\/jpg-7408-scaled-1-scaled.jpg","type":"image\/jpeg"}],"twitter_card":"summary_large_image","twitter_misc":{"Ansl. lesetid":"2 minutter"},"schema":{"@context":"https:\/\/schema.org","@graph":[{"@type":"WebPage","@id":"https:\/\/staging.forenteforlag.no\/dreyers\/produkt\/en-reise-til-roma-2\/","url":"https:\/\/staging.forenteforlag.no\/dreyers\/produkt\/en-reise-til-roma-2\/","name":"En reise til Roma - Dreyers Forlag","isPartOf":{"@id":"https:\/\/staging.forenteforlag.no\/dreyers\/#website"},"primaryImageOfPage":{"@id":"https:\/\/staging.forenteforlag.no\/dreyers\/produkt\/en-reise-til-roma-2\/#primaryimage"},"image":{"@id":"https:\/\/staging.forenteforlag.no\/dreyers\/produkt\/en-reise-til-roma-2\/#primaryimage"},"thumbnailUrl":"https:\/\/staging.forenteforlag.no\/dreyers\/wp-content\/uploads\/sites\/2\/2025\/08\/jpg-7408-scaled-1-scaled.jpg","datePublished":"2024-03-13T00:00:00+00:00","dateModified":"2025-11-12T07:40:09+00:00","breadcrumb":{"@id":"https:\/\/staging.forenteforlag.no\/dreyers\/produkt\/en-reise-til-roma-2\/#breadcrumb"},"inLanguage":"nb-NO","potentialAction":[{"@type":"ReadAction","target":["https:\/\/staging.forenteforlag.no\/dreyers\/produkt\/en-reise-til-roma-2\/"]}]},{"@type":"ImageObject","inLanguage":"nb-NO","@id":"https:\/\/staging.forenteforlag.no\/dreyers\/produkt\/en-reise-til-roma-2\/#primaryimage","url":"https:\/\/staging.forenteforlag.no\/dreyers\/wp-content\/uploads\/sites\/2\/2025\/08\/jpg-7408-scaled-1-scaled.jpg","contentUrl":"https:\/\/staging.forenteforlag.no\/dreyers\/wp-content\/uploads\/sites\/2\/2025\/08\/jpg-7408-scaled-1-scaled.jpg","width":1348,"height":1920},{"@type":"BreadcrumbList","@id":"https:\/\/staging.forenteforlag.no\/dreyers\/produkt\/en-reise-til-roma-2\/#breadcrumb","itemListElement":[{"@type":"ListItem","position":1,"name":"Hjem","item":"https:\/\/staging.forenteforlag.no\/dreyers\/"},{"@type":"ListItem","position":2,"name":"Alle b\u00f8ker","item":"https:\/\/staging.forenteforlag.no\/dreyers\/butikk\/"},{"@type":"ListItem","position":3,"name":"En reise til Roma"}]},{"@type":"WebSite","@id":"https:\/\/staging.forenteforlag.no\/dreyers\/#website","url":"https:\/\/staging.forenteforlag.no\/dreyers\/","name":"Dreyers Forlag","description":"","potentialAction":[{"@type":"SearchAction","target":{"@type":"EntryPoint","urlTemplate":"https:\/\/staging.forenteforlag.no\/dreyers\/?s={search_term_string}"},"query-input":{"@type":"PropertyValueSpecification","valueRequired":true,"valueName":"search_term_string"}}],"inLanguage":"nb-NO"}]}},"_links":{"self":[{"href":"https:\/\/staging.forenteforlag.no\/dreyers\/wp-json\/wp\/v2\/product\/21160","targetHints":{"allow":["GET"]}}],"collection":[{"href":"https:\/\/staging.forenteforlag.no\/dreyers\/wp-json\/wp\/v2\/product"}],"about":[{"href":"https:\/\/staging.forenteforlag.no\/dreyers\/wp-json\/wp\/v2\/types\/product"}],"wp:featuredmedia":[{"embeddable":true,"href":"https:\/\/staging.forenteforlag.no\/dreyers\/wp-json\/wp\/v2\/media\/24215"}],"wp:attachment":[{"href":"https:\/\/staging.forenteforlag.no\/dreyers\/wp-json\/wp\/v2\/media?parent=21160"}],"wp:term":[{"taxonomy":"product_brand","embeddable":true,"href":"https:\/\/staging.forenteforlag.no\/dreyers\/wp-json\/wp\/v2\/product_brand?post=21160"},{"taxonomy":"product_cat","embeddable":true,"href":"https:\/\/staging.forenteforlag.no\/dreyers\/wp-json\/wp\/v2\/product_cat?post=21160"},{"taxonomy":"product_tag","embeddable":true,"href":"https:\/\/staging.forenteforlag.no\/dreyers\/wp-json\/wp\/v2\/product_tag?post=21160"}],"curies":[{"name":"wp","href":"https:\/\/api.w.org\/{rel}","templated":true}]}}