{"id":21159,"date":"2024-04-03T02:00:00","date_gmt":"2024-04-03T00:00:00","guid":{"rendered":"https:\/\/dreyersforlag.forenteforlag.no\/produkt\/helt-vanlige-menn-2\/"},"modified":"2025-08-29T10:58:00","modified_gmt":"2025-08-29T08:58:00","slug":"helt-vanlige-menn-2","status":"publish","type":"product","link":"https:\/\/staging.forenteforlag.no\/dreyers\/produkt\/helt-vanlige-menn-2\/","title":{"rendered":"Helt vanlige menn"},"content":{"rendered":"<p>Om morgenen den 13. april 1942 kom mennene i reserve.bataljon 101 til den lille landsbyen J\u00f3zef\u00f3w i Polen, en typisk polsk landsby med beskjedne, hvite, str\u00e5tekte hus. Da kvelden kom, var 1500 av de 1800 j\u00f8diske innbyggerne skutt &#8211; kvinner, barn og gamle. Arbeidsdyktige menn ble deportert til en arbeidsleir. I de p\u00e5f\u00f8lgende 16 m\u00e5nedene deltok bataljonen i skyting av 38 000 j\u00f8der. 45 000 ble sendt til konsentrasjonsleiren Treblinka.<\/p>\n<p>Gjerningsmennene var middelaldrende familiefolk fra Hamburg, fra arbeiderklassen og nedre middelklasse. De var ferske rekrutter uten tidligere krigserfaring. Det var mindre enn tre uker siden de kom til Polen.<\/p>\n<p>Browning har studert beveggrunnene som drev mennene til \u00e5 delta. Han hevder at de fleste ikke var fanatiske nazister, men helt vanlige menn som handlet ut fra sammensatte motiver, som gruppepress, autoritetstro og rolletilpasning.<\/p>\n<p>Helt vanlige menn er en av de viktigste b\u00f8kene som er skrevet om Holocaust. Den stiller et sp\u00f8rsm\u00e5l vi alle m\u00e5 ta stilling til: Kan jeg v\u00e6re sikker p\u00e5 at jeg ville ha handlet annerledes i en lignende situasjon? Brownings svar er urovekkende.<\/p>\n","protected":false},"excerpt":{"rendered":"<p>Om morgenen den 13. april 1942 kom mennene i reserve.bataljon 101 til den lille landsbyen J\u00f3zef\u00f3w i Polen, en typisk polsk landsby med beskjedne, hvite, str\u00e5tekte hus. Da kvelden kom, var 1500 av de 1800 j\u00f8diske innbyggerne skutt &#8211; kvinner, barn og gamle. Arbeidsdyktige menn ble deportert til en arbeidsleir. I de p\u00e5f\u00f8lgende 16 m\u00e5nedene [&hellip;]<\/p>\n","protected":false},"featured_media":24011,"template":"","meta":{"_acf_changed":false,"inline_featured_image":false},"product_brand":[],"product_cat":[1784,23],"product_tag":[407,405,362,456,481,911,534],"class_list":{"0":"post-21159","1":"product","2":"type-product","3":"status-publish","4":"has-post-thumbnail","6":"product_cat-fastpris","7":"product_cat-historie","8":"product_tag-1939-1945","9":"product_tag-andre-verdenskrig","10":"product_tag-faglitteratur","11":"product_tag-holocaust","12":"product_tag-krigsforbrytelser","13":"product_tag-ost-tyskland","14":"product_tag-polen","15":"pa_format-pocket","17":"first","18":"instock","19":"shipping-taxable","20":"purchasable","21":"product-type-simple"},"acf":{"anmeldelse":null},"yoast_head":"<!-- This site is optimized with the Yoast SEO plugin v26.6 - https:\/\/yoast.com\/wordpress\/plugins\/seo\/ -->\n<title>Helt vanlige menn - Dreyers Forlag<\/title>\n<meta name=\"robots\" content=\"noindex, follow, max-snippet:-1, max-image-preview:large, max-video-preview:-1\" \/>\n<meta property=\"og:locale\" content=\"nb_NO\" \/>\n<meta property=\"og:type\" content=\"article\" \/>\n<meta property=\"og:title\" content=\"Helt vanlige menn - Dreyers Forlag\" \/>\n<meta property=\"og:description\" content=\"Om morgenen den 13. april 1942 kom mennene i reserve.bataljon 101 til den lille landsbyen J\u00f3zef\u00f3w i Polen, en typisk polsk landsby med beskjedne, hvite, str\u00e5tekte hus. Da kvelden kom, var 1500 av de 1800 j\u00f8diske innbyggerne skutt &#8211; kvinner, barn og gamle. Arbeidsdyktige menn ble deportert til en arbeidsleir. I de p\u00e5f\u00f8lgende 16 m\u00e5nedene [&hellip;]\" \/>\n<meta property=\"og:url\" content=\"https:\/\/staging.forenteforlag.no\/dreyers\/produkt\/helt-vanlige-menn-2\/\" \/>\n<meta property=\"og:site_name\" content=\"Dreyers Forlag\" \/>\n<meta property=\"article:modified_time\" content=\"2025-08-29T08:58:00+00:00\" \/>\n<meta property=\"og:image\" content=\"https:\/\/staging.forenteforlag.no\/dreyers\/wp-content\/uploads\/sites\/2\/2025\/08\/jpg-5440-scaled.jpg\" \/>\n\t<meta property=\"og:image:width\" content=\"1229\" \/>\n\t<meta property=\"og:image:height\" content=\"1920\" \/>\n\t<meta property=\"og:image:type\" content=\"image\/jpeg\" \/>\n<meta name=\"twitter:card\" content=\"summary_large_image\" \/>\n<meta name=\"twitter:label1\" content=\"Ansl. lesetid\" \/>\n\t<meta name=\"twitter:data1\" content=\"1 minutt\" \/>\n<script type=\"application\/ld+json\" class=\"yoast-schema-graph\">{\"@context\":\"https:\/\/schema.org\",\"@graph\":[{\"@type\":\"WebPage\",\"@id\":\"https:\/\/staging.forenteforlag.no\/dreyers\/produkt\/helt-vanlige-menn-2\/\",\"url\":\"https:\/\/staging.forenteforlag.no\/dreyers\/produkt\/helt-vanlige-menn-2\/\",\"name\":\"Helt vanlige menn - Dreyers Forlag\",\"isPartOf\":{\"@id\":\"https:\/\/staging.forenteforlag.no\/dreyers\/#website\"},\"primaryImageOfPage\":{\"@id\":\"https:\/\/staging.forenteforlag.no\/dreyers\/produkt\/helt-vanlige-menn-2\/#primaryimage\"},\"image\":{\"@id\":\"https:\/\/staging.forenteforlag.no\/dreyers\/produkt\/helt-vanlige-menn-2\/#primaryimage\"},\"thumbnailUrl\":\"https:\/\/staging.forenteforlag.no\/dreyers\/wp-content\/uploads\/sites\/2\/2025\/08\/jpg-5440-scaled.jpg\",\"datePublished\":\"2024-04-03T00:00:00+00:00\",\"dateModified\":\"2025-08-29T08:58:00+00:00\",\"breadcrumb\":{\"@id\":\"https:\/\/staging.forenteforlag.no\/dreyers\/produkt\/helt-vanlige-menn-2\/#breadcrumb\"},\"inLanguage\":\"nb-NO\",\"potentialAction\":[{\"@type\":\"ReadAction\",\"target\":[\"https:\/\/staging.forenteforlag.no\/dreyers\/produkt\/helt-vanlige-menn-2\/\"]}]},{\"@type\":\"ImageObject\",\"inLanguage\":\"nb-NO\",\"@id\":\"https:\/\/staging.forenteforlag.no\/dreyers\/produkt\/helt-vanlige-menn-2\/#primaryimage\",\"url\":\"https:\/\/staging.forenteforlag.no\/dreyers\/wp-content\/uploads\/sites\/2\/2025\/08\/jpg-5440-scaled.jpg\",\"contentUrl\":\"https:\/\/staging.forenteforlag.no\/dreyers\/wp-content\/uploads\/sites\/2\/2025\/08\/jpg-5440-scaled.jpg\",\"width\":1229,\"height\":1920},{\"@type\":\"BreadcrumbList\",\"@id\":\"https:\/\/staging.forenteforlag.no\/dreyers\/produkt\/helt-vanlige-menn-2\/#breadcrumb\",\"itemListElement\":[{\"@type\":\"ListItem\",\"position\":1,\"name\":\"Hjem\",\"item\":\"https:\/\/staging.forenteforlag.no\/dreyers\/\"},{\"@type\":\"ListItem\",\"position\":2,\"name\":\"Alle b\u00f8ker\",\"item\":\"https:\/\/staging.forenteforlag.no\/dreyers\/butikk\/\"},{\"@type\":\"ListItem\",\"position\":3,\"name\":\"Helt vanlige menn\"}]},{\"@type\":\"WebSite\",\"@id\":\"https:\/\/staging.forenteforlag.no\/dreyers\/#website\",\"url\":\"https:\/\/staging.forenteforlag.no\/dreyers\/\",\"name\":\"Dreyers Forlag\",\"description\":\"\",\"potentialAction\":[{\"@type\":\"SearchAction\",\"target\":{\"@type\":\"EntryPoint\",\"urlTemplate\":\"https:\/\/staging.forenteforlag.no\/dreyers\/?s={search_term_string}\"},\"query-input\":{\"@type\":\"PropertyValueSpecification\",\"valueRequired\":true,\"valueName\":\"search_term_string\"}}],\"inLanguage\":\"nb-NO\"}]}<\/script>\n<!-- \/ Yoast SEO plugin. -->","yoast_head_json":{"title":"Helt vanlige menn - Dreyers Forlag","robots":{"index":"noindex","follow":"follow","max-snippet":"max-snippet:-1","max-image-preview":"max-image-preview:large","max-video-preview":"max-video-preview:-1"},"og_locale":"nb_NO","og_type":"article","og_title":"Helt vanlige menn - Dreyers Forlag","og_description":"Om morgenen den 13. april 1942 kom mennene i reserve.bataljon 101 til den lille landsbyen J\u00f3zef\u00f3w i Polen, en typisk polsk landsby med beskjedne, hvite, str\u00e5tekte hus. Da kvelden kom, var 1500 av de 1800 j\u00f8diske innbyggerne skutt &#8211; kvinner, barn og gamle. Arbeidsdyktige menn ble deportert til en arbeidsleir. I de p\u00e5f\u00f8lgende 16 m\u00e5nedene [&hellip;]","og_url":"https:\/\/staging.forenteforlag.no\/dreyers\/produkt\/helt-vanlige-menn-2\/","og_site_name":"Dreyers Forlag","article_modified_time":"2025-08-29T08:58:00+00:00","og_image":[{"width":1229,"height":1920,"url":"https:\/\/staging.forenteforlag.no\/dreyers\/wp-content\/uploads\/sites\/2\/2025\/08\/jpg-5440-scaled.jpg","type":"image\/jpeg"}],"twitter_card":"summary_large_image","twitter_misc":{"Ansl. lesetid":"1 minutt"},"schema":{"@context":"https:\/\/schema.org","@graph":[{"@type":"WebPage","@id":"https:\/\/staging.forenteforlag.no\/dreyers\/produkt\/helt-vanlige-menn-2\/","url":"https:\/\/staging.forenteforlag.no\/dreyers\/produkt\/helt-vanlige-menn-2\/","name":"Helt vanlige menn - Dreyers Forlag","isPartOf":{"@id":"https:\/\/staging.forenteforlag.no\/dreyers\/#website"},"primaryImageOfPage":{"@id":"https:\/\/staging.forenteforlag.no\/dreyers\/produkt\/helt-vanlige-menn-2\/#primaryimage"},"image":{"@id":"https:\/\/staging.forenteforlag.no\/dreyers\/produkt\/helt-vanlige-menn-2\/#primaryimage"},"thumbnailUrl":"https:\/\/staging.forenteforlag.no\/dreyers\/wp-content\/uploads\/sites\/2\/2025\/08\/jpg-5440-scaled.jpg","datePublished":"2024-04-03T00:00:00+00:00","dateModified":"2025-08-29T08:58:00+00:00","breadcrumb":{"@id":"https:\/\/staging.forenteforlag.no\/dreyers\/produkt\/helt-vanlige-menn-2\/#breadcrumb"},"inLanguage":"nb-NO","potentialAction":[{"@type":"ReadAction","target":["https:\/\/staging.forenteforlag.no\/dreyers\/produkt\/helt-vanlige-menn-2\/"]}]},{"@type":"ImageObject","inLanguage":"nb-NO","@id":"https:\/\/staging.forenteforlag.no\/dreyers\/produkt\/helt-vanlige-menn-2\/#primaryimage","url":"https:\/\/staging.forenteforlag.no\/dreyers\/wp-content\/uploads\/sites\/2\/2025\/08\/jpg-5440-scaled.jpg","contentUrl":"https:\/\/staging.forenteforlag.no\/dreyers\/wp-content\/uploads\/sites\/2\/2025\/08\/jpg-5440-scaled.jpg","width":1229,"height":1920},{"@type":"BreadcrumbList","@id":"https:\/\/staging.forenteforlag.no\/dreyers\/produkt\/helt-vanlige-menn-2\/#breadcrumb","itemListElement":[{"@type":"ListItem","position":1,"name":"Hjem","item":"https:\/\/staging.forenteforlag.no\/dreyers\/"},{"@type":"ListItem","position":2,"name":"Alle b\u00f8ker","item":"https:\/\/staging.forenteforlag.no\/dreyers\/butikk\/"},{"@type":"ListItem","position":3,"name":"Helt vanlige menn"}]},{"@type":"WebSite","@id":"https:\/\/staging.forenteforlag.no\/dreyers\/#website","url":"https:\/\/staging.forenteforlag.no\/dreyers\/","name":"Dreyers Forlag","description":"","potentialAction":[{"@type":"SearchAction","target":{"@type":"EntryPoint","urlTemplate":"https:\/\/staging.forenteforlag.no\/dreyers\/?s={search_term_string}"},"query-input":{"@type":"PropertyValueSpecification","valueRequired":true,"valueName":"search_term_string"}}],"inLanguage":"nb-NO"}]}},"_links":{"self":[{"href":"https:\/\/staging.forenteforlag.no\/dreyers\/wp-json\/wp\/v2\/product\/21159","targetHints":{"allow":["GET"]}}],"collection":[{"href":"https:\/\/staging.forenteforlag.no\/dreyers\/wp-json\/wp\/v2\/product"}],"about":[{"href":"https:\/\/staging.forenteforlag.no\/dreyers\/wp-json\/wp\/v2\/types\/product"}],"wp:featuredmedia":[{"embeddable":true,"href":"https:\/\/staging.forenteforlag.no\/dreyers\/wp-json\/wp\/v2\/media\/24011"}],"wp:attachment":[{"href":"https:\/\/staging.forenteforlag.no\/dreyers\/wp-json\/wp\/v2\/media?parent=21159"}],"wp:term":[{"taxonomy":"product_brand","embeddable":true,"href":"https:\/\/staging.forenteforlag.no\/dreyers\/wp-json\/wp\/v2\/product_brand?post=21159"},{"taxonomy":"product_cat","embeddable":true,"href":"https:\/\/staging.forenteforlag.no\/dreyers\/wp-json\/wp\/v2\/product_cat?post=21159"},{"taxonomy":"product_tag","embeddable":true,"href":"https:\/\/staging.forenteforlag.no\/dreyers\/wp-json\/wp\/v2\/product_tag?post=21159"}],"curies":[{"name":"wp","href":"https:\/\/api.w.org\/{rel}","templated":true}]}}