{"id":21071,"date":"2015-11-05T01:00:00","date_gmt":"2015-11-05T00:00:00","guid":{"rendered":"https:\/\/dreyersforlag.forenteforlag.no\/produkt\/russland-blir-til-3\/"},"modified":"2025-08-27T09:25:32","modified_gmt":"2025-08-27T07:25:32","slug":"russland-blir-til-3","status":"publish","type":"product","link":"https:\/\/staging.forenteforlag.no\/dreyers\/produkt\/russland-blir-til-3\/","title":{"rendered":"Russland blir til"},"content":{"rendered":"<p>Hvorfor er Russland s\u00e5 forskjellig fra det \u00f8vrige Europa? Hvorfor har demokratiet hatt s\u00e5 store vanskeligheter med \u00e5 sl\u00e5 rot i den russiske jord? Hvorfor anser russere flest seg som ulike fra oss \u00f8vrige europeere? Skal man n\u00e6rme seg et svar, m\u00e5 man g\u00e5 til historien.  <\/p>\n<p>Halvor Tj\u00f8nn har skrevet den f\u00f8rste bredt anlagte boka p\u00e5 norsk om Russlands tidlige historie. Det er en fortelling om fyrstene, menneskene og slagene som vevde det tidlige Russland sammen i et nasjonalt, \u00f8konomisk, sosialt og mentalt fellesskap. <\/p>\n<p>Russland som stat ble dannet i tidlig middelalder av de skandinaviske vikingene. Forbindelsene med Europa var tette og gode. Da norske sagakonger hadde vanskeligheter p\u00e5 hjemmebane, var det store riket i \u00f8st det naturlige tilfluktsstedet for dem. Siden fulgte dramatiske hendelser som f\u00f8rte til at Russland og Vest-Europa skilte lag. I \u00e5rene 1237-1240 feide det mongolske herjingstoktet over Russland og la mange av de praktfulle byene i aske. Det russiske middelalderriket ble n\u00e5 en del av et enormt mongolsk verdensimperium med sentrum i Mongolia og Kina. Det skulle ta 200 \u00e5r under mongolenes jerngrep f\u00f8r det igjen dukket opp noe som liknet p\u00e5 en selvstendig russisk stat. Denne staten fikk sitt sentrum i Moskva. I l\u00f8pet av de neste hundre \u00e5r lyktes det fyrstene i Moskva \u00e5 bygge opp en mektig stat, men i stadig kamp mot mongolske og tatarske armeer, og mot den litauiske og den polske staten. Midt p\u00e5 1500-tallet dukket det opp en hersker som igjen gjorde Russland til en europeisk stormakt. Han er blitt kjent som Ivan den grusomme.  <\/p>\n<p>Russland blir til er f\u00f8rste bind i en trilogi om hele Russlands historie<\/p>\n","protected":false},"excerpt":{"rendered":"<p>Hvorfor er Russland s\u00e5 forskjellig fra det \u00f8vrige Europa? Hvorfor har demokratiet hatt s\u00e5 store vanskeligheter med \u00e5 sl\u00e5 rot i den russiske jord? Hvorfor anser russere flest seg som ulike fra oss \u00f8vrige europeere? Skal man n\u00e6rme seg et svar, m\u00e5 man g\u00e5 til historien. Halvor Tj\u00f8nn har skrevet den f\u00f8rste bredt anlagte boka [&hellip;]<\/p>\n","protected":false},"featured_media":24179,"template":"","meta":{"_acf_changed":false,"inline_featured_image":false},"product_brand":[],"product_cat":[23],"product_tag":[607,362,789,532],"class_list":{"0":"post-21071","1":"product","2":"type-product","3":"status-publish","4":"has-post-thumbnail","6":"product_cat-historie","7":"product_tag-bedriftshistorie","8":"product_tag-faglitteratur","9":"product_tag-hoymiddelalderen","10":"product_tag-russland","11":"pa_format-innbundet","13":"first","14":"outofstock","15":"shipping-taxable","16":"purchasable","17":"product-type-simple"},"acf":{"anmeldelse":null},"yoast_head":"<!-- This site is optimized with the Yoast SEO plugin v26.6 - https:\/\/yoast.com\/wordpress\/plugins\/seo\/ -->\n<title>Russland blir til - Dreyers Forlag<\/title>\n<meta name=\"robots\" content=\"noindex, follow, max-snippet:-1, max-image-preview:large, max-video-preview:-1\" \/>\n<meta property=\"og:locale\" content=\"nb_NO\" \/>\n<meta property=\"og:type\" content=\"article\" \/>\n<meta property=\"og:title\" content=\"Russland blir til - Dreyers Forlag\" \/>\n<meta property=\"og:description\" content=\"Hvorfor er Russland s\u00e5 forskjellig fra det \u00f8vrige Europa? Hvorfor har demokratiet hatt s\u00e5 store vanskeligheter med \u00e5 sl\u00e5 rot i den russiske jord? Hvorfor anser russere flest seg som ulike fra oss \u00f8vrige europeere? Skal man n\u00e6rme seg et svar, m\u00e5 man g\u00e5 til historien. Halvor Tj\u00f8nn har skrevet den f\u00f8rste bredt anlagte boka [&hellip;]\" \/>\n<meta property=\"og:url\" content=\"https:\/\/staging.forenteforlag.no\/dreyers\/produkt\/russland-blir-til-3\/\" \/>\n<meta property=\"og:site_name\" content=\"Dreyers Forlag\" \/>\n<meta property=\"article:modified_time\" content=\"2025-08-27T07:25:32+00:00\" \/>\n<meta property=\"og:image\" content=\"https:\/\/staging.forenteforlag.no\/dreyers\/wp-content\/uploads\/sites\/2\/2025\/08\/jpg-7030.jpg\" \/>\n\t<meta property=\"og:image:width\" content=\"676\" \/>\n\t<meta property=\"og:image:height\" content=\"920\" \/>\n\t<meta property=\"og:image:type\" content=\"image\/jpeg\" \/>\n<meta name=\"twitter:card\" content=\"summary_large_image\" \/>\n<meta name=\"twitter:label1\" content=\"Ansl. lesetid\" \/>\n\t<meta name=\"twitter:data1\" content=\"1 minutt\" \/>\n<script type=\"application\/ld+json\" class=\"yoast-schema-graph\">{\"@context\":\"https:\/\/schema.org\",\"@graph\":[{\"@type\":\"WebPage\",\"@id\":\"https:\/\/staging.forenteforlag.no\/dreyers\/produkt\/russland-blir-til-3\/\",\"url\":\"https:\/\/staging.forenteforlag.no\/dreyers\/produkt\/russland-blir-til-3\/\",\"name\":\"Russland blir til - Dreyers Forlag\",\"isPartOf\":{\"@id\":\"https:\/\/staging.forenteforlag.no\/dreyers\/#website\"},\"primaryImageOfPage\":{\"@id\":\"https:\/\/staging.forenteforlag.no\/dreyers\/produkt\/russland-blir-til-3\/#primaryimage\"},\"image\":{\"@id\":\"https:\/\/staging.forenteforlag.no\/dreyers\/produkt\/russland-blir-til-3\/#primaryimage\"},\"thumbnailUrl\":\"https:\/\/staging.forenteforlag.no\/dreyers\/wp-content\/uploads\/sites\/2\/2025\/08\/jpg-7030.jpg\",\"datePublished\":\"2015-11-05T00:00:00+00:00\",\"dateModified\":\"2025-08-27T07:25:32+00:00\",\"breadcrumb\":{\"@id\":\"https:\/\/staging.forenteforlag.no\/dreyers\/produkt\/russland-blir-til-3\/#breadcrumb\"},\"inLanguage\":\"nb-NO\",\"potentialAction\":[{\"@type\":\"ReadAction\",\"target\":[\"https:\/\/staging.forenteforlag.no\/dreyers\/produkt\/russland-blir-til-3\/\"]}]},{\"@type\":\"ImageObject\",\"inLanguage\":\"nb-NO\",\"@id\":\"https:\/\/staging.forenteforlag.no\/dreyers\/produkt\/russland-blir-til-3\/#primaryimage\",\"url\":\"https:\/\/staging.forenteforlag.no\/dreyers\/wp-content\/uploads\/sites\/2\/2025\/08\/jpg-7030.jpg\",\"contentUrl\":\"https:\/\/staging.forenteforlag.no\/dreyers\/wp-content\/uploads\/sites\/2\/2025\/08\/jpg-7030.jpg\",\"width\":676,\"height\":920},{\"@type\":\"BreadcrumbList\",\"@id\":\"https:\/\/staging.forenteforlag.no\/dreyers\/produkt\/russland-blir-til-3\/#breadcrumb\",\"itemListElement\":[{\"@type\":\"ListItem\",\"position\":1,\"name\":\"Hjem\",\"item\":\"https:\/\/staging.forenteforlag.no\/dreyers\/\"},{\"@type\":\"ListItem\",\"position\":2,\"name\":\"Alle b\u00f8ker\",\"item\":\"https:\/\/staging.forenteforlag.no\/dreyers\/butikk\/\"},{\"@type\":\"ListItem\",\"position\":3,\"name\":\"Russland blir til\"}]},{\"@type\":\"WebSite\",\"@id\":\"https:\/\/staging.forenteforlag.no\/dreyers\/#website\",\"url\":\"https:\/\/staging.forenteforlag.no\/dreyers\/\",\"name\":\"Dreyers Forlag\",\"description\":\"\",\"potentialAction\":[{\"@type\":\"SearchAction\",\"target\":{\"@type\":\"EntryPoint\",\"urlTemplate\":\"https:\/\/staging.forenteforlag.no\/dreyers\/?s={search_term_string}\"},\"query-input\":{\"@type\":\"PropertyValueSpecification\",\"valueRequired\":true,\"valueName\":\"search_term_string\"}}],\"inLanguage\":\"nb-NO\"}]}<\/script>\n<!-- \/ Yoast SEO plugin. -->","yoast_head_json":{"title":"Russland blir til - Dreyers Forlag","robots":{"index":"noindex","follow":"follow","max-snippet":"max-snippet:-1","max-image-preview":"max-image-preview:large","max-video-preview":"max-video-preview:-1"},"og_locale":"nb_NO","og_type":"article","og_title":"Russland blir til - Dreyers Forlag","og_description":"Hvorfor er Russland s\u00e5 forskjellig fra det \u00f8vrige Europa? Hvorfor har demokratiet hatt s\u00e5 store vanskeligheter med \u00e5 sl\u00e5 rot i den russiske jord? Hvorfor anser russere flest seg som ulike fra oss \u00f8vrige europeere? Skal man n\u00e6rme seg et svar, m\u00e5 man g\u00e5 til historien. Halvor Tj\u00f8nn har skrevet den f\u00f8rste bredt anlagte boka [&hellip;]","og_url":"https:\/\/staging.forenteforlag.no\/dreyers\/produkt\/russland-blir-til-3\/","og_site_name":"Dreyers Forlag","article_modified_time":"2025-08-27T07:25:32+00:00","og_image":[{"width":676,"height":920,"url":"https:\/\/staging.forenteforlag.no\/dreyers\/wp-content\/uploads\/sites\/2\/2025\/08\/jpg-7030.jpg","type":"image\/jpeg"}],"twitter_card":"summary_large_image","twitter_misc":{"Ansl. lesetid":"1 minutt"},"schema":{"@context":"https:\/\/schema.org","@graph":[{"@type":"WebPage","@id":"https:\/\/staging.forenteforlag.no\/dreyers\/produkt\/russland-blir-til-3\/","url":"https:\/\/staging.forenteforlag.no\/dreyers\/produkt\/russland-blir-til-3\/","name":"Russland blir til - Dreyers Forlag","isPartOf":{"@id":"https:\/\/staging.forenteforlag.no\/dreyers\/#website"},"primaryImageOfPage":{"@id":"https:\/\/staging.forenteforlag.no\/dreyers\/produkt\/russland-blir-til-3\/#primaryimage"},"image":{"@id":"https:\/\/staging.forenteforlag.no\/dreyers\/produkt\/russland-blir-til-3\/#primaryimage"},"thumbnailUrl":"https:\/\/staging.forenteforlag.no\/dreyers\/wp-content\/uploads\/sites\/2\/2025\/08\/jpg-7030.jpg","datePublished":"2015-11-05T00:00:00+00:00","dateModified":"2025-08-27T07:25:32+00:00","breadcrumb":{"@id":"https:\/\/staging.forenteforlag.no\/dreyers\/produkt\/russland-blir-til-3\/#breadcrumb"},"inLanguage":"nb-NO","potentialAction":[{"@type":"ReadAction","target":["https:\/\/staging.forenteforlag.no\/dreyers\/produkt\/russland-blir-til-3\/"]}]},{"@type":"ImageObject","inLanguage":"nb-NO","@id":"https:\/\/staging.forenteforlag.no\/dreyers\/produkt\/russland-blir-til-3\/#primaryimage","url":"https:\/\/staging.forenteforlag.no\/dreyers\/wp-content\/uploads\/sites\/2\/2025\/08\/jpg-7030.jpg","contentUrl":"https:\/\/staging.forenteforlag.no\/dreyers\/wp-content\/uploads\/sites\/2\/2025\/08\/jpg-7030.jpg","width":676,"height":920},{"@type":"BreadcrumbList","@id":"https:\/\/staging.forenteforlag.no\/dreyers\/produkt\/russland-blir-til-3\/#breadcrumb","itemListElement":[{"@type":"ListItem","position":1,"name":"Hjem","item":"https:\/\/staging.forenteforlag.no\/dreyers\/"},{"@type":"ListItem","position":2,"name":"Alle b\u00f8ker","item":"https:\/\/staging.forenteforlag.no\/dreyers\/butikk\/"},{"@type":"ListItem","position":3,"name":"Russland blir til"}]},{"@type":"WebSite","@id":"https:\/\/staging.forenteforlag.no\/dreyers\/#website","url":"https:\/\/staging.forenteforlag.no\/dreyers\/","name":"Dreyers Forlag","description":"","potentialAction":[{"@type":"SearchAction","target":{"@type":"EntryPoint","urlTemplate":"https:\/\/staging.forenteforlag.no\/dreyers\/?s={search_term_string}"},"query-input":{"@type":"PropertyValueSpecification","valueRequired":true,"valueName":"search_term_string"}}],"inLanguage":"nb-NO"}]}},"_links":{"self":[{"href":"https:\/\/staging.forenteforlag.no\/dreyers\/wp-json\/wp\/v2\/product\/21071","targetHints":{"allow":["GET"]}}],"collection":[{"href":"https:\/\/staging.forenteforlag.no\/dreyers\/wp-json\/wp\/v2\/product"}],"about":[{"href":"https:\/\/staging.forenteforlag.no\/dreyers\/wp-json\/wp\/v2\/types\/product"}],"wp:featuredmedia":[{"embeddable":true,"href":"https:\/\/staging.forenteforlag.no\/dreyers\/wp-json\/wp\/v2\/media\/24179"}],"wp:attachment":[{"href":"https:\/\/staging.forenteforlag.no\/dreyers\/wp-json\/wp\/v2\/media?parent=21071"}],"wp:term":[{"taxonomy":"product_brand","embeddable":true,"href":"https:\/\/staging.forenteforlag.no\/dreyers\/wp-json\/wp\/v2\/product_brand?post=21071"},{"taxonomy":"product_cat","embeddable":true,"href":"https:\/\/staging.forenteforlag.no\/dreyers\/wp-json\/wp\/v2\/product_cat?post=21071"},{"taxonomy":"product_tag","embeddable":true,"href":"https:\/\/staging.forenteforlag.no\/dreyers\/wp-json\/wp\/v2\/product_tag?post=21071"}],"curies":[{"name":"wp","href":"https:\/\/api.w.org\/{rel}","templated":true}]}}