{"id":21068,"date":"2016-08-10T02:00:00","date_gmt":"2016-08-10T00:00:00","guid":{"rendered":"https:\/\/dreyersforlag.forenteforlag.no\/produkt\/jernburet-2\/"},"modified":"2025-09-04T13:53:11","modified_gmt":"2025-09-04T11:53:11","slug":"jernburet-2","status":"publish","type":"product","link":"https:\/\/staging.forenteforlag.no\/dreyers\/produkt\/jernburet-2\/","title":{"rendered":"Jernburet"},"content":{"rendered":"<p>Hvorfor utkontraktere folkestyret til Brussel? Fordi det l\u00f8nner seg. Hvorfor akseptere frihandel som f\u00f8rer til tap av jobber? Fordi det l\u00f8nner seg. Hvorfor godta kontinuerlig masseinnvandring? Fordi det l\u00f8nner seg. Men hva hvis det ikke l\u00f8nner seg? Da vil slutningene som er stablet opp\u00e5 dette fundamentet vakle. Etter et ti\u00e5r med stagnasjon er elitenes liberale internasjonalisme p\u00e5 kant med folkeviljen. Folk sp\u00f8r seg om det virkelig er sant at felles grenser m\u00e5 bety \u00e5pne grenser? Skal menneskene tjene \u00f8konomien, eller omvendt &#8211; er stadig st\u00f8rre ulikhet prisen vi m\u00e5 betale for globalisering? Er prisen vi betaler i form av tap av mening og identitet verdt det? Dette er blant sp\u00f8rsm\u00e5lene som Asle Toje tar for seg i boka Jernburet ; liberalismens krise. Uttrykket \u00abrasjonalitetens jernbur\u00bb er et bilde p\u00e5 individet som st\u00e5r som fremmede overfor et system som de selv har skapt.<\/p>\n<p>Gjennom reiser fra Kaliningrad ved \u00d8stersj\u00f8en til Burgas ved Svartehavet, avdekker Toje i denne boka hvordan det liberale demokratiet utfordres av konkurrerende ideologier, historieforst\u00e5elser og nasjonalismer. I oppf\u00f8lgeren til bestselgeren R\u00f8dt, hvitt &amp; bl\u00e5tt forklarer Asle Toje hvorfor Europa er en politisk krutt\u00f8nne.<\/p>\n","protected":false},"excerpt":{"rendered":"<p>Hvorfor utkontraktere folkestyret til Brussel? Fordi det l\u00f8nner seg. Hvorfor akseptere frihandel som f\u00f8rer til tap av jobber? Fordi det l\u00f8nner seg. Hvorfor godta kontinuerlig masseinnvandring? Fordi det l\u00f8nner seg. Men hva hvis det ikke l\u00f8nner seg? Da vil slutningene som er stablet opp\u00e5 dette fundamentet vakle. Etter et ti\u00e5r med stagnasjon er elitenes liberale [&hellip;]<\/p>\n","protected":false},"featured_media":24438,"template":"","meta":{"_acf_changed":false,"inline_featured_image":false},"product_brand":[],"product_cat":[1785,32],"product_tag":[482,362,1552],"class_list":{"0":"post-21068","1":"product","2":"type-product","3":"status-publish","4":"has-post-thumbnail","6":"product_cat-fripris","7":"product_cat-samfunn-og-politikk","8":"product_tag-europa","9":"product_tag-faglitteratur","10":"product_tag-liberalisme","11":"pa_format-pocket","13":"first","14":"instock","15":"shipping-taxable","16":"purchasable","17":"product-type-simple"},"acf":{"anmeldelse":null},"yoast_head":"<!-- This site is optimized with the Yoast SEO plugin v26.6 - https:\/\/yoast.com\/wordpress\/plugins\/seo\/ -->\n<title>Jernburet - Dreyers Forlag<\/title>\n<meta name=\"robots\" content=\"noindex, follow, max-snippet:-1, max-image-preview:large, max-video-preview:-1\" \/>\n<meta property=\"og:locale\" content=\"nb_NO\" \/>\n<meta property=\"og:type\" content=\"article\" \/>\n<meta property=\"og:title\" content=\"Jernburet - Dreyers Forlag\" \/>\n<meta property=\"og:description\" content=\"Hvorfor utkontraktere folkestyret til Brussel? Fordi det l\u00f8nner seg. Hvorfor akseptere frihandel som f\u00f8rer til tap av jobber? Fordi det l\u00f8nner seg. Hvorfor godta kontinuerlig masseinnvandring? Fordi det l\u00f8nner seg. Men hva hvis det ikke l\u00f8nner seg? Da vil slutningene som er stablet opp\u00e5 dette fundamentet vakle. Etter et ti\u00e5r med stagnasjon er elitenes liberale [&hellip;]\" \/>\n<meta property=\"og:url\" content=\"https:\/\/staging.forenteforlag.no\/dreyers\/produkt\/jernburet-2\/\" \/>\n<meta property=\"og:site_name\" content=\"Dreyers Forlag\" \/>\n<meta property=\"article:modified_time\" content=\"2025-09-04T11:53:11+00:00\" \/>\n<meta property=\"og:image\" content=\"https:\/\/staging.forenteforlag.no\/dreyers\/wp-content\/uploads\/sites\/2\/2025\/08\/jpg-9406.jpg\" \/>\n\t<meta property=\"og:image:width\" content=\"283\" \/>\n\t<meta property=\"og:image:height\" content=\"402\" \/>\n\t<meta property=\"og:image:type\" content=\"image\/jpeg\" \/>\n<meta name=\"twitter:card\" content=\"summary_large_image\" \/>\n<meta name=\"twitter:label1\" content=\"Ansl. lesetid\" \/>\n\t<meta name=\"twitter:data1\" content=\"1 minutt\" \/>\n<script type=\"application\/ld+json\" class=\"yoast-schema-graph\">{\"@context\":\"https:\/\/schema.org\",\"@graph\":[{\"@type\":\"WebPage\",\"@id\":\"https:\/\/staging.forenteforlag.no\/dreyers\/produkt\/jernburet-2\/\",\"url\":\"https:\/\/staging.forenteforlag.no\/dreyers\/produkt\/jernburet-2\/\",\"name\":\"Jernburet - Dreyers Forlag\",\"isPartOf\":{\"@id\":\"https:\/\/staging.forenteforlag.no\/dreyers\/#website\"},\"primaryImageOfPage\":{\"@id\":\"https:\/\/staging.forenteforlag.no\/dreyers\/produkt\/jernburet-2\/#primaryimage\"},\"image\":{\"@id\":\"https:\/\/staging.forenteforlag.no\/dreyers\/produkt\/jernburet-2\/#primaryimage\"},\"thumbnailUrl\":\"https:\/\/staging.forenteforlag.no\/dreyers\/wp-content\/uploads\/sites\/2\/2025\/08\/jpg-9406.jpg\",\"datePublished\":\"2016-08-10T00:00:00+00:00\",\"dateModified\":\"2025-09-04T11:53:11+00:00\",\"breadcrumb\":{\"@id\":\"https:\/\/staging.forenteforlag.no\/dreyers\/produkt\/jernburet-2\/#breadcrumb\"},\"inLanguage\":\"nb-NO\",\"potentialAction\":[{\"@type\":\"ReadAction\",\"target\":[\"https:\/\/staging.forenteforlag.no\/dreyers\/produkt\/jernburet-2\/\"]}]},{\"@type\":\"ImageObject\",\"inLanguage\":\"nb-NO\",\"@id\":\"https:\/\/staging.forenteforlag.no\/dreyers\/produkt\/jernburet-2\/#primaryimage\",\"url\":\"https:\/\/staging.forenteforlag.no\/dreyers\/wp-content\/uploads\/sites\/2\/2025\/08\/jpg-9406.jpg\",\"contentUrl\":\"https:\/\/staging.forenteforlag.no\/dreyers\/wp-content\/uploads\/sites\/2\/2025\/08\/jpg-9406.jpg\",\"width\":283,\"height\":402},{\"@type\":\"BreadcrumbList\",\"@id\":\"https:\/\/staging.forenteforlag.no\/dreyers\/produkt\/jernburet-2\/#breadcrumb\",\"itemListElement\":[{\"@type\":\"ListItem\",\"position\":1,\"name\":\"Hjem\",\"item\":\"https:\/\/staging.forenteforlag.no\/dreyers\/\"},{\"@type\":\"ListItem\",\"position\":2,\"name\":\"Alle b\u00f8ker\",\"item\":\"https:\/\/staging.forenteforlag.no\/dreyers\/butikk\/\"},{\"@type\":\"ListItem\",\"position\":3,\"name\":\"Jernburet\"}]},{\"@type\":\"WebSite\",\"@id\":\"https:\/\/staging.forenteforlag.no\/dreyers\/#website\",\"url\":\"https:\/\/staging.forenteforlag.no\/dreyers\/\",\"name\":\"Dreyers Forlag\",\"description\":\"\",\"potentialAction\":[{\"@type\":\"SearchAction\",\"target\":{\"@type\":\"EntryPoint\",\"urlTemplate\":\"https:\/\/staging.forenteforlag.no\/dreyers\/?s={search_term_string}\"},\"query-input\":{\"@type\":\"PropertyValueSpecification\",\"valueRequired\":true,\"valueName\":\"search_term_string\"}}],\"inLanguage\":\"nb-NO\"}]}<\/script>\n<!-- \/ Yoast SEO plugin. -->","yoast_head_json":{"title":"Jernburet - Dreyers Forlag","robots":{"index":"noindex","follow":"follow","max-snippet":"max-snippet:-1","max-image-preview":"max-image-preview:large","max-video-preview":"max-video-preview:-1"},"og_locale":"nb_NO","og_type":"article","og_title":"Jernburet - Dreyers Forlag","og_description":"Hvorfor utkontraktere folkestyret til Brussel? Fordi det l\u00f8nner seg. Hvorfor akseptere frihandel som f\u00f8rer til tap av jobber? Fordi det l\u00f8nner seg. Hvorfor godta kontinuerlig masseinnvandring? Fordi det l\u00f8nner seg. Men hva hvis det ikke l\u00f8nner seg? Da vil slutningene som er stablet opp\u00e5 dette fundamentet vakle. Etter et ti\u00e5r med stagnasjon er elitenes liberale [&hellip;]","og_url":"https:\/\/staging.forenteforlag.no\/dreyers\/produkt\/jernburet-2\/","og_site_name":"Dreyers Forlag","article_modified_time":"2025-09-04T11:53:11+00:00","og_image":[{"width":283,"height":402,"url":"https:\/\/staging.forenteforlag.no\/dreyers\/wp-content\/uploads\/sites\/2\/2025\/08\/jpg-9406.jpg","type":"image\/jpeg"}],"twitter_card":"summary_large_image","twitter_misc":{"Ansl. lesetid":"1 minutt"},"schema":{"@context":"https:\/\/schema.org","@graph":[{"@type":"WebPage","@id":"https:\/\/staging.forenteforlag.no\/dreyers\/produkt\/jernburet-2\/","url":"https:\/\/staging.forenteforlag.no\/dreyers\/produkt\/jernburet-2\/","name":"Jernburet - Dreyers Forlag","isPartOf":{"@id":"https:\/\/staging.forenteforlag.no\/dreyers\/#website"},"primaryImageOfPage":{"@id":"https:\/\/staging.forenteforlag.no\/dreyers\/produkt\/jernburet-2\/#primaryimage"},"image":{"@id":"https:\/\/staging.forenteforlag.no\/dreyers\/produkt\/jernburet-2\/#primaryimage"},"thumbnailUrl":"https:\/\/staging.forenteforlag.no\/dreyers\/wp-content\/uploads\/sites\/2\/2025\/08\/jpg-9406.jpg","datePublished":"2016-08-10T00:00:00+00:00","dateModified":"2025-09-04T11:53:11+00:00","breadcrumb":{"@id":"https:\/\/staging.forenteforlag.no\/dreyers\/produkt\/jernburet-2\/#breadcrumb"},"inLanguage":"nb-NO","potentialAction":[{"@type":"ReadAction","target":["https:\/\/staging.forenteforlag.no\/dreyers\/produkt\/jernburet-2\/"]}]},{"@type":"ImageObject","inLanguage":"nb-NO","@id":"https:\/\/staging.forenteforlag.no\/dreyers\/produkt\/jernburet-2\/#primaryimage","url":"https:\/\/staging.forenteforlag.no\/dreyers\/wp-content\/uploads\/sites\/2\/2025\/08\/jpg-9406.jpg","contentUrl":"https:\/\/staging.forenteforlag.no\/dreyers\/wp-content\/uploads\/sites\/2\/2025\/08\/jpg-9406.jpg","width":283,"height":402},{"@type":"BreadcrumbList","@id":"https:\/\/staging.forenteforlag.no\/dreyers\/produkt\/jernburet-2\/#breadcrumb","itemListElement":[{"@type":"ListItem","position":1,"name":"Hjem","item":"https:\/\/staging.forenteforlag.no\/dreyers\/"},{"@type":"ListItem","position":2,"name":"Alle b\u00f8ker","item":"https:\/\/staging.forenteforlag.no\/dreyers\/butikk\/"},{"@type":"ListItem","position":3,"name":"Jernburet"}]},{"@type":"WebSite","@id":"https:\/\/staging.forenteforlag.no\/dreyers\/#website","url":"https:\/\/staging.forenteforlag.no\/dreyers\/","name":"Dreyers Forlag","description":"","potentialAction":[{"@type":"SearchAction","target":{"@type":"EntryPoint","urlTemplate":"https:\/\/staging.forenteforlag.no\/dreyers\/?s={search_term_string}"},"query-input":{"@type":"PropertyValueSpecification","valueRequired":true,"valueName":"search_term_string"}}],"inLanguage":"nb-NO"}]}},"_links":{"self":[{"href":"https:\/\/staging.forenteforlag.no\/dreyers\/wp-json\/wp\/v2\/product\/21068","targetHints":{"allow":["GET"]}}],"collection":[{"href":"https:\/\/staging.forenteforlag.no\/dreyers\/wp-json\/wp\/v2\/product"}],"about":[{"href":"https:\/\/staging.forenteforlag.no\/dreyers\/wp-json\/wp\/v2\/types\/product"}],"wp:featuredmedia":[{"embeddable":true,"href":"https:\/\/staging.forenteforlag.no\/dreyers\/wp-json\/wp\/v2\/media\/24438"}],"wp:attachment":[{"href":"https:\/\/staging.forenteforlag.no\/dreyers\/wp-json\/wp\/v2\/media?parent=21068"}],"wp:term":[{"taxonomy":"product_brand","embeddable":true,"href":"https:\/\/staging.forenteforlag.no\/dreyers\/wp-json\/wp\/v2\/product_brand?post=21068"},{"taxonomy":"product_cat","embeddable":true,"href":"https:\/\/staging.forenteforlag.no\/dreyers\/wp-json\/wp\/v2\/product_cat?post=21068"},{"taxonomy":"product_tag","embeddable":true,"href":"https:\/\/staging.forenteforlag.no\/dreyers\/wp-json\/wp\/v2\/product_tag?post=21068"}],"curies":[{"name":"wp","href":"https:\/\/api.w.org\/{rel}","templated":true}]}}