{"id":21067,"date":"2017-02-28T01:00:00","date_gmt":"2017-02-28T00:00:00","guid":{"rendered":"https:\/\/dreyersforlag.forenteforlag.no\/produkt\/kjopesenterlandet\/"},"modified":"2025-09-04T13:51:09","modified_gmt":"2025-09-04T11:51:09","slug":"kjopesenterlandet","status":"publish","type":"product","link":"https:\/\/staging.forenteforlag.no\/dreyers\/produkt\/kjopesenterlandet\/","title":{"rendered":"Kj\u00f8pesenterlandet"},"content":{"rendered":"<p>Noreg har eit ekstremt forhold til kj\u00f8pesenter. Vi har det st\u00f8rste talet kj\u00f8pesenterkvadratmeter per innbyggjar i Europa. Fordelar vi talet kvadratmeter til innbyggjarane i landet, vil kvar innbyggjar f\u00e5 nesten \u00e9in kvadratmeter kvar. Nestemann p\u00e5 lista, Sverige, har halvparten s\u00e5 mange kj\u00f8pesenterkvadratmeter som oss. Samtidig er vi det landet med fleste bilbaserte kj\u00f8pesenter utanfor bysentrum. Det samla salsarealet til kj\u00f8pesenter i Noreg har i tillegg n\u00e6rast dobla seg p\u00e5 ti \u00e5r. Ein vedvarande katastrofe, kallar ekspertar denne trenden, for kj\u00f8pesenterutviklinga fremjar bilbruk og hindrar mjuke trafikantar og kollektivtrafikk.<\/p>\n<p>Journalist og forfattar Ronny Spaans har bes\u00f8kt 34 byar og bygdebyar teke denne utvikling p\u00e5 pulsen. Han har \u00f2g unders\u00f8kt andre trendar i stadutviklinga som skaper debatt: utbygging av kulturhus og sj\u00f8sider.<\/p>\n<p>Noreg er i ein av dei st\u00f8rste arkitektoniske omformingsprosessane i historia. Diskusjon om fjordbyen Oslo har vore framme i riksmedium. Men debatten om stadutvikling p\u00e5 mindre stader har det vore stilt om. Ikkje eingong utviklinga av den nye bydelen i Trondheim, Bratt\u00f8ra, har vore diskusjonstema.<\/p>\n<p>Denne boka g\u00e5r inn p\u00e5 desse trendane og viser at det er all grunn rope varsku, for utviklinga gjer noko med Noreg. Vi er i ferd med \u00e5 misse den tradisjonelle norske bygdebyen, slik vi kjenner han &#8211; ei samling av sm\u00e5skala, intime trehusgater.<\/p>\n","protected":false},"excerpt":{"rendered":"<p>Noreg har eit ekstremt forhold til kj\u00f8pesenter. Vi har det st\u00f8rste talet kj\u00f8pesenterkvadratmeter per innbyggjar i Europa. Fordelar vi talet kvadratmeter til innbyggjarane i landet, vil kvar innbyggjar f\u00e5 nesten \u00e9in kvadratmeter kvar. Nestemann p\u00e5 lista, Sverige, har halvparten s\u00e5 mange kj\u00f8pesenterkvadratmeter som oss. Samtidig er vi det landet med fleste bilbaserte kj\u00f8pesenter utanfor bysentrum. [&hellip;]<\/p>\n","protected":false},"featured_media":24319,"template":"","meta":{"_acf_changed":false,"inline_featured_image":false},"product_brand":[],"product_cat":[19,1785,32],"product_tag":[415,1392,362,860],"class_list":{"0":"post-21067","1":"product","2":"type-product","3":"status-publish","4":"has-post-thumbnail","6":"product_cat-arkitektur","7":"product_cat-fripris","8":"product_cat-samfunn-og-politikk","9":"product_tag-byplanlegging","10":"product_tag-detaljhandel","11":"product_tag-faglitteratur","12":"product_tag-lokalforvaltning","13":"pa_format-innbundet","15":"first","16":"instock","17":"shipping-taxable","18":"purchasable","19":"product-type-simple"},"acf":{"anmeldelse":null},"yoast_head":"<!-- This site is optimized with the Yoast SEO plugin v26.6 - https:\/\/yoast.com\/wordpress\/plugins\/seo\/ -->\n<title>Kj\u00f8pesenterlandet - Dreyers Forlag<\/title>\n<meta name=\"robots\" content=\"noindex, follow, max-snippet:-1, max-image-preview:large, max-video-preview:-1\" \/>\n<meta property=\"og:locale\" content=\"nb_NO\" \/>\n<meta property=\"og:type\" content=\"article\" \/>\n<meta property=\"og:title\" content=\"Kj\u00f8pesenterlandet - Dreyers Forlag\" \/>\n<meta property=\"og:description\" content=\"Noreg har eit ekstremt forhold til kj\u00f8pesenter. Vi har det st\u00f8rste talet kj\u00f8pesenterkvadratmeter per innbyggjar i Europa. Fordelar vi talet kvadratmeter til innbyggjarane i landet, vil kvar innbyggjar f\u00e5 nesten \u00e9in kvadratmeter kvar. Nestemann p\u00e5 lista, Sverige, har halvparten s\u00e5 mange kj\u00f8pesenterkvadratmeter som oss. Samtidig er vi det landet med fleste bilbaserte kj\u00f8pesenter utanfor bysentrum. [&hellip;]\" \/>\n<meta property=\"og:url\" content=\"https:\/\/staging.forenteforlag.no\/dreyers\/produkt\/kjopesenterlandet\/\" \/>\n<meta property=\"og:site_name\" content=\"Dreyers Forlag\" \/>\n<meta property=\"article:modified_time\" content=\"2025-09-04T11:51:09+00:00\" \/>\n<meta property=\"og:image\" content=\"https:\/\/staging.forenteforlag.no\/dreyers\/wp-content\/uploads\/sites\/2\/2025\/08\/jpg-8341-scaled-1-scaled.jpg\" \/>\n\t<meta property=\"og:image:width\" content=\"1920\" \/>\n\t<meta property=\"og:image:height\" content=\"1799\" \/>\n\t<meta property=\"og:image:type\" content=\"image\/jpeg\" \/>\n<meta name=\"twitter:card\" content=\"summary_large_image\" \/>\n<meta name=\"twitter:label1\" content=\"Ansl. lesetid\" \/>\n\t<meta name=\"twitter:data1\" content=\"1 minutt\" \/>\n<script type=\"application\/ld+json\" class=\"yoast-schema-graph\">{\"@context\":\"https:\/\/schema.org\",\"@graph\":[{\"@type\":\"WebPage\",\"@id\":\"https:\/\/staging.forenteforlag.no\/dreyers\/produkt\/kjopesenterlandet\/\",\"url\":\"https:\/\/staging.forenteforlag.no\/dreyers\/produkt\/kjopesenterlandet\/\",\"name\":\"Kj\u00f8pesenterlandet - Dreyers Forlag\",\"isPartOf\":{\"@id\":\"https:\/\/staging.forenteforlag.no\/dreyers\/#website\"},\"primaryImageOfPage\":{\"@id\":\"https:\/\/staging.forenteforlag.no\/dreyers\/produkt\/kjopesenterlandet\/#primaryimage\"},\"image\":{\"@id\":\"https:\/\/staging.forenteforlag.no\/dreyers\/produkt\/kjopesenterlandet\/#primaryimage\"},\"thumbnailUrl\":\"https:\/\/staging.forenteforlag.no\/dreyers\/wp-content\/uploads\/sites\/2\/2025\/08\/jpg-8341-scaled-1-scaled.jpg\",\"datePublished\":\"2017-02-28T00:00:00+00:00\",\"dateModified\":\"2025-09-04T11:51:09+00:00\",\"breadcrumb\":{\"@id\":\"https:\/\/staging.forenteforlag.no\/dreyers\/produkt\/kjopesenterlandet\/#breadcrumb\"},\"inLanguage\":\"nb-NO\",\"potentialAction\":[{\"@type\":\"ReadAction\",\"target\":[\"https:\/\/staging.forenteforlag.no\/dreyers\/produkt\/kjopesenterlandet\/\"]}]},{\"@type\":\"ImageObject\",\"inLanguage\":\"nb-NO\",\"@id\":\"https:\/\/staging.forenteforlag.no\/dreyers\/produkt\/kjopesenterlandet\/#primaryimage\",\"url\":\"https:\/\/staging.forenteforlag.no\/dreyers\/wp-content\/uploads\/sites\/2\/2025\/08\/jpg-8341-scaled-1-scaled.jpg\",\"contentUrl\":\"https:\/\/staging.forenteforlag.no\/dreyers\/wp-content\/uploads\/sites\/2\/2025\/08\/jpg-8341-scaled-1-scaled.jpg\",\"width\":1920,\"height\":1799},{\"@type\":\"BreadcrumbList\",\"@id\":\"https:\/\/staging.forenteforlag.no\/dreyers\/produkt\/kjopesenterlandet\/#breadcrumb\",\"itemListElement\":[{\"@type\":\"ListItem\",\"position\":1,\"name\":\"Hjem\",\"item\":\"https:\/\/staging.forenteforlag.no\/dreyers\/\"},{\"@type\":\"ListItem\",\"position\":2,\"name\":\"Alle b\u00f8ker\",\"item\":\"https:\/\/staging.forenteforlag.no\/dreyers\/butikk\/\"},{\"@type\":\"ListItem\",\"position\":3,\"name\":\"Kj\u00f8pesenterlandet\"}]},{\"@type\":\"WebSite\",\"@id\":\"https:\/\/staging.forenteforlag.no\/dreyers\/#website\",\"url\":\"https:\/\/staging.forenteforlag.no\/dreyers\/\",\"name\":\"Dreyers Forlag\",\"description\":\"\",\"potentialAction\":[{\"@type\":\"SearchAction\",\"target\":{\"@type\":\"EntryPoint\",\"urlTemplate\":\"https:\/\/staging.forenteforlag.no\/dreyers\/?s={search_term_string}\"},\"query-input\":{\"@type\":\"PropertyValueSpecification\",\"valueRequired\":true,\"valueName\":\"search_term_string\"}}],\"inLanguage\":\"nb-NO\"}]}<\/script>\n<!-- \/ Yoast SEO plugin. -->","yoast_head_json":{"title":"Kj\u00f8pesenterlandet - Dreyers Forlag","robots":{"index":"noindex","follow":"follow","max-snippet":"max-snippet:-1","max-image-preview":"max-image-preview:large","max-video-preview":"max-video-preview:-1"},"og_locale":"nb_NO","og_type":"article","og_title":"Kj\u00f8pesenterlandet - Dreyers Forlag","og_description":"Noreg har eit ekstremt forhold til kj\u00f8pesenter. Vi har det st\u00f8rste talet kj\u00f8pesenterkvadratmeter per innbyggjar i Europa. Fordelar vi talet kvadratmeter til innbyggjarane i landet, vil kvar innbyggjar f\u00e5 nesten \u00e9in kvadratmeter kvar. Nestemann p\u00e5 lista, Sverige, har halvparten s\u00e5 mange kj\u00f8pesenterkvadratmeter som oss. Samtidig er vi det landet med fleste bilbaserte kj\u00f8pesenter utanfor bysentrum. [&hellip;]","og_url":"https:\/\/staging.forenteforlag.no\/dreyers\/produkt\/kjopesenterlandet\/","og_site_name":"Dreyers Forlag","article_modified_time":"2025-09-04T11:51:09+00:00","og_image":[{"width":1920,"height":1799,"url":"https:\/\/staging.forenteforlag.no\/dreyers\/wp-content\/uploads\/sites\/2\/2025\/08\/jpg-8341-scaled-1-scaled.jpg","type":"image\/jpeg"}],"twitter_card":"summary_large_image","twitter_misc":{"Ansl. lesetid":"1 minutt"},"schema":{"@context":"https:\/\/schema.org","@graph":[{"@type":"WebPage","@id":"https:\/\/staging.forenteforlag.no\/dreyers\/produkt\/kjopesenterlandet\/","url":"https:\/\/staging.forenteforlag.no\/dreyers\/produkt\/kjopesenterlandet\/","name":"Kj\u00f8pesenterlandet - Dreyers Forlag","isPartOf":{"@id":"https:\/\/staging.forenteforlag.no\/dreyers\/#website"},"primaryImageOfPage":{"@id":"https:\/\/staging.forenteforlag.no\/dreyers\/produkt\/kjopesenterlandet\/#primaryimage"},"image":{"@id":"https:\/\/staging.forenteforlag.no\/dreyers\/produkt\/kjopesenterlandet\/#primaryimage"},"thumbnailUrl":"https:\/\/staging.forenteforlag.no\/dreyers\/wp-content\/uploads\/sites\/2\/2025\/08\/jpg-8341-scaled-1-scaled.jpg","datePublished":"2017-02-28T00:00:00+00:00","dateModified":"2025-09-04T11:51:09+00:00","breadcrumb":{"@id":"https:\/\/staging.forenteforlag.no\/dreyers\/produkt\/kjopesenterlandet\/#breadcrumb"},"inLanguage":"nb-NO","potentialAction":[{"@type":"ReadAction","target":["https:\/\/staging.forenteforlag.no\/dreyers\/produkt\/kjopesenterlandet\/"]}]},{"@type":"ImageObject","inLanguage":"nb-NO","@id":"https:\/\/staging.forenteforlag.no\/dreyers\/produkt\/kjopesenterlandet\/#primaryimage","url":"https:\/\/staging.forenteforlag.no\/dreyers\/wp-content\/uploads\/sites\/2\/2025\/08\/jpg-8341-scaled-1-scaled.jpg","contentUrl":"https:\/\/staging.forenteforlag.no\/dreyers\/wp-content\/uploads\/sites\/2\/2025\/08\/jpg-8341-scaled-1-scaled.jpg","width":1920,"height":1799},{"@type":"BreadcrumbList","@id":"https:\/\/staging.forenteforlag.no\/dreyers\/produkt\/kjopesenterlandet\/#breadcrumb","itemListElement":[{"@type":"ListItem","position":1,"name":"Hjem","item":"https:\/\/staging.forenteforlag.no\/dreyers\/"},{"@type":"ListItem","position":2,"name":"Alle b\u00f8ker","item":"https:\/\/staging.forenteforlag.no\/dreyers\/butikk\/"},{"@type":"ListItem","position":3,"name":"Kj\u00f8pesenterlandet"}]},{"@type":"WebSite","@id":"https:\/\/staging.forenteforlag.no\/dreyers\/#website","url":"https:\/\/staging.forenteforlag.no\/dreyers\/","name":"Dreyers Forlag","description":"","potentialAction":[{"@type":"SearchAction","target":{"@type":"EntryPoint","urlTemplate":"https:\/\/staging.forenteforlag.no\/dreyers\/?s={search_term_string}"},"query-input":{"@type":"PropertyValueSpecification","valueRequired":true,"valueName":"search_term_string"}}],"inLanguage":"nb-NO"}]}},"_links":{"self":[{"href":"https:\/\/staging.forenteforlag.no\/dreyers\/wp-json\/wp\/v2\/product\/21067","targetHints":{"allow":["GET"]}}],"collection":[{"href":"https:\/\/staging.forenteforlag.no\/dreyers\/wp-json\/wp\/v2\/product"}],"about":[{"href":"https:\/\/staging.forenteforlag.no\/dreyers\/wp-json\/wp\/v2\/types\/product"}],"wp:featuredmedia":[{"embeddable":true,"href":"https:\/\/staging.forenteforlag.no\/dreyers\/wp-json\/wp\/v2\/media\/24319"}],"wp:attachment":[{"href":"https:\/\/staging.forenteforlag.no\/dreyers\/wp-json\/wp\/v2\/media?parent=21067"}],"wp:term":[{"taxonomy":"product_brand","embeddable":true,"href":"https:\/\/staging.forenteforlag.no\/dreyers\/wp-json\/wp\/v2\/product_brand?post=21067"},{"taxonomy":"product_cat","embeddable":true,"href":"https:\/\/staging.forenteforlag.no\/dreyers\/wp-json\/wp\/v2\/product_cat?post=21067"},{"taxonomy":"product_tag","embeddable":true,"href":"https:\/\/staging.forenteforlag.no\/dreyers\/wp-json\/wp\/v2\/product_tag?post=21067"}],"curies":[{"name":"wp","href":"https:\/\/api.w.org\/{rel}","templated":true}]}}