{"id":21059,"date":"2015-03-12T01:00:00","date_gmt":"2015-03-12T00:00:00","guid":{"rendered":"https:\/\/dreyersforlag.forenteforlag.no\/produkt\/demokrati\/"},"modified":"2025-09-04T14:02:23","modified_gmt":"2025-09-04T12:02:23","slug":"demokrati","status":"publish","type":"product","link":"https:\/\/staging.forenteforlag.no\/dreyers\/produkt\/demokrati\/","title":{"rendered":"Demokrati"},"content":{"rendered":"<p>Demokratiet er en m\u00e5te \u00e5 organisere samfunnet p\u00e5, der \u00abdet ikke er noen f\u00e5, men flertallet som styrer\u00bb. Denne enkle definisjonen, som ble formulert av den greske h\u00e6rf\u00f8reren og politikeren Perikles for over 2400 \u00e5r siden, fanger godt inn det som er idealet bak demokratiske styresett ogs\u00e5 i v\u00e5r egen tid.<\/p>\n<p>Mellom oss og Perikles ligger det en rikholdig historie, og denne boken er et utsyn over utviklingen av demokratiet som id\u00e9 og politisk praksis fra antikken til det tjuef\u00f8rste \u00e5rhundret. Boken ser ogs\u00e5 i flere av bidragene n\u00e6rmere p\u00e5 de grunnleggende ideene bak det moderne demokratiet, og lar oss se v\u00e5rt eget politiske system fra nye og noen ganger uvante vinkler.<\/p>\n<p>Demokrati &#8211; historien og ideene har slik sett et dobbelt siktem\u00e5l. I tillegg til \u00e5 v\u00e6re en bred innf\u00f8ring i sitt tema, har den ogs\u00e5 som m\u00e5l \u00e5 bidra til \u00f8kt bevissthet og kritisk refleksjon om demokratiet i Norge og ellers i verden.<\/p>\n","protected":false},"excerpt":{"rendered":"<p>Demokratiet er en m\u00e5te \u00e5 organisere samfunnet p\u00e5, der \u00abdet ikke er noen f\u00e5, men flertallet som styrer\u00bb. Denne enkle definisjonen, som ble formulert av den greske h\u00e6rf\u00f8reren og politikeren Perikles for over 2400 \u00e5r siden, fanger godt inn det som er idealet bak demokratiske styresett ogs\u00e5 i v\u00e5r egen tid. Mellom oss og Perikles [&hellip;]<\/p>\n","protected":false},"featured_media":24380,"template":"","meta":{"_acf_changed":false,"inline_featured_image":false},"product_brand":[],"product_cat":[1785,32],"product_tag":[607,944,362],"class_list":{"0":"post-21059","1":"product","2":"type-product","3":"status-publish","4":"has-post-thumbnail","6":"product_cat-fripris","7":"product_cat-samfunn-og-politikk","8":"product_tag-bedriftshistorie","9":"product_tag-demokrati","10":"product_tag-faglitteratur","11":"pa_format-innbundet","13":"first","14":"instock","15":"shipping-taxable","16":"purchasable","17":"product-type-simple"},"acf":{"anmeldelse":null},"yoast_head":"<!-- This site is optimized with the Yoast SEO plugin v26.6 - https:\/\/yoast.com\/wordpress\/plugins\/seo\/ -->\n<title>Demokrati - Dreyers Forlag<\/title>\n<meta name=\"robots\" content=\"noindex, follow, max-snippet:-1, max-image-preview:large, max-video-preview:-1\" \/>\n<meta property=\"og:locale\" content=\"nb_NO\" \/>\n<meta property=\"og:type\" content=\"article\" \/>\n<meta property=\"og:title\" content=\"Demokrati - Dreyers Forlag\" \/>\n<meta property=\"og:description\" content=\"Demokratiet er en m\u00e5te \u00e5 organisere samfunnet p\u00e5, der \u00abdet ikke er noen f\u00e5, men flertallet som styrer\u00bb. Denne enkle definisjonen, som ble formulert av den greske h\u00e6rf\u00f8reren og politikeren Perikles for over 2400 \u00e5r siden, fanger godt inn det som er idealet bak demokratiske styresett ogs\u00e5 i v\u00e5r egen tid. Mellom oss og Perikles [&hellip;]\" \/>\n<meta property=\"og:url\" content=\"https:\/\/staging.forenteforlag.no\/dreyers\/produkt\/demokrati\/\" \/>\n<meta property=\"og:site_name\" content=\"Dreyers Forlag\" \/>\n<meta property=\"article:modified_time\" content=\"2025-09-04T12:02:23+00:00\" \/>\n<meta property=\"og:image\" content=\"https:\/\/staging.forenteforlag.no\/dreyers\/wp-content\/uploads\/sites\/2\/2025\/08\/jpg-8899-scaled-1-scaled.jpg\" \/>\n\t<meta property=\"og:image:width\" content=\"1409\" \/>\n\t<meta property=\"og:image:height\" content=\"1920\" \/>\n\t<meta property=\"og:image:type\" content=\"image\/jpeg\" \/>\n<meta name=\"twitter:card\" content=\"summary_large_image\" \/>\n<meta name=\"twitter:label1\" content=\"Ansl. lesetid\" \/>\n\t<meta name=\"twitter:data1\" content=\"2 minutter\" \/>\n<script type=\"application\/ld+json\" class=\"yoast-schema-graph\">{\"@context\":\"https:\/\/schema.org\",\"@graph\":[{\"@type\":\"WebPage\",\"@id\":\"https:\/\/staging.forenteforlag.no\/dreyers\/produkt\/demokrati\/\",\"url\":\"https:\/\/staging.forenteforlag.no\/dreyers\/produkt\/demokrati\/\",\"name\":\"Demokrati - Dreyers Forlag\",\"isPartOf\":{\"@id\":\"https:\/\/staging.forenteforlag.no\/dreyers\/#website\"},\"primaryImageOfPage\":{\"@id\":\"https:\/\/staging.forenteforlag.no\/dreyers\/produkt\/demokrati\/#primaryimage\"},\"image\":{\"@id\":\"https:\/\/staging.forenteforlag.no\/dreyers\/produkt\/demokrati\/#primaryimage\"},\"thumbnailUrl\":\"https:\/\/staging.forenteforlag.no\/dreyers\/wp-content\/uploads\/sites\/2\/2025\/08\/jpg-8899-scaled-1-scaled.jpg\",\"datePublished\":\"2015-03-12T00:00:00+00:00\",\"dateModified\":\"2025-09-04T12:02:23+00:00\",\"breadcrumb\":{\"@id\":\"https:\/\/staging.forenteforlag.no\/dreyers\/produkt\/demokrati\/#breadcrumb\"},\"inLanguage\":\"nb-NO\",\"potentialAction\":[{\"@type\":\"ReadAction\",\"target\":[\"https:\/\/staging.forenteforlag.no\/dreyers\/produkt\/demokrati\/\"]}]},{\"@type\":\"ImageObject\",\"inLanguage\":\"nb-NO\",\"@id\":\"https:\/\/staging.forenteforlag.no\/dreyers\/produkt\/demokrati\/#primaryimage\",\"url\":\"https:\/\/staging.forenteforlag.no\/dreyers\/wp-content\/uploads\/sites\/2\/2025\/08\/jpg-8899-scaled-1-scaled.jpg\",\"contentUrl\":\"https:\/\/staging.forenteforlag.no\/dreyers\/wp-content\/uploads\/sites\/2\/2025\/08\/jpg-8899-scaled-1-scaled.jpg\",\"width\":1409,\"height\":1920},{\"@type\":\"BreadcrumbList\",\"@id\":\"https:\/\/staging.forenteforlag.no\/dreyers\/produkt\/demokrati\/#breadcrumb\",\"itemListElement\":[{\"@type\":\"ListItem\",\"position\":1,\"name\":\"Hjem\",\"item\":\"https:\/\/staging.forenteforlag.no\/dreyers\/\"},{\"@type\":\"ListItem\",\"position\":2,\"name\":\"Alle b\u00f8ker\",\"item\":\"https:\/\/staging.forenteforlag.no\/dreyers\/butikk\/\"},{\"@type\":\"ListItem\",\"position\":3,\"name\":\"Demokrati\"}]},{\"@type\":\"WebSite\",\"@id\":\"https:\/\/staging.forenteforlag.no\/dreyers\/#website\",\"url\":\"https:\/\/staging.forenteforlag.no\/dreyers\/\",\"name\":\"Dreyers Forlag\",\"description\":\"\",\"potentialAction\":[{\"@type\":\"SearchAction\",\"target\":{\"@type\":\"EntryPoint\",\"urlTemplate\":\"https:\/\/staging.forenteforlag.no\/dreyers\/?s={search_term_string}\"},\"query-input\":{\"@type\":\"PropertyValueSpecification\",\"valueRequired\":true,\"valueName\":\"search_term_string\"}}],\"inLanguage\":\"nb-NO\"}]}<\/script>\n<!-- \/ Yoast SEO plugin. -->","yoast_head_json":{"title":"Demokrati - Dreyers Forlag","robots":{"index":"noindex","follow":"follow","max-snippet":"max-snippet:-1","max-image-preview":"max-image-preview:large","max-video-preview":"max-video-preview:-1"},"og_locale":"nb_NO","og_type":"article","og_title":"Demokrati - Dreyers Forlag","og_description":"Demokratiet er en m\u00e5te \u00e5 organisere samfunnet p\u00e5, der \u00abdet ikke er noen f\u00e5, men flertallet som styrer\u00bb. Denne enkle definisjonen, som ble formulert av den greske h\u00e6rf\u00f8reren og politikeren Perikles for over 2400 \u00e5r siden, fanger godt inn det som er idealet bak demokratiske styresett ogs\u00e5 i v\u00e5r egen tid. Mellom oss og Perikles [&hellip;]","og_url":"https:\/\/staging.forenteforlag.no\/dreyers\/produkt\/demokrati\/","og_site_name":"Dreyers Forlag","article_modified_time":"2025-09-04T12:02:23+00:00","og_image":[{"width":1409,"height":1920,"url":"https:\/\/staging.forenteforlag.no\/dreyers\/wp-content\/uploads\/sites\/2\/2025\/08\/jpg-8899-scaled-1-scaled.jpg","type":"image\/jpeg"}],"twitter_card":"summary_large_image","twitter_misc":{"Ansl. lesetid":"2 minutter"},"schema":{"@context":"https:\/\/schema.org","@graph":[{"@type":"WebPage","@id":"https:\/\/staging.forenteforlag.no\/dreyers\/produkt\/demokrati\/","url":"https:\/\/staging.forenteforlag.no\/dreyers\/produkt\/demokrati\/","name":"Demokrati - Dreyers Forlag","isPartOf":{"@id":"https:\/\/staging.forenteforlag.no\/dreyers\/#website"},"primaryImageOfPage":{"@id":"https:\/\/staging.forenteforlag.no\/dreyers\/produkt\/demokrati\/#primaryimage"},"image":{"@id":"https:\/\/staging.forenteforlag.no\/dreyers\/produkt\/demokrati\/#primaryimage"},"thumbnailUrl":"https:\/\/staging.forenteforlag.no\/dreyers\/wp-content\/uploads\/sites\/2\/2025\/08\/jpg-8899-scaled-1-scaled.jpg","datePublished":"2015-03-12T00:00:00+00:00","dateModified":"2025-09-04T12:02:23+00:00","breadcrumb":{"@id":"https:\/\/staging.forenteforlag.no\/dreyers\/produkt\/demokrati\/#breadcrumb"},"inLanguage":"nb-NO","potentialAction":[{"@type":"ReadAction","target":["https:\/\/staging.forenteforlag.no\/dreyers\/produkt\/demokrati\/"]}]},{"@type":"ImageObject","inLanguage":"nb-NO","@id":"https:\/\/staging.forenteforlag.no\/dreyers\/produkt\/demokrati\/#primaryimage","url":"https:\/\/staging.forenteforlag.no\/dreyers\/wp-content\/uploads\/sites\/2\/2025\/08\/jpg-8899-scaled-1-scaled.jpg","contentUrl":"https:\/\/staging.forenteforlag.no\/dreyers\/wp-content\/uploads\/sites\/2\/2025\/08\/jpg-8899-scaled-1-scaled.jpg","width":1409,"height":1920},{"@type":"BreadcrumbList","@id":"https:\/\/staging.forenteforlag.no\/dreyers\/produkt\/demokrati\/#breadcrumb","itemListElement":[{"@type":"ListItem","position":1,"name":"Hjem","item":"https:\/\/staging.forenteforlag.no\/dreyers\/"},{"@type":"ListItem","position":2,"name":"Alle b\u00f8ker","item":"https:\/\/staging.forenteforlag.no\/dreyers\/butikk\/"},{"@type":"ListItem","position":3,"name":"Demokrati"}]},{"@type":"WebSite","@id":"https:\/\/staging.forenteforlag.no\/dreyers\/#website","url":"https:\/\/staging.forenteforlag.no\/dreyers\/","name":"Dreyers Forlag","description":"","potentialAction":[{"@type":"SearchAction","target":{"@type":"EntryPoint","urlTemplate":"https:\/\/staging.forenteforlag.no\/dreyers\/?s={search_term_string}"},"query-input":{"@type":"PropertyValueSpecification","valueRequired":true,"valueName":"search_term_string"}}],"inLanguage":"nb-NO"}]}},"_links":{"self":[{"href":"https:\/\/staging.forenteforlag.no\/dreyers\/wp-json\/wp\/v2\/product\/21059","targetHints":{"allow":["GET"]}}],"collection":[{"href":"https:\/\/staging.forenteforlag.no\/dreyers\/wp-json\/wp\/v2\/product"}],"about":[{"href":"https:\/\/staging.forenteforlag.no\/dreyers\/wp-json\/wp\/v2\/types\/product"}],"wp:featuredmedia":[{"embeddable":true,"href":"https:\/\/staging.forenteforlag.no\/dreyers\/wp-json\/wp\/v2\/media\/24380"}],"wp:attachment":[{"href":"https:\/\/staging.forenteforlag.no\/dreyers\/wp-json\/wp\/v2\/media?parent=21059"}],"wp:term":[{"taxonomy":"product_brand","embeddable":true,"href":"https:\/\/staging.forenteforlag.no\/dreyers\/wp-json\/wp\/v2\/product_brand?post=21059"},{"taxonomy":"product_cat","embeddable":true,"href":"https:\/\/staging.forenteforlag.no\/dreyers\/wp-json\/wp\/v2\/product_cat?post=21059"},{"taxonomy":"product_tag","embeddable":true,"href":"https:\/\/staging.forenteforlag.no\/dreyers\/wp-json\/wp\/v2\/product_tag?post=21059"}],"curies":[{"name":"wp","href":"https:\/\/api.w.org\/{rel}","templated":true}]}}