{"id":21057,"date":"2017-10-06T02:00:00","date_gmt":"2017-10-06T00:00:00","guid":{"rendered":"https:\/\/dreyersforlag.forenteforlag.no\/produkt\/litteraere-kretslop\/"},"modified":"2025-08-27T12:26:21","modified_gmt":"2025-08-27T10:26:21","slug":"litteraere-kretslop","status":"publish","type":"product","link":"https:\/\/staging.forenteforlag.no\/dreyers\/produkt\/litteraere-kretslop\/","title":{"rendered":"Litter\u00e6re kretsl\u00f8p"},"content":{"rendered":"<p>Et litter\u00e6rt verk som har f\u00e5tt status som klassiker, er gjerne kommet ut i en rekke for.skjellige utgaver. I denne boka vier vi oppmerksomheten til sentrale forfatterskap og noen av de mest kjente verkene i norsk litteratur gjennom de siste 200 \u00e5rene.<br \/>\nHovedvekten i bokas fremstillinger ligger p\u00e5 de betydningsb\u00e6rende forskjellene mellom ulike utgaver av litter\u00e6re klassikere av f\u00f8lgende forfattere: Maurits Hansen, Asbj\u00f8rnsen og Moe, Camilla Collett, Bj\u00f8rnstjerne Bj\u00f8rnson, Henrik Ibsen, Arne Garborg, Amalie Skram, Knut Hamsun, Olav Duun, Cora Sandel, Aksel Sandemose, Tarjei Vesaas, Thorbj\u00f8rn Egner, Olav H. Hauge og Gunvor Hofmo.<br \/>\nMens de tradisjonelle norske litteraturhistoriene gjerne har konsentrert seg om historiene i b\u00f8kene og noen \u00e5ndshistoriske str\u00f8mninger fra kulturlivet, har vi konsentrert oss om historiene om b\u00f8kene og tekstene og de \u00f8konomiske og materielle betingelsene for produksjonen, distribusjonen og resepsjonen av dem.<\/p>\n","protected":false},"excerpt":{"rendered":"<p>Et litter\u00e6rt verk som har f\u00e5tt status som klassiker, er gjerne kommet ut i en rekke for.skjellige utgaver. I denne boka vier vi oppmerksomheten til sentrale forfatterskap og noen av de mest kjente verkene i norsk litteratur gjennom de siste 200 \u00e5rene. Hovedvekten i bokas fremstillinger ligger p\u00e5 de betydningsb\u00e6rende forskjellene mellom ulike utgaver av [&hellip;]<\/p>\n","protected":false},"featured_media":24427,"template":"","meta":{"_acf_changed":false,"inline_featured_image":false},"product_brand":[],"product_cat":[1785,26],"product_tag":[362,502,497,439],"class_list":{"0":"post-21057","1":"product","2":"type-product","3":"status-publish","4":"has-post-thumbnail","6":"product_cat-fripris","7":"product_cat-kunst-og-kultur","8":"product_tag-faglitteratur","9":"product_tag-laereboker-hoyere-utd","10":"product_tag-litteraturhistorie","11":"product_tag-nord-norge","12":"pa_format-innbundet","14":"first","15":"instock","16":"shipping-taxable","17":"purchasable","18":"product-type-simple"},"acf":{"anmeldelse":null},"yoast_head":"<!-- This site is optimized with the Yoast SEO plugin v26.6 - https:\/\/yoast.com\/wordpress\/plugins\/seo\/ -->\n<title>Litter\u00e6re kretsl\u00f8p - Dreyers Forlag<\/title>\n<meta name=\"robots\" content=\"noindex, follow, max-snippet:-1, max-image-preview:large, max-video-preview:-1\" \/>\n<meta property=\"og:locale\" content=\"nb_NO\" \/>\n<meta property=\"og:type\" content=\"article\" \/>\n<meta property=\"og:title\" content=\"Litter\u00e6re kretsl\u00f8p - Dreyers Forlag\" \/>\n<meta property=\"og:description\" content=\"Et litter\u00e6rt verk som har f\u00e5tt status som klassiker, er gjerne kommet ut i en rekke for.skjellige utgaver. I denne boka vier vi oppmerksomheten til sentrale forfatterskap og noen av de mest kjente verkene i norsk litteratur gjennom de siste 200 \u00e5rene. Hovedvekten i bokas fremstillinger ligger p\u00e5 de betydningsb\u00e6rende forskjellene mellom ulike utgaver av [&hellip;]\" \/>\n<meta property=\"og:url\" content=\"https:\/\/staging.forenteforlag.no\/dreyers\/produkt\/litteraere-kretslop\/\" \/>\n<meta property=\"og:site_name\" content=\"Dreyers Forlag\" \/>\n<meta property=\"article:modified_time\" content=\"2025-08-27T10:26:21+00:00\" \/>\n<meta property=\"og:image\" content=\"https:\/\/staging.forenteforlag.no\/dreyers\/wp-content\/uploads\/sites\/2\/2025\/08\/jpg-9288.jpg\" \/>\n\t<meta property=\"og:image:width\" content=\"671\" \/>\n\t<meta property=\"og:image:height\" content=\"923\" \/>\n\t<meta property=\"og:image:type\" content=\"image\/jpeg\" \/>\n<meta name=\"twitter:card\" content=\"summary_large_image\" \/>\n<meta name=\"twitter:label1\" content=\"Ansl. lesetid\" \/>\n\t<meta name=\"twitter:data1\" content=\"1 minutt\" \/>\n<script type=\"application\/ld+json\" class=\"yoast-schema-graph\">{\"@context\":\"https:\/\/schema.org\",\"@graph\":[{\"@type\":\"WebPage\",\"@id\":\"https:\/\/staging.forenteforlag.no\/dreyers\/produkt\/litteraere-kretslop\/\",\"url\":\"https:\/\/staging.forenteforlag.no\/dreyers\/produkt\/litteraere-kretslop\/\",\"name\":\"Litter\u00e6re kretsl\u00f8p - Dreyers Forlag\",\"isPartOf\":{\"@id\":\"https:\/\/staging.forenteforlag.no\/dreyers\/#website\"},\"primaryImageOfPage\":{\"@id\":\"https:\/\/staging.forenteforlag.no\/dreyers\/produkt\/litteraere-kretslop\/#primaryimage\"},\"image\":{\"@id\":\"https:\/\/staging.forenteforlag.no\/dreyers\/produkt\/litteraere-kretslop\/#primaryimage\"},\"thumbnailUrl\":\"https:\/\/staging.forenteforlag.no\/dreyers\/wp-content\/uploads\/sites\/2\/2025\/08\/jpg-9288.jpg\",\"datePublished\":\"2017-10-06T00:00:00+00:00\",\"dateModified\":\"2025-08-27T10:26:21+00:00\",\"breadcrumb\":{\"@id\":\"https:\/\/staging.forenteforlag.no\/dreyers\/produkt\/litteraere-kretslop\/#breadcrumb\"},\"inLanguage\":\"nb-NO\",\"potentialAction\":[{\"@type\":\"ReadAction\",\"target\":[\"https:\/\/staging.forenteforlag.no\/dreyers\/produkt\/litteraere-kretslop\/\"]}]},{\"@type\":\"ImageObject\",\"inLanguage\":\"nb-NO\",\"@id\":\"https:\/\/staging.forenteforlag.no\/dreyers\/produkt\/litteraere-kretslop\/#primaryimage\",\"url\":\"https:\/\/staging.forenteforlag.no\/dreyers\/wp-content\/uploads\/sites\/2\/2025\/08\/jpg-9288.jpg\",\"contentUrl\":\"https:\/\/staging.forenteforlag.no\/dreyers\/wp-content\/uploads\/sites\/2\/2025\/08\/jpg-9288.jpg\",\"width\":671,\"height\":923},{\"@type\":\"BreadcrumbList\",\"@id\":\"https:\/\/staging.forenteforlag.no\/dreyers\/produkt\/litteraere-kretslop\/#breadcrumb\",\"itemListElement\":[{\"@type\":\"ListItem\",\"position\":1,\"name\":\"Hjem\",\"item\":\"https:\/\/staging.forenteforlag.no\/dreyers\/\"},{\"@type\":\"ListItem\",\"position\":2,\"name\":\"Alle b\u00f8ker\",\"item\":\"https:\/\/staging.forenteforlag.no\/dreyers\/butikk\/\"},{\"@type\":\"ListItem\",\"position\":3,\"name\":\"Litter\u00e6re kretsl\u00f8p\"}]},{\"@type\":\"WebSite\",\"@id\":\"https:\/\/staging.forenteforlag.no\/dreyers\/#website\",\"url\":\"https:\/\/staging.forenteforlag.no\/dreyers\/\",\"name\":\"Dreyers Forlag\",\"description\":\"\",\"potentialAction\":[{\"@type\":\"SearchAction\",\"target\":{\"@type\":\"EntryPoint\",\"urlTemplate\":\"https:\/\/staging.forenteforlag.no\/dreyers\/?s={search_term_string}\"},\"query-input\":{\"@type\":\"PropertyValueSpecification\",\"valueRequired\":true,\"valueName\":\"search_term_string\"}}],\"inLanguage\":\"nb-NO\"}]}<\/script>\n<!-- \/ Yoast SEO plugin. -->","yoast_head_json":{"title":"Litter\u00e6re kretsl\u00f8p - Dreyers Forlag","robots":{"index":"noindex","follow":"follow","max-snippet":"max-snippet:-1","max-image-preview":"max-image-preview:large","max-video-preview":"max-video-preview:-1"},"og_locale":"nb_NO","og_type":"article","og_title":"Litter\u00e6re kretsl\u00f8p - Dreyers Forlag","og_description":"Et litter\u00e6rt verk som har f\u00e5tt status som klassiker, er gjerne kommet ut i en rekke for.skjellige utgaver. I denne boka vier vi oppmerksomheten til sentrale forfatterskap og noen av de mest kjente verkene i norsk litteratur gjennom de siste 200 \u00e5rene. Hovedvekten i bokas fremstillinger ligger p\u00e5 de betydningsb\u00e6rende forskjellene mellom ulike utgaver av [&hellip;]","og_url":"https:\/\/staging.forenteforlag.no\/dreyers\/produkt\/litteraere-kretslop\/","og_site_name":"Dreyers Forlag","article_modified_time":"2025-08-27T10:26:21+00:00","og_image":[{"width":671,"height":923,"url":"https:\/\/staging.forenteforlag.no\/dreyers\/wp-content\/uploads\/sites\/2\/2025\/08\/jpg-9288.jpg","type":"image\/jpeg"}],"twitter_card":"summary_large_image","twitter_misc":{"Ansl. lesetid":"1 minutt"},"schema":{"@context":"https:\/\/schema.org","@graph":[{"@type":"WebPage","@id":"https:\/\/staging.forenteforlag.no\/dreyers\/produkt\/litteraere-kretslop\/","url":"https:\/\/staging.forenteforlag.no\/dreyers\/produkt\/litteraere-kretslop\/","name":"Litter\u00e6re kretsl\u00f8p - Dreyers Forlag","isPartOf":{"@id":"https:\/\/staging.forenteforlag.no\/dreyers\/#website"},"primaryImageOfPage":{"@id":"https:\/\/staging.forenteforlag.no\/dreyers\/produkt\/litteraere-kretslop\/#primaryimage"},"image":{"@id":"https:\/\/staging.forenteforlag.no\/dreyers\/produkt\/litteraere-kretslop\/#primaryimage"},"thumbnailUrl":"https:\/\/staging.forenteforlag.no\/dreyers\/wp-content\/uploads\/sites\/2\/2025\/08\/jpg-9288.jpg","datePublished":"2017-10-06T00:00:00+00:00","dateModified":"2025-08-27T10:26:21+00:00","breadcrumb":{"@id":"https:\/\/staging.forenteforlag.no\/dreyers\/produkt\/litteraere-kretslop\/#breadcrumb"},"inLanguage":"nb-NO","potentialAction":[{"@type":"ReadAction","target":["https:\/\/staging.forenteforlag.no\/dreyers\/produkt\/litteraere-kretslop\/"]}]},{"@type":"ImageObject","inLanguage":"nb-NO","@id":"https:\/\/staging.forenteforlag.no\/dreyers\/produkt\/litteraere-kretslop\/#primaryimage","url":"https:\/\/staging.forenteforlag.no\/dreyers\/wp-content\/uploads\/sites\/2\/2025\/08\/jpg-9288.jpg","contentUrl":"https:\/\/staging.forenteforlag.no\/dreyers\/wp-content\/uploads\/sites\/2\/2025\/08\/jpg-9288.jpg","width":671,"height":923},{"@type":"BreadcrumbList","@id":"https:\/\/staging.forenteforlag.no\/dreyers\/produkt\/litteraere-kretslop\/#breadcrumb","itemListElement":[{"@type":"ListItem","position":1,"name":"Hjem","item":"https:\/\/staging.forenteforlag.no\/dreyers\/"},{"@type":"ListItem","position":2,"name":"Alle b\u00f8ker","item":"https:\/\/staging.forenteforlag.no\/dreyers\/butikk\/"},{"@type":"ListItem","position":3,"name":"Litter\u00e6re kretsl\u00f8p"}]},{"@type":"WebSite","@id":"https:\/\/staging.forenteforlag.no\/dreyers\/#website","url":"https:\/\/staging.forenteforlag.no\/dreyers\/","name":"Dreyers Forlag","description":"","potentialAction":[{"@type":"SearchAction","target":{"@type":"EntryPoint","urlTemplate":"https:\/\/staging.forenteforlag.no\/dreyers\/?s={search_term_string}"},"query-input":{"@type":"PropertyValueSpecification","valueRequired":true,"valueName":"search_term_string"}}],"inLanguage":"nb-NO"}]}},"_links":{"self":[{"href":"https:\/\/staging.forenteforlag.no\/dreyers\/wp-json\/wp\/v2\/product\/21057","targetHints":{"allow":["GET"]}}],"collection":[{"href":"https:\/\/staging.forenteforlag.no\/dreyers\/wp-json\/wp\/v2\/product"}],"about":[{"href":"https:\/\/staging.forenteforlag.no\/dreyers\/wp-json\/wp\/v2\/types\/product"}],"wp:featuredmedia":[{"embeddable":true,"href":"https:\/\/staging.forenteforlag.no\/dreyers\/wp-json\/wp\/v2\/media\/24427"}],"wp:attachment":[{"href":"https:\/\/staging.forenteforlag.no\/dreyers\/wp-json\/wp\/v2\/media?parent=21057"}],"wp:term":[{"taxonomy":"product_brand","embeddable":true,"href":"https:\/\/staging.forenteforlag.no\/dreyers\/wp-json\/wp\/v2\/product_brand?post=21057"},{"taxonomy":"product_cat","embeddable":true,"href":"https:\/\/staging.forenteforlag.no\/dreyers\/wp-json\/wp\/v2\/product_cat?post=21057"},{"taxonomy":"product_tag","embeddable":true,"href":"https:\/\/staging.forenteforlag.no\/dreyers\/wp-json\/wp\/v2\/product_tag?post=21057"}],"curies":[{"name":"wp","href":"https:\/\/api.w.org\/{rel}","templated":true}]}}