{"id":20921,"date":"2007-03-12T16:43:00","date_gmt":"2007-03-12T15:43:00","guid":{"rendered":"https:\/\/dreyersforlag.forenteforlag.no\/?post_type=product&#038;p=20921"},"modified":"2025-08-27T12:06:47","modified_gmt":"2025-08-27T10:06:47","slug":"bylokker-i-oslo","status":"publish","type":"product","link":"https:\/\/staging.forenteforlag.no\/dreyers\/produkt\/bylokker-i-oslo\/","title":{"rendered":"Byl\u00f8kker i Oslo"},"content":{"rendered":"<p>Bymarken var et stort gr\u00f8ntareal utenfor murbyen under Akershus slott. Det velst\u00e5ende borgerskap etablerte sine landsteder p\u00e5 byl\u00f8kkene i omr\u00e5det som i dag er indre Oslo vest.  Boken omtaler l\u00f8kkene fra de ble gitt av kong Christian 4. til borgerne til nesten hele omr\u00e5det var bebygd med villaer og leieg\u00e5rder.  Kjente bynavn som tidligere var l\u00f8kker er Hammersborg, Solli, Bislett, Stensparken, St. Hanshaugen, Rusel\u00f8kka og Munkedammen, for \u00e5 nevne noen. Hva har l\u00f8kkene navn fra og hvem bodde der? Boken gir svar p\u00e5 disse sp\u00f8rsm\u00e5lene og er en levende Oslo-historie. Dette er spennende lesning for alle som har tilknytning til hovedstaden og som er interessert i samfunns- og by- og arkitekturhistorie. Rikt illustrert.  Finn Holden har skrevet flere l\u00e6reb\u00f8ker i historie for den videreg\u00e5ende skole og en rekke lokalhistoriske utgivelser, blant annet Akerg\u00e5rder i Oslo (2003).<\/p>\n","protected":false},"excerpt":{"rendered":"<p>Bymarken var et stort gr\u00f8ntareal utenfor murbyen under Akershus slott. Det velst\u00e5ende borgerskap etablerte sine landsteder p\u00e5 byl\u00f8kkene i omr\u00e5det som i dag er indre Oslo vest. Boken omtaler l\u00f8kkene fra de ble gitt av kong Christian 4. til borgerne til nesten hele omr\u00e5det var bebygd med villaer og leieg\u00e5rder. Kjente bynavn som tidligere var [&hellip;]<\/p>\n","protected":false},"featured_media":24388,"template":"","meta":{"_acf_changed":false,"inline_featured_image":false},"product_brand":[],"product_cat":[1785,37],"product_tag":[362,525,377],"class_list":{"0":"post-20921","1":"product","2":"type-product","3":"status-publish","4":"has-post-thumbnail","6":"product_cat-fripris","7":"product_cat-oslo","8":"product_tag-faglitteratur","9":"product_tag-lokalhistorie","10":"product_tag-oslo","11":"pa_format-innbundet","13":"first","14":"instock","15":"shipping-taxable","16":"purchasable","17":"product-type-simple"},"acf":{"anmeldelse":null},"yoast_head":"<!-- This site is optimized with the Yoast SEO plugin v26.6 - https:\/\/yoast.com\/wordpress\/plugins\/seo\/ -->\n<title>Byl\u00f8kker i Oslo - Dreyers Forlag<\/title>\n<meta name=\"robots\" content=\"noindex, follow, max-snippet:-1, max-image-preview:large, max-video-preview:-1\" \/>\n<meta property=\"og:locale\" content=\"nb_NO\" \/>\n<meta property=\"og:type\" content=\"article\" \/>\n<meta property=\"og:title\" content=\"Byl\u00f8kker i Oslo - Dreyers Forlag\" \/>\n<meta property=\"og:description\" content=\"Bymarken var et stort gr\u00f8ntareal utenfor murbyen under Akershus slott. Det velst\u00e5ende borgerskap etablerte sine landsteder p\u00e5 byl\u00f8kkene i omr\u00e5det som i dag er indre Oslo vest. Boken omtaler l\u00f8kkene fra de ble gitt av kong Christian 4. til borgerne til nesten hele omr\u00e5det var bebygd med villaer og leieg\u00e5rder. Kjente bynavn som tidligere var [&hellip;]\" \/>\n<meta property=\"og:url\" content=\"https:\/\/staging.forenteforlag.no\/dreyers\/produkt\/bylokker-i-oslo\/\" \/>\n<meta property=\"og:site_name\" content=\"Dreyers Forlag\" \/>\n<meta property=\"article:modified_time\" content=\"2025-08-27T10:06:47+00:00\" \/>\n<meta property=\"og:image\" content=\"https:\/\/staging.forenteforlag.no\/dreyers\/wp-content\/uploads\/sites\/2\/2025\/08\/jpg-8940.jpg\" \/>\n\t<meta property=\"og:image:width\" content=\"344\" \/>\n\t<meta property=\"og:image:height\" content=\"450\" \/>\n\t<meta property=\"og:image:type\" content=\"image\/jpeg\" \/>\n<meta name=\"twitter:card\" content=\"summary_large_image\" \/>\n<meta name=\"twitter:label1\" content=\"Ansl. lesetid\" \/>\n\t<meta name=\"twitter:data1\" content=\"1 minutt\" \/>\n<script type=\"application\/ld+json\" class=\"yoast-schema-graph\">{\"@context\":\"https:\/\/schema.org\",\"@graph\":[{\"@type\":\"WebPage\",\"@id\":\"https:\/\/staging.forenteforlag.no\/dreyers\/produkt\/bylokker-i-oslo\/\",\"url\":\"https:\/\/staging.forenteforlag.no\/dreyers\/produkt\/bylokker-i-oslo\/\",\"name\":\"Byl\u00f8kker i Oslo - Dreyers Forlag\",\"isPartOf\":{\"@id\":\"https:\/\/staging.forenteforlag.no\/dreyers\/#website\"},\"primaryImageOfPage\":{\"@id\":\"https:\/\/staging.forenteforlag.no\/dreyers\/produkt\/bylokker-i-oslo\/#primaryimage\"},\"image\":{\"@id\":\"https:\/\/staging.forenteforlag.no\/dreyers\/produkt\/bylokker-i-oslo\/#primaryimage\"},\"thumbnailUrl\":\"https:\/\/staging.forenteforlag.no\/dreyers\/wp-content\/uploads\/sites\/2\/2025\/08\/jpg-8940.jpg\",\"datePublished\":\"2007-03-12T15:43:00+00:00\",\"dateModified\":\"2025-08-27T10:06:47+00:00\",\"breadcrumb\":{\"@id\":\"https:\/\/staging.forenteforlag.no\/dreyers\/produkt\/bylokker-i-oslo\/#breadcrumb\"},\"inLanguage\":\"nb-NO\",\"potentialAction\":[{\"@type\":\"ReadAction\",\"target\":[\"https:\/\/staging.forenteforlag.no\/dreyers\/produkt\/bylokker-i-oslo\/\"]}]},{\"@type\":\"ImageObject\",\"inLanguage\":\"nb-NO\",\"@id\":\"https:\/\/staging.forenteforlag.no\/dreyers\/produkt\/bylokker-i-oslo\/#primaryimage\",\"url\":\"https:\/\/staging.forenteforlag.no\/dreyers\/wp-content\/uploads\/sites\/2\/2025\/08\/jpg-8940.jpg\",\"contentUrl\":\"https:\/\/staging.forenteforlag.no\/dreyers\/wp-content\/uploads\/sites\/2\/2025\/08\/jpg-8940.jpg\",\"width\":344,\"height\":450},{\"@type\":\"BreadcrumbList\",\"@id\":\"https:\/\/staging.forenteforlag.no\/dreyers\/produkt\/bylokker-i-oslo\/#breadcrumb\",\"itemListElement\":[{\"@type\":\"ListItem\",\"position\":1,\"name\":\"Hjem\",\"item\":\"https:\/\/staging.forenteforlag.no\/dreyers\/\"},{\"@type\":\"ListItem\",\"position\":2,\"name\":\"Alle b\u00f8ker\",\"item\":\"https:\/\/staging.forenteforlag.no\/dreyers\/butikk\/\"},{\"@type\":\"ListItem\",\"position\":3,\"name\":\"Byl\u00f8kker i Oslo\"}]},{\"@type\":\"WebSite\",\"@id\":\"https:\/\/staging.forenteforlag.no\/dreyers\/#website\",\"url\":\"https:\/\/staging.forenteforlag.no\/dreyers\/\",\"name\":\"Dreyers Forlag\",\"description\":\"\",\"potentialAction\":[{\"@type\":\"SearchAction\",\"target\":{\"@type\":\"EntryPoint\",\"urlTemplate\":\"https:\/\/staging.forenteforlag.no\/dreyers\/?s={search_term_string}\"},\"query-input\":{\"@type\":\"PropertyValueSpecification\",\"valueRequired\":true,\"valueName\":\"search_term_string\"}}],\"inLanguage\":\"nb-NO\"}]}<\/script>\n<!-- \/ Yoast SEO plugin. -->","yoast_head_json":{"title":"Byl\u00f8kker i Oslo - Dreyers Forlag","robots":{"index":"noindex","follow":"follow","max-snippet":"max-snippet:-1","max-image-preview":"max-image-preview:large","max-video-preview":"max-video-preview:-1"},"og_locale":"nb_NO","og_type":"article","og_title":"Byl\u00f8kker i Oslo - Dreyers Forlag","og_description":"Bymarken var et stort gr\u00f8ntareal utenfor murbyen under Akershus slott. Det velst\u00e5ende borgerskap etablerte sine landsteder p\u00e5 byl\u00f8kkene i omr\u00e5det som i dag er indre Oslo vest. Boken omtaler l\u00f8kkene fra de ble gitt av kong Christian 4. til borgerne til nesten hele omr\u00e5det var bebygd med villaer og leieg\u00e5rder. Kjente bynavn som tidligere var [&hellip;]","og_url":"https:\/\/staging.forenteforlag.no\/dreyers\/produkt\/bylokker-i-oslo\/","og_site_name":"Dreyers Forlag","article_modified_time":"2025-08-27T10:06:47+00:00","og_image":[{"width":344,"height":450,"url":"https:\/\/staging.forenteforlag.no\/dreyers\/wp-content\/uploads\/sites\/2\/2025\/08\/jpg-8940.jpg","type":"image\/jpeg"}],"twitter_card":"summary_large_image","twitter_misc":{"Ansl. lesetid":"1 minutt"},"schema":{"@context":"https:\/\/schema.org","@graph":[{"@type":"WebPage","@id":"https:\/\/staging.forenteforlag.no\/dreyers\/produkt\/bylokker-i-oslo\/","url":"https:\/\/staging.forenteforlag.no\/dreyers\/produkt\/bylokker-i-oslo\/","name":"Byl\u00f8kker i Oslo - Dreyers Forlag","isPartOf":{"@id":"https:\/\/staging.forenteforlag.no\/dreyers\/#website"},"primaryImageOfPage":{"@id":"https:\/\/staging.forenteforlag.no\/dreyers\/produkt\/bylokker-i-oslo\/#primaryimage"},"image":{"@id":"https:\/\/staging.forenteforlag.no\/dreyers\/produkt\/bylokker-i-oslo\/#primaryimage"},"thumbnailUrl":"https:\/\/staging.forenteforlag.no\/dreyers\/wp-content\/uploads\/sites\/2\/2025\/08\/jpg-8940.jpg","datePublished":"2007-03-12T15:43:00+00:00","dateModified":"2025-08-27T10:06:47+00:00","breadcrumb":{"@id":"https:\/\/staging.forenteforlag.no\/dreyers\/produkt\/bylokker-i-oslo\/#breadcrumb"},"inLanguage":"nb-NO","potentialAction":[{"@type":"ReadAction","target":["https:\/\/staging.forenteforlag.no\/dreyers\/produkt\/bylokker-i-oslo\/"]}]},{"@type":"ImageObject","inLanguage":"nb-NO","@id":"https:\/\/staging.forenteforlag.no\/dreyers\/produkt\/bylokker-i-oslo\/#primaryimage","url":"https:\/\/staging.forenteforlag.no\/dreyers\/wp-content\/uploads\/sites\/2\/2025\/08\/jpg-8940.jpg","contentUrl":"https:\/\/staging.forenteforlag.no\/dreyers\/wp-content\/uploads\/sites\/2\/2025\/08\/jpg-8940.jpg","width":344,"height":450},{"@type":"BreadcrumbList","@id":"https:\/\/staging.forenteforlag.no\/dreyers\/produkt\/bylokker-i-oslo\/#breadcrumb","itemListElement":[{"@type":"ListItem","position":1,"name":"Hjem","item":"https:\/\/staging.forenteforlag.no\/dreyers\/"},{"@type":"ListItem","position":2,"name":"Alle b\u00f8ker","item":"https:\/\/staging.forenteforlag.no\/dreyers\/butikk\/"},{"@type":"ListItem","position":3,"name":"Byl\u00f8kker i Oslo"}]},{"@type":"WebSite","@id":"https:\/\/staging.forenteforlag.no\/dreyers\/#website","url":"https:\/\/staging.forenteforlag.no\/dreyers\/","name":"Dreyers Forlag","description":"","potentialAction":[{"@type":"SearchAction","target":{"@type":"EntryPoint","urlTemplate":"https:\/\/staging.forenteforlag.no\/dreyers\/?s={search_term_string}"},"query-input":{"@type":"PropertyValueSpecification","valueRequired":true,"valueName":"search_term_string"}}],"inLanguage":"nb-NO"}]}},"_links":{"self":[{"href":"https:\/\/staging.forenteforlag.no\/dreyers\/wp-json\/wp\/v2\/product\/20921","targetHints":{"allow":["GET"]}}],"collection":[{"href":"https:\/\/staging.forenteforlag.no\/dreyers\/wp-json\/wp\/v2\/product"}],"about":[{"href":"https:\/\/staging.forenteforlag.no\/dreyers\/wp-json\/wp\/v2\/types\/product"}],"wp:featuredmedia":[{"embeddable":true,"href":"https:\/\/staging.forenteforlag.no\/dreyers\/wp-json\/wp\/v2\/media\/24388"}],"wp:attachment":[{"href":"https:\/\/staging.forenteforlag.no\/dreyers\/wp-json\/wp\/v2\/media?parent=20921"}],"wp:term":[{"taxonomy":"product_brand","embeddable":true,"href":"https:\/\/staging.forenteforlag.no\/dreyers\/wp-json\/wp\/v2\/product_brand?post=20921"},{"taxonomy":"product_cat","embeddable":true,"href":"https:\/\/staging.forenteforlag.no\/dreyers\/wp-json\/wp\/v2\/product_cat?post=20921"},{"taxonomy":"product_tag","embeddable":true,"href":"https:\/\/staging.forenteforlag.no\/dreyers\/wp-json\/wp\/v2\/product_tag?post=20921"}],"curies":[{"name":"wp","href":"https:\/\/api.w.org\/{rel}","templated":true}]}}