{"id":20919,"date":"2000-03-12T16:42:59","date_gmt":"2000-03-12T15:42:59","guid":{"rendered":"https:\/\/dreyersforlag.forenteforlag.no\/?post_type=product&#038;p=20919"},"modified":"2025-08-27T12:15:15","modified_gmt":"2025-08-27T10:15:15","slug":"nordmarksliv","status":"publish","type":"product","link":"https:\/\/staging.forenteforlag.no\/dreyers\/produkt\/nordmarksliv\/","title":{"rendered":"Nordmarksliv"},"content":{"rendered":"<p>Denne boken handler om dagliglivet p\u00e5 Storfl\u00e5tan, enav de eldste plassene i Nordmarka og p\u00e5 Krokskogen. Gjennom utallige turer ogsamtaler med Anders og Astrid Fl\u00e5ten, er de eldste fastboende i Nordmarka, harHuseby f\u00e5tt overlevert historien . eller rettere sagt alle historiene . om familienFl\u00e5tens liv p\u00e5 Storfl\u00e5ten siden 1914.<br \/>\nNordmarksliv. En beretning fra Storfl\u00e5tangir innblikk i daglivet p\u00e5 en nordmarksplass. Den forteller omoppsittersystemet under L\u00f8venskiold . senere L\u00f8venskiold . V\u00e6ker\u00f8, om skogfolkenesliv med tommerhogst og fl\u00f8ting, om gardsdrift, og om enkel jordbruk.Forfatteren er spesielt opptatt av den gamle serveringskulturen i Marka, og giret godt bilde av markaturismen p\u00e5 1900 . tallet. Ikke minst dokumentasjonen avhverdagslivet og . kvinnfolkarbeidet. gj\u00f8r boken viktig i arbeidet for \u00e5 tavare p\u00e5 kunnskaper og innsikter som er i ferd med \u00e5 g\u00e5 i glemmeboken.<\/p>\n","protected":false},"excerpt":{"rendered":"<p>Denne boken handler om dagliglivet p\u00e5 Storfl\u00e5tan, enav de eldste plassene i Nordmarka og p\u00e5 Krokskogen. Gjennom utallige turer ogsamtaler med Anders og Astrid Fl\u00e5ten, er de eldste fastboende i Nordmarka, harHuseby f\u00e5tt overlevert historien . eller rettere sagt alle historiene . om familienFl\u00e5tens liv p\u00e5 Storfl\u00e5ten siden 1914. Nordmarksliv. En beretning fra Storfl\u00e5tangir innblikk [&hellip;]<\/p>\n","protected":false},"featured_media":24405,"template":"","meta":{"_acf_changed":false,"inline_featured_image":false},"product_brand":[],"product_cat":[1785,37],"product_tag":[441,362,525,377],"class_list":{"0":"post-20919","1":"product","2":"type-product","3":"status-publish","4":"has-post-thumbnail","6":"product_cat-fripris","7":"product_cat-oslo","8":"product_tag-1900-tallet","9":"product_tag-faglitteratur","10":"product_tag-lokalhistorie","11":"product_tag-oslo","12":"pa_format-innbundet","14":"first","15":"instock","16":"shipping-taxable","17":"purchasable","18":"product-type-simple"},"acf":{"anmeldelse":null},"yoast_head":"<!-- This site is optimized with the Yoast SEO plugin v26.6 - https:\/\/yoast.com\/wordpress\/plugins\/seo\/ -->\n<title>Nordmarksliv - Dreyers Forlag<\/title>\n<meta name=\"robots\" content=\"noindex, follow, max-snippet:-1, max-image-preview:large, max-video-preview:-1\" \/>\n<meta property=\"og:locale\" content=\"nb_NO\" \/>\n<meta property=\"og:type\" content=\"article\" \/>\n<meta property=\"og:title\" content=\"Nordmarksliv - Dreyers Forlag\" \/>\n<meta property=\"og:description\" content=\"Denne boken handler om dagliglivet p\u00e5 Storfl\u00e5tan, enav de eldste plassene i Nordmarka og p\u00e5 Krokskogen. Gjennom utallige turer ogsamtaler med Anders og Astrid Fl\u00e5ten, er de eldste fastboende i Nordmarka, harHuseby f\u00e5tt overlevert historien . eller rettere sagt alle historiene . om familienFl\u00e5tens liv p\u00e5 Storfl\u00e5ten siden 1914. Nordmarksliv. En beretning fra Storfl\u00e5tangir innblikk [&hellip;]\" \/>\n<meta property=\"og:url\" content=\"https:\/\/staging.forenteforlag.no\/dreyers\/produkt\/nordmarksliv\/\" \/>\n<meta property=\"og:site_name\" content=\"Dreyers Forlag\" \/>\n<meta property=\"article:modified_time\" content=\"2025-08-27T10:15:15+00:00\" \/>\n<meta property=\"og:image\" content=\"https:\/\/staging.forenteforlag.no\/dreyers\/wp-content\/uploads\/sites\/2\/2025\/08\/jpg-9100.jpg\" \/>\n\t<meta property=\"og:image:width\" content=\"307\" \/>\n\t<meta property=\"og:image:height\" content=\"450\" \/>\n\t<meta property=\"og:image:type\" content=\"image\/jpeg\" \/>\n<meta name=\"twitter:card\" content=\"summary_large_image\" \/>\n<meta name=\"twitter:label1\" content=\"Ansl. lesetid\" \/>\n\t<meta name=\"twitter:data1\" content=\"1 minutt\" \/>\n<script type=\"application\/ld+json\" class=\"yoast-schema-graph\">{\"@context\":\"https:\/\/schema.org\",\"@graph\":[{\"@type\":\"WebPage\",\"@id\":\"https:\/\/staging.forenteforlag.no\/dreyers\/produkt\/nordmarksliv\/\",\"url\":\"https:\/\/staging.forenteforlag.no\/dreyers\/produkt\/nordmarksliv\/\",\"name\":\"Nordmarksliv - Dreyers Forlag\",\"isPartOf\":{\"@id\":\"https:\/\/staging.forenteforlag.no\/dreyers\/#website\"},\"primaryImageOfPage\":{\"@id\":\"https:\/\/staging.forenteforlag.no\/dreyers\/produkt\/nordmarksliv\/#primaryimage\"},\"image\":{\"@id\":\"https:\/\/staging.forenteforlag.no\/dreyers\/produkt\/nordmarksliv\/#primaryimage\"},\"thumbnailUrl\":\"https:\/\/staging.forenteforlag.no\/dreyers\/wp-content\/uploads\/sites\/2\/2025\/08\/jpg-9100.jpg\",\"datePublished\":\"2000-03-12T15:42:59+00:00\",\"dateModified\":\"2025-08-27T10:15:15+00:00\",\"breadcrumb\":{\"@id\":\"https:\/\/staging.forenteforlag.no\/dreyers\/produkt\/nordmarksliv\/#breadcrumb\"},\"inLanguage\":\"nb-NO\",\"potentialAction\":[{\"@type\":\"ReadAction\",\"target\":[\"https:\/\/staging.forenteforlag.no\/dreyers\/produkt\/nordmarksliv\/\"]}]},{\"@type\":\"ImageObject\",\"inLanguage\":\"nb-NO\",\"@id\":\"https:\/\/staging.forenteforlag.no\/dreyers\/produkt\/nordmarksliv\/#primaryimage\",\"url\":\"https:\/\/staging.forenteforlag.no\/dreyers\/wp-content\/uploads\/sites\/2\/2025\/08\/jpg-9100.jpg\",\"contentUrl\":\"https:\/\/staging.forenteforlag.no\/dreyers\/wp-content\/uploads\/sites\/2\/2025\/08\/jpg-9100.jpg\",\"width\":307,\"height\":450},{\"@type\":\"BreadcrumbList\",\"@id\":\"https:\/\/staging.forenteforlag.no\/dreyers\/produkt\/nordmarksliv\/#breadcrumb\",\"itemListElement\":[{\"@type\":\"ListItem\",\"position\":1,\"name\":\"Hjem\",\"item\":\"https:\/\/staging.forenteforlag.no\/dreyers\/\"},{\"@type\":\"ListItem\",\"position\":2,\"name\":\"Alle b\u00f8ker\",\"item\":\"https:\/\/staging.forenteforlag.no\/dreyers\/butikk\/\"},{\"@type\":\"ListItem\",\"position\":3,\"name\":\"Nordmarksliv\"}]},{\"@type\":\"WebSite\",\"@id\":\"https:\/\/staging.forenteforlag.no\/dreyers\/#website\",\"url\":\"https:\/\/staging.forenteforlag.no\/dreyers\/\",\"name\":\"Dreyers Forlag\",\"description\":\"\",\"potentialAction\":[{\"@type\":\"SearchAction\",\"target\":{\"@type\":\"EntryPoint\",\"urlTemplate\":\"https:\/\/staging.forenteforlag.no\/dreyers\/?s={search_term_string}\"},\"query-input\":{\"@type\":\"PropertyValueSpecification\",\"valueRequired\":true,\"valueName\":\"search_term_string\"}}],\"inLanguage\":\"nb-NO\"}]}<\/script>\n<!-- \/ Yoast SEO plugin. -->","yoast_head_json":{"title":"Nordmarksliv - Dreyers Forlag","robots":{"index":"noindex","follow":"follow","max-snippet":"max-snippet:-1","max-image-preview":"max-image-preview:large","max-video-preview":"max-video-preview:-1"},"og_locale":"nb_NO","og_type":"article","og_title":"Nordmarksliv - Dreyers Forlag","og_description":"Denne boken handler om dagliglivet p\u00e5 Storfl\u00e5tan, enav de eldste plassene i Nordmarka og p\u00e5 Krokskogen. Gjennom utallige turer ogsamtaler med Anders og Astrid Fl\u00e5ten, er de eldste fastboende i Nordmarka, harHuseby f\u00e5tt overlevert historien . eller rettere sagt alle historiene . om familienFl\u00e5tens liv p\u00e5 Storfl\u00e5ten siden 1914. Nordmarksliv. En beretning fra Storfl\u00e5tangir innblikk [&hellip;]","og_url":"https:\/\/staging.forenteforlag.no\/dreyers\/produkt\/nordmarksliv\/","og_site_name":"Dreyers Forlag","article_modified_time":"2025-08-27T10:15:15+00:00","og_image":[{"width":307,"height":450,"url":"https:\/\/staging.forenteforlag.no\/dreyers\/wp-content\/uploads\/sites\/2\/2025\/08\/jpg-9100.jpg","type":"image\/jpeg"}],"twitter_card":"summary_large_image","twitter_misc":{"Ansl. lesetid":"1 minutt"},"schema":{"@context":"https:\/\/schema.org","@graph":[{"@type":"WebPage","@id":"https:\/\/staging.forenteforlag.no\/dreyers\/produkt\/nordmarksliv\/","url":"https:\/\/staging.forenteforlag.no\/dreyers\/produkt\/nordmarksliv\/","name":"Nordmarksliv - Dreyers Forlag","isPartOf":{"@id":"https:\/\/staging.forenteforlag.no\/dreyers\/#website"},"primaryImageOfPage":{"@id":"https:\/\/staging.forenteforlag.no\/dreyers\/produkt\/nordmarksliv\/#primaryimage"},"image":{"@id":"https:\/\/staging.forenteforlag.no\/dreyers\/produkt\/nordmarksliv\/#primaryimage"},"thumbnailUrl":"https:\/\/staging.forenteforlag.no\/dreyers\/wp-content\/uploads\/sites\/2\/2025\/08\/jpg-9100.jpg","datePublished":"2000-03-12T15:42:59+00:00","dateModified":"2025-08-27T10:15:15+00:00","breadcrumb":{"@id":"https:\/\/staging.forenteforlag.no\/dreyers\/produkt\/nordmarksliv\/#breadcrumb"},"inLanguage":"nb-NO","potentialAction":[{"@type":"ReadAction","target":["https:\/\/staging.forenteforlag.no\/dreyers\/produkt\/nordmarksliv\/"]}]},{"@type":"ImageObject","inLanguage":"nb-NO","@id":"https:\/\/staging.forenteforlag.no\/dreyers\/produkt\/nordmarksliv\/#primaryimage","url":"https:\/\/staging.forenteforlag.no\/dreyers\/wp-content\/uploads\/sites\/2\/2025\/08\/jpg-9100.jpg","contentUrl":"https:\/\/staging.forenteforlag.no\/dreyers\/wp-content\/uploads\/sites\/2\/2025\/08\/jpg-9100.jpg","width":307,"height":450},{"@type":"BreadcrumbList","@id":"https:\/\/staging.forenteforlag.no\/dreyers\/produkt\/nordmarksliv\/#breadcrumb","itemListElement":[{"@type":"ListItem","position":1,"name":"Hjem","item":"https:\/\/staging.forenteforlag.no\/dreyers\/"},{"@type":"ListItem","position":2,"name":"Alle b\u00f8ker","item":"https:\/\/staging.forenteforlag.no\/dreyers\/butikk\/"},{"@type":"ListItem","position":3,"name":"Nordmarksliv"}]},{"@type":"WebSite","@id":"https:\/\/staging.forenteforlag.no\/dreyers\/#website","url":"https:\/\/staging.forenteforlag.no\/dreyers\/","name":"Dreyers Forlag","description":"","potentialAction":[{"@type":"SearchAction","target":{"@type":"EntryPoint","urlTemplate":"https:\/\/staging.forenteforlag.no\/dreyers\/?s={search_term_string}"},"query-input":{"@type":"PropertyValueSpecification","valueRequired":true,"valueName":"search_term_string"}}],"inLanguage":"nb-NO"}]}},"_links":{"self":[{"href":"https:\/\/staging.forenteforlag.no\/dreyers\/wp-json\/wp\/v2\/product\/20919","targetHints":{"allow":["GET"]}}],"collection":[{"href":"https:\/\/staging.forenteforlag.no\/dreyers\/wp-json\/wp\/v2\/product"}],"about":[{"href":"https:\/\/staging.forenteforlag.no\/dreyers\/wp-json\/wp\/v2\/types\/product"}],"wp:featuredmedia":[{"embeddable":true,"href":"https:\/\/staging.forenteforlag.no\/dreyers\/wp-json\/wp\/v2\/media\/24405"}],"wp:attachment":[{"href":"https:\/\/staging.forenteforlag.no\/dreyers\/wp-json\/wp\/v2\/media?parent=20919"}],"wp:term":[{"taxonomy":"product_brand","embeddable":true,"href":"https:\/\/staging.forenteforlag.no\/dreyers\/wp-json\/wp\/v2\/product_brand?post=20919"},{"taxonomy":"product_cat","embeddable":true,"href":"https:\/\/staging.forenteforlag.no\/dreyers\/wp-json\/wp\/v2\/product_cat?post=20919"},{"taxonomy":"product_tag","embeddable":true,"href":"https:\/\/staging.forenteforlag.no\/dreyers\/wp-json\/wp\/v2\/product_tag?post=20919"}],"curies":[{"name":"wp","href":"https:\/\/api.w.org\/{rel}","templated":true}]}}