{"id":20914,"date":"1981-03-12T16:42:58","date_gmt":"1981-03-12T15:42:58","guid":{"rendered":"https:\/\/dreyersforlag.forenteforlag.no\/?post_type=product&#038;p=20914"},"modified":"2025-08-27T08:04:52","modified_gmt":"2025-08-27T06:04:52","slug":"bygget-i-norge","status":"publish","type":"product","link":"https:\/\/staging.forenteforlag.no\/dreyers\/produkt\/bygget-i-norge\/","title":{"rendered":"Bygget i Norge"},"content":{"rendered":"<p>Et unikt verk som tar for seg norsk bygningshistorie gjennom tusen \u00e5r, fra vikingtiden til etterkrigstiden. Skrevet og tegnet av arkitekten Odd Brochmann, 1900-tallets store norske formidler av arkitektur og stilhistorie. Han er en forfatter som evner \u00e5 kombinere solid fagkunnskap med popul\u00e6r form, hvilket gj\u00f8r boken aktuell b\u00e5de for arkitektstanden og et st\u00f8rre publikum.  Bygget i Norge er hovedverket i hans imponerende og omfattende forfatterskap. Dette bindet dekker tiden fra 1814 til etterkrigstiden.  &laquo;En mer appelerende innf\u00f8ring i norsk arkitektur kan man vanskelig tenke seg &#8230;&raquo; Ulf Gr\u00f8nvold, DAGENS N\u00c6RINGSLIV<\/p>\n","protected":false},"excerpt":{"rendered":"<p>Et unikt verk som tar for seg norsk bygningshistorie gjennom tusen \u00e5r, fra vikingtiden til etterkrigstiden. Skrevet og tegnet av arkitekten Odd Brochmann, 1900-tallets store norske formidler av arkitektur og stilhistorie. Han er en forfatter som evner \u00e5 kombinere solid fagkunnskap med popul\u00e6r form, hvilket gj\u00f8r boken aktuell b\u00e5de for arkitektstanden og et st\u00f8rre publikum. [&hellip;]<\/p>\n","protected":false},"featured_media":24048,"template":"","meta":{"_acf_changed":false,"inline_featured_image":false},"product_brand":[],"product_cat":[19,1785],"product_tag":[394,441,438,362,361,439],"class_list":{"0":"post-20914","1":"product","2":"type-product","3":"status-publish","4":"has-post-thumbnail","6":"product_cat-arkitektur","7":"product_cat-fripris","8":"product_tag-1800-tallet","9":"product_tag-1900-tallet","10":"product_tag-arkitektur","11":"product_tag-faglitteratur","12":"product_tag-kulturhistorie","13":"product_tag-nord-norge","14":"pa_format-innbundet","16":"first","17":"instock","18":"shipping-taxable","19":"purchasable","20":"product-type-simple"},"acf":{"anmeldelse":null},"yoast_head":"<!-- This site is optimized with the Yoast SEO plugin v26.6 - https:\/\/yoast.com\/wordpress\/plugins\/seo\/ -->\n<title>Bygget i Norge - Dreyers Forlag<\/title>\n<meta name=\"robots\" content=\"noindex, follow, max-snippet:-1, max-image-preview:large, max-video-preview:-1\" \/>\n<meta property=\"og:locale\" content=\"nb_NO\" \/>\n<meta property=\"og:type\" content=\"article\" \/>\n<meta property=\"og:title\" content=\"Bygget i Norge - Dreyers Forlag\" \/>\n<meta property=\"og:description\" content=\"Et unikt verk som tar for seg norsk bygningshistorie gjennom tusen \u00e5r, fra vikingtiden til etterkrigstiden. Skrevet og tegnet av arkitekten Odd Brochmann, 1900-tallets store norske formidler av arkitektur og stilhistorie. Han er en forfatter som evner \u00e5 kombinere solid fagkunnskap med popul\u00e6r form, hvilket gj\u00f8r boken aktuell b\u00e5de for arkitektstanden og et st\u00f8rre publikum. [&hellip;]\" \/>\n<meta property=\"og:url\" content=\"https:\/\/staging.forenteforlag.no\/dreyers\/produkt\/bygget-i-norge\/\" \/>\n<meta property=\"og:site_name\" content=\"Dreyers Forlag\" \/>\n<meta property=\"article:modified_time\" content=\"2025-08-27T06:04:52+00:00\" \/>\n<meta property=\"og:image\" content=\"https:\/\/staging.forenteforlag.no\/dreyers\/wp-content\/uploads\/sites\/2\/2025\/08\/jpg-5727.jpg\" \/>\n\t<meta property=\"og:image:width\" content=\"336\" \/>\n\t<meta property=\"og:image:height\" content=\"449\" \/>\n\t<meta property=\"og:image:type\" content=\"image\/jpeg\" \/>\n<meta name=\"twitter:card\" content=\"summary_large_image\" \/>\n<script type=\"application\/ld+json\" class=\"yoast-schema-graph\">{\"@context\":\"https:\/\/schema.org\",\"@graph\":[{\"@type\":\"WebPage\",\"@id\":\"https:\/\/staging.forenteforlag.no\/dreyers\/produkt\/bygget-i-norge\/\",\"url\":\"https:\/\/staging.forenteforlag.no\/dreyers\/produkt\/bygget-i-norge\/\",\"name\":\"Bygget i Norge - Dreyers Forlag\",\"isPartOf\":{\"@id\":\"https:\/\/staging.forenteforlag.no\/dreyers\/#website\"},\"primaryImageOfPage\":{\"@id\":\"https:\/\/staging.forenteforlag.no\/dreyers\/produkt\/bygget-i-norge\/#primaryimage\"},\"image\":{\"@id\":\"https:\/\/staging.forenteforlag.no\/dreyers\/produkt\/bygget-i-norge\/#primaryimage\"},\"thumbnailUrl\":\"https:\/\/staging.forenteforlag.no\/dreyers\/wp-content\/uploads\/sites\/2\/2025\/08\/jpg-5727.jpg\",\"datePublished\":\"1981-03-12T15:42:58+00:00\",\"dateModified\":\"2025-08-27T06:04:52+00:00\",\"breadcrumb\":{\"@id\":\"https:\/\/staging.forenteforlag.no\/dreyers\/produkt\/bygget-i-norge\/#breadcrumb\"},\"inLanguage\":\"nb-NO\",\"potentialAction\":[{\"@type\":\"ReadAction\",\"target\":[\"https:\/\/staging.forenteforlag.no\/dreyers\/produkt\/bygget-i-norge\/\"]}]},{\"@type\":\"ImageObject\",\"inLanguage\":\"nb-NO\",\"@id\":\"https:\/\/staging.forenteforlag.no\/dreyers\/produkt\/bygget-i-norge\/#primaryimage\",\"url\":\"https:\/\/staging.forenteforlag.no\/dreyers\/wp-content\/uploads\/sites\/2\/2025\/08\/jpg-5727.jpg\",\"contentUrl\":\"https:\/\/staging.forenteforlag.no\/dreyers\/wp-content\/uploads\/sites\/2\/2025\/08\/jpg-5727.jpg\",\"width\":336,\"height\":449},{\"@type\":\"BreadcrumbList\",\"@id\":\"https:\/\/staging.forenteforlag.no\/dreyers\/produkt\/bygget-i-norge\/#breadcrumb\",\"itemListElement\":[{\"@type\":\"ListItem\",\"position\":1,\"name\":\"Hjem\",\"item\":\"https:\/\/staging.forenteforlag.no\/dreyers\/\"},{\"@type\":\"ListItem\",\"position\":2,\"name\":\"Alle b\u00f8ker\",\"item\":\"https:\/\/staging.forenteforlag.no\/dreyers\/butikk\/\"},{\"@type\":\"ListItem\",\"position\":3,\"name\":\"Bygget i Norge\"}]},{\"@type\":\"WebSite\",\"@id\":\"https:\/\/staging.forenteforlag.no\/dreyers\/#website\",\"url\":\"https:\/\/staging.forenteforlag.no\/dreyers\/\",\"name\":\"Dreyers Forlag\",\"description\":\"\",\"potentialAction\":[{\"@type\":\"SearchAction\",\"target\":{\"@type\":\"EntryPoint\",\"urlTemplate\":\"https:\/\/staging.forenteforlag.no\/dreyers\/?s={search_term_string}\"},\"query-input\":{\"@type\":\"PropertyValueSpecification\",\"valueRequired\":true,\"valueName\":\"search_term_string\"}}],\"inLanguage\":\"nb-NO\"}]}<\/script>\n<!-- \/ Yoast SEO plugin. -->","yoast_head_json":{"title":"Bygget i Norge - Dreyers Forlag","robots":{"index":"noindex","follow":"follow","max-snippet":"max-snippet:-1","max-image-preview":"max-image-preview:large","max-video-preview":"max-video-preview:-1"},"og_locale":"nb_NO","og_type":"article","og_title":"Bygget i Norge - Dreyers Forlag","og_description":"Et unikt verk som tar for seg norsk bygningshistorie gjennom tusen \u00e5r, fra vikingtiden til etterkrigstiden. Skrevet og tegnet av arkitekten Odd Brochmann, 1900-tallets store norske formidler av arkitektur og stilhistorie. Han er en forfatter som evner \u00e5 kombinere solid fagkunnskap med popul\u00e6r form, hvilket gj\u00f8r boken aktuell b\u00e5de for arkitektstanden og et st\u00f8rre publikum. [&hellip;]","og_url":"https:\/\/staging.forenteforlag.no\/dreyers\/produkt\/bygget-i-norge\/","og_site_name":"Dreyers Forlag","article_modified_time":"2025-08-27T06:04:52+00:00","og_image":[{"width":336,"height":449,"url":"https:\/\/staging.forenteforlag.no\/dreyers\/wp-content\/uploads\/sites\/2\/2025\/08\/jpg-5727.jpg","type":"image\/jpeg"}],"twitter_card":"summary_large_image","schema":{"@context":"https:\/\/schema.org","@graph":[{"@type":"WebPage","@id":"https:\/\/staging.forenteforlag.no\/dreyers\/produkt\/bygget-i-norge\/","url":"https:\/\/staging.forenteforlag.no\/dreyers\/produkt\/bygget-i-norge\/","name":"Bygget i Norge - Dreyers Forlag","isPartOf":{"@id":"https:\/\/staging.forenteforlag.no\/dreyers\/#website"},"primaryImageOfPage":{"@id":"https:\/\/staging.forenteforlag.no\/dreyers\/produkt\/bygget-i-norge\/#primaryimage"},"image":{"@id":"https:\/\/staging.forenteforlag.no\/dreyers\/produkt\/bygget-i-norge\/#primaryimage"},"thumbnailUrl":"https:\/\/staging.forenteforlag.no\/dreyers\/wp-content\/uploads\/sites\/2\/2025\/08\/jpg-5727.jpg","datePublished":"1981-03-12T15:42:58+00:00","dateModified":"2025-08-27T06:04:52+00:00","breadcrumb":{"@id":"https:\/\/staging.forenteforlag.no\/dreyers\/produkt\/bygget-i-norge\/#breadcrumb"},"inLanguage":"nb-NO","potentialAction":[{"@type":"ReadAction","target":["https:\/\/staging.forenteforlag.no\/dreyers\/produkt\/bygget-i-norge\/"]}]},{"@type":"ImageObject","inLanguage":"nb-NO","@id":"https:\/\/staging.forenteforlag.no\/dreyers\/produkt\/bygget-i-norge\/#primaryimage","url":"https:\/\/staging.forenteforlag.no\/dreyers\/wp-content\/uploads\/sites\/2\/2025\/08\/jpg-5727.jpg","contentUrl":"https:\/\/staging.forenteforlag.no\/dreyers\/wp-content\/uploads\/sites\/2\/2025\/08\/jpg-5727.jpg","width":336,"height":449},{"@type":"BreadcrumbList","@id":"https:\/\/staging.forenteforlag.no\/dreyers\/produkt\/bygget-i-norge\/#breadcrumb","itemListElement":[{"@type":"ListItem","position":1,"name":"Hjem","item":"https:\/\/staging.forenteforlag.no\/dreyers\/"},{"@type":"ListItem","position":2,"name":"Alle b\u00f8ker","item":"https:\/\/staging.forenteforlag.no\/dreyers\/butikk\/"},{"@type":"ListItem","position":3,"name":"Bygget i Norge"}]},{"@type":"WebSite","@id":"https:\/\/staging.forenteforlag.no\/dreyers\/#website","url":"https:\/\/staging.forenteforlag.no\/dreyers\/","name":"Dreyers Forlag","description":"","potentialAction":[{"@type":"SearchAction","target":{"@type":"EntryPoint","urlTemplate":"https:\/\/staging.forenteforlag.no\/dreyers\/?s={search_term_string}"},"query-input":{"@type":"PropertyValueSpecification","valueRequired":true,"valueName":"search_term_string"}}],"inLanguage":"nb-NO"}]}},"_links":{"self":[{"href":"https:\/\/staging.forenteforlag.no\/dreyers\/wp-json\/wp\/v2\/product\/20914","targetHints":{"allow":["GET"]}}],"collection":[{"href":"https:\/\/staging.forenteforlag.no\/dreyers\/wp-json\/wp\/v2\/product"}],"about":[{"href":"https:\/\/staging.forenteforlag.no\/dreyers\/wp-json\/wp\/v2\/types\/product"}],"wp:featuredmedia":[{"embeddable":true,"href":"https:\/\/staging.forenteforlag.no\/dreyers\/wp-json\/wp\/v2\/media\/24048"}],"wp:attachment":[{"href":"https:\/\/staging.forenteforlag.no\/dreyers\/wp-json\/wp\/v2\/media?parent=20914"}],"wp:term":[{"taxonomy":"product_brand","embeddable":true,"href":"https:\/\/staging.forenteforlag.no\/dreyers\/wp-json\/wp\/v2\/product_brand?post=20914"},{"taxonomy":"product_cat","embeddable":true,"href":"https:\/\/staging.forenteforlag.no\/dreyers\/wp-json\/wp\/v2\/product_cat?post=20914"},{"taxonomy":"product_tag","embeddable":true,"href":"https:\/\/staging.forenteforlag.no\/dreyers\/wp-json\/wp\/v2\/product_tag?post=20914"}],"curies":[{"name":"wp","href":"https:\/\/api.w.org\/{rel}","templated":true}]}}