{"id":20902,"date":"2005-03-12T16:42:54","date_gmt":"2005-03-12T15:42:54","guid":{"rendered":"https:\/\/dreyersforlag.forenteforlag.no\/?post_type=product&#038;p=20902"},"modified":"2025-11-04T16:12:23","modified_gmt":"2025-11-04T15:12:23","slug":"krokskogen-pa-kryss-og-tvers","status":"publish","type":"product","link":"https:\/\/staging.forenteforlag.no\/dreyers\/produkt\/krokskogen-pa-kryss-og-tvers\/","title":{"rendered":"Krokskogen p\u00e5 kryss og tvers"},"content":{"rendered":"<p>Krokskogen p\u00e5 kryss og tvers inneholder beskrivelser av 35 vandringer p\u00e5 Kroksogen. Felles for alle turene er at de f\u00f8lger kulturhistoriske spor i marka. Vi f\u00f8lger i den femten\u00e5rige Peter Chr. Asbj\u00f8rnsens fotspor p\u00e5 vei til artiumskurs p\u00e5 Ringerike, eller opps\u00f8ker viktige gamle markaplasser som n\u00e5 er enten borte eller fraflyttet. Grimstad viser oss stier og l\u00f8yper utenfor allfarvei, bestiger spennende topper, viser vei i trange daler og formidler gamle anekdoter og glemte historier. Med tilgang til L\u00f8venskiold Arkiver, kan Grimstad ogs\u00e5 fremvise en historisk bilde- og kartmateriale av det sjeldne. Her er mange spennende og nye turer for markavandrere. Rikt illustrert med gamle og nye fotografier og kart.<\/p>\n","protected":false},"excerpt":{"rendered":"<p>Krokskogen p\u00e5 kryss og tvers inneholder beskrivelser av 35 vandringer p\u00e5 Kroksogen. Felles for alle turene er at de f\u00f8lger kulturhistoriske spor i marka. Vi f\u00f8lger i den femten\u00e5rige Peter Chr. Asbj\u00f8rnsens fotspor p\u00e5 vei til artiumskurs p\u00e5 Ringerike, eller opps\u00f8ker viktige gamle markaplasser som n\u00e5 er enten borte eller fraflyttet. Grimstad viser oss stier [&hellip;]<\/p>\n","protected":false},"featured_media":24210,"template":"","meta":{"_acf_changed":false,"inline_featured_image":false},"product_brand":[],"product_cat":[1785,37],"product_tag":[684,862,362,838,361,525,377],"class_list":{"0":"post-20902","1":"product","2":"type-product","3":"status-publish","4":"has-post-thumbnail","6":"product_cat-fripris","7":"product_cat-oslo","8":"product_tag-akershus","9":"product_tag-buskerud","10":"product_tag-faglitteratur","11":"product_tag-fotturer","12":"product_tag-kulturhistorie","13":"product_tag-lokalhistorie","14":"product_tag-oslo","15":"pa_format-innbundet","17":"first","18":"instock","19":"shipping-taxable","20":"purchasable","21":"product-type-simple"},"acf":{"anmeldelse":null},"yoast_head":"<!-- This site is optimized with the Yoast SEO plugin v26.6 - https:\/\/yoast.com\/wordpress\/plugins\/seo\/ -->\n<title>Krokskogen p\u00e5 kryss og tvers - Dreyers Forlag<\/title>\n<meta name=\"robots\" content=\"noindex, follow, max-snippet:-1, max-image-preview:large, max-video-preview:-1\" \/>\n<meta property=\"og:locale\" content=\"nb_NO\" \/>\n<meta property=\"og:type\" content=\"article\" \/>\n<meta property=\"og:title\" content=\"Krokskogen p\u00e5 kryss og tvers - Dreyers Forlag\" \/>\n<meta property=\"og:description\" content=\"Krokskogen p\u00e5 kryss og tvers inneholder beskrivelser av 35 vandringer p\u00e5 Kroksogen. Felles for alle turene er at de f\u00f8lger kulturhistoriske spor i marka. Vi f\u00f8lger i den femten\u00e5rige Peter Chr. Asbj\u00f8rnsens fotspor p\u00e5 vei til artiumskurs p\u00e5 Ringerike, eller opps\u00f8ker viktige gamle markaplasser som n\u00e5 er enten borte eller fraflyttet. Grimstad viser oss stier [&hellip;]\" \/>\n<meta property=\"og:url\" content=\"https:\/\/staging.forenteforlag.no\/dreyers\/produkt\/krokskogen-pa-kryss-og-tvers\/\" \/>\n<meta property=\"og:site_name\" content=\"Dreyers Forlag\" \/>\n<meta property=\"article:modified_time\" content=\"2025-11-04T15:12:23+00:00\" \/>\n<meta property=\"og:image\" content=\"https:\/\/staging.forenteforlag.no\/dreyers\/wp-content\/uploads\/sites\/2\/2025\/08\/jpg-7334.jpg\" \/>\n\t<meta property=\"og:image:width\" content=\"401\" \/>\n\t<meta property=\"og:image:height\" content=\"450\" \/>\n\t<meta property=\"og:image:type\" content=\"image\/jpeg\" \/>\n<meta name=\"twitter:card\" content=\"summary_large_image\" \/>\n<meta name=\"twitter:label1\" content=\"Ansl. lesetid\" \/>\n\t<meta name=\"twitter:data1\" content=\"1 minutt\" \/>\n<script type=\"application\/ld+json\" class=\"yoast-schema-graph\">{\"@context\":\"https:\/\/schema.org\",\"@graph\":[{\"@type\":\"WebPage\",\"@id\":\"https:\/\/staging.forenteforlag.no\/dreyers\/produkt\/krokskogen-pa-kryss-og-tvers\/\",\"url\":\"https:\/\/staging.forenteforlag.no\/dreyers\/produkt\/krokskogen-pa-kryss-og-tvers\/\",\"name\":\"Krokskogen p\u00e5 kryss og tvers - Dreyers Forlag\",\"isPartOf\":{\"@id\":\"https:\/\/staging.forenteforlag.no\/dreyers\/#website\"},\"primaryImageOfPage\":{\"@id\":\"https:\/\/staging.forenteforlag.no\/dreyers\/produkt\/krokskogen-pa-kryss-og-tvers\/#primaryimage\"},\"image\":{\"@id\":\"https:\/\/staging.forenteforlag.no\/dreyers\/produkt\/krokskogen-pa-kryss-og-tvers\/#primaryimage\"},\"thumbnailUrl\":\"https:\/\/staging.forenteforlag.no\/dreyers\/wp-content\/uploads\/sites\/2\/2025\/08\/jpg-7334.jpg\",\"datePublished\":\"2005-03-12T15:42:54+00:00\",\"dateModified\":\"2025-11-04T15:12:23+00:00\",\"breadcrumb\":{\"@id\":\"https:\/\/staging.forenteforlag.no\/dreyers\/produkt\/krokskogen-pa-kryss-og-tvers\/#breadcrumb\"},\"inLanguage\":\"nb-NO\",\"potentialAction\":[{\"@type\":\"ReadAction\",\"target\":[\"https:\/\/staging.forenteforlag.no\/dreyers\/produkt\/krokskogen-pa-kryss-og-tvers\/\"]}]},{\"@type\":\"ImageObject\",\"inLanguage\":\"nb-NO\",\"@id\":\"https:\/\/staging.forenteforlag.no\/dreyers\/produkt\/krokskogen-pa-kryss-og-tvers\/#primaryimage\",\"url\":\"https:\/\/staging.forenteforlag.no\/dreyers\/wp-content\/uploads\/sites\/2\/2025\/08\/jpg-7334.jpg\",\"contentUrl\":\"https:\/\/staging.forenteforlag.no\/dreyers\/wp-content\/uploads\/sites\/2\/2025\/08\/jpg-7334.jpg\",\"width\":401,\"height\":450},{\"@type\":\"BreadcrumbList\",\"@id\":\"https:\/\/staging.forenteforlag.no\/dreyers\/produkt\/krokskogen-pa-kryss-og-tvers\/#breadcrumb\",\"itemListElement\":[{\"@type\":\"ListItem\",\"position\":1,\"name\":\"Hjem\",\"item\":\"https:\/\/staging.forenteforlag.no\/dreyers\/\"},{\"@type\":\"ListItem\",\"position\":2,\"name\":\"Alle b\u00f8ker\",\"item\":\"https:\/\/staging.forenteforlag.no\/dreyers\/butikk\/\"},{\"@type\":\"ListItem\",\"position\":3,\"name\":\"Krokskogen p\u00e5 kryss og tvers\"}]},{\"@type\":\"WebSite\",\"@id\":\"https:\/\/staging.forenteforlag.no\/dreyers\/#website\",\"url\":\"https:\/\/staging.forenteforlag.no\/dreyers\/\",\"name\":\"Dreyers Forlag\",\"description\":\"\",\"potentialAction\":[{\"@type\":\"SearchAction\",\"target\":{\"@type\":\"EntryPoint\",\"urlTemplate\":\"https:\/\/staging.forenteforlag.no\/dreyers\/?s={search_term_string}\"},\"query-input\":{\"@type\":\"PropertyValueSpecification\",\"valueRequired\":true,\"valueName\":\"search_term_string\"}}],\"inLanguage\":\"nb-NO\"}]}<\/script>\n<!-- \/ Yoast SEO plugin. -->","yoast_head_json":{"title":"Krokskogen p\u00e5 kryss og tvers - Dreyers Forlag","robots":{"index":"noindex","follow":"follow","max-snippet":"max-snippet:-1","max-image-preview":"max-image-preview:large","max-video-preview":"max-video-preview:-1"},"og_locale":"nb_NO","og_type":"article","og_title":"Krokskogen p\u00e5 kryss og tvers - Dreyers Forlag","og_description":"Krokskogen p\u00e5 kryss og tvers inneholder beskrivelser av 35 vandringer p\u00e5 Kroksogen. Felles for alle turene er at de f\u00f8lger kulturhistoriske spor i marka. Vi f\u00f8lger i den femten\u00e5rige Peter Chr. Asbj\u00f8rnsens fotspor p\u00e5 vei til artiumskurs p\u00e5 Ringerike, eller opps\u00f8ker viktige gamle markaplasser som n\u00e5 er enten borte eller fraflyttet. Grimstad viser oss stier [&hellip;]","og_url":"https:\/\/staging.forenteforlag.no\/dreyers\/produkt\/krokskogen-pa-kryss-og-tvers\/","og_site_name":"Dreyers Forlag","article_modified_time":"2025-11-04T15:12:23+00:00","og_image":[{"width":401,"height":450,"url":"https:\/\/staging.forenteforlag.no\/dreyers\/wp-content\/uploads\/sites\/2\/2025\/08\/jpg-7334.jpg","type":"image\/jpeg"}],"twitter_card":"summary_large_image","twitter_misc":{"Ansl. lesetid":"1 minutt"},"schema":{"@context":"https:\/\/schema.org","@graph":[{"@type":"WebPage","@id":"https:\/\/staging.forenteforlag.no\/dreyers\/produkt\/krokskogen-pa-kryss-og-tvers\/","url":"https:\/\/staging.forenteforlag.no\/dreyers\/produkt\/krokskogen-pa-kryss-og-tvers\/","name":"Krokskogen p\u00e5 kryss og tvers - Dreyers Forlag","isPartOf":{"@id":"https:\/\/staging.forenteforlag.no\/dreyers\/#website"},"primaryImageOfPage":{"@id":"https:\/\/staging.forenteforlag.no\/dreyers\/produkt\/krokskogen-pa-kryss-og-tvers\/#primaryimage"},"image":{"@id":"https:\/\/staging.forenteforlag.no\/dreyers\/produkt\/krokskogen-pa-kryss-og-tvers\/#primaryimage"},"thumbnailUrl":"https:\/\/staging.forenteforlag.no\/dreyers\/wp-content\/uploads\/sites\/2\/2025\/08\/jpg-7334.jpg","datePublished":"2005-03-12T15:42:54+00:00","dateModified":"2025-11-04T15:12:23+00:00","breadcrumb":{"@id":"https:\/\/staging.forenteforlag.no\/dreyers\/produkt\/krokskogen-pa-kryss-og-tvers\/#breadcrumb"},"inLanguage":"nb-NO","potentialAction":[{"@type":"ReadAction","target":["https:\/\/staging.forenteforlag.no\/dreyers\/produkt\/krokskogen-pa-kryss-og-tvers\/"]}]},{"@type":"ImageObject","inLanguage":"nb-NO","@id":"https:\/\/staging.forenteforlag.no\/dreyers\/produkt\/krokskogen-pa-kryss-og-tvers\/#primaryimage","url":"https:\/\/staging.forenteforlag.no\/dreyers\/wp-content\/uploads\/sites\/2\/2025\/08\/jpg-7334.jpg","contentUrl":"https:\/\/staging.forenteforlag.no\/dreyers\/wp-content\/uploads\/sites\/2\/2025\/08\/jpg-7334.jpg","width":401,"height":450},{"@type":"BreadcrumbList","@id":"https:\/\/staging.forenteforlag.no\/dreyers\/produkt\/krokskogen-pa-kryss-og-tvers\/#breadcrumb","itemListElement":[{"@type":"ListItem","position":1,"name":"Hjem","item":"https:\/\/staging.forenteforlag.no\/dreyers\/"},{"@type":"ListItem","position":2,"name":"Alle b\u00f8ker","item":"https:\/\/staging.forenteforlag.no\/dreyers\/butikk\/"},{"@type":"ListItem","position":3,"name":"Krokskogen p\u00e5 kryss og tvers"}]},{"@type":"WebSite","@id":"https:\/\/staging.forenteforlag.no\/dreyers\/#website","url":"https:\/\/staging.forenteforlag.no\/dreyers\/","name":"Dreyers Forlag","description":"","potentialAction":[{"@type":"SearchAction","target":{"@type":"EntryPoint","urlTemplate":"https:\/\/staging.forenteforlag.no\/dreyers\/?s={search_term_string}"},"query-input":{"@type":"PropertyValueSpecification","valueRequired":true,"valueName":"search_term_string"}}],"inLanguage":"nb-NO"}]}},"_links":{"self":[{"href":"https:\/\/staging.forenteforlag.no\/dreyers\/wp-json\/wp\/v2\/product\/20902","targetHints":{"allow":["GET"]}}],"collection":[{"href":"https:\/\/staging.forenteforlag.no\/dreyers\/wp-json\/wp\/v2\/product"}],"about":[{"href":"https:\/\/staging.forenteforlag.no\/dreyers\/wp-json\/wp\/v2\/types\/product"}],"wp:featuredmedia":[{"embeddable":true,"href":"https:\/\/staging.forenteforlag.no\/dreyers\/wp-json\/wp\/v2\/media\/24210"}],"wp:attachment":[{"href":"https:\/\/staging.forenteforlag.no\/dreyers\/wp-json\/wp\/v2\/media?parent=20902"}],"wp:term":[{"taxonomy":"product_brand","embeddable":true,"href":"https:\/\/staging.forenteforlag.no\/dreyers\/wp-json\/wp\/v2\/product_brand?post=20902"},{"taxonomy":"product_cat","embeddable":true,"href":"https:\/\/staging.forenteforlag.no\/dreyers\/wp-json\/wp\/v2\/product_cat?post=20902"},{"taxonomy":"product_tag","embeddable":true,"href":"https:\/\/staging.forenteforlag.no\/dreyers\/wp-json\/wp\/v2\/product_tag?post=20902"}],"curies":[{"name":"wp","href":"https:\/\/api.w.org\/{rel}","templated":true}]}}