{"id":20901,"date":"1997-03-12T16:42:53","date_gmt":"1997-03-12T15:42:53","guid":{"rendered":"https:\/\/dreyersforlag.forenteforlag.no\/?post_type=product&#038;p=20901"},"modified":"2025-09-05T12:26:09","modified_gmt":"2025-09-05T10:26:09","slug":"norske-slott-herregarder-og-gods-2","status":"publish","type":"product","link":"https:\/\/staging.forenteforlag.no\/dreyers\/produkt\/norske-slott-herregarder-og-gods-2\/","title":{"rendered":"Norske slott, herreg\u00e5rder og gods"},"content":{"rendered":"<p>Tilsammen 30 gamle residensanlegg som representerer en vesentlig del av den norske kulturhistorie, blir presentert i denne boken. De st\u00e5r sentralt i v\u00e5r del av europeisk stilhistorie opp gjennom \u00e5rhundrene, og er den dag i dag vel bevarte anlegg. Med litteraturliste.<\/p>\n","protected":false},"excerpt":{"rendered":"<p>Tilsammen 30 gamle residensanlegg som representerer en vesentlig del av den norske kulturhistorie, blir presentert i denne boken. De st\u00e5r sentralt i v\u00e5r del av europeisk stilhistorie opp gjennom \u00e5rhundrene, og er den dag i dag vel bevarte anlegg. Med litteraturliste.<\/p>\n","protected":false},"featured_media":0,"template":"","meta":{"_acf_changed":false,"inline_featured_image":false},"product_brand":[],"product_cat":[22,1785],"product_tag":[362,361,439,632],"class_list":{"0":"post-20901","1":"product","2":"type-product","3":"status-publish","5":"product_cat-folkloristikk-og-kulturarv","6":"product_cat-fripris","7":"product_tag-faglitteratur","8":"product_tag-kulturhistorie","9":"product_tag-nord-norge","10":"product_tag-slott-og-herregarder","11":"pa_format-innbundet","13":"first","14":"instock","15":"shipping-taxable","16":"purchasable","17":"product-type-simple"},"acf":{"anmeldelse":null},"yoast_head":"<!-- This site is optimized with the Yoast SEO plugin v26.6 - https:\/\/yoast.com\/wordpress\/plugins\/seo\/ -->\n<title>Norske slott, herreg\u00e5rder og gods - Dreyers Forlag<\/title>\n<meta name=\"robots\" content=\"noindex, follow, max-snippet:-1, max-image-preview:large, max-video-preview:-1\" \/>\n<meta property=\"og:locale\" content=\"nb_NO\" \/>\n<meta property=\"og:type\" content=\"article\" \/>\n<meta property=\"og:title\" content=\"Norske slott, herreg\u00e5rder og gods - Dreyers Forlag\" \/>\n<meta property=\"og:description\" content=\"Tilsammen 30 gamle residensanlegg som representerer en vesentlig del av den norske kulturhistorie, blir presentert i denne boken. De st\u00e5r sentralt i v\u00e5r del av europeisk stilhistorie opp gjennom \u00e5rhundrene, og er den dag i dag vel bevarte anlegg. Med litteraturliste.\" \/>\n<meta property=\"og:url\" content=\"https:\/\/staging.forenteforlag.no\/dreyers\/produkt\/norske-slott-herregarder-og-gods-2\/\" \/>\n<meta property=\"og:site_name\" content=\"Dreyers Forlag\" \/>\n<meta property=\"article:modified_time\" content=\"2025-09-05T10:26:09+00:00\" \/>\n<meta property=\"og:image\" content=\"https:\/\/staging.forenteforlag.no\/dreyers\/wp-content\/uploads\/sites\/2\/2025\/02\/dreyers-hvit.jpg\" \/>\n\t<meta property=\"og:image:width\" content=\"1200\" \/>\n\t<meta property=\"og:image:height\" content=\"800\" \/>\n\t<meta property=\"og:image:type\" content=\"image\/jpeg\" \/>\n<meta name=\"twitter:card\" content=\"summary_large_image\" \/>\n<script type=\"application\/ld+json\" class=\"yoast-schema-graph\">{\"@context\":\"https:\/\/schema.org\",\"@graph\":[{\"@type\":\"WebPage\",\"@id\":\"https:\/\/staging.forenteforlag.no\/dreyers\/produkt\/norske-slott-herregarder-og-gods-2\/\",\"url\":\"https:\/\/staging.forenteforlag.no\/dreyers\/produkt\/norske-slott-herregarder-og-gods-2\/\",\"name\":\"Norske slott, herreg\u00e5rder og gods - Dreyers Forlag\",\"isPartOf\":{\"@id\":\"https:\/\/staging.forenteforlag.no\/dreyers\/#website\"},\"datePublished\":\"1997-03-12T15:42:53+00:00\",\"dateModified\":\"2025-09-05T10:26:09+00:00\",\"breadcrumb\":{\"@id\":\"https:\/\/staging.forenteforlag.no\/dreyers\/produkt\/norske-slott-herregarder-og-gods-2\/#breadcrumb\"},\"inLanguage\":\"nb-NO\",\"potentialAction\":[{\"@type\":\"ReadAction\",\"target\":[\"https:\/\/staging.forenteforlag.no\/dreyers\/produkt\/norske-slott-herregarder-og-gods-2\/\"]}]},{\"@type\":\"BreadcrumbList\",\"@id\":\"https:\/\/staging.forenteforlag.no\/dreyers\/produkt\/norske-slott-herregarder-og-gods-2\/#breadcrumb\",\"itemListElement\":[{\"@type\":\"ListItem\",\"position\":1,\"name\":\"Hjem\",\"item\":\"https:\/\/staging.forenteforlag.no\/dreyers\/\"},{\"@type\":\"ListItem\",\"position\":2,\"name\":\"Alle b\u00f8ker\",\"item\":\"https:\/\/staging.forenteforlag.no\/dreyers\/butikk\/\"},{\"@type\":\"ListItem\",\"position\":3,\"name\":\"Norske slott, herreg\u00e5rder og gods\"}]},{\"@type\":\"WebSite\",\"@id\":\"https:\/\/staging.forenteforlag.no\/dreyers\/#website\",\"url\":\"https:\/\/staging.forenteforlag.no\/dreyers\/\",\"name\":\"Dreyers Forlag\",\"description\":\"\",\"potentialAction\":[{\"@type\":\"SearchAction\",\"target\":{\"@type\":\"EntryPoint\",\"urlTemplate\":\"https:\/\/staging.forenteforlag.no\/dreyers\/?s={search_term_string}\"},\"query-input\":{\"@type\":\"PropertyValueSpecification\",\"valueRequired\":true,\"valueName\":\"search_term_string\"}}],\"inLanguage\":\"nb-NO\"}]}<\/script>\n<!-- \/ Yoast SEO plugin. -->","yoast_head_json":{"title":"Norske slott, herreg\u00e5rder og gods - Dreyers Forlag","robots":{"index":"noindex","follow":"follow","max-snippet":"max-snippet:-1","max-image-preview":"max-image-preview:large","max-video-preview":"max-video-preview:-1"},"og_locale":"nb_NO","og_type":"article","og_title":"Norske slott, herreg\u00e5rder og gods - Dreyers Forlag","og_description":"Tilsammen 30 gamle residensanlegg som representerer en vesentlig del av den norske kulturhistorie, blir presentert i denne boken. De st\u00e5r sentralt i v\u00e5r del av europeisk stilhistorie opp gjennom \u00e5rhundrene, og er den dag i dag vel bevarte anlegg. Med litteraturliste.","og_url":"https:\/\/staging.forenteforlag.no\/dreyers\/produkt\/norske-slott-herregarder-og-gods-2\/","og_site_name":"Dreyers Forlag","article_modified_time":"2025-09-05T10:26:09+00:00","og_image":[{"width":1200,"height":800,"url":"https:\/\/staging.forenteforlag.no\/dreyers\/wp-content\/uploads\/sites\/2\/2025\/02\/dreyers-hvit.jpg","type":"image\/jpeg"}],"twitter_card":"summary_large_image","schema":{"@context":"https:\/\/schema.org","@graph":[{"@type":"WebPage","@id":"https:\/\/staging.forenteforlag.no\/dreyers\/produkt\/norske-slott-herregarder-og-gods-2\/","url":"https:\/\/staging.forenteforlag.no\/dreyers\/produkt\/norske-slott-herregarder-og-gods-2\/","name":"Norske slott, herreg\u00e5rder og gods - Dreyers Forlag","isPartOf":{"@id":"https:\/\/staging.forenteforlag.no\/dreyers\/#website"},"datePublished":"1997-03-12T15:42:53+00:00","dateModified":"2025-09-05T10:26:09+00:00","breadcrumb":{"@id":"https:\/\/staging.forenteforlag.no\/dreyers\/produkt\/norske-slott-herregarder-og-gods-2\/#breadcrumb"},"inLanguage":"nb-NO","potentialAction":[{"@type":"ReadAction","target":["https:\/\/staging.forenteforlag.no\/dreyers\/produkt\/norske-slott-herregarder-og-gods-2\/"]}]},{"@type":"BreadcrumbList","@id":"https:\/\/staging.forenteforlag.no\/dreyers\/produkt\/norske-slott-herregarder-og-gods-2\/#breadcrumb","itemListElement":[{"@type":"ListItem","position":1,"name":"Hjem","item":"https:\/\/staging.forenteforlag.no\/dreyers\/"},{"@type":"ListItem","position":2,"name":"Alle b\u00f8ker","item":"https:\/\/staging.forenteforlag.no\/dreyers\/butikk\/"},{"@type":"ListItem","position":3,"name":"Norske slott, herreg\u00e5rder og gods"}]},{"@type":"WebSite","@id":"https:\/\/staging.forenteforlag.no\/dreyers\/#website","url":"https:\/\/staging.forenteforlag.no\/dreyers\/","name":"Dreyers Forlag","description":"","potentialAction":[{"@type":"SearchAction","target":{"@type":"EntryPoint","urlTemplate":"https:\/\/staging.forenteforlag.no\/dreyers\/?s={search_term_string}"},"query-input":{"@type":"PropertyValueSpecification","valueRequired":true,"valueName":"search_term_string"}}],"inLanguage":"nb-NO"}]}},"_links":{"self":[{"href":"https:\/\/staging.forenteforlag.no\/dreyers\/wp-json\/wp\/v2\/product\/20901","targetHints":{"allow":["GET"]}}],"collection":[{"href":"https:\/\/staging.forenteforlag.no\/dreyers\/wp-json\/wp\/v2\/product"}],"about":[{"href":"https:\/\/staging.forenteforlag.no\/dreyers\/wp-json\/wp\/v2\/types\/product"}],"wp:attachment":[{"href":"https:\/\/staging.forenteforlag.no\/dreyers\/wp-json\/wp\/v2\/media?parent=20901"}],"wp:term":[{"taxonomy":"product_brand","embeddable":true,"href":"https:\/\/staging.forenteforlag.no\/dreyers\/wp-json\/wp\/v2\/product_brand?post=20901"},{"taxonomy":"product_cat","embeddable":true,"href":"https:\/\/staging.forenteforlag.no\/dreyers\/wp-json\/wp\/v2\/product_cat?post=20901"},{"taxonomy":"product_tag","embeddable":true,"href":"https:\/\/staging.forenteforlag.no\/dreyers\/wp-json\/wp\/v2\/product_tag?post=20901"}],"curies":[{"name":"wp","href":"https:\/\/api.w.org\/{rel}","templated":true}]}}