{"id":20889,"date":"2024-12-11T00:27:17","date_gmt":"2024-12-10T23:27:17","guid":{"rendered":"https:\/\/dreyersforlag.forenteforlag.no\/?post_type=product&#038;p=20889"},"modified":"2025-09-23T15:41:22","modified_gmt":"2025-09-23T13:41:22","slug":"norsk-historieskriving-gjennom-700-ar","status":"publish","type":"product","link":"https:\/\/staging.forenteforlag.no\/dreyers\/produkt\/norsk-historieskriving-gjennom-700-ar\/","title":{"rendered":"Historieskriving om Noreg f\u00f8r 1800"},"content":{"rendered":"<p>Historieskriving i Noreg g\u00e5r 1000 \u00e5r tilbake \u2013 til dei f\u00f8rste latinske helgenbiografiane og Noregshistoriene. Likevel har denne perioden aldri blitt samla i \u00e9i oversikt. Dette er den f\u00f8rste samla gjennomgangen av historieskrivinga om Noreg fram til 1800. <\/p>\n<p>Boka handlar om dei mange forteljingane om Noreg og det norske, skapt av ei mangfaldig gruppe historikarar \u2013 fr\u00e5 kongesoger til refleksjonar om sj\u00f8lve historieskrivinga. Ho utforskar ikkje berre forteljingane, men \u00f2g arbeidsm\u00e5tane historikarane nytta for \u00e5 forst\u00e5 ei ofte uklar fortid. Under arbeidet l\u00e5g tankar om kva som gir historie meining \u2013 kristendom er viktigast, men \u00f2g meir verdslege faktorar som tankar om sivilisasjonsutvikling og klimatiske forhold. <\/p>\n<p>Historikarane skreiv om Noreg, men aldri i vakuum. P\u00e5 1500-talet skreiv Absalon Pedersson Beyer <em>Om Norgis rige<\/em>, eit verk prega av europeisk l\u00e6rdomskultur. Verken <em>Om Norgis rige<\/em> eller andre historieverk fr\u00e5 dei 800 \u00e5ra denne boka rommar kan ikkje forst\u00e5ast utan \u00e5 sj\u00e5 korleis europeiske impulsar forma den norske historiekulturen. <\/p>\n","protected":false},"excerpt":{"rendered":"<p>Historieskriving i Noreg g\u00e5r 1000 \u00e5r tilbake \u2013 til dei f\u00f8rste latinske helgenbiografiane og Noregshistoriene. Likevel har denne perioden aldri blitt samla i \u00e9i oversikt. Dette er den f\u00f8rste samla gjennomgangen av historieskrivinga om Noreg fram til 1800. Boka handlar om dei mange forteljingane om Noreg og det norske, skapt av ei mangfaldig gruppe historikarar [&hellip;]<\/p>\n","protected":false},"featured_media":24503,"template":"","meta":{"_acf_changed":false,"inline_featured_image":false},"product_brand":[],"product_cat":[23],"product_tag":[362],"class_list":{"0":"post-20889","1":"product","2":"type-product","3":"status-publish","4":"has-post-thumbnail","6":"product_cat-historie","7":"product_tag-faglitteratur","8":"pa_format-innbundet","10":"first","11":"instock","12":"taxable","13":"shipping-taxable","14":"purchasable","15":"product-type-simple"},"acf":{"anmeldelse":null},"yoast_head":"<!-- This site is optimized with the Yoast SEO plugin v26.6 - https:\/\/yoast.com\/wordpress\/plugins\/seo\/ -->\n<title>Historieskriving om Noreg f\u00f8r 1800 - Dreyers Forlag<\/title>\n<meta name=\"robots\" content=\"noindex, follow, max-snippet:-1, max-image-preview:large, max-video-preview:-1\" \/>\n<meta property=\"og:locale\" content=\"nb_NO\" \/>\n<meta property=\"og:type\" content=\"article\" \/>\n<meta property=\"og:title\" content=\"Historieskriving om Noreg f\u00f8r 1800 - Dreyers Forlag\" \/>\n<meta property=\"og:description\" content=\"Historieskriving i Noreg g\u00e5r 1000 \u00e5r tilbake \u2013 til dei f\u00f8rste latinske helgenbiografiane og Noregshistoriene. Likevel har denne perioden aldri blitt samla i \u00e9i oversikt. Dette er den f\u00f8rste samla gjennomgangen av historieskrivinga om Noreg fram til 1800. Boka handlar om dei mange forteljingane om Noreg og det norske, skapt av ei mangfaldig gruppe historikarar [&hellip;]\" \/>\n<meta property=\"og:url\" content=\"https:\/\/staging.forenteforlag.no\/dreyers\/produkt\/norsk-historieskriving-gjennom-700-ar\/\" \/>\n<meta property=\"og:site_name\" content=\"Dreyers Forlag\" \/>\n<meta property=\"article:modified_time\" content=\"2025-09-23T13:41:22+00:00\" \/>\n<meta property=\"og:image\" content=\"https:\/\/staging.forenteforlag.no\/dreyers\/wp-content\/uploads\/sites\/2\/2025\/08\/jpg-10035-scaled-1-scaled.jpg\" \/>\n\t<meta property=\"og:image:width\" content=\"1328\" \/>\n\t<meta property=\"og:image:height\" content=\"1920\" \/>\n\t<meta property=\"og:image:type\" content=\"image\/jpeg\" \/>\n<meta name=\"twitter:card\" content=\"summary_large_image\" \/>\n<meta name=\"twitter:label1\" content=\"Ansl. lesetid\" \/>\n\t<meta name=\"twitter:data1\" content=\"1 minutt\" \/>\n<script type=\"application\/ld+json\" class=\"yoast-schema-graph\">{\"@context\":\"https:\/\/schema.org\",\"@graph\":[{\"@type\":\"WebPage\",\"@id\":\"https:\/\/staging.forenteforlag.no\/dreyers\/produkt\/norsk-historieskriving-gjennom-700-ar\/\",\"url\":\"https:\/\/staging.forenteforlag.no\/dreyers\/produkt\/norsk-historieskriving-gjennom-700-ar\/\",\"name\":\"Historieskriving om Noreg f\u00f8r 1800 - Dreyers Forlag\",\"isPartOf\":{\"@id\":\"https:\/\/staging.forenteforlag.no\/dreyers\/#website\"},\"primaryImageOfPage\":{\"@id\":\"https:\/\/staging.forenteforlag.no\/dreyers\/produkt\/norsk-historieskriving-gjennom-700-ar\/#primaryimage\"},\"image\":{\"@id\":\"https:\/\/staging.forenteforlag.no\/dreyers\/produkt\/norsk-historieskriving-gjennom-700-ar\/#primaryimage\"},\"thumbnailUrl\":\"https:\/\/staging.forenteforlag.no\/dreyers\/wp-content\/uploads\/sites\/2\/2025\/08\/jpg-10035-scaled-1-scaled.jpg\",\"datePublished\":\"2024-12-10T23:27:17+00:00\",\"dateModified\":\"2025-09-23T13:41:22+00:00\",\"breadcrumb\":{\"@id\":\"https:\/\/staging.forenteforlag.no\/dreyers\/produkt\/norsk-historieskriving-gjennom-700-ar\/#breadcrumb\"},\"inLanguage\":\"nb-NO\",\"potentialAction\":[{\"@type\":\"ReadAction\",\"target\":[\"https:\/\/staging.forenteforlag.no\/dreyers\/produkt\/norsk-historieskriving-gjennom-700-ar\/\"]}]},{\"@type\":\"ImageObject\",\"inLanguage\":\"nb-NO\",\"@id\":\"https:\/\/staging.forenteforlag.no\/dreyers\/produkt\/norsk-historieskriving-gjennom-700-ar\/#primaryimage\",\"url\":\"https:\/\/staging.forenteforlag.no\/dreyers\/wp-content\/uploads\/sites\/2\/2025\/08\/jpg-10035-scaled-1-scaled.jpg\",\"contentUrl\":\"https:\/\/staging.forenteforlag.no\/dreyers\/wp-content\/uploads\/sites\/2\/2025\/08\/jpg-10035-scaled-1-scaled.jpg\",\"width\":1328,\"height\":1920},{\"@type\":\"BreadcrumbList\",\"@id\":\"https:\/\/staging.forenteforlag.no\/dreyers\/produkt\/norsk-historieskriving-gjennom-700-ar\/#breadcrumb\",\"itemListElement\":[{\"@type\":\"ListItem\",\"position\":1,\"name\":\"Hjem\",\"item\":\"https:\/\/staging.forenteforlag.no\/dreyers\/\"},{\"@type\":\"ListItem\",\"position\":2,\"name\":\"Alle b\u00f8ker\",\"item\":\"https:\/\/staging.forenteforlag.no\/dreyers\/butikk\/\"},{\"@type\":\"ListItem\",\"position\":3,\"name\":\"Historieskriving om Noreg f\u00f8r 1800\"}]},{\"@type\":\"WebSite\",\"@id\":\"https:\/\/staging.forenteforlag.no\/dreyers\/#website\",\"url\":\"https:\/\/staging.forenteforlag.no\/dreyers\/\",\"name\":\"Dreyers Forlag\",\"description\":\"\",\"potentialAction\":[{\"@type\":\"SearchAction\",\"target\":{\"@type\":\"EntryPoint\",\"urlTemplate\":\"https:\/\/staging.forenteforlag.no\/dreyers\/?s={search_term_string}\"},\"query-input\":{\"@type\":\"PropertyValueSpecification\",\"valueRequired\":true,\"valueName\":\"search_term_string\"}}],\"inLanguage\":\"nb-NO\"}]}<\/script>\n<!-- \/ Yoast SEO plugin. -->","yoast_head_json":{"title":"Historieskriving om Noreg f\u00f8r 1800 - Dreyers Forlag","robots":{"index":"noindex","follow":"follow","max-snippet":"max-snippet:-1","max-image-preview":"max-image-preview:large","max-video-preview":"max-video-preview:-1"},"og_locale":"nb_NO","og_type":"article","og_title":"Historieskriving om Noreg f\u00f8r 1800 - Dreyers Forlag","og_description":"Historieskriving i Noreg g\u00e5r 1000 \u00e5r tilbake \u2013 til dei f\u00f8rste latinske helgenbiografiane og Noregshistoriene. Likevel har denne perioden aldri blitt samla i \u00e9i oversikt. Dette er den f\u00f8rste samla gjennomgangen av historieskrivinga om Noreg fram til 1800. Boka handlar om dei mange forteljingane om Noreg og det norske, skapt av ei mangfaldig gruppe historikarar [&hellip;]","og_url":"https:\/\/staging.forenteforlag.no\/dreyers\/produkt\/norsk-historieskriving-gjennom-700-ar\/","og_site_name":"Dreyers Forlag","article_modified_time":"2025-09-23T13:41:22+00:00","og_image":[{"width":1328,"height":1920,"url":"https:\/\/staging.forenteforlag.no\/dreyers\/wp-content\/uploads\/sites\/2\/2025\/08\/jpg-10035-scaled-1-scaled.jpg","type":"image\/jpeg"}],"twitter_card":"summary_large_image","twitter_misc":{"Ansl. lesetid":"1 minutt"},"schema":{"@context":"https:\/\/schema.org","@graph":[{"@type":"WebPage","@id":"https:\/\/staging.forenteforlag.no\/dreyers\/produkt\/norsk-historieskriving-gjennom-700-ar\/","url":"https:\/\/staging.forenteforlag.no\/dreyers\/produkt\/norsk-historieskriving-gjennom-700-ar\/","name":"Historieskriving om Noreg f\u00f8r 1800 - Dreyers Forlag","isPartOf":{"@id":"https:\/\/staging.forenteforlag.no\/dreyers\/#website"},"primaryImageOfPage":{"@id":"https:\/\/staging.forenteforlag.no\/dreyers\/produkt\/norsk-historieskriving-gjennom-700-ar\/#primaryimage"},"image":{"@id":"https:\/\/staging.forenteforlag.no\/dreyers\/produkt\/norsk-historieskriving-gjennom-700-ar\/#primaryimage"},"thumbnailUrl":"https:\/\/staging.forenteforlag.no\/dreyers\/wp-content\/uploads\/sites\/2\/2025\/08\/jpg-10035-scaled-1-scaled.jpg","datePublished":"2024-12-10T23:27:17+00:00","dateModified":"2025-09-23T13:41:22+00:00","breadcrumb":{"@id":"https:\/\/staging.forenteforlag.no\/dreyers\/produkt\/norsk-historieskriving-gjennom-700-ar\/#breadcrumb"},"inLanguage":"nb-NO","potentialAction":[{"@type":"ReadAction","target":["https:\/\/staging.forenteforlag.no\/dreyers\/produkt\/norsk-historieskriving-gjennom-700-ar\/"]}]},{"@type":"ImageObject","inLanguage":"nb-NO","@id":"https:\/\/staging.forenteforlag.no\/dreyers\/produkt\/norsk-historieskriving-gjennom-700-ar\/#primaryimage","url":"https:\/\/staging.forenteforlag.no\/dreyers\/wp-content\/uploads\/sites\/2\/2025\/08\/jpg-10035-scaled-1-scaled.jpg","contentUrl":"https:\/\/staging.forenteforlag.no\/dreyers\/wp-content\/uploads\/sites\/2\/2025\/08\/jpg-10035-scaled-1-scaled.jpg","width":1328,"height":1920},{"@type":"BreadcrumbList","@id":"https:\/\/staging.forenteforlag.no\/dreyers\/produkt\/norsk-historieskriving-gjennom-700-ar\/#breadcrumb","itemListElement":[{"@type":"ListItem","position":1,"name":"Hjem","item":"https:\/\/staging.forenteforlag.no\/dreyers\/"},{"@type":"ListItem","position":2,"name":"Alle b\u00f8ker","item":"https:\/\/staging.forenteforlag.no\/dreyers\/butikk\/"},{"@type":"ListItem","position":3,"name":"Historieskriving om Noreg f\u00f8r 1800"}]},{"@type":"WebSite","@id":"https:\/\/staging.forenteforlag.no\/dreyers\/#website","url":"https:\/\/staging.forenteforlag.no\/dreyers\/","name":"Dreyers Forlag","description":"","potentialAction":[{"@type":"SearchAction","target":{"@type":"EntryPoint","urlTemplate":"https:\/\/staging.forenteforlag.no\/dreyers\/?s={search_term_string}"},"query-input":{"@type":"PropertyValueSpecification","valueRequired":true,"valueName":"search_term_string"}}],"inLanguage":"nb-NO"}]}},"_links":{"self":[{"href":"https:\/\/staging.forenteforlag.no\/dreyers\/wp-json\/wp\/v2\/product\/20889","targetHints":{"allow":["GET"]}}],"collection":[{"href":"https:\/\/staging.forenteforlag.no\/dreyers\/wp-json\/wp\/v2\/product"}],"about":[{"href":"https:\/\/staging.forenteforlag.no\/dreyers\/wp-json\/wp\/v2\/types\/product"}],"wp:featuredmedia":[{"embeddable":true,"href":"https:\/\/staging.forenteforlag.no\/dreyers\/wp-json\/wp\/v2\/media\/24503"}],"wp:attachment":[{"href":"https:\/\/staging.forenteforlag.no\/dreyers\/wp-json\/wp\/v2\/media?parent=20889"}],"wp:term":[{"taxonomy":"product_brand","embeddable":true,"href":"https:\/\/staging.forenteforlag.no\/dreyers\/wp-json\/wp\/v2\/product_brand?post=20889"},{"taxonomy":"product_cat","embeddable":true,"href":"https:\/\/staging.forenteforlag.no\/dreyers\/wp-json\/wp\/v2\/product_cat?post=20889"},{"taxonomy":"product_tag","embeddable":true,"href":"https:\/\/staging.forenteforlag.no\/dreyers\/wp-json\/wp\/v2\/product_tag?post=20889"}],"curies":[{"name":"wp","href":"https:\/\/api.w.org\/{rel}","templated":true}]}}