{"id":360,"date":"2024-10-16T14:57:58","date_gmt":"2024-10-16T12:57:58","guid":{"rendered":"https:\/\/dreyersforlag.forenteforlag.no\/?page_id=360"},"modified":"2025-02-12T11:32:52","modified_gmt":"2025-02-12T10:32:52","slug":"om-forlagshuset","status":"publish","type":"page","link":"https:\/\/staging.forenteforlag.no\/dreyers\/om-forlagshuset\/","title":{"rendered":"Om forlagshuset"},"content":{"rendered":"<p>Forlaget har r\u00f8tter tilbake til 1942, da lyrikeren Alf Larsen, sammen med Barthold Butensch\u00f8n, etablerte Dreyers Forlag, et mellomstort kulturforlag som i l\u00f8pet av sin historie har v\u00e6rt gjennom flere fusjoner, en nedleggelse og en oppstandelse. En tid ble virksomheten drevet under navnet Andresen &amp; Butensch\u00f8n AS.<\/p>\n<p>Dreyer er i dag et rent sakprosaforlag og\u00a0en del av forlagshuset Forente Forlag.<\/p>\n","protected":false},"excerpt":{"rendered":"<p>Forlaget har r\u00f8tter tilbake til 1942, da lyrikeren Alf Larsen, sammen med Barthold Butensch\u00f8n, etablerte Dreyers Forlag, et mellomstort kulturforlag som i l\u00f8pet av sin historie har v\u00e6rt gjennom flere fusjoner, en nedleggelse og en oppstandelse. En tid ble virksomheten drevet under navnet Andresen &amp; Butensch\u00f8n AS. Dreyer er i dag et rent sakprosaforlag og\u00a0en [&hellip;]<\/p>\n","protected":false},"author":4,"featured_media":0,"parent":0,"menu_order":0,"comment_status":"closed","ping_status":"closed","template":"","meta":{"_acf_changed":false,"inline_featured_image":false,"footnotes":""},"class_list":["post-360","page","type-page","status-publish","hentry"],"acf":[],"yoast_head":"<!-- This site is optimized with the Yoast SEO plugin v26.6 - https:\/\/yoast.com\/wordpress\/plugins\/seo\/ -->\n<title>Om forlagshuset - Dreyers Forlag<\/title>\n<meta name=\"description\" content=\"Dreyer forlag er et tradisjonsrikt sakprosaforlag med r\u00f8tter tilbake til 1942. Les mer om v\u00e5r historie her.\" \/>\n<meta name=\"robots\" content=\"noindex, follow, max-snippet:-1, max-image-preview:large, max-video-preview:-1\" \/>\n<meta property=\"og:locale\" content=\"nb_NO\" \/>\n<meta property=\"og:type\" content=\"article\" \/>\n<meta property=\"og:title\" content=\"Om forlagshuset - Dreyers Forlag\" \/>\n<meta property=\"og:description\" content=\"Dreyer forlag er et tradisjonsrikt sakprosaforlag med r\u00f8tter tilbake til 1942. Les mer om v\u00e5r historie her.\" \/>\n<meta property=\"og:url\" content=\"https:\/\/staging.forenteforlag.no\/dreyers\/om-forlagshuset\/\" \/>\n<meta property=\"og:site_name\" content=\"Dreyers Forlag\" \/>\n<meta property=\"article:modified_time\" content=\"2025-02-12T10:32:52+00:00\" \/>\n<meta property=\"og:image\" content=\"https:\/\/staging.forenteforlag.no\/dreyers\/wp-content\/uploads\/sites\/2\/2025\/02\/dreyers-hvit.jpg\" \/>\n\t<meta property=\"og:image:width\" content=\"1200\" \/>\n\t<meta property=\"og:image:height\" content=\"800\" \/>\n\t<meta property=\"og:image:type\" content=\"image\/jpeg\" \/>\n<meta name=\"twitter:card\" content=\"summary_large_image\" \/>\n<meta name=\"twitter:label1\" content=\"Ansl. lesetid\" \/>\n\t<meta name=\"twitter:data1\" content=\"1 minutt\" \/>\n<script type=\"application\/ld+json\" class=\"yoast-schema-graph\">{\"@context\":\"https:\/\/schema.org\",\"@graph\":[{\"@type\":\"WebPage\",\"@id\":\"https:\/\/staging.forenteforlag.no\/dreyers\/om-forlagshuset\/\",\"url\":\"https:\/\/staging.forenteforlag.no\/dreyers\/om-forlagshuset\/\",\"name\":\"Om forlagshuset - Dreyers Forlag\",\"isPartOf\":{\"@id\":\"https:\/\/staging.forenteforlag.no\/dreyers\/#website\"},\"datePublished\":\"2024-10-16T12:57:58+00:00\",\"dateModified\":\"2025-02-12T10:32:52+00:00\",\"description\":\"Dreyer forlag er et tradisjonsrikt sakprosaforlag med r\u00f8tter tilbake til 1942. Les mer om v\u00e5r historie her.\",\"breadcrumb\":{\"@id\":\"https:\/\/staging.forenteforlag.no\/dreyers\/om-forlagshuset\/#breadcrumb\"},\"inLanguage\":\"nb-NO\",\"potentialAction\":[{\"@type\":\"ReadAction\",\"target\":[\"https:\/\/staging.forenteforlag.no\/dreyers\/om-forlagshuset\/\"]}]},{\"@type\":\"BreadcrumbList\",\"@id\":\"https:\/\/staging.forenteforlag.no\/dreyers\/om-forlagshuset\/#breadcrumb\",\"itemListElement\":[{\"@type\":\"ListItem\",\"position\":1,\"name\":\"Hjem\",\"item\":\"https:\/\/staging.forenteforlag.no\/dreyers\/\"},{\"@type\":\"ListItem\",\"position\":2,\"name\":\"Om forlagshuset\"}]},{\"@type\":\"WebSite\",\"@id\":\"https:\/\/staging.forenteforlag.no\/dreyers\/#website\",\"url\":\"https:\/\/staging.forenteforlag.no\/dreyers\/\",\"name\":\"Dreyers Forlag\",\"description\":\"\",\"potentialAction\":[{\"@type\":\"SearchAction\",\"target\":{\"@type\":\"EntryPoint\",\"urlTemplate\":\"https:\/\/staging.forenteforlag.no\/dreyers\/?s={search_term_string}\"},\"query-input\":{\"@type\":\"PropertyValueSpecification\",\"valueRequired\":true,\"valueName\":\"search_term_string\"}}],\"inLanguage\":\"nb-NO\"}]}<\/script>\n<!-- \/ Yoast SEO plugin. -->","yoast_head_json":{"title":"Om forlagshuset - Dreyers Forlag","description":"Dreyer forlag er et tradisjonsrikt sakprosaforlag med r\u00f8tter tilbake til 1942. Les mer om v\u00e5r historie her.","robots":{"index":"noindex","follow":"follow","max-snippet":"max-snippet:-1","max-image-preview":"max-image-preview:large","max-video-preview":"max-video-preview:-1"},"og_locale":"nb_NO","og_type":"article","og_title":"Om forlagshuset - Dreyers Forlag","og_description":"Dreyer forlag er et tradisjonsrikt sakprosaforlag med r\u00f8tter tilbake til 1942. Les mer om v\u00e5r historie her.","og_url":"https:\/\/staging.forenteforlag.no\/dreyers\/om-forlagshuset\/","og_site_name":"Dreyers Forlag","article_modified_time":"2025-02-12T10:32:52+00:00","og_image":[{"width":1200,"height":800,"url":"https:\/\/staging.forenteforlag.no\/dreyers\/wp-content\/uploads\/sites\/2\/2025\/02\/dreyers-hvit.jpg","type":"image\/jpeg"}],"twitter_card":"summary_large_image","twitter_misc":{"Ansl. lesetid":"1 minutt"},"schema":{"@context":"https:\/\/schema.org","@graph":[{"@type":"WebPage","@id":"https:\/\/staging.forenteforlag.no\/dreyers\/om-forlagshuset\/","url":"https:\/\/staging.forenteforlag.no\/dreyers\/om-forlagshuset\/","name":"Om forlagshuset - Dreyers Forlag","isPartOf":{"@id":"https:\/\/staging.forenteforlag.no\/dreyers\/#website"},"datePublished":"2024-10-16T12:57:58+00:00","dateModified":"2025-02-12T10:32:52+00:00","description":"Dreyer forlag er et tradisjonsrikt sakprosaforlag med r\u00f8tter tilbake til 1942. Les mer om v\u00e5r historie her.","breadcrumb":{"@id":"https:\/\/staging.forenteforlag.no\/dreyers\/om-forlagshuset\/#breadcrumb"},"inLanguage":"nb-NO","potentialAction":[{"@type":"ReadAction","target":["https:\/\/staging.forenteforlag.no\/dreyers\/om-forlagshuset\/"]}]},{"@type":"BreadcrumbList","@id":"https:\/\/staging.forenteforlag.no\/dreyers\/om-forlagshuset\/#breadcrumb","itemListElement":[{"@type":"ListItem","position":1,"name":"Hjem","item":"https:\/\/staging.forenteforlag.no\/dreyers\/"},{"@type":"ListItem","position":2,"name":"Om forlagshuset"}]},{"@type":"WebSite","@id":"https:\/\/staging.forenteforlag.no\/dreyers\/#website","url":"https:\/\/staging.forenteforlag.no\/dreyers\/","name":"Dreyers Forlag","description":"","potentialAction":[{"@type":"SearchAction","target":{"@type":"EntryPoint","urlTemplate":"https:\/\/staging.forenteforlag.no\/dreyers\/?s={search_term_string}"},"query-input":{"@type":"PropertyValueSpecification","valueRequired":true,"valueName":"search_term_string"}}],"inLanguage":"nb-NO"}]}},"_links":{"self":[{"href":"https:\/\/staging.forenteforlag.no\/dreyers\/wp-json\/wp\/v2\/pages\/360","targetHints":{"allow":["GET"]}}],"collection":[{"href":"https:\/\/staging.forenteforlag.no\/dreyers\/wp-json\/wp\/v2\/pages"}],"about":[{"href":"https:\/\/staging.forenteforlag.no\/dreyers\/wp-json\/wp\/v2\/types\/page"}],"author":[{"embeddable":true,"href":"https:\/\/staging.forenteforlag.no\/dreyers\/wp-json\/wp\/v2\/users\/4"}],"replies":[{"embeddable":true,"href":"https:\/\/staging.forenteforlag.no\/dreyers\/wp-json\/wp\/v2\/comments?post=360"}],"version-history":[{"count":6,"href":"https:\/\/staging.forenteforlag.no\/dreyers\/wp-json\/wp\/v2\/pages\/360\/revisions"}],"predecessor-version":[{"id":20308,"href":"https:\/\/staging.forenteforlag.no\/dreyers\/wp-json\/wp\/v2\/pages\/360\/revisions\/20308"}],"wp:attachment":[{"href":"https:\/\/staging.forenteforlag.no\/dreyers\/wp-json\/wp\/v2\/media?parent=360"}],"curies":[{"name":"wp","href":"https:\/\/api.w.org\/{rel}","templated":true}]}}